{"id":16996,"date":"2024-08-09T15:43:20","date_gmt":"2024-08-09T13:43:20","guid":{"rendered":"https:\/\/forzini.com\/producto\/reloj-de-pared-redondo-en-marmol-hera\/"},"modified":"2025-09-29T23:26:59","modified_gmt":"2025-09-29T21:26:59","slug":"nowoczesny-zegar-do-salonu","status":"publish","type":"product","link":"https:\/\/forzini.com\/pl\/producto\/nowoczesny-zegar-do-salonu\/","title":{"rendered":"Nowoczesny zegar do salonu z kamienia"},"content":{"rendered":"<h2>Nowoczesny zegar do salonu z kamienia &#8222;Hera&#8221;<\/h2>\n<p>Ten wyj\u0105tkowy <strong>nowoczesny zegar do salonu<\/strong> odmienia ka\u017cde wn\u0119trze dzi\u0119ki swojemu nienagannemu stylowi. To co\u015b wi\u0119cej ni\u017c funkcjonalny przedmiot \u2013 to nowoczesny zegar \u015bcienny, kt\u00f3ry mo\u017ce ozdobi\u0107 salon, jadalni\u0119, kuchni\u0119 lub doda\u0107 wyrafinowanego akcentu do biura. Doskona\u0142e r\u0119czne wykonanie zegara z onyksu oraz starannie dobrany kamie\u0144 naturalny odzwierciedlaj\u0105 kunszt naszych rzemie\u015blnik\u00f3w. Polerowana powierzchnia onyksu, z unikalnymi \u017cy\u0142kami i kalejdoskopem subtelnych zielonych ton\u00f3w, czyni ten du\u017cy, okr\u0105g\u0142y zegar \u015bcienny prawdziw\u0105 dekoracyjn\u0105 pere\u0142k\u0105. To luksusowy element, kt\u00f3ry tworzy eleganck\u0105 atmosfer\u0119, odzwierciedlaj\u0105c osobowo\u015b\u0107 i dobry gust.<\/p>\n<p>Ten nowoczesny zegar do salonu to idealny pomys\u0142 na prezent na ka\u017cd\u0105 okazj\u0119 \u2013 od parapet\u00f3wki, przez urodziny, po upominek do biura. Bez w\u0105tpienia b\u0119dzie to pami\u0119tny i ceniony podarunek na lata.<\/p>\n<p>Nasza rada: Ten nowoczesny zegar \u015bcienny doskonale komponuje si\u0119 z naszym dekoracyjnym marmurowym \u0142a\u0144cuchem \u201eRhea\u201d.<\/p>\n<p>Galaxy Verde Onyks: Jasnozielone t\u0142o pi\u0119knie podkre\u015blone bia\u0142ymi falami, przeplatane \u017cy\u0142kami w odcieniach br\u0105zu, z\u0142ocistej ziemi i czerwieni. Wydobywany w bardzo ma\u0142ych ilo\u015bciach, ten rodzaj onyksu jest wyj\u0105tkowy i niezwykle przezroczysty.<\/p>\n<p>Czy wiesz, \u017ce nasz onyks Galaxy Verde to prawdziwy cud natury, kt\u00f3ry za ka\u017cdym razem zaskakuje? Ten rzadki onyks zosta\u0142 wybrany do naszych kolekcji ze wzgl\u0119du na swoj\u0105 wyj\u0105tkow\u0105 urod\u0119 i unikalne w\u0142a\u015bciwo\u015bci, kt\u00f3re czyni\u0105 go prawdziwym skarbem. W staro\u017cytno\u015bci wierzono, \u017ce zielony onyks ma w\u0142a\u015bciwo\u015bci ochronne i lecznicze. Egipcjanie i Grecy u\u017cywali go do tworzenia amulet\u00f3w i bi\u017cuterii, wierz\u0105c, \u017ce chroni przed negatywn\u0105 energi\u0105 i przyci\u0105ga szcz\u0119\u015bcie.<\/p>\n<p>Co wi\u0119cej, jasnozielony onyks s\u0142ynie z tego, \u017ce zmienia odcie\u0144 w zale\u017cno\u015bci od \u015bwiat\u0142a. W naturalnym \u015bwietle jego \u017cy\u0142ki i kolory wydaj\u0105 si\u0119 delikatniejsze i subtelniejsze, natomiast w sztucznym \u015bwietle zielenie staj\u0105 si\u0119 bardziej intensywne i wyraziste. Ta unikalna cecha sprawia, \u017ce ka\u017cda sztuka jasnozielonego onyksu jest dynamicznym dzie\u0142em sztuki, kt\u00f3re nieustannie si\u0119 zmienia.<\/p>\n<p>Ciekawostk\u0105 jest r\u00f3wnie\u017c to, \u017ce jasnozielony onyks Galaxy Green nale\u017cy do najtrudniejszych do znalezienia kamieni w naturze. Jego formowanie wymaga specyficznych warunk\u00f3w temperatury i ci\u015bnienia, co wp\u0142ywa na jego rzadko\u015b\u0107 i ekskluzywno\u015b\u0107. Ka\u017cdy zegar \u015bcienny z onyksu Galaxy Verde, kt\u00f3ry oferujemy, to unikatowa sztuka, starannie wyselekcjonowana, by zapewni\u0107 najwy\u017csz\u0105 jako\u015b\u0107 i pi\u0119kno.<\/p>\n<p>&nbsp;<\/p>\n<p><a href=\"https:\/\/forzini.com\/pl\/materialy\/\" target=\"_blank\" rel=\"noopener\">Poznaj nasz\u0105 kolekcj\u0119 marmur\u00f3w i onyks\u00f3w, korzystaj\u0105c z tego linku: <strong>Materia\u0142y<\/strong><\/a><\/p>\n","protected":false},"excerpt":{"rendered":"<h1>Nowoczesny zegar do salonu<\/h1>\n<p>R\u0119cznie rze\u017abiony z zielonego onyksu, ten wyj\u0105tkowy zegar \u015bcienny wnosi niepowtarzalny styl do ka\u017cdego wn\u0119trza. Nasze nowoczesne dekoracyjne zegary \u015bcienne wykonane s\u0105 z autentycznego onyksu zielonego, kt\u00f3ry charakteryzuje si\u0119 unikalnym wzorem i zr\u00f3\u017cnicowan\u0105 kolorystyk\u0105 \u2013 dzi\u0119ki temu ka\u017cdy egzemplarz jest jedyny w swoim rodzaju. Du\u017cy rozmiar sprawia, \u017ce ten okr\u0105g\u0142y zegar \u015bcienny idealnie nadaje si\u0119 do przestrzeni, w kt\u00f3rych chcemy stworzy\u0107 wyrazisty punkt centralny. Jego forma poprawia widoczno\u015b\u0107 i czytelno\u015b\u0107, zachowuj\u0105c jednocze\u015bnie eleganck\u0105 estetyk\u0119.<\/p>\n<p>Niezale\u017cnie od tego, czy preferujesz styl nowoczesny, klasyczny czy eklektyczny, ten designerski zegar \u015bcienny z zielonego onyksu doskonale uzupe\u0142ni r\u00f3\u017cnorodne aran\u017cacje. \u015awietnie sprawdzi si\u0119 w salonie, biurze lub przedpokoju, dodaj\u0105c luksusowego akcentu inspirowanego natur\u0105.<\/p>\n<h2><strong>Wymiary: \u015brednica 35 cm, grubo\u015b\u0107 2 cm<\/strong><\/h2>\n<p>&nbsp;<\/p>\n","protected":false},"featured_media":16997,"comment_status":"closed","ping_status":"closed","template":"","meta":{"_acf_changed":false,"_joinchat":[]},"product_brand":[],"product_cat":[310,390],"product_tag":[325],"class_list":{"0":"post-16996","1":"product","2":"type-product","3":"status-publish","4":"has-post-thumbnail","6":"product_cat-akcesoria","7":"product_cat-dekoracje-do-domu","8":"product_tag-onyks","10":"first","11":"instock","12":"sale","13":"featured","14":"shipping-taxable","15":"purchasable","16":"product-type-simple"},"acf":[],"_links":{"self":[{"href":"https:\/\/forzini.com\/pl\/wp-json\/wp\/v2\/product\/16996","targetHints":{"allow":["GET"]}}],"collection":[{"href":"https:\/\/forzini.com\/pl\/wp-json\/wp\/v2\/product"}],"about":[{"href":"https:\/\/forzini.com\/pl\/wp-json\/wp\/v2\/types\/product"}],"replies":[{"embeddable":true,"href":"https:\/\/forzini.com\/pl\/wp-json\/wp\/v2\/comments?post=16996"}],"version-history":[{"count":0,"href":"https:\/\/forzini.com\/pl\/wp-json\/wp\/v2\/product\/16996\/revisions"}],"wp:featuredmedia":[{"embeddable":true,"href":"https:\/\/forzini.com\/pl\/wp-json\/wp\/v2\/media\/16997"}],"wp:attachment":[{"href":"https:\/\/forzini.com\/pl\/wp-json\/wp\/v2\/media?parent=16996"}],"wp:term":[{"taxonomy":"product_brand","embeddable":true,"href":"https:\/\/forzini.com\/pl\/wp-json\/wp\/v2\/product_brand?post=16996"},{"taxonomy":"product_cat","embeddable":true,"href":"https:\/\/forzini.com\/pl\/wp-json\/wp\/v2\/product_cat?post=16996"},{"taxonomy":"product_tag","embeddable":true,"href":"https:\/\/forzini.com\/pl\/wp-json\/wp\/v2\/product_tag?post=16996"}],"curies":[{"name":"wp","href":"https:\/\/api.w.org\/{rel}","templated":true}]}}