{"id":16992,"date":"2024-11-10T13:42:34","date_gmt":"2024-11-10T12:42:34","guid":{"rendered":"https:\/\/forzini.com\/producto\/reloj-de-pared-moderno-para-salon\/"},"modified":"2025-09-29T23:05:09","modified_gmt":"2025-09-29T21:05:09","slug":"designerski-zegar-scienny-okragly","status":"publish","type":"product","link":"https:\/\/forzini.com\/pl\/producto\/designerski-zegar-scienny-okragly\/","title":{"rendered":"Designerski zegar \u015bcienny okr\u0105g\u0142y z kamienia"},"content":{"rendered":"<h2>Designerski zegar \u015bcienny okr\u0105g\u0142y z kamienia naturalnego &#8222;Hera B&#8221;<\/h2>\n<p>Ten imponuj\u0105cy designerski zegar \u015bcienny to doskona\u0142e po\u0142\u0105czenie naturalnego pi\u0119kna i nowoczesnego wzornictwa \u2013 idealny, by doda\u0107 wyrafinowania wsp\u00f3\u0142czesnym wn\u0119trzom. Ka\u017cdy egzemplarz jest unikalny, dzi\u0119ki naturalnym \u017cy\u0142kom i zr\u00f3\u017cnicowanym odcieniom, kt\u00f3re czyni\u0105 go efektownym elementem dekoracyjnym. Okr\u0105g\u0142y kszta\u0142t zegara doskonale komponuje si\u0119 z minimalistycznymi i nowoczesnymi przestrzeniami, tworz\u0105c wyrazisty punkt centralny na ka\u017cdej \u015bcianie.<\/p>\n<p>G\u0142adka powierzchnia i wyrafinowane wyko\u0144czenie onyksu dodaj\u0105 luksusowego charakteru, a ciep\u0142e, ziemiste tony wprowadzaj\u0105 do wn\u0119trza spok\u00f3j i naturalne pi\u0119kno. Ten designerski zegar \u015bcienny to nie tylko funkcjonalny czasomierz, ale r\u00f3wnie\u017c dzie\u0142o sztuki, kt\u00f3re podkre\u015bla atmosfer\u0119 salon\u00f3w, biur czy sypialni. Jego cichy mechanizm kwarcowy wysokiej jako\u015bci zapewnia precyzyjne odmierzanie czasu bez rozpraszaj\u0105cego tykania, pozwalaj\u0105c cieszy\u0107 si\u0119 stylem bez zak\u0142\u00f3cania harmonii przestrzeni.<\/p>\n<p>Idealny dla mi\u0142o\u015bnik\u00f3w unikalnych i naturalnych dekoracji, ten designerski zegar \u015bcienny to doskona\u0142y prezent na parapet\u00f3wk\u0119 lub wyj\u0105tkowe okazje. Jego ponadczasowy design i naturalna elegancja czyni\u0105 go niezb\u0119dnym dodatkiem dla ka\u017cdego, kto pragnie wzbogaci\u0107 swoje wn\u0119trze odrobin\u0105 wyrafinowania.<\/p>\n<p>Nasza rada: Ten nowoczesny zegar \u015bcienny doskonale komponuje si\u0119 z naszym dekoracyjnym \u0142a\u0144cuchem marmurowym \u201eRhea\u201d.<\/p>\n<p>Br\u0105zowy onyks Toffee: Ta wyj\u0105tkowa ska\u0142a prezentuje niesamowit\u0105 gam\u0119 odcieni \u2013 od ciemnego do jasnobr\u0105zowego, przez mokk\u0119, ciemn\u0105 czekolad\u0119 i biel, po ziele\u0144 i z\u0142ocisto\u017c\u00f3\u0142te akcenty, tworz\u0105c enigmatyczne wzory \u017cy\u0142ek na powierzchni. Cho\u0107 mo\u017ce by\u0107 mniej przezroczysta ze wzgl\u0119du na intensywne barwy, ta odmiana wyr\u00f3\u017cnia si\u0119 unikaln\u0105, ekspresyjn\u0105 i przyci\u0105gaj\u0105c\u0105 wzrok kolorystyk\u0105, kt\u00f3ra wzbogaca wn\u0119trza blaskiem, jaki mo\u017ce zapewni\u0107 tylko autentyczny onyks.<\/p>\n<p>&nbsp;<\/p>\n<p><a href=\"https:\/\/forzini.com\/pl\/materialy\/\" target=\"_blank\" rel=\"noopener\">Poznaj nasz\u0105 kolekcj\u0119 marmur\u00f3w i onyks\u00f3w, korzystaj\u0105c z tego linku: <strong>Materia\u0142y<\/strong><\/a><\/p>\n","protected":false},"excerpt":{"rendered":"<h1>Designerski zegar \u015bcienny<\/h1>\n<p>Wykonany z luksusowego br\u0105zowego onyksu, ten okr\u0105g\u0142y zegar \u015bcienny \u0142\u0105czy naturalne pi\u0119kno z eleganckim i nowoczesnym designem. Jego unikalne \u017cy\u0142kowanie oraz ziemiste odcienie sprawiaj\u0105, \u017ce jest idealnym akcentem dekoracyjnym do wsp\u00f3\u0142czesnych wn\u0119trz, dodaj\u0105c funkcjonalno\u015bci i stylu ka\u017cdemu pomieszczeniu.<\/p>\n<h2><strong>Wymiary: \u015arednica 35 cm<\/strong><\/h2>\n<p>&nbsp;<\/p>\n","protected":false},"featured_media":16972,"comment_status":"closed","ping_status":"closed","template":"","meta":{"_acf_changed":false,"_joinchat":[]},"product_brand":[],"product_cat":[310,390],"product_tag":[325],"class_list":{"0":"post-16992","1":"product","2":"type-product","3":"status-publish","4":"has-post-thumbnail","6":"product_cat-akcesoria","7":"product_cat-dekoracje-do-domu","8":"product_tag-onyks","10":"first","11":"instock","12":"sale","13":"featured","14":"shipping-taxable","15":"purchasable","16":"product-type-simple"},"acf":[],"_links":{"self":[{"href":"https:\/\/forzini.com\/pl\/wp-json\/wp\/v2\/product\/16992","targetHints":{"allow":["GET"]}}],"collection":[{"href":"https:\/\/forzini.com\/pl\/wp-json\/wp\/v2\/product"}],"about":[{"href":"https:\/\/forzini.com\/pl\/wp-json\/wp\/v2\/types\/product"}],"replies":[{"embeddable":true,"href":"https:\/\/forzini.com\/pl\/wp-json\/wp\/v2\/comments?post=16992"}],"version-history":[{"count":0,"href":"https:\/\/forzini.com\/pl\/wp-json\/wp\/v2\/product\/16992\/revisions"}],"wp:featuredmedia":[{"embeddable":true,"href":"https:\/\/forzini.com\/pl\/wp-json\/wp\/v2\/media\/16972"}],"wp:attachment":[{"href":"https:\/\/forzini.com\/pl\/wp-json\/wp\/v2\/media?parent=16992"}],"wp:term":[{"taxonomy":"product_brand","embeddable":true,"href":"https:\/\/forzini.com\/pl\/wp-json\/wp\/v2\/product_brand?post=16992"},{"taxonomy":"product_cat","embeddable":true,"href":"https:\/\/forzini.com\/pl\/wp-json\/wp\/v2\/product_cat?post=16992"},{"taxonomy":"product_tag","embeddable":true,"href":"https:\/\/forzini.com\/pl\/wp-json\/wp\/v2\/product_tag?post=16992"}],"curies":[{"name":"wp","href":"https:\/\/api.w.org\/{rel}","templated":true}]}}