{"id":16958,"date":"2024-08-09T17:44:19","date_gmt":"2024-08-09T15:44:19","guid":{"rendered":"https:\/\/forzini.com\/producto\/reloj-cuadrado-de-pared-cronus\/"},"modified":"2025-09-29T20:10:46","modified_gmt":"2025-09-29T18:10:46","slug":"zegar-scienny-nowoczesny-50-cm","status":"publish","type":"product","link":"https:\/\/forzini.com\/pl\/producto\/zegar-scienny-nowoczesny-50-cm\/","title":{"rendered":"Zegar \u015bcienny nowoczesny &#8211; stylowa dekoracja"},"content":{"rendered":"<h2>Zegar \u015bcienny nowoczesny &#8211; stylowa dekoracja do wn\u0119trz &#8222;Cronus&#8221;<\/h2>\n<div><\/div>\n<p><strong>Elegancki zegar \u015bcienny nowoczesny<\/strong>, r\u0119cznie rze\u017abiony z pi\u0119knego i autentycznego onyksu, to doskona\u0142e po\u0142\u0105czenie funkcjonalno\u015bci i sztuki, kt\u00f3re dodaje wn\u0119trzu domu lub biura nuty wyrafinowania. Ka\u017cdy du\u017cy, kwadratowy zegar \u015bcienny wykonany jest z onyksu o unikalnym wzorze i zr\u00f3\u017cnicowanej kolorystyce, co gwarantuje, \u017ce ka\u017cda sztuka jest wyj\u0105tkowa. Kwadratowy design tego zegara \u015bciennego nowoczesnego idealnie sprawdza si\u0119 jako wyrazisty punkt centralny w aran\u017cacji wn\u0119trza. Jego geometryczny kszta\u0142t nie tylko poprawia widoczno\u015b\u0107 i czytelno\u015b\u0107, ale tak\u017ce wnosi nowoczesny i elegancki akcent.<\/p>\n<p>Polerowana powierzchnia onyksu, z jego unikalnymi \u017cy\u0142kami i kalejdoskopem subtelnych odcieni, czyni ten nowoczesny zegar \u015bcienny prawdziw\u0105 ozdob\u0105. Doskonale pasuje do ka\u017cdego stylu aran\u017cacji \u2013 minimalistycznego, rustykalnego czy nowoczesnego \u2013 i harmonijnie uzupe\u0142nia ka\u017cde wn\u0119trze. Idealny do zawieszenia na \u015bcianie w salonie, kuchni, biurze, si\u0142owni, przedpokoju lub w dowolnym miejscu, gdzie chcesz doda\u0107 stylowy element wyr\u00f3\u017cniaj\u0105cy si\u0119 pi\u0119knem. Ten luksusowy element dekoracyjny tworzy eleganck\u0105 atmosfer\u0119 i odzwierciedla osobowo\u015b\u0107 oraz dobry gust.<\/p>\n<p>Ponadto ten zegar \u015bcienny nowoczesny to doskona\u0142y pomys\u0142 na prezent na ka\u017cd\u0105 okazj\u0119 \u2013 przeprowadzk\u0119, urodziny czy upominek firmowy. Jego wyrafinowany wygl\u0105d i ekskluzywno\u015b\u0107 sprawiaj\u0105, \u017ce jest to niezapomniany podarunek, kt\u00f3ry b\u0119dzie ceniony przez lata i uczyni ka\u017cd\u0105 chwil\u0119 wyj\u0105tkow\u0105.<\/p>\n<p><strong>Nasza rada<\/strong>: Ten oryginalny zegar \u015bcienny doskonale komponuje si\u0119 z naszym marmurowym \u015bwiecznikiem \u201eSelene\u201d.<\/p>\n<p><strong>Onyks toffee br\u0105zowy<\/strong>: Ta wyj\u0105tkowa ska\u0142a prezentuje zdumiewaj\u0105c\u0105 gam\u0119 odcieni \u2013 od ciemnego do jasnobr\u0105zowego, przez mocc\u0119, ciemn\u0105 czekolad\u0119 i biel, po\u0142\u0105czonych z zieleni\u0105 i z\u0142ocistymi \u017c\u00f3\u0142tymi akcentami, tworz\u0105cymi enigmatyczne wzory \u017cy\u0142ek na powierzchni. Cho\u0107 mo\u017ce by\u0107 mniej przezroczysty ze wzgl\u0119du na intensywne barwy, ta odmiana wyr\u00f3\u017cnia si\u0119 unikalnym, wyrazistym i przyci\u0105gaj\u0105cym wzrok kolorem, kt\u00f3ry wzbogaca wn\u0119trza blaskiem, jaki mo\u017ce zapewni\u0107 tylko autentyczny onyks.<\/p>\n<p>Czy wiesz, \u017ce onyks toffee br\u0105zowy to jedna z najbardziej fascynuj\u0105cych i rzadkich kamieni na \u015bwiecie? Nazwa pochodzi od jego ciep\u0142ych br\u0105zowych ton\u00f3w i \u017cy\u0142ek przypominaj\u0105cych pyszny karmel toffee. Jedn\u0105 z ciekawostek dotycz\u0105cych onyksu toffee jest jego zastosowanie w staro\u017cytnej architekturze. W dawnej Persji by\u0142 wysoko ceniony i u\u017cywany do dekoracji pa\u0142ac\u00f3w oraz \u015bwi\u0105ty\u0144. Perscy rzemie\u015blnicy doceniali jego trwa\u0142o\u015b\u0107 i zdolno\u015b\u0107 do polerowania na spektakularny po\u0142ysk. Do dzi\u015b niekt\u00f3re z tych budowli zachowa\u0142y detale z onyksu \u2013 \u015bwiadectwo jego trwa\u0142o\u015bci i pi\u0119kna.<\/p>\n<p>Inn\u0105 ciekaw\u0105 cech\u0105 onyksu toffee jest jego zdolno\u015b\u0107 do zmiany wygl\u0105du w zale\u017cno\u015bci od rodzaju \u015bwiat\u0142a. W naturalnym \u015bwietle jego br\u0105zowe odcienie i karmelowe \u017cy\u0142ki \u0142agodniej\u0105, natomiast w sztucznym \u015bwietle kolory intensyfikuj\u0105 si\u0119, ukazuj\u0105c czerwonawe i koniakowe tony, tworz\u0105c wizualny spektakl. Ta w\u0142a\u015bciwo\u015b\u0107 sprawia, \u017ce ka\u017cda sztuka onyksu toffee jest niezwykle dekoracyjna, z wyrafinowanym charakterem i unikaln\u0105 osobowo\u015bci\u0105, kt\u00f3ra zawsze zaskakuje, dodaj\u0105c przestrzeni nuty tajemniczo\u015bci i uroku.<\/p>\n<p>Dodatkowo onyks toffee br\u0105zowy ma szczeg\u00f3lne po\u0142\u0105czenie z energi\u0105 ziemi. Uwa\u017ca si\u0119, \u017ce kamie\u0144 ten pomaga w r\u00f3wnowa\u017ceniu energii i zapewnia poczucie stabilno\u015bci oraz bezpiecze\u0144stwa. W praktyce feng shui stosowany jest do przyci\u0105gania pozytywnej energii i tworzenia harmonijnej atmosfery w domu.<\/p>\n<p><a href=\"https:\/\/forzini.com\/pl\/materialy\/\" target=\"_blank\" rel=\"noopener\">Poznaj nasz\u0105 kolekcj\u0119 marmur\u00f3w i onyks\u00f3w, korzystaj\u0105c z tego linku: <strong>Materia\u0142y<\/strong><\/a><\/p>\n","protected":false},"excerpt":{"rendered":"<h1>Zegar \u015bcienny nowoczesny<\/h1>\n<p>Wykonany r\u0119cznie z marmuru onyksowego \u2013 dekoracyjny i funkcjonalny element, kt\u00f3ry przyci\u0105ga uwag\u0119. Nasze oryginalne, nowoczesne zegary \u015bcienne s\u0105 r\u0119cznie wykonane z naturalnego onyksu, o unikalnych \u017cy\u0142kach i wzorach. Du\u017cy rozmiar tego kwadratowego zegara \u015bciennego sprawia, \u017ce idealnie nadaje si\u0119 do przestrzeni, kt\u00f3re potrzebuj\u0105 stylowego punktu centralnego z wyrazistym charakterem. Jego forma poprawia widoczno\u015b\u0107 i czytelno\u015b\u0107, zachowuj\u0105c jednocze\u015bnie minimalistyczn\u0105 estetyk\u0119.<\/p>\n<p>Dla os\u00f3b poszukuj\u0105cych wyj\u0105tkowego i pami\u0119tnego prezentu, ten zegar z onyksu b\u0119dzie doskona\u0142ym wyborem. Jego ekskluzywny design i wyrafinowanie sprawiaj\u0105, \u017ce b\u0119dzie doceniany i podziwiany przez wiele lat.<\/p>\n<h2><strong>Wymiary: 50 x 50 cm<\/strong><\/h2>\n","protected":false},"featured_media":16937,"comment_status":"closed","ping_status":"closed","template":"","meta":{"_acf_changed":false,"_joinchat":[]},"product_brand":[],"product_cat":[310,390],"product_tag":[325],"class_list":{"0":"post-16958","1":"product","2":"type-product","3":"status-publish","4":"has-post-thumbnail","6":"product_cat-akcesoria","7":"product_cat-dekoracje-do-domu","8":"product_tag-onyks","10":"first","11":"instock","12":"sale","13":"featured","14":"shipping-taxable","15":"purchasable","16":"product-type-simple"},"acf":[],"_links":{"self":[{"href":"https:\/\/forzini.com\/pl\/wp-json\/wp\/v2\/product\/16958","targetHints":{"allow":["GET"]}}],"collection":[{"href":"https:\/\/forzini.com\/pl\/wp-json\/wp\/v2\/product"}],"about":[{"href":"https:\/\/forzini.com\/pl\/wp-json\/wp\/v2\/types\/product"}],"replies":[{"embeddable":true,"href":"https:\/\/forzini.com\/pl\/wp-json\/wp\/v2\/comments?post=16958"}],"version-history":[{"count":0,"href":"https:\/\/forzini.com\/pl\/wp-json\/wp\/v2\/product\/16958\/revisions"}],"wp:featuredmedia":[{"embeddable":true,"href":"https:\/\/forzini.com\/pl\/wp-json\/wp\/v2\/media\/16937"}],"wp:attachment":[{"href":"https:\/\/forzini.com\/pl\/wp-json\/wp\/v2\/media?parent=16958"}],"wp:term":[{"taxonomy":"product_brand","embeddable":true,"href":"https:\/\/forzini.com\/pl\/wp-json\/wp\/v2\/product_brand?post=16958"},{"taxonomy":"product_cat","embeddable":true,"href":"https:\/\/forzini.com\/pl\/wp-json\/wp\/v2\/product_cat?post=16958"},{"taxonomy":"product_tag","embeddable":true,"href":"https:\/\/forzini.com\/pl\/wp-json\/wp\/v2\/product_tag?post=16958"}],"curies":[{"name":"wp","href":"https:\/\/api.w.org\/{rel}","templated":true}]}}