{"id":16680,"date":"2024-10-26T19:49:00","date_gmt":"2024-10-26T17:49:00","guid":{"rendered":"https:\/\/forzini.com\/producto\/mesa-decorativa-de-marmol-onix\/"},"modified":"2025-09-21T18:33:08","modified_gmt":"2025-09-21T16:33:08","slug":"stolik-nocny-marmurowy","status":"publish","type":"product","link":"https:\/\/forzini.com\/pl\/producto\/stolik-nocny-marmurowy\/","title":{"rendered":"Stolik nocny marmurowy designerski"},"content":{"rendered":"<h2>Stolik nocny marmurowy designerski\u00a0&#8222;Tellus G&#8221;<\/h2>\n<p>Ten designerski stolik nocny marmurowy to prawdziwa per\u0142a nowoczesnego rzemios\u0142a. Jego unikalny kszta\u0142t przypominaj\u0105cy klepsydr\u0119 odzwierciedla dualizm i p\u0142ynno\u015b\u0107 czasu. Stolik zachwyca nie tylko wizualnie \u2013 jest r\u00f3wnie\u017c niezwykle funkcjonalny i wszechstronny. Po\u0142\u0105czenie marmuru i onyksu tworzy dzie\u0142o sztuki, kt\u00f3re emanuje luksusem i elegancj\u0105. Ka\u017cdy egzemplarz jest wyj\u0105tkowy dzi\u0119ki zastosowaniu rzadkich i niezwyk\u0142ych materia\u0142\u00f3w, co czyni go niepowtarzalnym. Dekoracyjny stolik z marmuru i onyksu nie tylko upi\u0119ksza wn\u0119trze, ale staje si\u0119 trwa\u0142ym dziedzictwem \u2013 stworzonym do podziwiania i przekazywania z pokolenia na pokolenie. Jego po\u0142\u0105czenie innowacji z tradycj\u0105 czyni go symbolem stylu i wyrafinowania.<\/p>\n<p>Onyks Green Amaz\u00f3nian <strong>&#8211; <\/strong>Czy wiesz, \u017ce nasz Onyks Green Amaz\u00f3nian, dzi\u0119ki swojej rzadko\u015bci i wyj\u0105tkowo\u015bci, jest klejnotem o aurze tajemniczo\u015bci i luksusu? Jego unikalno\u015b\u0107 i ekskluzywno\u015b\u0107 dor\u00f3wnuj\u0105 jedynie jego zachwycaj\u0105cemu pi\u0119knu \u2013 szczeg\u00f3lnie w formie sto\u0142\u00f3w. Przezroczysto\u015b\u0107 tego onyksu pozwala \u015bwiat\u0142u przenika\u0107 przez kamie\u0144, tworz\u0105c fascynuj\u0105cy blask, kt\u00f3ry odmienia ka\u017cde wn\u0119trze. Urok zielonych sto\u0142\u00f3w z onyksu tkwi w ich naturalnych wzorach \u2013 niczym poci\u0105gni\u0119cia p\u0119dzla w dziele sztuki natury. Ka\u017cdy surowy kamie\u0144, kt\u00f3ry wybieramy, posiada niepowtarzalne \u017cy\u0142ki w odcieniach intensywnego br\u0105zu, z\u0142ota czekoladowego, czerwieni, na tle zieleni lasu, przeplatane bia\u0142ymi chmurami lub r\u00f3\u017cnymi tonami zieleni, tworz\u0105c urzekaj\u0105cy pejza\u017c. Tworzenie sto\u0142\u00f3w z zielonego onyksu to delikatny proces wymagaj\u0105cy mistrzowskiego rzemios\u0142a. Ze wzgl\u0119du na rzadko\u015b\u0107 materia\u0142u, znalezienie du\u017cych, pozbawionych wad fragment\u00f3w odpowiednich na blaty jest prawdziwym wyzwaniem, co czyni ka\u017cd\u0105 gotow\u0105 sztuk\u0119 rzadkim skarbem. W \u015bwiecie luksusowej dekoracji wn\u0119trz st\u00f3\u0142 z zielonego onyksu to symbol statusu i dobrego gustu. To materia\u0142 r\u00f3wnie trwa\u0142y, co pi\u0119kny \u2013 gwarantuj\u0105cy podziw przez pokolenia.<\/p>\n<p>&nbsp;<\/p>\n<p><a href=\"https:\/\/forzini.com\/pl\/materialy\/\" target=\"_blank\" rel=\"noopener\">Poznaj nasz\u0105 kolekcj\u0119 marmur\u00f3w i onyks\u00f3w, korzystaj\u0105c z tego linku: <\/a><a href=\"https:\/\/forzini.com\/pl\/materialy\/\" target=\"_blank\" rel=\"noopener\">Materia\u0142y<\/a><\/p>\n<h3><strong>Cechy szczeg\u00f3lne:<\/strong><\/h3>\n<h3>Monta\u017c: Nie wymaga.<\/h3>\n<h3>Wyko\u0144czenie kamienia: Polerowane<\/h3>\n<h3>Waga: 35\u202fkg<\/h3>\n","protected":false},"excerpt":{"rendered":"<h2>Stolik nocny marmurowy designerski<\/h2>\n<p>Dzi\u0119ki ekskluzywnemu i odwa\u017cnemu designowi ten stolik jest zar\u00f3wno elegancki, jak i przytulny. Jego unikalna forma oraz innowacyjny styl sprawiaj\u0105, \u017ce doskonale komponuje si\u0119 z ka\u017cdym wn\u0119trzem, wnosz\u0105c \u015bwie\u017co\u015b\u0107 i oryginalny charakter. Harmonijne po\u0142\u0105czenie wykwintnego marmuru i naturalnego onyksu tworzy r\u0119cznie wykonan\u0105 kompozycj\u0119, kt\u00f3ra wzbogaca przestrze\u0144 subtelnym akcentem wyrafinowania i elegancji.<\/p>\n<h2><strong>Wymiary:<\/strong> \u015arednica 30 cm \u00b7 Wysoko\u015b\u0107 52 cm<\/h2>\n","protected":false},"featured_media":16681,"comment_status":"closed","ping_status":"closed","template":"","meta":{"_acf_changed":false,"_joinchat":[]},"product_brand":[],"product_cat":[397,316],"product_tag":[325],"class_list":{"0":"post-16680","1":"product","2":"type-product","3":"status-publish","4":"has-post-thumbnail","6":"product_cat-stoliki-z-kamienia","7":"product_cat-stoly","8":"product_tag-onyks","10":"first","11":"instock","12":"sale","13":"featured","14":"shipping-taxable","15":"purchasable","16":"product-type-simple"},"acf":[],"_links":{"self":[{"href":"https:\/\/forzini.com\/pl\/wp-json\/wp\/v2\/product\/16680","targetHints":{"allow":["GET"]}}],"collection":[{"href":"https:\/\/forzini.com\/pl\/wp-json\/wp\/v2\/product"}],"about":[{"href":"https:\/\/forzini.com\/pl\/wp-json\/wp\/v2\/types\/product"}],"replies":[{"embeddable":true,"href":"https:\/\/forzini.com\/pl\/wp-json\/wp\/v2\/comments?post=16680"}],"version-history":[{"count":0,"href":"https:\/\/forzini.com\/pl\/wp-json\/wp\/v2\/product\/16680\/revisions"}],"wp:featuredmedia":[{"embeddable":true,"href":"https:\/\/forzini.com\/pl\/wp-json\/wp\/v2\/media\/16681"}],"wp:attachment":[{"href":"https:\/\/forzini.com\/pl\/wp-json\/wp\/v2\/media?parent=16680"}],"wp:term":[{"taxonomy":"product_brand","embeddable":true,"href":"https:\/\/forzini.com\/pl\/wp-json\/wp\/v2\/product_brand?post=16680"},{"taxonomy":"product_cat","embeddable":true,"href":"https:\/\/forzini.com\/pl\/wp-json\/wp\/v2\/product_cat?post=16680"},{"taxonomy":"product_tag","embeddable":true,"href":"https:\/\/forzini.com\/pl\/wp-json\/wp\/v2\/product_tag?post=16680"}],"curies":[{"name":"wp","href":"https:\/\/api.w.org\/{rel}","templated":true}]}}