{"id":16657,"date":"2024-04-05T11:14:22","date_gmt":"2024-04-05T09:14:22","guid":{"rendered":"https:\/\/forzini.com\/producto\/mesa-esquinera-de-marmol-tellus\/"},"modified":"2025-09-21T17:41:41","modified_gmt":"2025-09-21T15:41:41","slug":"stolik-pomocniczy-marmurowy","status":"publish","type":"product","link":"https:\/\/forzini.com\/pl\/producto\/stolik-pomocniczy-marmurowy\/","title":{"rendered":"Stolik pomocniczy z marmuru i onyksu"},"content":{"rendered":"<h2>Stolik pomocniczy z marmuru i onyksu &#8222;Tellus&#8221;<\/h2>\n<p>Ten stolik pomocniczy z marmuru i onyksu, o niepowtarzalnym i ekstrawaganckim kszta\u0142cie, to prawdziwa per\u0142a nowoczesnego rzemios\u0142a artystycznego. Sk\u0142ada si\u0119 z dw\u00f3ch sto\u017ck\u00f3w po\u0142\u0105czonych centralnym pier\u015bcieniem, przywodz\u0105cym na my\u015bl klepsydr\u0119 \u2013 symbol dualizmu i p\u0142yn\u0105cego czasu. Odwa\u017cna forma zach\u0119ca do refleksji i wnosi artystyczny wymiar do ka\u017cdego wn\u0119trza. Marmurowy stolik naro\u017cny zachwyca nie tylko wizualnie, ale tak\u017ce funkcjonalno\u015bci\u0105 i wszechstronno\u015bci\u0105. Doskona\u0142e po\u0142\u0105czenie szlachetnego marmuru i wyj\u0105tkowego onyksu tworzy r\u0119cznie wykonan\u0105 kompozycj\u0119, kt\u00f3ra emanuje luksusem i wyrafinowaniem. Ka\u017cdy element tego stolika \u2013 od \u015bmia\u0142ego projektu po rzadkie, ekskluzywne materia\u0142y \u2013 odzwierciedla niezr\u00f3wnany poziom elegancji. Marmur i onyks zosta\u0142y starannie wyselekcjonowane ze wzgl\u0119du na swoj\u0105 urod\u0119 i unikalno\u015b\u0107, dzi\u0119ki czemu ka\u017cda sztuka jest jedyna w swoim rodzaju. Ta rzemie\u015blnicza kreacja zdobi dom, staj\u0105c si\u0119 ponadczasowym dziedzictwem. To przedmiot stworzony do podziwiania i przekazywania dalej \u2013 skarb, kt\u00f3ry zatrzymuje chwile i wspomnienia. Marmurowy stolik naro\u017cny, \u0142\u0105cz\u0105cy innowacj\u0119 z tradycj\u0105, jest symbolem urzekaj\u0105cego stylu i dobrego gustu.<\/p>\n<p>Onyks Golden Dune &#8211; to zachwycaj\u0105cy kamie\u0144 naturalny, charakteryzuj\u0105cy si\u0119 kremowobia\u0142\u0105 baz\u0105 ozdobion\u0105 ciep\u0142ymi, z\u0142otymi \u017cy\u0142kami. Ten luksusowy onyks doskonale odbija \u015bwiat\u0142o, tworz\u0105c eteryczny blask, kt\u00f3ry roz\u015bwietla ka\u017cde wn\u0119trze. Jego unikalne wzory i kolory sprawiaj\u0105, \u017ce jest ulubionym wyborem do eleganckich aran\u017cacji \u2013 od blat\u00f3w, przez ok\u0142adziny \u015bcienne, po dekoracyjne akcenty. Wyrafinowane po\u0142\u0105czenie bieli i z\u0142ota nie tylko dodaje szyku, ale tak\u017ce uosabia ponadczasowe pi\u0119kno, czyni\u0105c z onyksu Golden Dune wyj\u0105tkowy dodatek do ka\u017cdego projektu wn\u0119trzarskiego.<\/p>\n<p>&nbsp;<\/p>\n<p><a href=\"https:\/\/forzini.com\/pl\/materialy\/\" target=\"_blank\" rel=\"noopener\">Poznaj nasz\u0105 kolekcj\u0119 marmur\u00f3w i onyks\u00f3w, korzystaj\u0105c z tego linku: <\/a><a href=\"https:\/\/forzini.com\/pl\/materialy\/\" target=\"_blank\" rel=\"noopener\">Materia\u0142y<\/a><\/p>\n<h3><strong>Cechy szczeg\u00f3lne:<\/strong><\/h3>\n<h3>Monta\u017c: Nie wymaga.<\/h3>\n<h3>Wyko\u0144czenie kamienia: Polerowane<\/h3>\n<h3>Waga: 35\u202fkg<\/h3>\n","protected":false},"excerpt":{"rendered":"<h2>Stolik pomocniczy z marmuru i onyksu<\/h2>\n<p>O innowacyjnym i ekstrawaganckim kszta\u0142cie \u2013 odwa\u017cny, a zarazem przytulny. Ten stolik, dzi\u0119ki swojej unikalnej i nowatorskiej formie, doskonale wpisuje si\u0119 w ka\u017cd\u0105 przestrze\u0144, dodaj\u0105c \u015bwie\u017co\u015bci i oryginalnego charakteru wn\u0119trzu. Idealne po\u0142\u0105czenie wykwintnego marmuru i wyj\u0105tkowego, zachwycaj\u0105cego onyksu naturalnego tworzy r\u0119cznie wykonane dzie\u0142o sztuki, kt\u00f3re podnosi estetyk\u0119 ka\u017cdego miejsca, wnosz\u0105c nut\u0119 elegancji i wyrafinowanego stylu.<\/p>\n<h2><strong>Wymiary:<\/strong> \u015arednica 30 cm \u00b7 Wysoko\u015b\u0107 52 cm<\/h2>\n<p>&nbsp;<\/p>\n","protected":false},"featured_media":16658,"comment_status":"closed","ping_status":"closed","template":"","meta":{"_acf_changed":false,"_joinchat":[]},"product_brand":[],"product_cat":[397,316],"product_tag":[325],"class_list":{"0":"post-16657","1":"product","2":"type-product","3":"status-publish","4":"has-post-thumbnail","6":"product_cat-stoliki-z-kamienia","7":"product_cat-stoly","8":"product_tag-onyks","10":"first","11":"instock","12":"sale","13":"featured","14":"shipping-taxable","15":"purchasable","16":"product-type-simple"},"acf":[],"_links":{"self":[{"href":"https:\/\/forzini.com\/pl\/wp-json\/wp\/v2\/product\/16657","targetHints":{"allow":["GET"]}}],"collection":[{"href":"https:\/\/forzini.com\/pl\/wp-json\/wp\/v2\/product"}],"about":[{"href":"https:\/\/forzini.com\/pl\/wp-json\/wp\/v2\/types\/product"}],"replies":[{"embeddable":true,"href":"https:\/\/forzini.com\/pl\/wp-json\/wp\/v2\/comments?post=16657"}],"version-history":[{"count":0,"href":"https:\/\/forzini.com\/pl\/wp-json\/wp\/v2\/product\/16657\/revisions"}],"wp:featuredmedia":[{"embeddable":true,"href":"https:\/\/forzini.com\/pl\/wp-json\/wp\/v2\/media\/16658"}],"wp:attachment":[{"href":"https:\/\/forzini.com\/pl\/wp-json\/wp\/v2\/media?parent=16657"}],"wp:term":[{"taxonomy":"product_brand","embeddable":true,"href":"https:\/\/forzini.com\/pl\/wp-json\/wp\/v2\/product_brand?post=16657"},{"taxonomy":"product_cat","embeddable":true,"href":"https:\/\/forzini.com\/pl\/wp-json\/wp\/v2\/product_cat?post=16657"},{"taxonomy":"product_tag","embeddable":true,"href":"https:\/\/forzini.com\/pl\/wp-json\/wp\/v2\/product_tag?post=16657"}],"curies":[{"name":"wp","href":"https:\/\/api.w.org\/{rel}","templated":true}]}}