{"id":16653,"date":"2024-10-26T18:53:03","date_gmt":"2024-10-26T16:53:03","guid":{"rendered":"https:\/\/forzini.com\/producto\/mesa-consola-reloj-de-arena\/"},"modified":"2025-09-21T17:22:43","modified_gmt":"2025-09-21T15:22:43","slug":"designerski-stolik-marmurowy-czarny","status":"publish","type":"product","link":"https:\/\/forzini.com\/pl\/producto\/designerski-stolik-marmurowy-czarny\/","title":{"rendered":"Designerski czarny stolik marmurowy z onyksu"},"content":{"rendered":"<h2><strong>Designerski czarny stolik marmurowy z onyksu <\/strong>&#8222;Tellus P&#8221;<\/h2>\n<p>Ten czarny stolik marmurowy z onyksu, wykonany z marmuru i onyksu, wyr\u00f3\u017cnia si\u0119 unikalnym, rze\u017abiarskim kszta\u0142tem klepsydry, kt\u00f3ry nadaje g\u0142\u0119bi\u0119 i elegancj\u0119 ka\u017cdemu wn\u0119trzu. Forma to po\u0142\u0105czenie dw\u00f3ch sto\u017ckowych cz\u0119\u015bci z marmuru i onyksu, zespolonych centralnym pier\u015bcieniem, oddaj\u0105cym symbolicznie up\u0142yw czasu w artystycznej strukturze. Idealny jako punkt centralny w domu, jego odwa\u017cny i nowoczesny styl dodaje przestrzeni artystycznego wyrazu. Ka\u017cdy stolik jest r\u0119cznie wykonany z selekcjonowanego marmuru i naturalnego onyksu, o wyj\u0105tkowych w\u0142a\u015bciwo\u015bciach i unikalnym u\u017cyleniu, co czyni ka\u017cd\u0105 sztuk\u0119 niepowtarzalnym dzie\u0142em. Polerowane wyko\u0144czenie podkre\u015bla naturalne pi\u0119kno materia\u0142\u00f3w i nadaje im elegancki blask, kt\u00f3ry roz\u015bwietla przestrze\u0144. Ten konsolowy stolik w formie klepsydry jest zar\u00f3wno dekoracyjny, jak i funkcjonalny \u2013 to symbol wyrafinowania i kreatywno\u015bci, idealny dla mi\u0142o\u015bnik\u00f3w sztuki w meblarstwie.<\/p>\n<p><strong>Onyks Pink Cloud<\/strong> &#8211; to wyj\u0105tkowy materia\u0142, uznawany za jeden z najrzadszych i najbardziej ekskluzywnych na \u015bwiecie. Jego czysto\u015b\u0107 barwy, wolna od sztucznych barwnik\u00f3w i obr\u00f3bki, czyni go jeszcze bardziej wyj\u0105tkowym i cennym. Pozyskiwany z odleg\u0142ego g\u00f3rskiego regionu w po\u0142udniowej Azji, zachwyca subteln\u0105 tonacj\u0105 i naturalnym po\u0142yskiem, podkre\u015blaj\u0105c pi\u0119kno ka\u017cdej dekoracyjnej formy. W tym nietypowym projekcie stolika, onyks Rosa Cloud zosta\u0142 wykorzystany, by ukaza\u0107 artystyczne pi\u0119kno natury w harmonii z ludzk\u0105 kreatywno\u015bci\u0105 \u2013 czyni\u0105c z tej sztuki prawdziwy skarb elegancji i wyrafinowania.<\/p>\n<p>&nbsp;<\/p>\n<p><a href=\"https:\/\/forzini.com\/pl\/materialy\/\" target=\"_blank\" rel=\"noopener\">Poznaj nasz\u0105 kolekcj\u0119 marmur\u00f3w i onyks\u00f3w, korzystaj\u0105c z tego linku: <\/a><a href=\"https:\/\/forzini.com\/pl\/materialy\/\" target=\"_blank\" rel=\"noopener\">Materia\u0142y<\/a><\/p>\n<h3><strong>Cechy szczeg\u00f3lne:<\/strong><\/h3>\n<h3>Monta\u017c: Nie wymaga.<\/h3>\n<h3>Wyko\u0144czenie kamienia: Polerowane<\/h3>\n<h3>Waga: 35\u202fkg<\/h3>\n","protected":false},"excerpt":{"rendered":"<h1>Czarny stolik marmurowy z onyksu<\/h1>\n<p>Ten stolik wykonany z marmuru i onyksu, o innowacyjnym i odwa\u017cnym kszta\u0142cie, staje si\u0119 efektownym i wszechstronnym elementem ka\u017cdej przestrzeni. Jego unikalny i pomys\u0142owy design, \u0142\u0105cz\u0105cy dwa sto\u017cki w eleganckiej strukturze, dodaje \u015bwie\u017co\u015bci oraz oryginalno\u015bci wn\u0119trzu. Po\u0142\u0105czenie starannie wyselekcjonowanego marmuru i naturalnego onyksu, r\u0119cznie obrabianych, tworzy artystyczne dzie\u0142o, kt\u00f3re emanuje wyrafinowaniem i eleganckim stylem, podnosz\u0105c estetyk\u0119 ka\u017cdego zak\u0105tka.<\/p>\n<h2><strong>Wymiary:<\/strong> \u015arednica 30 cm \u00b7 Wysoko\u015b\u0107 52 cm<\/h2>\n<p>&nbsp;<\/p>\n","protected":false},"featured_media":16631,"comment_status":"closed","ping_status":"closed","template":"","meta":{"_acf_changed":false,"_joinchat":[]},"product_brand":[],"product_cat":[397,316],"product_tag":[325],"class_list":{"0":"post-16653","1":"product","2":"type-product","3":"status-publish","4":"has-post-thumbnail","6":"product_cat-stoliki-z-kamienia","7":"product_cat-stoly","8":"product_tag-onyks","10":"first","11":"instock","12":"sale","13":"featured","14":"shipping-taxable","15":"purchasable","16":"product-type-simple"},"acf":[],"_links":{"self":[{"href":"https:\/\/forzini.com\/pl\/wp-json\/wp\/v2\/product\/16653","targetHints":{"allow":["GET"]}}],"collection":[{"href":"https:\/\/forzini.com\/pl\/wp-json\/wp\/v2\/product"}],"about":[{"href":"https:\/\/forzini.com\/pl\/wp-json\/wp\/v2\/types\/product"}],"replies":[{"embeddable":true,"href":"https:\/\/forzini.com\/pl\/wp-json\/wp\/v2\/comments?post=16653"}],"version-history":[{"count":0,"href":"https:\/\/forzini.com\/pl\/wp-json\/wp\/v2\/product\/16653\/revisions"}],"wp:featuredmedia":[{"embeddable":true,"href":"https:\/\/forzini.com\/pl\/wp-json\/wp\/v2\/media\/16631"}],"wp:attachment":[{"href":"https:\/\/forzini.com\/pl\/wp-json\/wp\/v2\/media?parent=16653"}],"wp:term":[{"taxonomy":"product_brand","embeddable":true,"href":"https:\/\/forzini.com\/pl\/wp-json\/wp\/v2\/product_brand?post=16653"},{"taxonomy":"product_cat","embeddable":true,"href":"https:\/\/forzini.com\/pl\/wp-json\/wp\/v2\/product_cat?post=16653"},{"taxonomy":"product_tag","embeddable":true,"href":"https:\/\/forzini.com\/pl\/wp-json\/wp\/v2\/product_tag?post=16653"}],"curies":[{"name":"wp","href":"https:\/\/api.w.org\/{rel}","templated":true}]}}