{"id":16614,"date":"2024-07-03T09:11:27","date_gmt":"2024-07-03T07:11:27","guid":{"rendered":"https:\/\/forzini.com\/producto\/mesa-de-onix-juno\/"},"modified":"2025-09-21T12:27:14","modified_gmt":"2025-09-21T10:27:14","slug":"stolik-zloty-marmur-wysoki-tulipan","status":"publish","type":"product","link":"https:\/\/forzini.com\/pl\/producto\/stolik-zloty-marmur-wysoki-tulipan\/","title":{"rendered":"Wysoki stolik z\u0142oty marmur z tulipanow\u0105 podstaw\u0105"},"content":{"rendered":"<h2>Wysoki stolik z\u0142oty marmur z tulipanow\u0105 podstaw\u0105 &#8222;Juno&#8221;<\/h2>\n<p><strong>Ten wyj\u0105tkowy wysoki stolik z\u0142oty marmur<\/strong>, okr\u0105g\u0142y i luksusowy, zosta\u0142 wykonany r\u0119cznie przez mistrz\u00f3w rzemios\u0142a z wykorzystaniem tradycyjnych technik, kt\u00f3re podkre\u015blaj\u0105 majestatyczn\u0105 elegancj\u0119 naturalnego onyksu. Jego elegancki kontur i promienna powierzchnia tworz\u0105 hipnotyzuj\u0105c\u0105 gr\u0119 \u015bwiat\u0142a, czyni\u0105c go centralnym punktem ka\u017cdego wn\u0119trza. Wzbogacaj\u0105c ka\u017cd\u0105 aran\u017cacj\u0119, nasz rzadki onyks, wyselekcjonowany ze wzgl\u0119du na swoj\u0105 wyj\u0105tkow\u0105 urod\u0119, dodaje nuty innowacyjno\u015bci, kt\u00f3ra przetrwa pr\u00f3b\u0119 czasu. Ten stolik to nie tylko mebel \u2013 to trwa\u0142e dzie\u0142o sztuki, stworzone z my\u015bl\u0105 o pokoleniach.<\/p>\n<p>Mo\u017ce by\u0107 u\u017cywany jako stolik typu \u201enesting\u201d w zestawie z ni\u017cszym modelem \u201e<a href=\"https:\/\/forzini.com\/pl\/producto\/stolik-zloty-marmur-maly\/\" target=\"_blank\" rel=\"noopener\">Janus<\/a>\u201d.<\/p>\n<p>Golden Dune Onyks &#8211; Bia\u0142e t\u0142o przypomina spokojne p\u0142\u00f3tno, delikatnie ozdobione mi\u0119kkimi, bia\u0142ymi chmurami unosz\u0105cymi si\u0119 \u0142agodnie nad jego powierzchni\u0105. Kremowe i \u017c\u00f3\u0142te cienie oraz \u017cy\u0142ki w odcieniach z\u0142ota, karmelu, br\u0105zu, koniaku i czerwieni. Ten wyj\u0105tkowy bia\u0142y onyks to rzadkie znalezisko, dost\u0119pne tylko w niewielkich ilo\u015bciach, poniewa\u017c wydobywany jest z konkretnego miejsca.<\/p>\n<p>Czy wiesz, \u017ce bia\u0142y onyks to naprawd\u0119 fascynuj\u0105cy kamie\u0144, ceniony za swoj\u0105 rzadko\u015b\u0107 i spokojne pi\u0119kno? Jego niedob\u00f3r wynika ze specyficznych warunk\u00f3w potrzebnych do jego powstania \u2013 gdy woda bogata w krzemionk\u0119 s\u0105czy si\u0119 w jaskiniach, osadzaj\u0105c warstwy kalcedonu, kt\u00f3re krystalizuj\u0105 przez tysi\u0105clecia. Kremowo-ko\u015bciowy odcie\u0144 bia\u0142ego onyksu przywodzi na my\u015bl staro\u017cytn\u0105 sztuk\u0119 i architektur\u0119, budz\u0105c poczucie ponadczasowej elegancji i czysto\u015bci. Magia bia\u0142ego onyksu tkwi w jego przezroczysto\u015bci \u2013 eterycznej jako\u015bci, jakby trzyma\u0107 w d\u0142oni fragment ksi\u0119\u017cycowego blasku, uchwyconego i utrwalonego. Ta przezroczysto\u015b\u0107 pozwala na gr\u0119 \u015bwiat\u0142a i cienia, o\u017cywiaj\u0105c powierzchni\u0119 kamienia i ujawniaj\u0105c jego fascynuj\u0105ce wzory. A potem s\u0105 jeszcze chmurowe rysunki \u2013 naturalna sztuka bia\u0142ego onyksu. To poci\u0105gni\u0119cia p\u0119dzla Ziemi, unikalne dla ka\u017cdej p\u0142yty, tworz\u0105ce krajobrazy mlecznej mg\u0142y i \u0142agodnych fal sun\u0105cych po kamieniu. To w\u0142a\u015bnie ten wz\u00f3r nadaje bia\u0142emu onyksowi jego niezwyk\u0142y urok.<\/p>\n<p>&nbsp;<\/p>\n<p><a href=\"https:\/\/forzini.com\/pl\/materialy\/\" target=\"_blank\" rel=\"noopener\">Poznaj nasz\u0105 kolekcj\u0119 marmur\u00f3w i onyks\u00f3w, korzystaj\u0105c z tego linku: <\/a><a href=\"https:\/\/forzini.com\/pl\/materialy\/\" target=\"_blank\" rel=\"noopener\">Materia\u0142y<\/a><\/p>\n<h3><strong>Cechy szczeg\u00f3lne:<\/strong><\/h3>\n<ul>\n<li>\n<h3>Monta\u017c: Nie wymaga<\/h3>\n<\/li>\n<li>\n<h3>Wyko\u0144czenie kamienia: Polerowane<\/h3>\n<\/li>\n<li>\n<h3>Wyko\u0144czenie nogi: Stal nierdzewna, typ tulipan, kolor z\u0142oty<\/h3>\n<\/li>\n<li>\n<h3>Waga: 15 kg<\/h3>\n<\/li>\n<\/ul>\n","protected":false},"excerpt":{"rendered":"<h1>Wysoki stolik z\u0142oty marmur<\/h1>\n<p>Z okr\u0105g\u0142ym, nieregularnym blatem rze\u017abionym z czystej ska\u0142y, ten stolik to r\u0119cznie wykonane dzie\u0142o sztuki o ekskluzywnym designie. Ka\u017cdy egzemplarz jest starannie formowany przez do\u015bwiadczonych rzemie\u015blnik\u00f3w, kt\u00f3rzy stosuj\u0105 tradycyjne techniki, aby podkre\u015bli\u0107 naturalne pi\u0119kno onyksu. Powierzchnia blatu, z organicznymi kszta\u0142tami i unikaln\u0105 faktur\u0105, spektakularnie odbija \u015bwiat\u0142o, tworz\u0105c gr\u0119 cieni i refleks\u00f3w, kt\u00f3ra przyci\u0105ga wzrok i dodaje luksusowego charakteru ka\u017cdemu wn\u0119trzu.<\/p>\n<h2><strong>Wymiary:<\/strong> Szeroko\u015b\u0107 50 cm \u00b7 D\u0142ugo\u015b\u0107 60 cm \u00b7 Wysoko\u015b\u0107 50 cm<\/h2>\n<p>&nbsp;<\/p>\n","protected":false},"featured_media":16584,"comment_status":"closed","ping_status":"closed","template":"","meta":{"_acf_changed":false,"_joinchat":[]},"product_brand":[],"product_cat":[397,316],"product_tag":[325],"class_list":{"0":"post-16614","1":"product","2":"type-product","3":"status-publish","4":"has-post-thumbnail","6":"product_cat-stoliki-z-kamienia","7":"product_cat-stoly","8":"product_tag-onyks","10":"first","11":"instock","12":"sale","13":"featured","14":"shipping-taxable","15":"purchasable","16":"product-type-simple"},"acf":[],"_links":{"self":[{"href":"https:\/\/forzini.com\/pl\/wp-json\/wp\/v2\/product\/16614","targetHints":{"allow":["GET"]}}],"collection":[{"href":"https:\/\/forzini.com\/pl\/wp-json\/wp\/v2\/product"}],"about":[{"href":"https:\/\/forzini.com\/pl\/wp-json\/wp\/v2\/types\/product"}],"replies":[{"embeddable":true,"href":"https:\/\/forzini.com\/pl\/wp-json\/wp\/v2\/comments?post=16614"}],"version-history":[{"count":0,"href":"https:\/\/forzini.com\/pl\/wp-json\/wp\/v2\/product\/16614\/revisions"}],"wp:featuredmedia":[{"embeddable":true,"href":"https:\/\/forzini.com\/pl\/wp-json\/wp\/v2\/media\/16584"}],"wp:attachment":[{"href":"https:\/\/forzini.com\/pl\/wp-json\/wp\/v2\/media?parent=16614"}],"wp:term":[{"taxonomy":"product_brand","embeddable":true,"href":"https:\/\/forzini.com\/pl\/wp-json\/wp\/v2\/product_brand?post=16614"},{"taxonomy":"product_cat","embeddable":true,"href":"https:\/\/forzini.com\/pl\/wp-json\/wp\/v2\/product_cat?post=16614"},{"taxonomy":"product_tag","embeddable":true,"href":"https:\/\/forzini.com\/pl\/wp-json\/wp\/v2\/product_tag?post=16614"}],"curies":[{"name":"wp","href":"https:\/\/api.w.org\/{rel}","templated":true}]}}