{"id":16568,"date":"2024-07-03T09:27:30","date_gmt":"2024-07-03T07:27:30","guid":{"rendered":"https:\/\/forzini.com\/producto\/mesa-de-piedra-onix-janus\/"},"modified":"2025-09-21T12:27:57","modified_gmt":"2025-09-21T10:27:57","slug":"stolik-zloty-marmur-maly","status":"publish","type":"product","link":"https:\/\/forzini.com\/pl\/producto\/stolik-zloty-marmur-maly\/","title":{"rendered":"Stolik z\u0142oty marmur ma\u0142y okr\u0105g\u0142y"},"content":{"rendered":"<h2>Stolik z\u0142oty marmur ma\u0142y okr\u0105g\u0142y &#8222;Janus&#8221;<\/h2>\n<p>Wykonany z niezwyk\u0142\u0105 staranno\u015bci\u0105 przez do\u015bwiadczonych rzemie\u015blnik\u00f3w, <strong>stolik z\u0142oty marmur z onyksu<\/strong> ukazuje subteln\u0105 elegancj\u0119 naturalnego kamienia. Jego wyra\u017ane linie, nieregularny kszta\u0142t blatu osadzonego na nodze ze stali nierdzewnej oraz l\u015bni\u0105ca powierzchnia tworz\u0105 fascynuj\u0105c\u0105 gr\u0119 \u015bwiat\u0142a, czyni\u0105c go efektownym akcentem w aran\u017cacji salonu. Nasz ekskluzywny bia\u0142y onyks, starannie wyselekcjonowany, dodaje ka\u017cdemu wn\u0119trzu nuty wyrafinowania, przekszta\u0142caj\u0105c stolik w ponadczasowe dzie\u0142o sztuki, kt\u00f3re mo\u017ce by\u0107 przekazywane z pokolenia na pokolenie.<\/p>\n<p>Niezale\u017cnie od tego, czy u\u017cywany jest jako stolik typu \u201enido\u201d, czy zestawiony z modelem \u201e<a href=\"https:\/\/forzini.com\/pl\/producto\/stolik-zloty-marmur-wysoki-tulipan\/\" target=\"_blank\" rel=\"noopener\">Juno<\/a>\u201d, jego kompaktowy rozmiar pozwala na samodzielne wyeksponowanie jako dekoracyjny akcent lub harmonijne wkomponowanie w aran\u017cacj\u0119 grupow\u0105 o zr\u00f3\u017cnicowanych wymiarach.<\/p>\n<p>Golden Dune Onyks \u2013 Bia\u0142e t\u0142o przypomina spokojne p\u0142\u00f3tno, delikatnie ozdobione mi\u0119kkimi bia\u0142ymi i z\u0142otymi chmurami, kt\u00f3re \u0142agodnie unosz\u0105 si\u0119 nad powierzchni\u0105. Kremowe i \u017c\u00f3\u0142te cienie oraz \u017cy\u0142ki w odcieniach z\u0142ota, karmelu, br\u0105zu, koniaku i czerwieni. Ten wyj\u0105tkowy bia\u0142y onyks to rzadkie znalezisko, dost\u0119pne tylko w niewielkich ilo\u015bciach, poniewa\u017c wydobywany jest z konkretnego miejsca.<\/p>\n<p>Ka\u017cdy stolik, kt\u00f3ry oferujemy, jest \u015bwiadectwem kunsztu naszych rzemie\u015blnik\u00f3w, kt\u00f3rych talent, wiedza i do\u015bwiadczenie w pracy z szlachetnymi materia\u0142ami, takimi jak onyks i marmur, s\u0105 niezr\u00f3wnane. To ich zr\u0119czne d\u0142onie przekszta\u0142caj\u0105 te szlachetne kamienie w wyrafinowane meble. Wykazuj\u0105 doskona\u0142e wyczucie w \u0142\u0105czeniu wzor\u00f3w, starannie dobieraj\u0105c najbardziej odpowiednie powierzchnie, aby ka\u017cda \u017cy\u0142ka i kontur podkre\u015bla\u0142y pi\u0119kno ca\u0142ej kompozycji. Tylko prawdziwy artysta potrafi stworzy\u0107 tak wspania\u0142e dzie\u0142o \u2013 a nasi rzemie\u015blnicy s\u0105 w\u0142a\u015bnie takimi artystami. Ich oddanie rzemios\u0142u widoczne jest w skrupulatnej dba\u0142o\u015bci o detale, harmonijnym zestawieniu wzor\u00f3w kamienia i nieskazitelnym wyko\u0144czeniu ka\u017cdego stolika.<\/p>\n<p>&nbsp;<\/p>\n<p><a href=\"https:\/\/forzini.com\/pl\/materialy\/\" target=\"_blank\" rel=\"noopener\">Poznaj nasz\u0105 kolekcj\u0119 marmur\u00f3w i onyks\u00f3w, korzystaj\u0105c z tego linku: <\/a><a href=\"https:\/\/forzini.com\/pl\/materialy\/\" target=\"_blank\" rel=\"noopener\">Materia\u0142y<\/a><\/p>\n<h3><strong>Cechy szczeg\u00f3lne:<\/strong><\/h3>\n<ul>\n<li>\n<h3>Monta\u017c: Nie wymaga<\/h3>\n<\/li>\n<li>\n<h3>Wyko\u0144czenie kamienia: Polerowane<\/h3>\n<\/li>\n<li>\n<h3>Wyko\u0144czenie nogi: Stal nierdzewna, typ tulipan, kolor z\u0142oty<\/h3>\n<\/li>\n<li>\n<h3>Waga: 8 kg<\/h3>\n<\/li>\n<\/ul>\n<p>&nbsp;<\/p>\n","protected":false},"excerpt":{"rendered":"<h1>Stolik z\u0142oty marmur<\/h1>\n<p>Bia\u0142y onyks z z\u0142ot\u0105 podstaw\u0105 to wyj\u0105tkowo stylowy element designu. Czysto\u015b\u0107 bia\u0142ego onyksu, z jego delikatnymi \u017cy\u0142kami i l\u015bni\u0105c\u0105 powierzchni\u0105, harmonijnie \u0142\u0105czy si\u0119 z elegancj\u0105 z\u0142otej podstawy \u2013 to stolik, kt\u00f3ry emanuje luksusem i wyrafinowaniem. Zachwyca nie tylko swoim wygl\u0105dem, ale tak\u017ce wszechstronno\u015bci\u0105.<\/p>\n<p>Mo\u017ce by\u0107 doskonale zestawiony z modelem Juno, tworz\u0105c komplet stolik\u00f3w typu \u201enido\u201d, kt\u00f3ry dodaje nowoczesno\u015bci i funkcjonalno\u015bci ka\u017cdemu wn\u0119trzu. Ten duet stolik\u00f3w to idealne rozwi\u0105zanie dla os\u00f3b poszukuj\u0105cych dekoracyjnego akcentu, kt\u00f3ry jest zar\u00f3wno praktyczny, jak i wizualnie efektowny.<\/p>\n<h2><strong>Wymiary:<\/strong> Szeroko\u015b\u0107 37 cm \u00b7 D\u0142ugo\u015b\u0107 38 cm \u00b7 Wysoko\u015b\u0107 40 cm<\/h2>\n","protected":false},"featured_media":16540,"comment_status":"closed","ping_status":"closed","template":"","meta":{"_acf_changed":false,"_joinchat":[]},"product_brand":[],"product_cat":[397,316],"product_tag":[325],"class_list":{"0":"post-16568","1":"product","2":"type-product","3":"status-publish","4":"has-post-thumbnail","6":"product_cat-stoliki-z-kamienia","7":"product_cat-stoly","8":"product_tag-onyks","10":"first","11":"instock","12":"sale","13":"featured","14":"shipping-taxable","15":"purchasable","16":"product-type-simple"},"acf":[],"_links":{"self":[{"href":"https:\/\/forzini.com\/pl\/wp-json\/wp\/v2\/product\/16568","targetHints":{"allow":["GET"]}}],"collection":[{"href":"https:\/\/forzini.com\/pl\/wp-json\/wp\/v2\/product"}],"about":[{"href":"https:\/\/forzini.com\/pl\/wp-json\/wp\/v2\/types\/product"}],"replies":[{"embeddable":true,"href":"https:\/\/forzini.com\/pl\/wp-json\/wp\/v2\/comments?post=16568"}],"version-history":[{"count":0,"href":"https:\/\/forzini.com\/pl\/wp-json\/wp\/v2\/product\/16568\/revisions"}],"wp:featuredmedia":[{"embeddable":true,"href":"https:\/\/forzini.com\/pl\/wp-json\/wp\/v2\/media\/16540"}],"wp:attachment":[{"href":"https:\/\/forzini.com\/pl\/wp-json\/wp\/v2\/media?parent=16568"}],"wp:term":[{"taxonomy":"product_brand","embeddable":true,"href":"https:\/\/forzini.com\/pl\/wp-json\/wp\/v2\/product_brand?post=16568"},{"taxonomy":"product_cat","embeddable":true,"href":"https:\/\/forzini.com\/pl\/wp-json\/wp\/v2\/product_cat?post=16568"},{"taxonomy":"product_tag","embeddable":true,"href":"https:\/\/forzini.com\/pl\/wp-json\/wp\/v2\/product_tag?post=16568"}],"curies":[{"name":"wp","href":"https:\/\/api.w.org\/{rel}","templated":true}]}}