{"id":16523,"date":"2024-03-14T16:48:28","date_gmt":"2024-03-14T15:48:28","guid":{"rendered":"https:\/\/forzini.com\/producto\/mesa-pequena-de-marmol-uranus\/"},"modified":"2025-09-20T23:06:53","modified_gmt":"2025-09-20T21:06:53","slug":"stolik-designerski-marmurowy-bezowy","status":"publish","type":"product","link":"https:\/\/forzini.com\/pl\/producto\/stolik-designerski-marmurowy-bezowy\/","title":{"rendered":"Stolik designerski marmurowy be\u017cowy okr\u0105g\u0142y"},"content":{"rendered":"<h2>Stolik designerski marmurowy be\u017cowy okr\u0105g\u0142y &#8222;Uranus&#8221;<\/h2>\n<p><strong>Stolik designerski marmurowy be\u017cowy okr\u0105g\u0142y<\/strong>, o kreatywnym i \u015bwie\u017cym designie, to wyj\u0105tkowe dzie\u0142o sztuki i absolutnie luksusowy mebel. Ta wspania\u0142a kompozycja to imponuj\u0105ce po\u0142\u0105czenie rzadkiego, szlachetnego onyksu i wyj\u0105tkowego marmuru, kt\u00f3re uchwyca esencj\u0119 natury w artystycznej formie. Charakterystyczny, zaokr\u0105glony kszta\u0142t stolika, przypominaj\u0105cy donut, harmonijnie \u0142\u0105czy autentyczny onyks i marmur w p\u0142ynnych, eleganckich liniach.<\/p>\n<p>Ten innowacyjny i ekskluzywny projekt nie tylko wnosi nowoczesn\u0105 estetyk\u0119, ale tak\u017ce emanuje klasyczn\u0105 elegancj\u0105, kt\u00f3ra podnosi rang\u0119 ka\u017cdego wn\u0119trza. Ka\u017cda krzywizna i linia zosta\u0142a starannie dopracowana, aby stworzy\u0107 mebel, kt\u00f3ry jest zar\u00f3wno funkcjonalny, jak i wizualnie fascynuj\u0105cy. Fuzja tych dw\u00f3ch szlachetnych materia\u0142\u00f3w podkre\u015bla ich naturalne pi\u0119kno, dodaj\u0105c wymiaru wyrafinowania i subtelnej klasy, trudnej do por\u00f3wnania.<\/p>\n<p>Zaokr\u0105glona forma i perfekcyjne wykonanie czyni\u0105 z tego stolika autorsk\u0105 pere\u0142k\u0119 designu, kt\u00f3rej nie spos\u00f3b zapomnie\u0107. To mebel, kt\u00f3ry robi wra\u017cenie na ka\u017cdym \u2013 manifest stylu i dobrego gustu, kt\u00f3ry nie pozostanie niezauwa\u017cony. Niezale\u017cnie od tego, czy zostanie umieszczony w eleganckim salonie, czy w przytulnym k\u0105cie, ten artystyczny stolik staje si\u0119 centrum uwagi, podnosz\u0105c atmosfer\u0119 swoj\u0105 majestatyczn\u0105 obecno\u015bci\u0105 i ponadczasow\u0105 klas\u0105. Idealny dla tych, kt\u00f3rzy poszukuj\u0105 unikalnych i ekskluzywnych element\u00f3w wyposa\u017cenia.<\/p>\n<p>Verona Dream Marmur &#8211;\u00a0Kremowy marmur z odcieniami piasku, \u017cy\u0142kami i cieniami w kolorze ciemnobr\u0105zowym lub szarym. Ten ciep\u0142y i delikatny kamie\u0144 jest ho\u0142dem dla emocji i uczu\u0107. Wybrali\u015bmy go do naszej kolekcji ze wzgl\u0119du na jego wyj\u0105tkowe znaczenie i eleganck\u0105 estetyk\u0119.<\/p>\n<p>Galaxy Verde Onyks &#8211;\u00a0Jasnozielone t\u0142o pi\u0119knie podkre\u015blone bia\u0142ymi falami, przeplatane br\u0105zowymi \u017cy\u0142kami w odcieniach ziemistego z\u0142otobr\u0105zu i czerwieni. Wydobywany w bardzo ma\u0142ych ilo\u015bciach, ten rodzaj onyksu jest niezwykle ekskluzywny i wyj\u0105tkowo przezroczysty.<\/p>\n<p>Czy wiesz, \u017ce nasz marmur Verona Dream to uciele\u015bnienie sztuki natury? To kamie\u0144, kt\u00f3ry szepcze historie pradawnej Ziemi poprzez swoj\u0105 esencj\u0119. Jego be\u017cowy ton s\u0142u\u017cy jako ciep\u0142e i neutralne p\u0142\u00f3tno, kt\u00f3re zaprasza wzrok do odkrywania bogactwa tekstury. Przez to p\u0142\u00f3tno br\u0105zowe \u017cy\u0142ki wij\u0105 si\u0119 z gracj\u0105, ich delikatne \u015bcie\u017cki przecinaj\u0105 powierzchni\u0119 niczym rzeki na mapie \u2013 ka\u017cda z nich wyj\u0105tkowa w swojej podr\u00f3\u017cy.<\/p>\n<p>Intensywno\u015b\u0107 \u017cy\u0142kowania to taniec mi\u0119dzy subtelno\u015bci\u0105 a dramatyzmem. Niekt\u00f3re linie s\u0105 delikatne, ledwie sugeruj\u0105ce kontury \u2013 jak naj\u0142agodniejsze poci\u0105gni\u0119cia p\u0119dzla w renesansowym obrazie. Inne s\u0105 \u015bmia\u0142e i przyci\u0105gaj\u0105 uwag\u0119 dramatycznymi wzorami, przeplatanymi bia\u0142awymi rowkami przypominaj\u0105cymi cudowne ga\u0142\u0105zki drzewa na kamieniu. Te plamy przywodz\u0105 na my\u015bl mi\u0119kkie chmury i kwitn\u0105ce ga\u0142\u0119zie malowane przez artyst\u0119.<\/p>\n<p>W marmurze osadzone s\u0105 drobne fragmenty \u2013 skamienia\u0142o\u015bci i muszle, kt\u00f3re przetrwa\u0142y pr\u00f3b\u0119 czasu, zamkni\u0119te w kamieniu przez miliony lat. S\u0105 echem dawnych m\u00f3rz, \u017cycia, kt\u00f3re kiedy\u015b kwit\u0142o, a dzi\u015b zosta\u0142o uwiecznione w kamieniu. Te fragmenty dodaj\u0105 marmurowi g\u0142\u0119bi i historii, czyni\u0105c z Verona Dream Marmur nie tylko materia\u0142, lecz zachowany kawa\u0142ek przesz\u0142o\u015bci \u2013 opowie\u015b\u0107 wyryta w kamieniu.<\/p>\n<p><a href=\"https:\/\/forzini.com\/pl\/materialy\/\" target=\"_blank\" rel=\"noopener\">Poznaj nasz\u0105 kolekcj\u0119 marmur\u00f3w i onyks\u00f3w, korzystaj\u0105c z tego linku: <\/a><a href=\"https:\/\/forzini.com\/pl\/materialy\/\" target=\"_blank\" rel=\"noopener\">Materia\u0142y<\/a><\/p>\n<h3><strong>Cechy szczeg\u00f3lne:<\/strong><\/h3>\n<h3>Monta\u017c: Nie wymaga.<\/h3>\n<h3>Wyko\u0144czenie kamienia: Polerowane<\/h3>\n<h3>Waga: 71 kg<\/h3>\n","protected":false},"excerpt":{"rendered":"<h1>Stolik designerski marmurowy be\u017cowy<\/h1>\n<p><strong>z marmuru i bia\u0142ego onyksu<\/strong> to prawdziwa pere\u0142ka autorskiego designu \u2013 innowacyjny i wyj\u0105tkowy mebel, kt\u00f3ry wyr\u00f3\u017cnia si\u0119 form\u0105 oraz wykonaniem. Zaokr\u0105glony kszta\u0142t, przypominaj\u0105cy donut, nadaje tej artystycznej formie niepowtarzalny charakter. To subtelna fuzja rzadkiego onyksu i wyj\u0105tkowego marmuru, oddaj\u0105ca esencj\u0119 natury w artystycznej ekspresji.<\/p>\n<p>Charakterystyczny, zaokr\u0105glony design stolika na postumencie wzbogaca wn\u0119trze ponadczasow\u0105 elegancj\u0105 i niepor\u00f3wnywaln\u0105 klas\u0105. Mi\u0119kkie, zakrzywione linie tworz\u0105 wra\u017cenie p\u0142ynno\u015bci i ruchu, a po\u0142\u0105czenie materia\u0142\u00f3w zapewnia fascynuj\u0105cy i wyrafinowany kontrast wizualny.<\/p>\n<h2><strong>Wymiary:<\/strong> \u015arednica 38 cm \u00b7 Wysoko\u015b\u0107 52 cm<\/h2>\n<p>&nbsp;<\/p>\n","protected":false},"featured_media":16500,"comment_status":"closed","ping_status":"closed","template":"","meta":{"_acf_changed":false,"_joinchat":[]},"product_brand":[],"product_cat":[397,316],"product_tag":[325],"class_list":{"0":"post-16523","1":"product","2":"type-product","3":"status-publish","4":"has-post-thumbnail","6":"product_cat-stoliki-z-kamienia","7":"product_cat-stoly","8":"product_tag-onyks","10":"first","11":"instock","12":"sale","13":"featured","14":"shipping-taxable","15":"purchasable","16":"product-type-simple"},"acf":[],"_links":{"self":[{"href":"https:\/\/forzini.com\/pl\/wp-json\/wp\/v2\/product\/16523","targetHints":{"allow":["GET"]}}],"collection":[{"href":"https:\/\/forzini.com\/pl\/wp-json\/wp\/v2\/product"}],"about":[{"href":"https:\/\/forzini.com\/pl\/wp-json\/wp\/v2\/types\/product"}],"replies":[{"embeddable":true,"href":"https:\/\/forzini.com\/pl\/wp-json\/wp\/v2\/comments?post=16523"}],"version-history":[{"count":0,"href":"https:\/\/forzini.com\/pl\/wp-json\/wp\/v2\/product\/16523\/revisions"}],"wp:featuredmedia":[{"embeddable":true,"href":"https:\/\/forzini.com\/pl\/wp-json\/wp\/v2\/media\/16500"}],"wp:attachment":[{"href":"https:\/\/forzini.com\/pl\/wp-json\/wp\/v2\/media?parent=16523"}],"wp:term":[{"taxonomy":"product_brand","embeddable":true,"href":"https:\/\/forzini.com\/pl\/wp-json\/wp\/v2\/product_brand?post=16523"},{"taxonomy":"product_cat","embeddable":true,"href":"https:\/\/forzini.com\/pl\/wp-json\/wp\/v2\/product_cat?post=16523"},{"taxonomy":"product_tag","embeddable":true,"href":"https:\/\/forzini.com\/pl\/wp-json\/wp\/v2\/product_tag?post=16523"}],"curies":[{"name":"wp","href":"https:\/\/api.w.org\/{rel}","templated":true}]}}