{"id":16463,"date":"2024-04-05T11:22:43","date_gmt":"2024-04-05T09:22:43","guid":{"rendered":"https:\/\/forzini.com\/producto\/mesa-lateral-de-marmol-hades\/"},"modified":"2025-09-20T19:44:50","modified_gmt":"2025-09-20T17:44:50","slug":"stolik-pomocniczy-marmurowy-bialy","status":"publish","type":"product","link":"https:\/\/forzini.com\/pl\/producto\/stolik-pomocniczy-marmurowy-bialy\/","title":{"rendered":"Stolik pomocniczy marmurowy bia\u0142y"},"content":{"rendered":"<h2>Stolik pomocniczy marmurowy bia\u0142y &#8222;Hades&#8221;<\/h2>\n<p>Ten wyj\u0105tkowy stolik pomocniczy marmurowy bia\u0142y jest idealny do serwowania kawy lub herbaty, ustawiony obok sofy. Szykowny, wyrazisty i pe\u0142en klasy \u2013 ten wspania\u0142y stolik pomocniczy marmurowy, wykonany r\u0119cznie przez mistrz\u00f3w rzemios\u0142a w owalnym kszta\u0142cie, dodaje elegancji i niepowtarzalnego charakteru ka\u017cdemu wn\u0119trzu. \u0141\u0105czy w sobie doskona\u0142\u0105 harmoni\u0119 funkcjonalno\u015bci, stylu i minimalistycznego designu.<\/p>\n<p>Poza swoim pi\u0119knem, ten marmurowy stolik boczny jest niezwykle praktyczny. Nowoczesne, \u015bwie\u017ce linie oraz idealna wysoko\u015b\u0107 sprawiaj\u0105, \u017ce doskonale sprawdza si\u0119 obok sofy lub fotela \u2013 zapewniaj\u0105c wygod\u0119 przy napojach lub \u015bniadaniu w \u0142\u00f3\u017cku podczas leniwej niedzieli. Mo\u017ce r\u00f3wnie\u017c pe\u0142ni\u0107 rol\u0119 wysokiego stolika do wyeksponowania ro\u015bliny lub wazonu, dodaj\u0105c szyku ka\u017cdemu zak\u0105tkowi.<\/p>\n<p>Ka\u017cdy detal tego r\u0119cznie wykonanego mebla odzwierciedla zaanga\u017cowanie w jako\u015b\u0107 i design, czyni\u0105c go niezb\u0119dnym elementem dekoracyjnym w ka\u017cdym stylowym domu. Dzi\u0119ki ponadczasowej elegancji i wszechstronnej funkcjonalno\u015bci, ten marmurowy stolik boczny wzbogaca przestrze\u0144 \u017cyciow\u0105, dodaj\u0105c luksusu i wyrafinowania na co dzie\u0144.<\/p>\n<p>Silver Grey Marmur To wyj\u0105tkowy rodzaj marmuru o szarym tle i urzekaj\u0105cym ta\u0144cu bia\u0142ych refleks\u00f3w mi\u0119dzy ciemnoszarymi \u017cy\u0142kami. Ta unikalna wariacja kolorystyczna \u2013 od jasnoszarego po be\u017cowy \u2013 tworzy imponuj\u0105cy kontrast na tle kamienia.<\/p>\n<p>&nbsp;<\/p>\n<p><a href=\"https:\/\/forzini.com\/pl\/materialy\/\" target=\"_blank\" rel=\"noopener\">Poznaj nasz\u0105 kolekcj\u0119 marmur\u00f3w i onyks\u00f3w, korzystaj\u0105c z tego linku: <\/a><a href=\"https:\/\/forzini.com\/pl\/materialy\/\" target=\"_blank\" rel=\"noopener\">Materia\u0142y<\/a><\/p>\n<p><strong>Cechy szczeg\u00f3lne:<\/strong><\/p>\n<ul>\n<li><strong>Monta\u017c:<\/strong> Nie wymaga<\/li>\n<li><strong>Wyko\u0144czenie kamienia:<\/strong> Polerowane<\/li>\n<li><strong>Wyko\u0144czenie n\u00f3g:<\/strong> Stal nierdzewna w kolorze srebrnym<\/li>\n<li><strong>Waga:<\/strong> 8 kg<\/li>\n<\/ul>\n","protected":false},"excerpt":{"rendered":"<h1>Stolik pomocniczy marmurowy<\/h1>\n<p>Jest jednocze\u015bnie funkcjonalna i przytulna, co czyni j\u0105 uroczym dodatkiem do ka\u017cdego domu. Ta urocza owalna marmurowa \u0142awa mo\u017ce by\u0107 ustawiona obok sofy, pe\u0142ni\u0105c rol\u0119 idealnego stolika pomocniczego do serwowania kawy lub herbaty. Jej elegancki design i kompaktowy rozmiar sprawiaj\u0105, \u017ce doskonale nadaje si\u0119 do stworzenia wygodnego i stylowego miejsca, w kt\u00f3rym mo\u017cna delektowa\u0107 si\u0119 ulubionymi napojami. G\u0142adka powierzchnia marmuru dodaje luksusowego charakteru, a solidna konstrukcja gwarantuje trwa\u0142o\u015b\u0107 i odporno\u015b\u0107 na codzienne u\u017cytkowanie. Niezale\u017cnie od tego, czy przyjmujesz go\u015bci, czy cieszysz si\u0119 chwil\u0105 spokoju w samotno\u015bci, ten ma\u0142y marmurowy stolik pomocniczy wzbogaca przestrze\u0144 \u017cyciow\u0105 praktyczno\u015bci\u0105 i elegancj\u0105.<\/p>\n<h2><strong>Wymiary:<\/strong> D\u0142ugo\u015b\u0107 38 cm \u00b7 Szeroko\u015b\u0107 28 cm \u00b7 Wysoko\u015b\u0107 60 cm<\/h2>\n<p>&nbsp;<\/p>\n","protected":false},"featured_media":16464,"comment_status":"closed","ping_status":"closed","template":"","meta":{"_acf_changed":false,"_joinchat":[]},"product_brand":[],"product_cat":[361,316],"product_tag":[320],"class_list":{"0":"post-16463","1":"product","2":"type-product","3":"status-publish","4":"has-post-thumbnail","6":"product_cat-stoliki-marmurowe","7":"product_cat-stoly","8":"product_tag-marmur","10":"first","11":"instock","12":"sale","13":"featured","14":"shipping-taxable","15":"purchasable","16":"product-type-simple"},"acf":[],"_links":{"self":[{"href":"https:\/\/forzini.com\/pl\/wp-json\/wp\/v2\/product\/16463","targetHints":{"allow":["GET"]}}],"collection":[{"href":"https:\/\/forzini.com\/pl\/wp-json\/wp\/v2\/product"}],"about":[{"href":"https:\/\/forzini.com\/pl\/wp-json\/wp\/v2\/types\/product"}],"replies":[{"embeddable":true,"href":"https:\/\/forzini.com\/pl\/wp-json\/wp\/v2\/comments?post=16463"}],"version-history":[{"count":0,"href":"https:\/\/forzini.com\/pl\/wp-json\/wp\/v2\/product\/16463\/revisions"}],"wp:featuredmedia":[{"embeddable":true,"href":"https:\/\/forzini.com\/pl\/wp-json\/wp\/v2\/media\/16464"}],"wp:attachment":[{"href":"https:\/\/forzini.com\/pl\/wp-json\/wp\/v2\/media?parent=16463"}],"wp:term":[{"taxonomy":"product_brand","embeddable":true,"href":"https:\/\/forzini.com\/pl\/wp-json\/wp\/v2\/product_brand?post=16463"},{"taxonomy":"product_cat","embeddable":true,"href":"https:\/\/forzini.com\/pl\/wp-json\/wp\/v2\/product_cat?post=16463"},{"taxonomy":"product_tag","embeddable":true,"href":"https:\/\/forzini.com\/pl\/wp-json\/wp\/v2\/product_tag?post=16463"}],"curies":[{"name":"wp","href":"https:\/\/api.w.org\/{rel}","templated":true}]}}