{"id":16459,"date":"2024-06-28T12:20:29","date_gmt":"2024-06-28T10:20:29","guid":{"rendered":"https:\/\/forzini.com\/producto\/mesa-de-noche-de-marmol-iris\/"},"modified":"2025-09-20T16:17:32","modified_gmt":"2025-09-20T14:17:32","slug":"stolik-kawowy-z-kamiennym-blatem","status":"publish","type":"product","link":"https:\/\/forzini.com\/pl\/producto\/stolik-kawowy-z-kamiennym-blatem\/","title":{"rendered":"Nowoczesny stolik kawowy z kamiennym blatem"},"content":{"rendered":"<h2>Nowoczesny stolik kawowy z kamiennym blatem &#8222;Iris&#8221;<\/h2>\n<p>Wyj\u0105tkowa finezja tego stolika kawowego z kamiennym br\u0105zowym blatem przejawia si\u0119 w jego unikalnym designie, kt\u00f3ry dodaje elegancji ka\u017cdemu wn\u0119trzu. Dzi\u0119ki eleganckiemu, kwadratowemu kszta\u0142towi, stolik zosta\u0142 wykonany z niezwyk\u0142\u0105 precyzj\u0105, wykorzystuj\u0105c marmury starannie wyselekcjonowane ze wzgl\u0119du na swoje wyj\u0105tkowe w\u0142a\u015bciwo\u015bci. Ka\u017cdy egzemplarz wyr\u00f3\u017cnia si\u0119 subtelnymi, naturalnymi \u017cy\u0142kami, kt\u00f3re wnosz\u0105 organiczne pi\u0119kno i indywidualny charakter do salonu lub innej przestrzeni.<\/p>\n<p>Ten stolik kawowy z kamiennym blatem to nie tylko funkcjonalny akcent, ale r\u00f3wnie\u017c wyraz stylu sam w sobie. Jego obecno\u015b\u0107 emanuje wyrafinowaniem i klas\u0105, czyni\u0105c go urzekaj\u0105cym dodatkiem do ka\u017cdego stylowego domu. Niezale\u017cnie od tego, czy zostanie wykorzystany jako element dekoracyjny w sypialni, czy jako centralny punkt w salonie, ten stolik kawowy z marmurowym blatem wnosi ponadczasow\u0105 elegancj\u0119 i nut\u0119 luksusu do otoczenia. To niezb\u0119dny mebel dla tych, kt\u00f3rzy pragn\u0105 po\u0142\u0105czy\u0107 funkcjonalno\u015b\u0107 z wyrafinowanym designem, wzbogacaj\u0105c sw\u00f3j dom o odrobin\u0119 wyj\u0105tkowo\u015bci i stylu.<\/p>\n<p><a href=\"https:\/\/forzini.com\/pl\/materialy\/\" target=\"_blank\" rel=\"noopener\">Poznaj nasz\u0105 kolekcj\u0119 marmur\u00f3w i onyks\u00f3w, korzystaj\u0105c z tego linku: <\/a><a href=\"https:\/\/forzini.com\/pl\/materialy\/\" target=\"_blank\" rel=\"noopener\">Materia\u0142y<\/a><\/p>\n<p><strong>Cechy szczeg\u00f3lne:<\/strong><\/p>\n<ul>\n<li><strong>Monta\u017c:<\/strong> Nie wymaga<\/li>\n<li><strong>Wyko\u0144czenie kamienia:<\/strong> Polerowane<\/li>\n<li><strong>Wyko\u0144czenie n\u00f3g:<\/strong> Stal nierdzewna w kolorze srebrnym<\/li>\n<li><strong>Waga:<\/strong> 18 kg<\/li>\n<\/ul>\n<p>&nbsp;<\/p>\n","protected":false},"excerpt":{"rendered":"<h2>Stolik kawowy z kamiennym blatem<\/h2>\n<p>Dzi\u0119ki eleganckiemu, kwadratowemu blatowi ten stolik stanowi centralny punkt ka\u017cdego wn\u0119trza, przyci\u0105gaj\u0105c wzrok i dodaj\u0105c wyrafinowanego charakteru. Jego dekoracyjna forma oraz czysty, nowoczesny design doskonale komponuj\u0105 si\u0119 z r\u00f3\u017cnorodnymi stylami aran\u017cacji. Powierzchnia z marmuru, z naturalnymi \u017cy\u0142kami i luksusow\u0105 faktur\u0105, tworzy efekt wizualny, kt\u00f3ry dodaje g\u0142\u0119bi i indywidualno\u015bci wystrojowi Twojego domu.<\/p>\n<h2><strong>Wymiary:<\/strong> Szeroko\u015b\u0107 40 cm \u00b7 D\u0142ugo\u015b\u0107 40 cm \u00b7 Wysoko\u015b\u0107 52 cm<\/h2>\n<p>&nbsp;<\/p>\n","protected":false},"featured_media":16445,"comment_status":"closed","ping_status":"closed","template":"","meta":{"_acf_changed":false,"_joinchat":[]},"product_brand":[],"product_cat":[361,316],"product_tag":[320],"class_list":{"0":"post-16459","1":"product","2":"type-product","3":"status-publish","4":"has-post-thumbnail","6":"product_cat-stoliki-marmurowe","7":"product_cat-stoly","8":"product_tag-marmur","10":"first","11":"instock","12":"sale","13":"featured","14":"shipping-taxable","15":"purchasable","16":"product-type-simple"},"acf":[],"_links":{"self":[{"href":"https:\/\/forzini.com\/pl\/wp-json\/wp\/v2\/product\/16459","targetHints":{"allow":["GET"]}}],"collection":[{"href":"https:\/\/forzini.com\/pl\/wp-json\/wp\/v2\/product"}],"about":[{"href":"https:\/\/forzini.com\/pl\/wp-json\/wp\/v2\/types\/product"}],"replies":[{"embeddable":true,"href":"https:\/\/forzini.com\/pl\/wp-json\/wp\/v2\/comments?post=16459"}],"version-history":[{"count":0,"href":"https:\/\/forzini.com\/pl\/wp-json\/wp\/v2\/product\/16459\/revisions"}],"wp:featuredmedia":[{"embeddable":true,"href":"https:\/\/forzini.com\/pl\/wp-json\/wp\/v2\/media\/16445"}],"wp:attachment":[{"href":"https:\/\/forzini.com\/pl\/wp-json\/wp\/v2\/media?parent=16459"}],"wp:term":[{"taxonomy":"product_brand","embeddable":true,"href":"https:\/\/forzini.com\/pl\/wp-json\/wp\/v2\/product_brand?post=16459"},{"taxonomy":"product_cat","embeddable":true,"href":"https:\/\/forzini.com\/pl\/wp-json\/wp\/v2\/product_cat?post=16459"},{"taxonomy":"product_tag","embeddable":true,"href":"https:\/\/forzini.com\/pl\/wp-json\/wp\/v2\/product_tag?post=16459"}],"curies":[{"name":"wp","href":"https:\/\/api.w.org\/{rel}","templated":true}]}}