{"id":16435,"date":"2024-06-28T12:56:07","date_gmt":"2024-06-28T10:56:07","guid":{"rendered":"https:\/\/forzini.com\/producto\/mesa-de-centro-ovalada-de-marmol-scotus\/"},"modified":"2025-09-20T10:32:06","modified_gmt":"2025-09-20T08:32:06","slug":"stolik-kawowy-z-brazowym-marmurowym-blatem","status":"publish","type":"product","link":"https:\/\/forzini.com\/pl\/producto\/stolik-kawowy-z-brazowym-marmurowym-blatem\/","title":{"rendered":"Stolik kawowy z br\u0105zowym marmurowym blatem"},"content":{"rendered":"<h2>Stolik kawowy z br\u0105zowym marmurowym blatem &#8222;Scotus&#8221;<\/h2>\n<p>Dzi\u0119ki swojej nieregularnej formie i r\u0119cznemu wykonaniu, stolik kawowy z br\u0105zowym marmurowym blatem to fascynuj\u0105cy element wyposa\u017cenia. Wyobra\u017a sobie mebel, kt\u00f3ry nie tylko zdobi wn\u0119trze, ale tak\u017ce opowiada tysi\u0105cletni\u0105 histori\u0119. Ten stolik kawowy z marmurowym blatem, o nieregularnym kszta\u0142cie i rzemie\u015blniczym charakterze, jest prawdziwym dzie\u0142em nordyckiego designu, uchwycaj\u0105cym esencj\u0119 natury w ka\u017cdym detalu. Wykonany r\u0119cznie z litego bloku br\u0105zowego marmuru, stanowi unikalny klejnot. Jego polerowana powierzchnia podkre\u015bla naturalne \u017cy\u0142ki kamienia, a grube, nieoszlifowane kraw\u0119dzie dodaj\u0105 rustykalnego i autentycznego charakteru.<\/p>\n<p>To, co naprawd\u0119 wyr\u00f3\u017cnia ten stolik, to wyj\u0105tkowy marmur, z kt\u00f3rego zosta\u0142 wykonany. Wzbogacony o tysi\u0105cletnie muszle morskie, ten rzadki kamie\u0144 zamienia mebel w opowie\u015b\u0107 o g\u0142\u0119binach oceanu, gdzie ka\u017cda muszla szepcze historie pradawnej m\u0105dro\u015bci. Nietypowa grubo\u015b\u0107 i wyrazisty design nadaj\u0105 stolikowi nowoczesny i odwa\u017cny wygl\u0105d, czyni\u0105c go centralnym punktem ka\u017cdego wn\u0119trza. Jego obecno\u015b\u0107 w domu dodaje nie tylko elegancji i wyrafinowania, ale tak\u017ce buduje g\u0142\u0119bok\u0105 wi\u0119\u017a z natur\u0105 i up\u0142ywem czasu. Za ka\u017cdym razem, gdy na niego spojrzysz, przypomni Ci o pi\u0119knie i historii ukrytej w g\u0142\u0119binach oceanu.<\/p>\n<p>Marmur Oceanic Mystery To jeden z najbardziej niezwyk\u0142ych marmur\u00f3w w naszej kolekcji. Kamie\u0144 ten prezentuje palet\u0119 barw od ziemistej szaro\u015bci po blady br\u0105z, na tle bia\u0142ych \u017cy\u0142ek i ciemnych cieni. Jego unikalny wz\u00f3r przypomina zbi\u00f3r otoczak\u00f3w o r\u00f3\u017cnych rozmiarach.<\/p>\n<p>Nasz wyj\u0105tkowy i rzadki marmur Oceanic Mystery jest \u015bwiadectwem pradawnej historii morskiej Ziemi \u2013 to kamie\u0144 niezwyk\u0142y i cenny, kt\u00f3ry skrywa esencj\u0119 oceanicznych g\u0142\u0119bin. Jego wyj\u0105tkowo\u015b\u0107 polega na niezwyk\u0142ym zachowaniu staro\u017cytnych skamienia\u0142o\u015bci morskich, ma\u0142\u017cy i muszli, kt\u00f3re zosta\u0142y misternie wtopione w struktur\u0119 kamienia przez miliony lat. Te naturalne relikty, zatrzymane w czasie, oferuj\u0105 wgl\u0105d w minion\u0105 epok\u0119, czyni\u0105c ka\u017cd\u0105 p\u0142yt\u0119 marmuru Oceanic Mystery fragmentem rozleg\u0142ej historii oceanicznej naszej planety.<\/p>\n<p>Rzadko\u015b\u0107 tego kamienia wynika z bardzo specyficznych warunk\u00f3w potrzebnych do jego powstania. Obecno\u015b\u0107 tak dobrze zachowanych skamienia\u0142o\u015bci w marmurze jest niezwykle rzadka i wymaga idealnej kombinacji czynnik\u00f3w biologicznych i geologicznych. Dlatego marmur Oceanic Mystery to nie tylko cud natury, ale tak\u017ce kolekcjonerski klejnot, po\u017c\u0105dany ze wzgl\u0119du na swoje historyczne znaczenie i unikaln\u0105 opowie\u015b\u0107, kt\u00f3r\u0105 przekazuje.<\/p>\n<p>&nbsp;<\/p>\n<p><a href=\"https:\/\/forzini.com\/pl\/materialy\/\" target=\"_blank\" rel=\"noopener\">Poznaj nasz\u0105 kolekcj\u0119 marmur\u00f3w i onyks\u00f3w, korzystaj\u0105c z tego linku: <\/a><a href=\"https:\/\/forzini.com\/pl\/materialy\/\" target=\"_blank\" rel=\"noopener\">Materia\u0142y<\/a><\/p>\n<h3><strong>Najwa\u017cniejsze cechy:<\/strong><\/h3>\n<h3>Monta\u017c: Nie wymaga monta\u017cu<\/h3>\n<h3>Wyko\u0144czenie kamienia: Polerowane<\/h3>\n<h3>Wyko\u0144czenie n\u00f3g: Stal nierdzewna, br\u0105zowa<\/h3>\n<h3>Waga: 25 kg<\/h3>\n","protected":false},"excerpt":{"rendered":"<h1>Stolik kawowy z marmurowym blatem<\/h1>\n<p>To spektakularne po\u0142\u0105czenie designu i sztuki. Dzi\u0119ki nieregularnemu kszta\u0142towi i r\u0119cznemu wykonaniu z litego bloku szarego marmuru, ten kamienny stolik w stylu nordyckim emanuje niepowtarzalnym urokiem. Grube, nieoszlifowane kraw\u0119dzie, zestawione z wyj\u0105tkowym i rzadkim marmurem, nadaj\u0105 mu rustykalny charakter i autentyczn\u0105 estetyk\u0119. Ta unikalna kombinacja wyrafinowanych i surowych element\u00f3w sprawia, \u017ce stolik staje si\u0119 ikonicznym meblem, kt\u00f3ry wnosi luksus i wyrafinowanie do ka\u017cdego wn\u0119trza.<\/p>\n<h2><strong>Wymiary:<\/strong> Szeroko\u015b\u0107 50 cm, D\u0142ugo\u015b\u0107 60 cm, Wysoko\u015b\u0107 50 cm<\/h2>\n","protected":false},"featured_media":16417,"comment_status":"closed","ping_status":"closed","template":"","meta":{"_acf_changed":false,"_joinchat":[]},"product_brand":[],"product_cat":[361,316],"product_tag":[320],"class_list":{"0":"post-16435","1":"product","2":"type-product","3":"status-publish","4":"has-post-thumbnail","6":"product_cat-stoliki-marmurowe","7":"product_cat-stoly","8":"product_tag-marmur","10":"first","11":"instock","12":"sale","13":"featured","14":"shipping-taxable","15":"purchasable","16":"product-type-simple"},"acf":[],"_links":{"self":[{"href":"https:\/\/forzini.com\/pl\/wp-json\/wp\/v2\/product\/16435","targetHints":{"allow":["GET"]}}],"collection":[{"href":"https:\/\/forzini.com\/pl\/wp-json\/wp\/v2\/product"}],"about":[{"href":"https:\/\/forzini.com\/pl\/wp-json\/wp\/v2\/types\/product"}],"replies":[{"embeddable":true,"href":"https:\/\/forzini.com\/pl\/wp-json\/wp\/v2\/comments?post=16435"}],"version-history":[{"count":0,"href":"https:\/\/forzini.com\/pl\/wp-json\/wp\/v2\/product\/16435\/revisions"}],"wp:featuredmedia":[{"embeddable":true,"href":"https:\/\/forzini.com\/pl\/wp-json\/wp\/v2\/media\/16417"}],"wp:attachment":[{"href":"https:\/\/forzini.com\/pl\/wp-json\/wp\/v2\/media?parent=16435"}],"wp:term":[{"taxonomy":"product_brand","embeddable":true,"href":"https:\/\/forzini.com\/pl\/wp-json\/wp\/v2\/product_brand?post=16435"},{"taxonomy":"product_cat","embeddable":true,"href":"https:\/\/forzini.com\/pl\/wp-json\/wp\/v2\/product_cat?post=16435"},{"taxonomy":"product_tag","embeddable":true,"href":"https:\/\/forzini.com\/pl\/wp-json\/wp\/v2\/product_tag?post=16435"}],"curies":[{"name":"wp","href":"https:\/\/api.w.org\/{rel}","templated":true}]}}