{"id":16403,"date":"2024-07-03T11:19:56","date_gmt":"2024-07-03T09:19:56","guid":{"rendered":"https:\/\/forzini.com\/producto\/mesa-auxiliar-de-onix-mercury\/"},"modified":"2025-09-20T09:28:32","modified_gmt":"2025-09-20T07:28:32","slug":"stolik-marmurowy-okragly","status":"publish","type":"product","link":"https:\/\/forzini.com\/pl\/producto\/stolik-marmurowy-okragly\/","title":{"rendered":"Stolik marmurowy okr\u0105g\u0142y z onyksu i marmuru"},"content":{"rendered":"<h2>Stolik marmurowy okr\u0105g\u0142y z onyksu i marmuru &#8222;Mercury&#8221;<\/h2>\n<p>Ka\u017cdy egzemplarz tego <strong>stolika marmurowego okr\u0105g\u0142ego z onyksu i marmuru<\/strong> jest starannie wykonany r\u0119cznie przez wysoce wykwalifikowanych mistrz\u00f3w rzemios\u0142a. Okr\u0105g\u0142y kszta\u0142t, kt\u00f3ry przywo\u0142uje na my\u015bl doskona\u0142o\u015b\u0107, \u0142\u0105czy w sobie spektakularny jasnozielony onyks z g\u0142\u0119bokim czarnym marmurem, tworz\u0105c rze\u017abiarskie dzie\u0142o, kt\u00f3re dodaje wn\u0119trzu nuty wyrafinowania i ponadczasowej elegancji. Naturalne pi\u0119kno onyksu ujawnia si\u0119 na ka\u017cdej powierzchni, ukazuj\u0105c unikalne wzory i \u017cywe kolory, kt\u00f3re oddaj\u0105 esencj\u0119 natury. Dzi\u0119ki naturalnej przezroczysto\u015bci onyksu, podstawa umo\u017cliwia wewn\u0119trzne pod\u015bwietlenie, kt\u00f3re generuje subtelny blask i dodaje wn\u0119trzu ciep\u0142a oraz wyrafinowanego charakteru.<\/p>\n<p>Wszechstronny i nowoczesny \u2013 ten stolik marmurowy okr\u0105g\u0142y mo\u017ce pe\u0142ni\u0107 funkcj\u0119 stolika pomocniczego, kawowego, nocnego lub postumentu do eksponowania wazonu, popiersia czy lampy, podkre\u015blaj\u0105c atmosfer\u0119 wn\u0119trza niezr\u00f3wnan\u0105 elegancj\u0105. Ka\u017cdy egzemplarz to manifest stylu i dobrego smaku \u2013 idealny dla os\u00f3b, kt\u00f3re pragn\u0105 wprowadzi\u0107 do swojego domu odrobin\u0119 luksusu.<\/p>\n<p>Czy wiesz, \u017ce nasz onyks posiada fascynuj\u0105c\u0105 przezroczysto\u015b\u0107, kt\u00f3ra zachwyca zar\u00f3wno rzemie\u015blnik\u00f3w, jak i mi\u0142o\u015bnik\u00f3w designu? Jego zdolno\u015b\u0107 do rozpraszania \u015bwiat\u0142a, zamiast jego odbijania, nadaje mu niemal mistyczn\u0105 jako\u015b\u0107. \u015awiat\u0142o przenikaj\u0105ce przez jego warstwow\u0105 struktur\u0119 zostaje zmi\u0119kczone, tworz\u0105c ciep\u0142y i przytulny blask, kt\u00f3ry potrafi przemieni\u0107 ka\u017cde wn\u0119trze w przestrze\u0144 pe\u0142n\u0105 pi\u0119kna i refleksji.<\/p>\n<p>Ta przezroczysto\u015b\u0107 jest metafor\u0105 g\u0142\u0119bi i z\u0142o\u017cono\u015bci. Tak jak \u015bwiat\u0142o ods\u0142ania ukryte niuanse onyksu, tak kamie\u0144 zaprasza nas do spojrzenia poza powierzchni\u0119 \u2013 ku subtelnej grze koloru i formy ukrytej w jego wn\u0119trzu. W \u015bwiecie, kt\u00f3ry cz\u0119sto ceni to, co natychmiastowe i oczywiste, przezroczysto\u015b\u0107 onyksu przypomina o pi\u0119knie, kt\u00f3re kryje si\u0119 w ciszy, dyskrecji i g\u0142\u0119bi. To w\u0142a\u015bnie ta cecha sprawia, \u017ce onyks jest nie tylko materia\u0142em, lecz tak\u017ce medium, poprzez kt\u00f3re natura ods\u0142ania swoje najbardziej urzekaj\u0105ce sekrety.<\/p>\n<p>&nbsp;<\/p>\n<p><a href=\"https:\/\/forzini.com\/pl\/materialy\/\" target=\"_blank\" rel=\"noopener\">Poznaj nasz\u0105 kolekcj\u0119 marmur\u00f3w i onyks\u00f3w, korzystaj\u0105c z tego linku: <\/a><a href=\"https:\/\/forzini.com\/pl\/materialy\/\" target=\"_blank\" rel=\"noopener\">Materia\u0142y<\/a><\/p>\n<h3><strong>Cechy szczeg\u00f3lne:<\/strong><\/h3>\n<h3>Monta\u017c: Nie wymaga.<\/h3>\n<h3>Wyko\u0144czenie kamienia: Polerowane<\/h3>\n<h3>Waga: 71\u202fkg<\/h3>\n","protected":false},"excerpt":{"rendered":"<h1>Stolik marmurowy okr\u0105g\u0142y<\/h1>\n<p>To nie tylko wyj\u0105tkowy element dekoracyjny, ale tak\u017ce niezwykle wszechstronny mebel. Doskona\u0142y jako elegancka marmurowa szafka nocna, ten wielofunkcyjny stolik mo\u017ce r\u00f3wnie\u017c s\u0142u\u017cy\u0107 jako wygodne dodatkowe siedzisko, z \u0142atwo\u015bci\u0105 dopasowuj\u0105c si\u0119 do ka\u017cdego wn\u0119trza w Twoim domu.<\/p>\n<h2><strong>Wymiary:<\/strong> \u015arednica 38 cm, Wysoko\u015b\u0107 52 cm<\/h2>\n<p>&nbsp;<\/p>\n","protected":false},"featured_media":16389,"comment_status":"closed","ping_status":"closed","template":"","meta":{"_acf_changed":false,"_joinchat":[]},"product_brand":[],"product_cat":[316],"product_tag":[320,325],"class_list":{"0":"post-16403","1":"product","2":"type-product","3":"status-publish","4":"has-post-thumbnail","6":"product_cat-stoly","7":"product_tag-marmur","8":"product_tag-onyks","10":"first","11":"instock","12":"sale","13":"shipping-taxable","14":"purchasable","15":"product-type-simple"},"acf":[],"_links":{"self":[{"href":"https:\/\/forzini.com\/pl\/wp-json\/wp\/v2\/product\/16403","targetHints":{"allow":["GET"]}}],"collection":[{"href":"https:\/\/forzini.com\/pl\/wp-json\/wp\/v2\/product"}],"about":[{"href":"https:\/\/forzini.com\/pl\/wp-json\/wp\/v2\/types\/product"}],"replies":[{"embeddable":true,"href":"https:\/\/forzini.com\/pl\/wp-json\/wp\/v2\/comments?post=16403"}],"version-history":[{"count":0,"href":"https:\/\/forzini.com\/pl\/wp-json\/wp\/v2\/product\/16403\/revisions"}],"wp:featuredmedia":[{"embeddable":true,"href":"https:\/\/forzini.com\/pl\/wp-json\/wp\/v2\/media\/16389"}],"wp:attachment":[{"href":"https:\/\/forzini.com\/pl\/wp-json\/wp\/v2\/media?parent=16403"}],"wp:term":[{"taxonomy":"product_brand","embeddable":true,"href":"https:\/\/forzini.com\/pl\/wp-json\/wp\/v2\/product_brand?post=16403"},{"taxonomy":"product_cat","embeddable":true,"href":"https:\/\/forzini.com\/pl\/wp-json\/wp\/v2\/product_cat?post=16403"},{"taxonomy":"product_tag","embeddable":true,"href":"https:\/\/forzini.com\/pl\/wp-json\/wp\/v2\/product_tag?post=16403"}],"curies":[{"name":"wp","href":"https:\/\/api.w.org\/{rel}","templated":true}]}}