{"id":16378,"date":"2024-07-31T08:47:09","date_gmt":"2024-07-31T06:47:09","guid":{"rendered":"https:\/\/forzini.com\/producto\/mesa-marmol-baja-trivia\/"},"modified":"2025-09-19T23:09:06","modified_gmt":"2025-09-19T21:09:06","slug":"stolik-designerski-marmurowy-kawowy","status":"publish","type":"product","link":"https:\/\/forzini.com\/pl\/producto\/stolik-designerski-marmurowy-kawowy\/","title":{"rendered":"Stolik designerski marmurowy kawowy"},"content":{"rendered":"<h2>Stolik designerski marmurowy kawowy &#8222;Trivia&#8221;<\/h2>\n<p>Ten stolik designerski marmurowy kawowy to ho\u0142d dla kreatywno\u015bci natury i kunsztu naszych mistrz\u00f3w rzemios\u0142a. Ta rze\u017abiarska \u0142awa prezentuje unikalny design, kt\u00f3ry ukazuje niezwyk\u0142e po\u0142\u0105czenie czerwonego marmuru zebra i bia\u0142ego onyksu. \u015amia\u0142y, a zarazem elegancki \u2013 jego stylowa, okr\u0105g\u0142a forma sprawia, \u017ce jest wygodny i wszechstronny. Mo\u017ce pe\u0142ni\u0107 funkcj\u0119 stolika nocnego, piedesta\u0142u, stolika kawowego lub pomocniczego mebla na zewn\u0105trz. W ka\u017cdej aran\u017cacji wn\u0119trza przyci\u0105ga uwag\u0119 swoim wyrazistym wygl\u0105dem i niepowtarzalnym charakterem, podkre\u015blaj\u0105c styl domu subtelnym akcentem luksusu i doskona\u0142ego smaku.<\/p>\n<p>Ten r\u0119cznie wykonany stolik to dzie\u0142o naszych najbardziej utalentowanych rzemie\u015blnik\u00f3w, kt\u00f3rzy z niezwyk\u0142\u0105 precyzj\u0105 \u0142\u0105cz\u0105 dwie szlachetne ska\u0142y: bia\u0142y onyks i rzadki czerwony marmur zebra. Jego wz\u00f3r przywodzi na my\u015bl pasy dzikiej zebry, kt\u00f3re zainspirowa\u0142y jego form\u0119. Ten mebel, obiecuj\u0105cy by\u0107 najpi\u0119kniejszym dodatkiem do Twojego domu, oferuje wyrafinowan\u0105 elegancj\u0119, histori\u0119 niezwyk\u0142ych kamieni i nut\u0119 luksusowego komfortu.<\/p>\n<p>Czy wiesz, \u017ce starannie wybrali\u015bmy wyj\u0105tkowy marmur Cebra Roja do naszej kolekcji ze wzgl\u0119du na jego rzadkie i unikalne w\u0142a\u015bciwo\u015bci? Znany ze swojego intensywnego, winnego koloru i charakterystycznych bia\u0142ych \u017cy\u0142, ten marmur prezentuje wyraziste czerwone t\u0142o z bia\u0142ymi pasmami, kt\u00f3re zdaj\u0105 si\u0119 galopowa\u0107 po jego powierzchni niczym dzikie zebry w zachodzie s\u0142o\u0144ca nad sawann\u0105. Ten ekspresyjny i wyrafinowany kamie\u0144 wyst\u0119puje w formach od subtelnych wzor\u00f3w po odwa\u017cne \u017cy\u0142owania, czyni\u0105c ka\u017cd\u0105 p\u0142yt\u0119 prawdziwym dzie\u0142em sztuki.<\/p>\n<p>Pi\u0119kno tego marmuru tkwi w harmonijnym i eleganckim uk\u0142adzie bia\u0142ych \u017cy\u0142 na tle mi\u0119kkiej, burgundowej czerwieni \u2013 szlachetnej i majestatycznej. Czerwie\u0144 nie jest zbyt intensywna, lecz raczej delikatna, przyjemna dla oka i urzekaj\u0105ca dla ka\u017cdego, kto j\u0105 zobaczy. Jego unikalna kolorystyka i wz\u00f3r sprawiaj\u0105, \u017ce wyr\u00f3\u017cnia si\u0119 na tle innych czerwonych marmur\u00f3w \u015bwiata.<\/p>\n<p>To, co naprawd\u0119 wyr\u00f3\u017cnia marmur Cebra Roja, to jego rzadko\u015b\u0107. Wydobywany w ograniczonych ilo\u015bciach z odleg\u0142ego g\u00f3rskiego regionu w po\u0142udniowej Azji, ten wyj\u0105tkowy marmur zosta\u0142 ukszta\u0142towany przez natur\u0119 przez miliony lat. Jako ska\u0142a metamorficzna powstaje pod wp\u0142ywem ekstremalnego ciep\u0142a i ci\u015bnienia, przekszta\u0142caj\u0105c minera\u0142y z g\u0142\u0119bi skorupy ziemskiej w charakterystyczne wzory i intensywn\u0105 kolorystyk\u0119. Ograniczona dost\u0119pno\u015b\u0107 i unikalne cechy czyni\u0105 go po\u017c\u0105danym wyborem dla tych, kt\u00f3rzy szukaj\u0105 odrobiny elegancji i ekskluzywno\u015bci w swojej aran\u017cacji \u2013 wyr\u00f3\u017cniaj\u0105c go spo\u015br\u00f3d wszystkich czerwonych marmur\u00f3w na \u015bwiecie.<\/p>\n<p>&nbsp;<\/p>\n<p><a href=\"https:\/\/forzini.com\/pl\/materialy\/\" target=\"_blank\" rel=\"noopener\">Poznaj nasz\u0105 kolekcj\u0119 marmur\u00f3w i onyks\u00f3w, korzystaj\u0105c z tego linku: <\/a><a href=\"https:\/\/forzini.com\/pl\/materialy\/\" target=\"_blank\" rel=\"noopener\">Materia\u0142y<\/a><\/p>\n<h3><strong>Cechy szczeg\u00f3lne:<\/strong><\/h3>\n<h3>Monta\u017c: Nie wymaga.<\/h3>\n<h3>Wyko\u0144czenie kamienia: Polerowane<\/h3>\n<h3>Waga: 75\u202fkg<\/h3>\n","protected":false},"excerpt":{"rendered":"<h1>Stolik designerski marmurowy kawowy<\/h1>\n<p>To prawdziwe arcydzie\u0142o wsp\u00f3\u0142czesnego designu \u2013 innowacyjny i wyj\u0105tkowy mebel, kt\u00f3ry wyr\u00f3\u017cnia si\u0119 zachwycaj\u0105cym po\u0142\u0105czeniem marmuru i onyksu w jednej formie. Jego okr\u0105g\u0142y kszta\u0142t, mi\u0119kkie linie oraz imponuj\u0105ca mieszanka czerwonego marmuru typu zebra i bia\u0142ego onyksu tworz\u0105 subteln\u0105 fuzj\u0119 pomi\u0119dzy unikalnym pi\u0119knem natury a talentem naszych rzemie\u015blnik\u00f3w. Eleganckie pasy w strukturze kamienia przyci\u0105gaj\u0105 wzrok, a zaokr\u0105glona forma dodaje ka\u017cdemu wn\u0119trzu wyrafinowanego stylu, odzwierciedlaj\u0105c doskona\u0142y gust w\u0142a\u015bciciela. Mi\u0119kkie linie stolika wprowadzaj\u0105 harmoni\u0119 i p\u0142ynno\u015b\u0107, nadaj\u0105c przestrzeni charakter i stylow\u0105 definicj\u0119.<\/p>\n<h2><strong>Wymiary:<\/strong> \u015arednica 38 cm, Wysoko\u015b\u0107 52 cm<\/h2>\n<p>&nbsp;<\/p>\n","protected":false},"featured_media":16361,"comment_status":"closed","ping_status":"closed","template":"","meta":{"_acf_changed":false,"_joinchat":[]},"product_brand":[],"product_cat":[361,316],"product_tag":[320],"class_list":{"0":"post-16378","1":"product","2":"type-product","3":"status-publish","4":"has-post-thumbnail","6":"product_cat-stoliki-marmurowe","7":"product_cat-stoly","8":"product_tag-marmur","10":"first","11":"instock","12":"sale","13":"featured","14":"shipping-taxable","15":"purchasable","16":"product-type-simple"},"acf":[],"_links":{"self":[{"href":"https:\/\/forzini.com\/pl\/wp-json\/wp\/v2\/product\/16378","targetHints":{"allow":["GET"]}}],"collection":[{"href":"https:\/\/forzini.com\/pl\/wp-json\/wp\/v2\/product"}],"about":[{"href":"https:\/\/forzini.com\/pl\/wp-json\/wp\/v2\/types\/product"}],"replies":[{"embeddable":true,"href":"https:\/\/forzini.com\/pl\/wp-json\/wp\/v2\/comments?post=16378"}],"version-history":[{"count":0,"href":"https:\/\/forzini.com\/pl\/wp-json\/wp\/v2\/product\/16378\/revisions"}],"wp:featuredmedia":[{"embeddable":true,"href":"https:\/\/forzini.com\/pl\/wp-json\/wp\/v2\/media\/16361"}],"wp:attachment":[{"href":"https:\/\/forzini.com\/pl\/wp-json\/wp\/v2\/media?parent=16378"}],"wp:term":[{"taxonomy":"product_brand","embeddable":true,"href":"https:\/\/forzini.com\/pl\/wp-json\/wp\/v2\/product_brand?post=16378"},{"taxonomy":"product_cat","embeddable":true,"href":"https:\/\/forzini.com\/pl\/wp-json\/wp\/v2\/product_cat?post=16378"},{"taxonomy":"product_tag","embeddable":true,"href":"https:\/\/forzini.com\/pl\/wp-json\/wp\/v2\/product_tag?post=16378"}],"curies":[{"name":"wp","href":"https:\/\/api.w.org\/{rel}","templated":true}]}}