{"id":16331,"date":"2024-04-05T11:00:29","date_gmt":"2024-04-05T09:00:29","guid":{"rendered":"https:\/\/forzini.com\/producto\/mesa-auxiliar-en-marmol-corus\/"},"modified":"2025-09-19T19:44:23","modified_gmt":"2025-09-19T17:44:23","slug":"wysoki-stolik-z-marmurowym-blatem","status":"publish","type":"product","link":"https:\/\/forzini.com\/pl\/producto\/wysoki-stolik-z-marmurowym-blatem\/","title":{"rendered":"Wysoki stolik z marmurowym blatem &#8211; unikalny design"},"content":{"rendered":"<h2>Wysoki stolik z marmurowym blatem &#8222;Corus&#8221;<\/h2>\n<p>Oryginalno\u015b\u0107 tego wysokiego stolika z marmurowym blatem objawia si\u0119 jako rze\u017abiarskie dzie\u0142o sztuki. Ten wyj\u0105tkowy dekoracyjny stolik z naturalnego kamienia, o intryguj\u0105cym tr\u00f3jk\u0105tnym kszta\u0142cie, oparty jest na eleganckiej stalowej podstawie. To nie tylko wszechstronny mebel, ale r\u00f3wnie\u017c element o silnym wyrazie, kt\u00f3ry wnosi do wn\u0119trza nut\u0119 wyrafinowania i zachwyt dzi\u0119ki innowacyjnemu designowi.<\/p>\n<p>Wykonany artystycznie z ekskluzywnego szarego marmuru, wybranego ze wzgl\u0119du na subtelne szare cienie przecinaj\u0105ce jego powierzchni\u0119, stolik wyr\u00f3\u017cnia si\u0119 unikalnym pi\u0119knem. Jego trapezowa forma pozwala tworzy\u0107 wyj\u0105tkowe kompozycje \u2013 mo\u017cna zestawia\u0107 kilka stolik\u00f3w, by uzyska\u0107 geometryczne figury, lub u\u017cywa\u0107 go jako pojedynczego akcentu, kt\u00f3ry sam w sobie przyci\u0105ga uwag\u0119. Niezale\u017cnie od tego, czy pe\u0142ni rol\u0119 centralnego punktu, czy uzupe\u0142niaj\u0105cego elementu, dynamiczna obecno\u015b\u0107 tego marmurowego stolika pomocniczego podnosi estetyk\u0119 wn\u0119trza dzi\u0119ki swojemu charakterystycznemu stylowi.<\/p>\n<p>Silver Grey Marmur \u2013 wyj\u0105tkowa odmiana marmuru o szarym tle, ozdobiona urzekaj\u0105cym ta\u0144cem bia\u0142ych refleks\u00f3w w\u015br\u00f3d ciemnoszarych \u017cy\u0142ek. Ta unikalna paleta kolor\u00f3w, przechodz\u0105ca od jasnoszarego po be\u017c, tworzy imponuj\u0105cy kontrast na tle kamienia.<\/p>\n<p>Czy wiesz, \u017ce nasz marmur Silver Gris to prawdziwy skarb w\u015br\u00f3d kamieni naturalnych, a jego rzadko\u015b\u0107 odzwierciedla unikalne warunki geologiczne potrzebne do jego powstania? Powstaje w wyniku metamorfozy wapienia lub dolomitu pod wp\u0142ywem intensywnego ciep\u0142a i ci\u015bnienia \u2013 procesu, kt\u00f3ry rekryszta\u0142uje minera\u0142y w g\u0119st\u0105, splecion\u0105 struktur\u0119. Transformacja ta zachodzi g\u0142\u0119boko w skorupie ziemskiej, gdzie temperatury si\u0119gaj\u0105 nawet 800\u202f\u00b0C, a ci\u015bnienie 1,5\u20132,5\u202fGPa. Niedob\u00f3r tego marmuru wynika z precyzyjnej interakcji naturalnych element\u00f3w i minera\u0142\u00f3w, kt\u00f3re tworz\u0105 jego urzekaj\u0105ce szare t\u0142o oraz spektakularny taniec bia\u0142ych i ciemnoszarych \u017cy\u0142ek. Paleta kolorystyczna \u2013 od jasnoszarego po be\u017c \u2013 zapewnia wizualny kontrast, kt\u00f3ry jest zar\u00f3wno efektowny, jak i elegancki.<\/p>\n<p>&nbsp;<\/p>\n<p><a href=\"https:\/\/forzini.com\/pl\/materialy\/\" target=\"_blank\" rel=\"noopener\">Poznaj nasz\u0105 kolekcj\u0119 marmur\u00f3w i onyks\u00f3w, korzystaj\u0105c z tego linku: <\/a><a href=\"https:\/\/forzini.com\/pl\/materialy\/\" target=\"_blank\" rel=\"noopener\">Materia\u0142y<\/a><\/p>\n<h3><strong>Cechy szczeg\u00f3lne:<\/strong><\/h3>\n<ul>\n<li>\n<h3>Monta\u017c: Nie wymaga monta\u017cu<\/h3>\n<\/li>\n<li>\n<h3>Wyko\u0144czenie kamienia: Polerowane<\/h3>\n<\/li>\n<li>\n<h3>Wyko\u0144czenie podstawy: Stal nierdzewna, kolor czarny<\/h3>\n<\/li>\n<li>\n<h3>Waga: 18 kg<\/h3>\n<\/li>\n<\/ul>\n","protected":false},"excerpt":{"rendered":"<h1>Wysoki stolik z marmurowym blatem<\/h1>\n<p>Dzi\u0119ki trapezowej formie i stalowej ramie ten stolik jest definicj\u0105 kreatywno\u015bci i minimalizmu. Jego design doskonale podkre\u015bla styl wn\u0119trza \u2013 zar\u00f3wno jako harmonijny element kolorystycznej kompozycji, jak i wyrazisty akcent przyci\u0105gaj\u0105cy wzrok. Oryginalny i wygodny, wykonany z najdoskonalszego marmuru, dodaje przestrzeni nuty elegancji i wyrafinowania. Polerowana powierzchnia subtelnie odbija \u015bwiat\u0142o, a solidna konstrukcja zapewnia trwa\u0142o\u015b\u0107 i stabilno\u015b\u0107. To mebel, kt\u00f3ry \u0142\u0105czy funkcjonalno\u015b\u0107 z estetyk\u0105 \u2013 idealny dla os\u00f3b poszukuj\u0105cych unikalnych form, kt\u00f3re m\u00f3wi\u0105 same za siebie.<\/p>\n<h2><strong>Wymiary:<\/strong> D\u0142ugo\u015b\u0107 35 cm, Szeroko\u015b\u0107 35 cm, Wysoko\u015b\u0107 62 cm<\/h2>\n","protected":false},"featured_media":16332,"comment_status":"closed","ping_status":"closed","template":"","meta":{"_acf_changed":false,"_joinchat":[]},"product_brand":[],"product_cat":[361,316],"product_tag":[320],"class_list":{"0":"post-16331","1":"product","2":"type-product","3":"status-publish","4":"has-post-thumbnail","6":"product_cat-stoliki-marmurowe","7":"product_cat-stoly","8":"product_tag-marmur","10":"first","11":"instock","12":"sale","13":"shipping-taxable","14":"purchasable","15":"product-type-simple"},"acf":[],"_links":{"self":[{"href":"https:\/\/forzini.com\/pl\/wp-json\/wp\/v2\/product\/16331","targetHints":{"allow":["GET"]}}],"collection":[{"href":"https:\/\/forzini.com\/pl\/wp-json\/wp\/v2\/product"}],"about":[{"href":"https:\/\/forzini.com\/pl\/wp-json\/wp\/v2\/types\/product"}],"replies":[{"embeddable":true,"href":"https:\/\/forzini.com\/pl\/wp-json\/wp\/v2\/comments?post=16331"}],"version-history":[{"count":0,"href":"https:\/\/forzini.com\/pl\/wp-json\/wp\/v2\/product\/16331\/revisions"}],"wp:featuredmedia":[{"embeddable":true,"href":"https:\/\/forzini.com\/pl\/wp-json\/wp\/v2\/media\/16332"}],"wp:attachment":[{"href":"https:\/\/forzini.com\/pl\/wp-json\/wp\/v2\/media?parent=16331"}],"wp:term":[{"taxonomy":"product_brand","embeddable":true,"href":"https:\/\/forzini.com\/pl\/wp-json\/wp\/v2\/product_brand?post=16331"},{"taxonomy":"product_cat","embeddable":true,"href":"https:\/\/forzini.com\/pl\/wp-json\/wp\/v2\/product_cat?post=16331"},{"taxonomy":"product_tag","embeddable":true,"href":"https:\/\/forzini.com\/pl\/wp-json\/wp\/v2\/product_tag?post=16331"}],"curies":[{"name":"wp","href":"https:\/\/api.w.org\/{rel}","templated":true}]}}