{"id":16300,"date":"2024-10-26T23:18:32","date_gmt":"2024-10-26T21:18:32","guid":{"rendered":"https:\/\/forzini.com\/producto\/mesa-en-forma-de-cubo\/"},"modified":"2026-04-22T11:27:20","modified_gmt":"2026-04-22T09:27:20","slug":"stolik-kamienny-kostka","status":"publish","type":"product","link":"https:\/\/forzini.com\/pl\/producto\/stolik-kamienny-kostka\/","title":{"rendered":"Stolik kamienny kostka z onyksu \u2013 luksusowy design"},"content":{"rendered":"<h2>Stolik kamienny kostka z onyksu \u2013 luksusowy design &#8222;Juventas G&#8221;<\/h2>\n<p>Minimalistyczny i elegancki, ten stolik kamienny kostka z onyksu to prawdziwe dzie\u0142o sztuki, \u0142\u0105cz\u0105ce klasyczne formy z nowoczesnym akcentem. Jego design odzwierciedla luksus i prostot\u0119, tworz\u0105c atmosfer\u0119 wyrafinowania w ka\u017cdym wn\u0119trzu. Czyste linie i bogata tekstura onyksu \u0142\u0105cz\u0105 si\u0119, by zaoferowa\u0107 funkcjonalny mebel b\u0119d\u0105cy jednocze\u015bnie symbolem stylu. Stolik wykonany z autentycznego zielonego onyksu o wielu odcieniach i tonacjach \u2013 jego niezwyk\u0142e pi\u0119kno sprawia, \u017ce staje si\u0119 centralnym punktem ka\u017cdej przestrzeni.<\/p>\n<p><strong>Amazonian Green Onyks<\/strong>: wielotonowy zielony kolor o bogatej palecie \u2013 od intensywnych zieleni po subtelne pastele, uzupe\u0142niony \u017cy\u0142kami w odcieniach br\u0105zu, czekolady, z\u0142ota i czerwieni, oddaj\u0105cymi czyste pi\u0119kno natury.<\/p>\n<p><a href=\"https:\/\/forzini.com\/pl\/materialy\/\" target=\"_blank\" rel=\"noopener\">Poznaj nasz\u0105 kolekcj\u0119 marmur\u00f3w i onyks\u00f3w, korzystaj\u0105c z tego linku: <\/a><a href=\"https:\/\/forzini.com\/pl\/materialy\/\" target=\"_blank\" rel=\"noopener\">Materia\u0142y<\/a><\/p>\n<h3><strong>Cechy szczeg\u00f3lne:<\/strong><\/h3>\n<h3>Monta\u017c: Nie wymaga.<\/h3>\n<h3>Wyko\u0144czenie kamienia: Polerowane<\/h3>\n<h3>Waga: 35\u202fkg<\/h3>\n","protected":false},"excerpt":{"rendered":"<h1>Stolik kamienny kostka z onyksu<\/h1>\n<p>Dzi\u0119ki wyrafinowanemu i nowoczesnemu designowi doskonale komponuje si\u0119 z ka\u017cdym wn\u0119trzem. Intensywny zielony odcie\u0144 onyksu sprawia, \u017ce ka\u017cda sztuka oddaje ho\u0142d naturalnemu pi\u0119knu kamienia. Wygodna, geometryczna forma umo\u017cliwia \u0142\u0105czenie r\u00f3\u017cnych kolor\u00f3w, podkre\u015blaj\u0105c luksus i styl Twojego domu. Ekskluzywny onyks, wyselekcjonowany ze wzgl\u0119du na wyj\u0105tkow\u0105 jako\u015b\u0107 i urod\u0119, dodaje nuty przepychu i wyrafinowania, przekszta\u0142caj\u0105c ten niewielki stolik pomocniczy w centralny punkt ka\u017cdej przestrzeni.<\/p>\n<h2><strong>Wymiary:<\/strong> Szeroko\u015b\u0107 40 cm, D\u0142ugo\u015b\u0107 40 cm, Wysoko\u015b\u0107 45 cm<\/h2>\n<p>&nbsp;<\/p>\n","protected":false},"featured_media":16288,"comment_status":"closed","ping_status":"closed","template":"","meta":{"_acf_changed":false,"_joinchat":[]},"product_brand":[],"product_cat":[397,316],"product_tag":[325],"class_list":{"0":"post-16300","1":"product","2":"type-product","3":"status-publish","4":"has-post-thumbnail","6":"product_cat-stoliki-z-kamienia","7":"product_cat-stoly","8":"product_tag-onyks","10":"first","11":"onbackorder","12":"sale","13":"featured","14":"shipping-taxable","15":"purchasable","16":"product-type-simple"},"acf":[],"_links":{"self":[{"href":"https:\/\/forzini.com\/pl\/wp-json\/wp\/v2\/product\/16300","targetHints":{"allow":["GET"]}}],"collection":[{"href":"https:\/\/forzini.com\/pl\/wp-json\/wp\/v2\/product"}],"about":[{"href":"https:\/\/forzini.com\/pl\/wp-json\/wp\/v2\/types\/product"}],"replies":[{"embeddable":true,"href":"https:\/\/forzini.com\/pl\/wp-json\/wp\/v2\/comments?post=16300"}],"version-history":[{"count":1,"href":"https:\/\/forzini.com\/pl\/wp-json\/wp\/v2\/product\/16300\/revisions"}],"predecessor-version":[{"id":26141,"href":"https:\/\/forzini.com\/pl\/wp-json\/wp\/v2\/product\/16300\/revisions\/26141"}],"wp:featuredmedia":[{"embeddable":true,"href":"https:\/\/forzini.com\/pl\/wp-json\/wp\/v2\/media\/16288"}],"wp:attachment":[{"href":"https:\/\/forzini.com\/pl\/wp-json\/wp\/v2\/media?parent=16300"}],"wp:term":[{"taxonomy":"product_brand","embeddable":true,"href":"https:\/\/forzini.com\/pl\/wp-json\/wp\/v2\/product_brand?post=16300"},{"taxonomy":"product_cat","embeddable":true,"href":"https:\/\/forzini.com\/pl\/wp-json\/wp\/v2\/product_cat?post=16300"},{"taxonomy":"product_tag","embeddable":true,"href":"https:\/\/forzini.com\/pl\/wp-json\/wp\/v2\/product_tag?post=16300"}],"curies":[{"name":"wp","href":"https:\/\/api.w.org\/{rel}","templated":true}]}}