{"id":16277,"date":"2024-10-27T00:36:37","date_gmt":"2024-10-26T22:36:37","guid":{"rendered":"https:\/\/forzini.com\/producto\/mesa-cubo-marmol\/"},"modified":"2025-09-18T22:34:24","modified_gmt":"2025-09-18T20:34:24","slug":"kamienny-stolik-kawowy-kwadratowy","status":"publish","type":"product","link":"https:\/\/forzini.com\/pl\/producto\/kamienny-stolik-kawowy-kwadratowy\/","title":{"rendered":"Kamienny stolik kawowy kwadratowy z bia\u0142ego onyksu"},"content":{"rendered":"<h2>Kamienny stolik kawowy kwadratowy z bia\u0142ego onyksu &#8222;Juventas W&#8221;<\/h2>\n<p>Ten kamienny stolik kawowy kwadratowy z bia\u0142ego onyksu, starannie wykonany r\u0119cznie, wyr\u00f3\u017cnia si\u0119 jako nowoczesny i luksusowy element o ponadczasowym designie. Jego minimalistyczna konstrukcja podkre\u015bla naturaln\u0105 elegancj\u0119 onyksu \u2013 kamienia p\u00f3\u0142szlachetnego o wyj\u0105tkowym pi\u0119knie, cenionego r\u00f3wnie\u017c w jubilerstwie. P\u00f3\u0142przezroczysta powierzchnia pozwala \u015bwiat\u0142u wydoby\u0107 unikalne odcienie i \u017cy\u0142kowanie, nadaj\u0105c ka\u017cdej przestrzeni ekskluzywny i wyrafinowany charakter. Idealny do dekoracji salonu lub jako stolik nocny, ten ikoniczny mebel odmienia ka\u017cde wn\u0119trze swoj\u0105 wyszukan\u0105 i charakterystyczn\u0105 obecno\u015bci\u0105.<\/p>\n<p><strong>Golden Dune Onyx<\/strong> \u2013 Bia\u0142e t\u0142o przypomina spokojne p\u0142\u00f3tno, delikatnie ozdobione mi\u0119kkimi, bia\u0142ymi ob\u0142okami unosz\u0105cymi si\u0119 wdzi\u0119cznie nad powierzchni\u0105. Kremowe i \u017c\u00f3\u0142te cienie oraz \u017cy\u0142y w odcieniach z\u0142ota, karmelu, br\u0105zu, koniaku i czerwieni. Ten wyj\u0105tkowy bia\u0142y onyks jest rzadkim znaleziskiem, dost\u0119pnym jedynie w niewielkich ilo\u015bciach, poniewa\u017c wydobywany jest w okre\u015blonym miejscu.<\/p>\n<p><a href=\"https:\/\/forzini.com\/pl\/materialy\/\" target=\"_blank\" rel=\"noopener\">Poznaj nasz\u0105 kolekcj\u0119 marmur\u00f3w i onyks\u00f3w, korzystaj\u0105c z tego linku: <\/a><a href=\"https:\/\/forzini.com\/pl\/materialy\/\" target=\"_blank\" rel=\"noopener\">Materia\u0142y<\/a><\/p>\n<h3><strong>Cechy szczeg\u00f3lne:<\/strong><\/h3>\n<h3>Monta\u017c: Nie wymaga.<\/h3>\n<h3>Wyko\u0144czenie kamienia: Polerowane<\/h3>\n<h3>Waga: 35\u202fkg<\/h3>\n","protected":false},"excerpt":{"rendered":"<h1>Kamienny stolik kawowy kwadratowy<\/h1>\n<p>Z bia\u0142ego onyksu, wykonany r\u0119cznie z najwy\u017csz\u0105 staranno\u015bci\u0105, stanowi doskona\u0142e po\u0142\u0105czenie nowoczesno\u015bci i ponadczasowego luksusu. Minimalistyczny design, podkre\u015blaj\u0105cy czysto\u015b\u0107 linii, wydobywa naturalne pi\u0119kno onyksu \u2013 kamienia p\u00f3\u0142szlachetnego, cenionego r\u00f3wnie\u017c w jubilerstwie. Jego p\u00f3\u0142przezroczyste, eleganckie wyko\u0144czenie czyni ten stolik prawdziwym dekoracyjnym skarbem, idealnym do ozdobienia salonu lub jako stolik nocny, gdzie doda wn\u0119trzu wyj\u0105tkowego akcentu dystynkcji i wyrafinowania.<\/p>\n<h2><strong>Wymiary:<\/strong> szeroko\u015b\u0107 40 cm, d\u0142ugo\u015b\u0107 40 cm, wysoko\u015b\u0107 45 cm<\/h2>\n","protected":false},"featured_media":16262,"comment_status":"closed","ping_status":"closed","template":"","meta":{"_acf_changed":false,"_joinchat":[]},"product_brand":[],"product_cat":[397,316],"product_tag":[325],"class_list":{"0":"post-16277","1":"product","2":"type-product","3":"status-publish","4":"has-post-thumbnail","6":"product_cat-stoliki-z-kamienia","7":"product_cat-stoly","8":"product_tag-onyks","10":"first","11":"instock","12":"sale","13":"featured","14":"shipping-taxable","15":"purchasable","16":"product-type-simple"},"acf":[],"_links":{"self":[{"href":"https:\/\/forzini.com\/pl\/wp-json\/wp\/v2\/product\/16277","targetHints":{"allow":["GET"]}}],"collection":[{"href":"https:\/\/forzini.com\/pl\/wp-json\/wp\/v2\/product"}],"about":[{"href":"https:\/\/forzini.com\/pl\/wp-json\/wp\/v2\/types\/product"}],"replies":[{"embeddable":true,"href":"https:\/\/forzini.com\/pl\/wp-json\/wp\/v2\/comments?post=16277"}],"version-history":[{"count":0,"href":"https:\/\/forzini.com\/pl\/wp-json\/wp\/v2\/product\/16277\/revisions"}],"wp:featuredmedia":[{"embeddable":true,"href":"https:\/\/forzini.com\/pl\/wp-json\/wp\/v2\/media\/16262"}],"wp:attachment":[{"href":"https:\/\/forzini.com\/pl\/wp-json\/wp\/v2\/media?parent=16277"}],"wp:term":[{"taxonomy":"product_brand","embeddable":true,"href":"https:\/\/forzini.com\/pl\/wp-json\/wp\/v2\/product_brand?post=16277"},{"taxonomy":"product_cat","embeddable":true,"href":"https:\/\/forzini.com\/pl\/wp-json\/wp\/v2\/product_cat?post=16277"},{"taxonomy":"product_tag","embeddable":true,"href":"https:\/\/forzini.com\/pl\/wp-json\/wp\/v2\/product_tag?post=16277"}],"curies":[{"name":"wp","href":"https:\/\/api.w.org\/{rel}","templated":true}]}}