{"id":16249,"date":"2024-10-27T13:38:42","date_gmt":"2024-10-27T12:38:42","guid":{"rendered":"https:\/\/forzini.com\/producto\/mesa-de-marmol-blanco-lateral\/"},"modified":"2025-09-18T18:19:44","modified_gmt":"2025-09-18T16:19:44","slug":"stolik-kawowy-kamienny-blat-bialy-marmur","status":"publish","type":"product","link":"https:\/\/forzini.com\/pl\/producto\/stolik-kawowy-kamienny-blat-bialy-marmur\/","title":{"rendered":"Stolik kawowy kamienny blat bia\u0142y marmur"},"content":{"rendered":"<h2>Stolik kawowy kamienny blat bia\u0142y marmur &#8222;Iris W&#8221;<\/h2>\n<p>Nasz stolik kawowy z kamiennym blatem z bia\u0142ego marmuru to doskona\u0142e uzupe\u0142nienie Twojego salonu, zaprojektowane, aby podkre\u015bli\u0107 elegancj\u0119 wn\u0119trza i doda\u0107 funkcjonalno\u015bci w codziennym u\u017cytkowaniu. Ten wyrafinowany stolik boczny nie tylko upi\u0119ksza przestrze\u0144, ale jest r\u00f3wnie\u017c praktyczny \u2013 idealny do postawienia napoj\u00f3w, laptopa lub innych urz\u0105dze\u0144, gdy cieszysz si\u0119 wygod\u0105 swojej sofy.<\/p>\n<p>Z kwadratowym blatem, wykonanym r\u0119cznie z niezwykle ekskluzywnego bia\u0142ego marmuru pochodz\u0105cego z okre\u015blonego regionu, \u0142\u0105czy awangardowy design z nowoczesnym komfortem. Rzemie\u015blnicza jako\u015b\u0107 wykonania sprawia, \u017ce ka\u017cdy egzemplarz jest unikalny, dzi\u0119ki delikatnym, szarym \u017cy\u0142kom zdobi\u0105cym marmur, nadaj\u0105cym mu wyj\u0105tkowy i luksusowy wygl\u0105d.<\/p>\n<p>Ten stolik kawowy z kamiennym blatem z bia\u0142ego marmuru wyr\u00f3\u017cnia si\u0119 nowoczesn\u0105 estetyk\u0105 i praktyczno\u015bci\u0105. Jego wysoko\u015b\u0107 zosta\u0142a zaprojektowana tak, aby s\u0142u\u017cy\u0107 jako \u0142atwo dost\u0119pna powierzchnia pomocnicza \u2013 idealna do pracy, delektowania si\u0119 napojem lub po prostu do od\u0142o\u017cenia urz\u0105dze\u0144 w zasi\u0119gu r\u0119ki podczas relaksu na sofie.<\/p>\n<p>Opr\u00f3cz tego, \u017ce jest funkcjonalnym meblem, stolik ten jest r\u00f3wnie\u017c dzie\u0142em sztuki samym w sobie. Jego wsp\u00f3\u0142czesny design i imponuj\u0105ca obecno\u015b\u0107 bia\u0142ego marmuru odmieniaj\u0105 ka\u017cde wn\u0119trze, tworz\u0105c wyrafinowan\u0105 atmosfer\u0119 bez utraty nacisku na funkcjonalno\u015b\u0107. Stolik kawowy z kamiennym blatem z bia\u0142ego marmuru to idealne po\u0142\u0105czenie nowoczesnego wzornictwa, wygody i ponadczasowego pi\u0119kna marmuru, wnosz\u0105ce do domu subtelny i elegancki akcent.<\/p>\n<p>Marmur Snow Leopard: Bia\u0142y kolor z subtelnymi, szarymi tonami i \u017cy\u0142kowaniem. Ten niezwyk\u0142y i elegancki marmur wydobywany jest w niewielkich ilo\u015bciach z okre\u015blonego regionu. Ceniony jest za swoje wyj\u0105tkowe, r\u00f3wnomierne \u017cy\u0142y, kt\u00f3re tworz\u0105 wz\u00f3r przypominaj\u0105cy sk\u00f3r\u0119 zwierz\u0119cia.<\/p>\n<p>&nbsp;<\/p>\n<p><a href=\"https:\/\/forzini.com\/pl\/materialy\/\" target=\"_blank\" rel=\"noopener\">Poznaj nasz\u0105 kolekcj\u0119 marmur\u00f3w i onyks\u00f3w, korzystaj\u0105c z tego linku: <\/a><a href=\"https:\/\/forzini.com\/pl\/materialy\/\" target=\"_blank\" rel=\"noopener\">Materia\u0142y<\/a><\/p>\n<p><strong>Cechy szczeg\u00f3lne:<\/strong><\/p>\n<ul>\n<li><strong>Monta\u017c:<\/strong> Nie wymaga<\/li>\n<li><strong>Wyko\u0144czenie kamienia:<\/strong> Polerowane<\/li>\n<li><strong>Wyko\u0144czenie n\u00f3g:<\/strong> Stal nierdzewna w kolorze srebrnym<\/li>\n<li><strong>Waga:<\/strong> 18 kg<\/li>\n<\/ul>\n<p>&nbsp;<\/p>\n","protected":false},"excerpt":{"rendered":"<h2>Stolik kawowy kamienny blat bia\u0142y marmur<\/h2>\n<p data-start=\"87\" data-end=\"387\">Idealny do ustawienia przy sofie, dodaje stylu i funkcjonalno\u015bci Twojemu wn\u0119trzu, b\u0119d\u0105c praktycznym miejscem na napoje czy urz\u0105dzenia. Wykonany r\u0119cznie z bia\u0142ego marmuru z unikalnymi szarymi \u017cy\u0142ami, jego nowoczesny design i kwadratowy blat \u0142\u0105cz\u0105 w sobie pi\u0119kno oraz praktyczno\u015b\u0107 w wyj\u0105tkowy spos\u00f3b.<\/p>\n<h2 data-start=\"389\" data-end=\"450\"><strong data-start=\"389\" data-end=\"401\">Wymiary:<\/strong> D\u0142ugo\u015b\u0107 40 cm, Szeroko\u015b\u0107 40 cm, Wysoko\u015b\u0107 52 cm<\/h2>\n<p>&nbsp;<\/p>\n","protected":false},"featured_media":16227,"comment_status":"closed","ping_status":"closed","template":"","meta":{"_acf_changed":false,"_joinchat":[]},"product_brand":[],"product_cat":[361,316],"product_tag":[320],"class_list":{"0":"post-16249","1":"product","2":"type-product","3":"status-publish","4":"has-post-thumbnail","6":"product_cat-stoliki-marmurowe","7":"product_cat-stoly","8":"product_tag-marmur","10":"first","11":"instock","12":"sale","13":"featured","14":"shipping-taxable","15":"purchasable","16":"product-type-simple"},"acf":[],"_links":{"self":[{"href":"https:\/\/forzini.com\/pl\/wp-json\/wp\/v2\/product\/16249","targetHints":{"allow":["GET"]}}],"collection":[{"href":"https:\/\/forzini.com\/pl\/wp-json\/wp\/v2\/product"}],"about":[{"href":"https:\/\/forzini.com\/pl\/wp-json\/wp\/v2\/types\/product"}],"replies":[{"embeddable":true,"href":"https:\/\/forzini.com\/pl\/wp-json\/wp\/v2\/comments?post=16249"}],"version-history":[{"count":0,"href":"https:\/\/forzini.com\/pl\/wp-json\/wp\/v2\/product\/16249\/revisions"}],"wp:featuredmedia":[{"embeddable":true,"href":"https:\/\/forzini.com\/pl\/wp-json\/wp\/v2\/media\/16227"}],"wp:attachment":[{"href":"https:\/\/forzini.com\/pl\/wp-json\/wp\/v2\/media?parent=16249"}],"wp:term":[{"taxonomy":"product_brand","embeddable":true,"href":"https:\/\/forzini.com\/pl\/wp-json\/wp\/v2\/product_brand?post=16249"},{"taxonomy":"product_cat","embeddable":true,"href":"https:\/\/forzini.com\/pl\/wp-json\/wp\/v2\/product_cat?post=16249"},{"taxonomy":"product_tag","embeddable":true,"href":"https:\/\/forzini.com\/pl\/wp-json\/wp\/v2\/product_tag?post=16249"}],"curies":[{"name":"wp","href":"https:\/\/api.w.org\/{rel}","templated":true}]}}