{"id":16215,"date":"2024-10-27T15:27:00","date_gmt":"2024-10-27T14:27:00","guid":{"rendered":"https:\/\/forzini.com\/producto\/mesa-auxiliar-de-marmol-forma-c\/"},"modified":"2025-09-17T09:51:18","modified_gmt":"2025-09-17T07:51:18","slug":"owalny-stolik-boczny-marmurowy","status":"publish","type":"product","link":"https:\/\/forzini.com\/pl\/producto\/owalny-stolik-boczny-marmurowy\/","title":{"rendered":"Owalny stolik boczny marmurowy w formie C"},"content":{"rendered":"<h2>Owalny stolik boczny marmurowy w formie C\u00a0&#8222;Hades B&#8221;<\/h2>\n<p>Ten owalny stolik boczny marmurowy \u0142\u0105czy w sobie ekskluzywny i oryginalny design z eleganckim, owalnym blatem z wyj\u0105tkowego be\u017cowego marmuru. Rzadko\u015b\u0107 i pi\u0119kno tego kamienia czyni\u0105 go meblem naprawd\u0119 unikalnym, idealnym dla dom\u00f3w poszukuj\u0105cych odrobiny dystynkcji. Jego w\u0105ska i smuk\u0142a forma sprawia, \u017ce doskonale nadaje si\u0119 do niewielkich przestrzeni, \u0142atwo dopasowuj\u0105c si\u0119 tam, gdzie inne meble by si\u0119 nie zmie\u015bci\u0142y.<\/p>\n<p>Nowoczesny i \u015bwie\u017cy projekt tego owalnego stolika bocznego marmurowego przyci\u0105ga wzrok, dodaj\u0105c ka\u017cdemu pomieszczeniu nuty elegancji. Idealny do ustawienia obok sofy lub \u0142\u00f3\u017cka, oferuje praktyczn\u0105 powierzchni\u0119 do odstawienia napoj\u00f3w, laptopa, telefonu, czasopism czy pilot\u00f3w. Doskona\u0142y zar\u00f3wno do porannej kawy, jak i jako pomoc podczas pracy z kanapy, ten owalny stolik boczny marmurowy \u0142\u0105czy styl i funkcjonalno\u015b\u0107 w ka\u017cdym detalu. Ponadto stanowi \u015bwiadectwo trwa\u0142o\u015bci i ponadczasowego pi\u0119kna marmuru, wnosz\u0105c do wn\u0119trza wyrafinowany i praktyczny akcent.<\/p>\n<p><strong>Marmur Botticelli Classic:<\/strong> Bardzo artystyczny i unikalny rodzaj marmuru o falistym rysunku i urzekaj\u0105cym, ciep\u0142ym, kremowo\u2011be\u017cowym kolorze, kt\u00f3ry tworzy wygl\u0105d neutralny, lecz pe\u0142en klasy. Przez t\u0142o w odcieniu jasnobr\u0105zowym przebiega ciemniejsza, br\u0105zowo\u2011\u017c\u00f3\u0142tawa \u017cy\u0142a, podkre\u015blona tonami jasnobr\u0105zowymi i z\u0142otymi.<\/p>\n<p><a href=\"https:\/\/forzini.com\/pl\/materialy\/\" target=\"_blank\" rel=\"noopener\">Poznaj nasz\u0105 kolekcj\u0119 marmur\u00f3w i onyks\u00f3w, korzystaj\u0105c z tego linku: <\/a><a href=\"https:\/\/forzini.com\/pl\/materialy\/\" target=\"_blank\" rel=\"noopener\">Materia\u0142y<\/a><\/p>\n<p><strong>Cechy szczeg\u00f3lne:<\/strong><\/p>\n<ul>\n<li><strong>Monta\u017c:<\/strong> Nie wymaga<\/li>\n<li><strong>Wyko\u0144czenie kamienia:<\/strong> Polerowane<\/li>\n<li><strong>Wyko\u0144czenie n\u00f3g:<\/strong> Stal nierdzewna w kolorze srebrnym<\/li>\n<li><strong>Waga:<\/strong> 8 kg<\/li>\n<\/ul>\n<p>&nbsp;<\/p>\n","protected":false},"excerpt":{"rendered":"<h1><span data-sheets-formula-bar-text-style=\"font-size:13px;color:#000000;font-weight:normal;text-decoration:none;font-family:'Arial';font-style:normal;text-decoration-skip-ink:none;\">Owalny stolik boczny marmurowy<\/span><\/h1>\n<p>Ten owalny stolik boczny z be\u017cowego marmuru ma innowacyjn\u0105 i oryginaln\u0105 form\u0119, z eleganckim, owalnym blatem z rzadko spotykanego be\u017cowego marmuru, ozdobionym delikatnymi, karmelowymi \u017cy\u0142kami biegn\u0105cymi po jego powierzchni. Wysoki i smuk\u0142y, jest idealny do niewielkich przestrzeni, \u0142\u0105cz\u0105c \u015bwie\u017cy i efektowny design, kt\u00f3ry dodaje stylu, nie zajmuj\u0105c przy tym zbyt wiele miejsca.<\/p>\n<p>Owalny stolik boczny marmurowy doskonale sprawdzi si\u0119 ustawiony obok sofy lub \u0142\u00f3\u017cka, oferuj\u0105c praktyczn\u0105 powierzchni\u0119 do odstawienia napoj\u00f3w, laptopa, telefonu, czasopism czy pilot\u00f3w. Jego oryginalny projekt jest nie tylko estetyczny, ale tak\u017ce wygodny, trwa\u0142y i zaprojektowany tak, aby idealnie wpasowa\u0107 si\u0119 w ka\u017cde nowoczesne wn\u0119trze.<\/p>\n<h2><strong>Wymiary:<\/strong> d\u0142ugo\u015b\u0107 38 cm, szeroko\u015b\u0107 28 cm, wysoko\u015b\u0107 60 cm<\/h2>\n","protected":false},"featured_media":16201,"comment_status":"closed","ping_status":"closed","template":"","meta":{"_acf_changed":false,"_joinchat":[]},"product_brand":[],"product_cat":[361,316],"product_tag":[320],"class_list":{"0":"post-16215","1":"product","2":"type-product","3":"status-publish","4":"has-post-thumbnail","6":"product_cat-stoliki-marmurowe","7":"product_cat-stoly","8":"product_tag-marmur","10":"first","11":"instock","12":"sale","13":"featured","14":"shipping-taxable","15":"purchasable","16":"product-type-simple"},"acf":[],"_links":{"self":[{"href":"https:\/\/forzini.com\/pl\/wp-json\/wp\/v2\/product\/16215","targetHints":{"allow":["GET"]}}],"collection":[{"href":"https:\/\/forzini.com\/pl\/wp-json\/wp\/v2\/product"}],"about":[{"href":"https:\/\/forzini.com\/pl\/wp-json\/wp\/v2\/types\/product"}],"replies":[{"embeddable":true,"href":"https:\/\/forzini.com\/pl\/wp-json\/wp\/v2\/comments?post=16215"}],"version-history":[{"count":0,"href":"https:\/\/forzini.com\/pl\/wp-json\/wp\/v2\/product\/16215\/revisions"}],"wp:featuredmedia":[{"embeddable":true,"href":"https:\/\/forzini.com\/pl\/wp-json\/wp\/v2\/media\/16201"}],"wp:attachment":[{"href":"https:\/\/forzini.com\/pl\/wp-json\/wp\/v2\/media?parent=16215"}],"wp:term":[{"taxonomy":"product_brand","embeddable":true,"href":"https:\/\/forzini.com\/pl\/wp-json\/wp\/v2\/product_brand?post=16215"},{"taxonomy":"product_cat","embeddable":true,"href":"https:\/\/forzini.com\/pl\/wp-json\/wp\/v2\/product_cat?post=16215"},{"taxonomy":"product_tag","embeddable":true,"href":"https:\/\/forzini.com\/pl\/wp-json\/wp\/v2\/product_tag?post=16215"}],"curies":[{"name":"wp","href":"https:\/\/api.w.org\/{rel}","templated":true}]}}