{"id":16189,"date":"2024-10-27T20:14:49","date_gmt":"2024-10-27T19:14:49","guid":{"rendered":"https:\/\/forzini.com\/producto\/mesa-baja-redonda-de-onix\/"},"modified":"2025-09-16T23:40:11","modified_gmt":"2025-09-16T21:40:11","slug":"stolik-kawowy-marmurowy-okragly","status":"publish","type":"product","link":"https:\/\/forzini.com\/pl\/producto\/stolik-kawowy-marmurowy-okragly\/","title":{"rendered":"Okr\u0105g\u0142y marmurowy stolik kawowy do salonu"},"content":{"rendered":"<h2>Okr\u0105g\u0142y marmurowy stolik kawowy do salonu &#8222;Trivia G&#8221;<\/h2>\n<p>To niewielki, urokliwy mebel, kt\u00f3ry wyr\u00f3\u017cnia ka\u017cde wn\u0119trze wyrazistym akcentem. Jego innowacyjny projekt w unikalny spos\u00f3b \u0142\u0105czy onyks i marmur, tworz\u0105c eleganckie linie przyci\u0105gaj\u0105ce uwag\u0119 wszystkich. Wykonany z litego, masywnego kamienia, ten marmurowy stolik kawowy ma okr\u0105g\u0142y kszta\u0142t, kt\u00f3ry nadaje otoczeniu mi\u0119kko\u015bci i p\u0142ynno\u015bci.<\/p>\n<p>Spektakularny design tego sto\u0142u, \u0142\u0105cz\u0105cy be\u017cowy marmur z pi\u0119knym zielonym onyksem, czyni go niezapomnianym elementem w ka\u017cdym pomieszczeniu. Zestawienie tych materia\u0142\u00f3w nie tylko dodaje odrobiny luksusu, ale tak\u017ce podkre\u015bla naturalne pi\u0119kno ka\u017cdego kamienia, czyni\u0105c z niego prawdziwy punkt centralny.<\/p>\n<p>Dzi\u0119ki swojej wszechstronno\u015bci okr\u0105g\u0142y marmurowy stolik kawowy mo\u017ce pe\u0142ni\u0107 funkcj\u0119 stolika nocnego, elegancko ustawionego przy \u0142\u00f3\u017cku. Doskonale sprawdzi si\u0119 tak\u017ce obok sofy, oferuj\u0105c praktyczn\u0105 przestrze\u0144 na ksi\u0105\u017cki, napoje czy dekoracje. Jego charakterystyczny design sprawia, \u017ce jest idealnym wyborem r\u00f3wnie\u017c do ustawienia w centrum salonu jako stolik kawowy, dodaj\u0105c aran\u017cacji nuty wyrafinowania.<\/p>\n<p>Niezale\u017cnie od tego, czy chcesz stworzy\u0107 przytulny klimat, czy nowoczesne i eleganckie wn\u0119trze, okr\u0105g\u0142y niski stolik z onyksu to idealny wyb\u00f3r dla os\u00f3b poszukuj\u0105cych wyj\u0105tkowego mebla, kt\u00f3ry \u0142\u0105czy funkcjonalno\u015b\u0107 z estetyk\u0105. Ten st\u00f3\u0142 jest nie tylko praktyczny, ale tak\u017ce stanowi prawdziwe dzie\u0142o sztuki w kamieniu, kt\u00f3re odmieni Tw\u00f3j dom.<\/p>\n<p><a href=\"https:\/\/forzini.com\/pl\/materialy\/\" target=\"_blank\" rel=\"noopener\">Poznaj nasz\u0105 kolekcj\u0119 marmur\u00f3w i onyks\u00f3w, korzystaj\u0105c z tego linku: <\/a><a href=\"https:\/\/forzini.com\/pl\/materialy\/\" target=\"_blank\" rel=\"noopener\">Materia\u0142y<\/a><\/p>\n<h3><strong>Cechy szczeg\u00f3lne:<\/strong><\/h3>\n<h3>Monta\u017c: Nie wymaga.<\/h3>\n<h3>Wyko\u0144czenie kamienia: Polerowane<\/h3>\n<h3>Waga: 75\u202fkg<\/h3>\n","protected":false},"excerpt":{"rendered":"<h1>Okr\u0105g\u0142y marmurowy stolik kawowy<\/h1>\n<p>To urokliwy mebel, kt\u00f3ry dodaje nuty dystynkcji ka\u017cdemu wn\u0119trzu. Dzi\u0119ki swojemu oryginalnemu projektowi elegancko \u0142\u0105czy zielony onyks z be\u017cowym marmurem w atrakcyjnych liniach, co czyni go fascynuj\u0105cym punktem centralnym.<\/p>\n<p>Wykonany z litego, masywnego kamienia, ten okr\u0105g\u0142y marmurowy stolik kawowy doskonale sprawdzi si\u0119 jako stolik nocny, obok sofy lub jako stolik kawowy w centralnym punkcie salonu. Jego wszechstronno\u015b\u0107 i styl sprawiaj\u0105, \u017ce jest idealny do podkre\u015blenia wystroju ka\u017cdego pomieszczenia, oferuj\u0105c zar\u00f3wno funkcjonalno\u015b\u0107, jak i powiew wyrafinowania.<\/p>\n<h2><strong>Wymiary:<\/strong> \u015brednica 38 cm, wysoko\u015b\u0107 52 cm<\/h2>\n","protected":false},"featured_media":16175,"comment_status":"closed","ping_status":"closed","template":"","meta":{"_acf_changed":false,"_joinchat":[]},"product_brand":[],"product_cat":[397,316],"product_tag":[320,325],"class_list":{"0":"post-16189","1":"product","2":"type-product","3":"status-publish","4":"has-post-thumbnail","6":"product_cat-stoliki-z-kamienia","7":"product_cat-stoly","8":"product_tag-marmur","9":"product_tag-onyks","11":"first","12":"instock","13":"sale","14":"featured","15":"shipping-taxable","16":"purchasable","17":"product-type-simple"},"acf":[],"_links":{"self":[{"href":"https:\/\/forzini.com\/pl\/wp-json\/wp\/v2\/product\/16189","targetHints":{"allow":["GET"]}}],"collection":[{"href":"https:\/\/forzini.com\/pl\/wp-json\/wp\/v2\/product"}],"about":[{"href":"https:\/\/forzini.com\/pl\/wp-json\/wp\/v2\/types\/product"}],"replies":[{"embeddable":true,"href":"https:\/\/forzini.com\/pl\/wp-json\/wp\/v2\/comments?post=16189"}],"version-history":[{"count":0,"href":"https:\/\/forzini.com\/pl\/wp-json\/wp\/v2\/product\/16189\/revisions"}],"wp:featuredmedia":[{"embeddable":true,"href":"https:\/\/forzini.com\/pl\/wp-json\/wp\/v2\/media\/16175"}],"wp:attachment":[{"href":"https:\/\/forzini.com\/pl\/wp-json\/wp\/v2\/media?parent=16189"}],"wp:term":[{"taxonomy":"product_brand","embeddable":true,"href":"https:\/\/forzini.com\/pl\/wp-json\/wp\/v2\/product_brand?post=16189"},{"taxonomy":"product_cat","embeddable":true,"href":"https:\/\/forzini.com\/pl\/wp-json\/wp\/v2\/product_cat?post=16189"},{"taxonomy":"product_tag","embeddable":true,"href":"https:\/\/forzini.com\/pl\/wp-json\/wp\/v2\/product_tag?post=16189"}],"curies":[{"name":"wp","href":"https:\/\/api.w.org\/{rel}","templated":true}]}}