{"id":16164,"date":"2024-10-27T21:43:58","date_gmt":"2024-10-27T20:43:58","guid":{"rendered":"https:\/\/forzini.com\/producto\/mesa-de-sofa-marmol\/"},"modified":"2025-09-18T22:29:26","modified_gmt":"2025-09-18T20:29:26","slug":"bezowy-marmurowy-stolik-kawowy","status":"publish","type":"product","link":"https:\/\/forzini.com\/pl\/producto\/bezowy-marmurowy-stolik-kawowy\/","title":{"rendered":"Be\u017cowy marmurowy stolik kawowy z okr\u0105g\u0142ym blatem"},"content":{"rendered":"<h2>Be\u017cowy marmurowy stolik kawowy z okr\u0105g\u0142ym blatem &#8222;Mercury L&#8221;<\/h2>\n<p><strong>Nasz be\u017cowy marmurowy stolik kawowy<\/strong> to mebel o naprawd\u0119 innowacyjnym designie, \u0142\u0105cz\u0105cy elegancj\u0119 z oryginalno\u015bci\u0105. Jego okr\u0105g\u0142a konstrukcja, wykonana z podstawy z jasnozielonego onyksu i blatu z be\u017cowego marmuru, nadaje mu wyj\u0105tkowy wygl\u0105d, kt\u00f3ry wyr\u00f3\u017cnia go spo\u015br\u00f3d wszystkich innych sto\u0142\u00f3w. Wyb\u00f3r materia\u0142\u00f3w nie tylko tworzy urzekaj\u0105cy wizualnie kontrast, ale tak\u017ce pozwala przekszta\u0142ci\u0107 ten stolik w spektakularny element z pod\u015bwietleniem. Dzi\u0119ki naturalnej przezroczysto\u015bci onyksu, podstawa mo\u017ce by\u0107 o\u015bwietlana od wewn\u0105trz, tworz\u0105c efekt \u015bwietlny, kt\u00f3ry dodaje przestrzeni ciep\u0142ej i wyrafinowanej atmosfery.<\/p>\n<p>Dzi\u0119ki swojemu awangardowemu projektowi ten be\u017cowy marmurowy stolik staje si\u0119 idealnym punktem centralnym w nowoczesnych lub eleganckich salonach. Wyobra\u017a sobie efekt wizualny sto\u0142u, kt\u00f3ry nie tylko zachwyca wygl\u0105dem, ale tak\u017ce podkre\u015bla wn\u0119trze mi\u0119kkim i przytulnym blaskiem, gdy jest o\u015bwietlony. Ten be\u017cowy marmurowy stolik kawowy wykorzystuje nie tylko naturalne pi\u0119kno be\u017cowego marmuru, o jego subtelnym i ciep\u0142ym charakterze, ale tak\u017ce wyj\u0105tkowo\u015b\u0107 zielonego onyksu, kt\u00f3ry dodaje mu nuty dystynkcji i ekskluzywno\u015bci.<\/p>\n<p>Opr\u00f3cz tego, \u017ce jest funkcjonalnym stolikiem kawowym, doskona\u0142ym do ustawienia obok sofy jako miejsce na napoje, ksi\u0105\u017cki czy urz\u0105dzenia, jest to r\u00f3wnie\u017c prawdziwe dzie\u0142o sztuki. Po\u0142\u0105czenie marmuru i onyksu jest idealne dla os\u00f3b poszukuj\u0105cych unikalnej i zapadaj\u0105cej w pami\u0119\u0107 dekoracji do swojego domu. Ka\u017cdy element tego sto\u0142u zosta\u0142 starannie dobrany, aby wnie\u015b\u0107 do wn\u0119trza styl i osobowo\u015b\u0107, zapewniaj\u0105c, \u017ce b\u0119dzie to mebel, kt\u00f3ry zaskoczy i zachwyci ka\u017cdego, kto go zobaczy.<\/p>\n<p><a href=\"https:\/\/forzini.com\/pl\/materialy\/\" target=\"_blank\" rel=\"noopener\">Poznaj nasz\u0105 kolekcj\u0119 marmur\u00f3w i onyks\u00f3w, korzystaj\u0105c z tego linku: <\/a><a href=\"https:\/\/forzini.com\/pl\/materialy\/\" target=\"_blank\" rel=\"noopener\">Materia\u0142y<\/a><\/p>\n<h3><strong>Cechy szczeg\u00f3lne:<\/strong><\/h3>\n<h3>Monta\u017c: Nie wymaga.<\/h3>\n<h3>Wyko\u0144czenie kamienia: Polerowane<\/h3>\n<h3>Waga: 75\u202fkg<\/h3>\n","protected":false},"excerpt":{"rendered":"<h1>Be\u017cowy marmurowy stolik kawowy<\/h1>\n<p>To be\u017cowy marmurowy stolik kawowy o innowacyjnym i wyrafinowanym designie, idealny dla os\u00f3b, kt\u00f3re chc\u0105 wyr\u00f3\u017cni\u0107 swoje wn\u0119trze unikalnym meblem. Jego okr\u0105g\u0142y kszta\u0142t oraz po\u0142\u0105czenie jasnozielonego onyksu z be\u017cowym marmurem nadaj\u0105 mu niezwyk\u0142y i urzekaj\u0105cy charakter. Podstawa z zielonego onyksu mo\u017ce by\u0107 pod\u015bwietlana, poniewa\u017c kamie\u0144 ten przepuszcza \u015bwiat\u0142o, przekszta\u0142caj\u0105c stolik w spektakularny element nastrojowego o\u015bwietlenia.<\/p>\n<p>Wyobra\u017a sobie, jak zaskakujesz swoich go\u015bci tym oryginalnym marmurowym stolikiem kawowym, kt\u00f3ry podkre\u015bla naturalne pi\u0119kno onyksu i \u0142\u0105czy je z ponadczasow\u0105 subtelno\u015bci\u0105 be\u017cowego marmuru. To doskona\u0142y spos\u00f3b na dodanie wn\u0119trzu elegancji i wyrafinowania, sprawiaj\u0105c, \u017ce b\u0119dzie si\u0119 wyr\u00f3\u017cnia\u0107 w ka\u017cdym salonie. Ten marmurowy stolik nie jest jedynie funkcjonalny \u2013 to prawdziwe dzie\u0142o sztuki, kt\u00f3re zachwyca swoj\u0105 obecno\u015bci\u0105 i niepowtarzalnym stylem.<\/p>\n<h2><strong>Wymiary:<\/strong> \u015brednica 38 cm, wysoko\u015b\u0107 52 cm<\/h2>\n<p>&nbsp;<\/p>\n","protected":false},"featured_media":16151,"comment_status":"closed","ping_status":"closed","template":"","meta":{"_acf_changed":false,"_joinchat":[]},"product_brand":[],"product_cat":[361,316],"product_tag":[320,325],"class_list":{"0":"post-16164","1":"product","2":"type-product","3":"status-publish","4":"has-post-thumbnail","6":"product_cat-stoliki-marmurowe","7":"product_cat-stoly","8":"product_tag-marmur","9":"product_tag-onyks","11":"first","12":"instock","13":"sale","14":"shipping-taxable","15":"purchasable","16":"product-type-simple"},"acf":[],"_links":{"self":[{"href":"https:\/\/forzini.com\/pl\/wp-json\/wp\/v2\/product\/16164","targetHints":{"allow":["GET"]}}],"collection":[{"href":"https:\/\/forzini.com\/pl\/wp-json\/wp\/v2\/product"}],"about":[{"href":"https:\/\/forzini.com\/pl\/wp-json\/wp\/v2\/types\/product"}],"replies":[{"embeddable":true,"href":"https:\/\/forzini.com\/pl\/wp-json\/wp\/v2\/comments?post=16164"}],"version-history":[{"count":0,"href":"https:\/\/forzini.com\/pl\/wp-json\/wp\/v2\/product\/16164\/revisions"}],"wp:featuredmedia":[{"embeddable":true,"href":"https:\/\/forzini.com\/pl\/wp-json\/wp\/v2\/media\/16151"}],"wp:attachment":[{"href":"https:\/\/forzini.com\/pl\/wp-json\/wp\/v2\/media?parent=16164"}],"wp:term":[{"taxonomy":"product_brand","embeddable":true,"href":"https:\/\/forzini.com\/pl\/wp-json\/wp\/v2\/product_brand?post=16164"},{"taxonomy":"product_cat","embeddable":true,"href":"https:\/\/forzini.com\/pl\/wp-json\/wp\/v2\/product_cat?post=16164"},{"taxonomy":"product_tag","embeddable":true,"href":"https:\/\/forzini.com\/pl\/wp-json\/wp\/v2\/product_tag?post=16164"}],"curies":[{"name":"wp","href":"https:\/\/api.w.org\/{rel}","templated":true}]}}