{"id":16141,"date":"2024-10-27T23:00:33","date_gmt":"2024-10-27T22:00:33","guid":{"rendered":"https:\/\/forzini.com\/producto\/mesa-moderna-de-marmol\/"},"modified":"2025-09-16T08:48:18","modified_gmt":"2025-09-16T06:48:18","slug":"stolik-kawowy-czarny-marmur","status":"publish","type":"product","link":"https:\/\/forzini.com\/pl\/producto\/stolik-kawowy-czarny-marmur\/","title":{"rendered":"Stolik kawowy z czarnego marmuru"},"content":{"rendered":"<h2>Stolik kawowy z czarnego marmuru &#8222;Mercury B&#8221;<\/h2>\n<p data-start=\"93\" data-end=\"556\">To wyj\u0105tkowy mebel, kt\u00f3ry przyci\u0105ga wszystkie spojrzenia i staje si\u0119 centralnym punktem ka\u017cdego wn\u0119trza. Jego design to mistrzowskie po\u0142\u0105czenie elegancji i wyrafinowania: korpus z czarnego marmuru w niezwykle efektowny spos\u00f3b kontrastuje z bia\u0142ym blatem z onyksu, tworz\u0105c wizualny luksus wyr\u00f3\u017cniaj\u0105cy si\u0119 w ka\u017cdym otoczeniu. Ten kontrast nie tylko nadaje imponuj\u0105c\u0105 obecno\u015b\u0107, ale tak\u017ce wzbogaca aran\u017cacj\u0119, dodaj\u0105c wn\u0119trzu wsp\u00f3\u0142czesnego i wyszukanego charakteru.<\/p>\n<p data-start=\"558\" data-end=\"1054\">Dzi\u0119ki minimalistycznemu wzornictwu i okr\u0105g\u0142ej formie o mi\u0119kkich, p\u0142ynnych liniach, ten stolik emanuje szykownym i ponadczasowym stylem. Perfekcyjnie wypolerowana powierzchnia dodaje blasku i elegancji, a jednocze\u015bnie pozwala podziwia\u0107 naturaln\u0105 struktur\u0119 i unikalne u\u017cylenie kamienia. <strong data-start=\"844\" data-end=\"880\">Stolik kawowy z czarnego marmuru<\/strong> ma niepowtarzalny charakter, kt\u00f3ry potrafi ca\u0142kowicie odmieni\u0107 przestrze\u0144, nadaj\u0105c jej luksusow\u0105 i nowoczesn\u0105 atmosfer\u0119, zachowuj\u0105c przy tym praktyczno\u015b\u0107 i funkcjonalno\u015b\u0107.<\/p>\n<p data-start=\"1056\" data-end=\"1373\">To nie tylko rze\u017abiarskie dzie\u0142o sztuki, ale r\u00f3wnie\u017c funkcjonalny mebel do codziennego u\u017cytku. Idealny jako stolik centralny w salonie \u2013 wygodny, by od\u0142o\u017cy\u0107 fili\u017cank\u0119 kawy, ksi\u0105\u017ck\u0119 czy element dekoracyjny. Jego design wyr\u00f3\u017cnia si\u0119 pi\u0119knem, a zarazem odpowiada praktycznym potrzebom, b\u0119d\u0105c solidnym i trwa\u0142ym meblem.<\/p>\n<p data-start=\"1375\" data-end=\"1759\">Po\u0142\u0105czenie czarnego marmuru z bia\u0142ym onykiem to unikalny wyb\u00f3r estetyczny, przeznaczony dla os\u00f3b poszukuj\u0105cych ekskluzywnej i wysokiej klasy aran\u017cacji. Ten nowoczesny stolik marmurowy to znacznie wi\u0119cej ni\u017c mebel \u2013 to dzie\u0142o sztuki \u0142\u0105cz\u0105ce funkcjonalno\u015b\u0107 z wyj\u0105tkowym, rze\u017abiarskim designem. Doskona\u0142y dla tych, kt\u00f3rzy pragn\u0105 doda\u0107 swoim wn\u0119trzom odrobiny elegancji i wyrafinowania.<\/p>\n<p>&nbsp;<\/p>\n<p><a href=\"https:\/\/forzini.com\/pl\/materialy\/\" target=\"_blank\" rel=\"noopener\">Poznaj nasz\u0105 kolekcj\u0119 marmur\u00f3w i onyks\u00f3w, korzystaj\u0105c z tego linku: <\/a><a href=\"https:\/\/forzini.com\/pl\/materialy\/\" target=\"_blank\" rel=\"noopener\">Materia\u0142y<\/a><\/p>\n<h3><strong>Cechy szczeg\u00f3lne:<\/strong><\/h3>\n<h3>Monta\u017c: Nie wymaga.<\/h3>\n<h3>Wyko\u0144czenie kamienia: Polerowane<\/h3>\n<h3>Waga: 71\u202fkg<\/h3>\n","protected":false},"excerpt":{"rendered":"<h1>Stolik kawowy z czarnego marmuru<\/h1>\n<p data-start=\"88\" data-end=\"566\">To imponuj\u0105cy mebel, kt\u00f3ry podkre\u015bla charakter ka\u017cdego wn\u0119trza. Jego g\u0142\u0119boka czarna marmurowa podstawa i bia\u0142a powierzchnia z onyksu tworz\u0105 elegancki i wyrafinowany kontrast. W stylu minimalistycznym, o okr\u0105g\u0142ym i wypolerowanym kszta\u0142cie, staje si\u0119 szykownym i funkcjonalnym akcentem dekoracyjnym. Idealny jako stolik kawowy \u2013 doskona\u0142y do postawienia fili\u017canki kawy lub ksi\u0105\u017cki, \u0142\u0105czy sztuk\u0119 z praktyczno\u015bci\u0105 w jednym meblu, kt\u00f3ry wyr\u00f3\u017cnia si\u0119 pi\u0119knem i nowoczesnym designem.<\/p>\n<h2 data-start=\"568\" data-end=\"613\"><strong data-start=\"568\" data-end=\"580\">Wymiary:<\/strong> \u015arednica 38 cm, Wysoko\u015b\u0107 52 cm<\/h2>\n","protected":false},"featured_media":16129,"comment_status":"closed","ping_status":"closed","template":"","meta":{"_acf_changed":false,"_joinchat":[]},"product_brand":[],"product_cat":[361,316],"product_tag":[320,325],"class_list":{"0":"post-16141","1":"product","2":"type-product","3":"status-publish","4":"has-post-thumbnail","6":"product_cat-stoliki-marmurowe","7":"product_cat-stoly","8":"product_tag-marmur","9":"product_tag-onyks","11":"first","12":"instock","13":"sale","14":"shipping-taxable","15":"purchasable","16":"product-type-simple"},"acf":[],"_links":{"self":[{"href":"https:\/\/forzini.com\/pl\/wp-json\/wp\/v2\/product\/16141","targetHints":{"allow":["GET"]}}],"collection":[{"href":"https:\/\/forzini.com\/pl\/wp-json\/wp\/v2\/product"}],"about":[{"href":"https:\/\/forzini.com\/pl\/wp-json\/wp\/v2\/types\/product"}],"replies":[{"embeddable":true,"href":"https:\/\/forzini.com\/pl\/wp-json\/wp\/v2\/comments?post=16141"}],"version-history":[{"count":0,"href":"https:\/\/forzini.com\/pl\/wp-json\/wp\/v2\/product\/16141\/revisions"}],"wp:featuredmedia":[{"embeddable":true,"href":"https:\/\/forzini.com\/pl\/wp-json\/wp\/v2\/media\/16129"}],"wp:attachment":[{"href":"https:\/\/forzini.com\/pl\/wp-json\/wp\/v2\/media?parent=16141"}],"wp:term":[{"taxonomy":"product_brand","embeddable":true,"href":"https:\/\/forzini.com\/pl\/wp-json\/wp\/v2\/product_brand?post=16141"},{"taxonomy":"product_cat","embeddable":true,"href":"https:\/\/forzini.com\/pl\/wp-json\/wp\/v2\/product_cat?post=16141"},{"taxonomy":"product_tag","embeddable":true,"href":"https:\/\/forzini.com\/pl\/wp-json\/wp\/v2\/product_tag?post=16141"}],"curies":[{"name":"wp","href":"https:\/\/api.w.org\/{rel}","templated":true}]}}