{"id":16077,"date":"2024-03-18T16:23:22","date_gmt":"2024-03-18T15:23:22","guid":{"rendered":"https:\/\/forzini.com\/producto\/lavabo-rustico-de-onix-portunus\/"},"modified":"2025-09-14T22:42:18","modified_gmt":"2025-09-14T20:42:18","slug":"umywalka-z-kamienia-prostokatna-onyks","status":"publish","type":"product","link":"https:\/\/forzini.com\/pl\/producto\/umywalka-z-kamienia-prostokatna-onyks\/","title":{"rendered":"Prostok\u0105tna umywalka z kamienia onyks"},"content":{"rendered":"<h2>Prostok\u0105tna umywalka z kamienia onyks &#8222;Portunus&#8221;<\/h2>\n<p>Wykonana r\u0119cznie w innowacyjnym stylu, prostok\u0105tna umywalka z kamienia onyks o rustykalnym charakterze pobudza wyobra\u017ani\u0119. \u0141\u0105cz\u0105c wsp\u00f3\u0142czesn\u0105 estetyk\u0119 z tradycyjnymi technikami obr\u00f3bki kamienia, ta umywalka z kamienia zosta\u0142a wyrze\u017abiona z luksusowego i autentycznego zielonego onyksu. Ka\u017cda krzywizna i ka\u017cdy kontur zosta\u0142y uformowane przez do\u015bwiadczonych rzemie\u015blnik\u00f3w, tworz\u0105c doskona\u0142e po\u0142\u0105czenie nowoczesno\u015bci i tradycji. Wypolerowana do perfekcji, ta umywalka z kamienia onyks jest prawdziwym arcydzie\u0142em, kt\u00f3re dodaje \u0142azience wyrafinowania i uroku.<\/p>\n<p><strong>Galaxy Green Onyx:<\/strong> Jasnozielone t\u0142o, pi\u0119knie podkre\u015blone bia\u0142ymi falami, przeplatane br\u0105zowymi \u017cy\u0142kami w odcieniach z\u0142ocistego br\u0105zu, ziemistego br\u0105zu i czerwieni. Wydobywana w bardzo ma\u0142ych ilo\u015bciach, ta odmiana jest niezwykle ekskluzywna i wysoce przezroczysta.<\/p>\n<p>Nasz ekskluzywny <strong>Onyks Zielony Galaxy<\/strong> ceniony jest za swoj\u0105 rzadko\u015b\u0107 i zachwycaj\u0105cy wygl\u0105d. Jego zielony odcie\u0144, niczym delikatny dotyk koloru, splata si\u0119 z \u017cy\u0142kami w kolorze z\u0142ocistego br\u0105zu i akcentami w odcieniach czerwieni. Ten kamie\u0144 urzeka unikalnym artyzmem. Jego przezroczysto\u015b\u0107 to prawdziwy cud natury \u2013 pozwala \u015bwiat\u0142u kaskadowo przenika\u0107 przez form\u0119, roz\u015bwietlaj\u0105c g\u0142\u0119bi\u0119 pi\u0119kna i ukazuj\u0105c misterny taniec barw wewn\u0105trz. To po\u0142\u0105czenie koloru i przezroczysto\u015bci wyst\u0119puje niezwykle rzadko z powodu ograniczonej dost\u0119pno\u015bci w naturze, co czyni ten onyks poszukiwanym skarbem. Odkrywanie tych rzadkich kamieni i tworzenie z nich unikalnych, r\u0119cznie wykonanych dzie\u0142 dla naszych cenionych klient\u00f3w nape\u0142nia nas ogromn\u0105 rado\u015bci\u0105.<\/p>\n<p><a href=\"https:\/\/forzini.com\/pl\/materialy\/\" target=\"_blank\" rel=\"noopener\">Poznaj nasz\u0105 kolekcj\u0119 marmur\u00f3w i onyks\u00f3w, korzystaj\u0105c z tego linku: <strong>Materia\u0142y<\/strong><\/a><\/p>\n<h3><strong>Cechy wyr\u00f3\u017cniaj\u0105ce:<\/strong><\/h3>\n<ul>\n<li>\n<h3><strong>Monta\u017c:<\/strong> Nablatowy.<\/h3>\n<\/li>\n<li>\n<h3><strong>\u015arednica otworu odp\u0142ywowego:<\/strong> 4,5 cm (standard europejski).<\/h3>\n<\/li>\n<li>\n<h3><strong>Rodzaj kompatybilnego odp\u0142ywu:<\/strong> Uniwersalny zaw\u00f3r (nie w zestawie), bez przelewu.<\/h3>\n<\/li>\n<li>\n<h3><strong>Rodzaj kompatybilnej baterii:<\/strong> Nablatowa lub \u015bcienna (nie w zestawie).<\/h3>\n<\/li>\n<li>\n<h3><strong>Nie zawiera: Syfonu, zaworu odp\u0142ywowego, baterii.<\/strong><\/h3>\n<\/li>\n<\/ul>\n<p>&nbsp;<\/p>\n","protected":false},"excerpt":{"rendered":"<h1>Prostok\u0105tna umywalka z kamienia<\/h1>\n<p>Dzi\u0119ki swojemu wykwintnemu, prostok\u0105tnemu designowi jest luksusowym arcydzie\u0142em, kt\u00f3re doskonale sprawdzi si\u0119 w du\u017cych i ma\u0142ych, stylowych \u0142azienkach. Nasza umywalka z onyksu zosta\u0142a wyrze\u017abiona z litego kamienia, oferuj\u0105c idealne po\u0142\u0105czenie elegancji i solidno\u015bci. Ma w sobie rustykalny urok, kt\u00f3ry potrafi przekaza\u0107 jedynie autentyczny onyks, a jego bogate i wspania\u0142e \u017cy\u0142kowanie tworzy niczym zaczarowany las unikalnych wzor\u00f3w.<\/p>\n","protected":false},"featured_media":16062,"comment_status":"closed","ping_status":"closed","template":"","meta":{"_acf_changed":false,"_joinchat":[]},"product_brand":[],"product_cat":[311,336],"product_tag":[325],"class_list":{"0":"post-16077","1":"product","2":"type-product","3":"status-publish","4":"has-post-thumbnail","6":"product_cat-umywalki","7":"product_cat-umywalki-onyksu","8":"product_tag-onyks","10":"first","11":"outofstock","12":"sale","13":"featured","14":"shipping-taxable","15":"purchasable","16":"product-type-simple"},"acf":[],"_links":{"self":[{"href":"https:\/\/forzini.com\/pl\/wp-json\/wp\/v2\/product\/16077","targetHints":{"allow":["GET"]}}],"collection":[{"href":"https:\/\/forzini.com\/pl\/wp-json\/wp\/v2\/product"}],"about":[{"href":"https:\/\/forzini.com\/pl\/wp-json\/wp\/v2\/types\/product"}],"replies":[{"embeddable":true,"href":"https:\/\/forzini.com\/pl\/wp-json\/wp\/v2\/comments?post=16077"}],"version-history":[{"count":0,"href":"https:\/\/forzini.com\/pl\/wp-json\/wp\/v2\/product\/16077\/revisions"}],"wp:featuredmedia":[{"embeddable":true,"href":"https:\/\/forzini.com\/pl\/wp-json\/wp\/v2\/media\/16062"}],"wp:attachment":[{"href":"https:\/\/forzini.com\/pl\/wp-json\/wp\/v2\/media?parent=16077"}],"wp:term":[{"taxonomy":"product_brand","embeddable":true,"href":"https:\/\/forzini.com\/pl\/wp-json\/wp\/v2\/product_brand?post=16077"},{"taxonomy":"product_cat","embeddable":true,"href":"https:\/\/forzini.com\/pl\/wp-json\/wp\/v2\/product_cat?post=16077"},{"taxonomy":"product_tag","embeddable":true,"href":"https:\/\/forzini.com\/pl\/wp-json\/wp\/v2\/product_tag?post=16077"}],"curies":[{"name":"wp","href":"https:\/\/api.w.org\/{rel}","templated":true}]}}