{"id":16004,"date":"2024-06-05T18:19:44","date_gmt":"2024-06-05T16:19:44","guid":{"rendered":"https:\/\/forzini.com\/producto\/lavabo-de-onix\/"},"modified":"2025-09-14T16:26:34","modified_gmt":"2025-09-14T14:26:34","slug":"umywalka-z-kamienia-okragla-onyks","status":"publish","type":"product","link":"https:\/\/forzini.com\/pl\/producto\/umywalka-z-kamienia-okragla-onyks\/","title":{"rendered":"Bia\u0142a umywalka z kamienia onyks okr\u0105g\u0142a nablatowa"},"content":{"rendered":"<h2>Bia\u0142a umywalka z kamienia onyks &#8222;Saturn&#8221;<\/h2>\n<p>Ta bia\u0142a, r\u0119cznie wykonana umywalka z onyksu o niepor\u00f3wnywalnym pi\u0119knie dodaje splendoru i stylu ka\u017cdej \u0142azience. Ka\u017cda umywalka z bia\u0142ego onyksu jest starannie rze\u017abiona w kszta\u0142cie ko\u0142a z naturalnej ska\u0142y, przy u\u017cyciu tradycyjnych technik rzemie\u015blniczych, kt\u00f3re nadaj\u0105 wn\u0119trzu elegancki i nowoczesny charakter.<\/p>\n<p>Nasze kolekcje luksusowych umywalek z kamienia obejmuj\u0105 najwy\u017cszej jako\u015bci autentyczny onyks, wyr\u00f3\u017cniaj\u0105cy si\u0119 unikalnymi wzorami, bogat\u0105 palet\u0105 barw i fascynuj\u0105cymi uk\u0142adami \u017cy\u0142, b\u0119d\u0105cymi ho\u0142dem dla sztuki natury. Okr\u0105g\u0142y kszta\u0142t umywalki podkre\u015bla pi\u0119kno naturalnego onyksu, a jej g\u0142adka, ob\u0142a powierzchnia uwydatnia bogate i misternie u\u0142o\u017cone wzory oraz p\u00f3\u0142przezroczyste w\u0142a\u015bciwo\u015bci kamienia, tworz\u0105c urzekaj\u0105cy efekt wizualny.<\/p>\n<p>Ka\u017cda onyksowa umywalka kamienna jest \u015bwiadectwem mistrzowskiego rzemios\u0142a \u2013 z krzywiznami i konturami wypolerowanymi do perfekcji. Gra \u015bwiat\u0142a na naturalnych \u017cy\u0142ach i l\u015bni\u0105ce wyko\u0144czenie pot\u0119guj\u0105 jej luksusowy charakter, czyni\u0105c z niej centralny punkt ka\u017cdej \u0142azienki. Ka\u017cdy egzemplarz jest unikalnym dowodem ponadczasowego uroku i doskona\u0142o\u015bci r\u0119cznie wykonywanych umywalek z kamienia.<\/p>\n<p><strong>Golden Dune Onyks:<\/strong> Jej bia\u0142e t\u0142o jest niczym spokojne p\u0142\u00f3tno, delikatnie zdobione mi\u0119kkimi ob\u0142okami unosz\u0105cymi si\u0119 nad powierzchni\u0105. Kremowe cienie i z\u0142ote, karmelowe, br\u0105zowe, koniakowe oraz czerwonawe \u017cy\u0142y tworz\u0105 wyj\u0105tkowy rysunek. Ten szczeg\u00f3lny bia\u0142y onyks jest rzadkim znaleziskiem, dost\u0119pnym jedynie w bardzo ograniczonych ilo\u015bciach.<\/p>\n<p>Czy wiesz, \u017ce nasz bia\u0142y Golden Dune Onyks to jedna z najrzadszych i najbardziej po\u017c\u0105danych odmian? Jeste\u015bmy dumni, \u017ce mo\u017cemy zaoferowa\u0107 tak wyj\u0105tkowy skarb, osobi\u015bcie wybrany ze wzgl\u0119du na swoje niezr\u00f3wnane pi\u0119kno. Ta niezwyk\u0142a kamienna per\u0142a zachwyca swoj\u0105 subteln\u0105 urod\u0105, czyni\u0105c j\u0105 prawdziwym klejnotem.<\/p>\n<p>Powstanie tych unikalnych \u017cy\u0142 wymaga specyficznych warunk\u00f3w geologicznych. Przez miliony lat roztwory bogate w krzemionk\u0119 osadza\u0142y si\u0119 w skalnych pustkach, a podczas krystalizacji domieszki takie jak \u017celazo i mangan tworzy\u0142y charakterystyczne z\u0142ote \u017cy\u0142y. Wspania\u0142a gra kolor\u00f3w rozci\u0105ga si\u0119 od delikatnej bieli po wyraziste odcienie z\u0142ota, cynamonu i koniaku.<\/p>\n<p>Opr\u00f3cz swojej rzadko\u015bci, bia\u0142y onyks Golden Dune wydobywany jest w okre\u015blonym regionie Azji Po\u0142udniowej, kt\u00f3rego unikalne \u015brodowisko geologiczne jest kluczowe dla powstania tego niezwyk\u0142ego kamienia. Ka\u017cdy egzemplarz opowiada w\u0142asn\u0105 histori\u0119, uchwytuj\u0105c esencj\u0119 odleg\u0142ych pusty\u0144 i fascynuj\u0105cy blask zachod\u00f3w s\u0142o\u0144ca. Ten wyj\u0105tkowy onyks to rzadka ska\u0142a, kt\u00f3ra urzeka swoj\u0105 ol\u015bniewaj\u0105c\u0105 urod\u0105.<\/p>\n<p>&nbsp;<\/p>\n<p><a href=\"https:\/\/forzini.com\/pl\/materialy\/\" target=\"_blank\" rel=\"noopener\">Poznaj nasz\u0105 kolekcj\u0119 marmur\u00f3w i onyks\u00f3w, korzystaj\u0105c z tego linku: <strong>Materia\u0142y<\/strong><\/a><\/p>\n<h3><strong>Cechy wyr\u00f3\u017cniaj\u0105ce:<\/strong><\/h3>\n<ul>\n<li>\n<h3><strong>Monta\u017c:<\/strong> Nablatowy.<\/h3>\n<\/li>\n<li>\n<h3><strong>\u015arednica otworu odp\u0142ywowego:<\/strong> 4,5 cm (standard europejski).<\/h3>\n<\/li>\n<li>\n<h3><strong>Rodzaj kompatybilnego odp\u0142ywu:<\/strong> Uniwersalny zaw\u00f3r (nie w zestawie), bez przelewu.<\/h3>\n<\/li>\n<li>\n<h3><strong>Rodzaj kompatybilnej baterii:<\/strong> Nablatowa lub \u015bcienna (nie w zestawie).<\/h3>\n<\/li>\n<li>\n<h3><strong>Nie zawiera: Syfonu, zaworu odp\u0142ywowego, baterii.<\/strong><\/h3>\n<\/li>\n<\/ul>\n<p>&nbsp;<\/p>\n","protected":false},"excerpt":{"rendered":"<h1>Bia\u0142a umywalka z kamienia onyks<\/h1>\n<p>Elegancja i presti\u017c charakteryzuj\u0105 nasz\u0105 bia\u0142\u0105 umywalk\u0119 z onyksu nablatow\u0105 \u2013 r\u0119cznie wykonan\u0105, kt\u00f3ra dodaje blasku nowoczesnym \u0142azienkom. Ten model uciele\u015bnia wyrafinowany styl i innowacj\u0119 w aran\u017cacji wn\u0119trz, idealny dla os\u00f3b ceni\u0105cych wyj\u0105tkow\u0105 jako\u015b\u0107 i efektown\u0105 estetyk\u0119. Jego obecno\u015b\u0107 czyni umywalk\u0119 centralnym punktem pomieszczenia, oferuj\u0105c ekskluzywne wra\u017cenia u\u017cytkowe i unikalny akcent wyrafinowania w ka\u017cdej \u0142azience<\/p>\n","protected":false},"featured_media":15982,"comment_status":"closed","ping_status":"closed","template":"","meta":{"_acf_changed":false,"_joinchat":[]},"product_brand":[],"product_cat":[311,336],"product_tag":[325],"class_list":{"0":"post-16004","1":"product","2":"type-product","3":"status-publish","4":"has-post-thumbnail","6":"product_cat-umywalki","7":"product_cat-umywalki-onyksu","8":"product_tag-onyks","10":"first","11":"outofstock","12":"sale","13":"featured","14":"shipping-taxable","15":"purchasable","16":"product-type-simple"},"acf":[],"_links":{"self":[{"href":"https:\/\/forzini.com\/pl\/wp-json\/wp\/v2\/product\/16004","targetHints":{"allow":["GET"]}}],"collection":[{"href":"https:\/\/forzini.com\/pl\/wp-json\/wp\/v2\/product"}],"about":[{"href":"https:\/\/forzini.com\/pl\/wp-json\/wp\/v2\/types\/product"}],"replies":[{"embeddable":true,"href":"https:\/\/forzini.com\/pl\/wp-json\/wp\/v2\/comments?post=16004"}],"version-history":[{"count":0,"href":"https:\/\/forzini.com\/pl\/wp-json\/wp\/v2\/product\/16004\/revisions"}],"wp:featuredmedia":[{"embeddable":true,"href":"https:\/\/forzini.com\/pl\/wp-json\/wp\/v2\/media\/15982"}],"wp:attachment":[{"href":"https:\/\/forzini.com\/pl\/wp-json\/wp\/v2\/media?parent=16004"}],"wp:term":[{"taxonomy":"product_brand","embeddable":true,"href":"https:\/\/forzini.com\/pl\/wp-json\/wp\/v2\/product_brand?post=16004"},{"taxonomy":"product_cat","embeddable":true,"href":"https:\/\/forzini.com\/pl\/wp-json\/wp\/v2\/product_cat?post=16004"},{"taxonomy":"product_tag","embeddable":true,"href":"https:\/\/forzini.com\/pl\/wp-json\/wp\/v2\/product_tag?post=16004"}],"curies":[{"name":"wp","href":"https:\/\/api.w.org\/{rel}","templated":true}]}}