{"id":15927,"date":"2024-06-29T22:07:19","date_gmt":"2024-06-29T20:07:19","guid":{"rendered":"https:\/\/forzini.com\/producto\/lavabo-marmol-sobre-encimera-minerva\/"},"modified":"2026-04-04T16:19:16","modified_gmt":"2026-04-04T14:19:16","slug":"umywalka-nablatowa-onyx-zielony-okragla","status":"publish","type":"product","link":"https:\/\/forzini.com\/pl\/producto\/umywalka-nablatowa-onyx-zielony-okragla\/","title":{"rendered":"Umywalka nablatowa z zielonego onyksu okr\u0105g\u0142a"},"content":{"rendered":"<h2><strong>Umywalka nablatowa z zielonego onyksu<\/strong><\/h2>\n<p>Ta okr\u0105g\u0142a <strong>umywalka nablatowa z zielonego onyksu<\/strong>, wykonana z najwy\u017cszej jako\u015bci kamienia naturalnego, wyr\u00f3\u017cnia si\u0119 ponadczasowym designem, klasycznym kszta\u0142tem misy oraz delikatnie polerowanym wyko\u0144czeniem, kt\u00f3re podkre\u015bla pe\u0142ni\u0119 uroku zielonego onyksu. Jej harmonijna, okr\u0105g\u0142a sylwetka wprowadza wizualn\u0105 r\u00f3wnowag\u0119 i spokojn\u0105 elegancj\u0119, zmieniaj\u0105c ka\u017cd\u0105 \u0142azienk\u0119 w przestrze\u0144 relaksu i stylu. Ka\u017cdy egzemplarz jest niepowtarzalny: naturalne \u017cy\u0142ki, odcienie i wzory onyksu sprawiaj\u0105, \u017ce codzienne rytua\u0142y staj\u0105 si\u0119 do\u015bwiadczeniem pe\u0142nym pi\u0119kna, spokoju i autentyczno\u015bci.<\/p>\n<p>Dzi\u0119ki okr\u0105g\u0142ej formie i uniwersalnemu wzornictwu ta umywalka nablatowa jest idealnym wyborem dla os\u00f3b poszukuj\u0105cych elementu dekoracyjnego, kt\u00f3ry \u0142\u0105czy funkcjonalno\u015b\u0107, trwa\u0142o\u015b\u0107 i wyrafinowan\u0105 estetyk\u0119. Delikatnie polerowane wn\u0119trze tworzy subtelny kontrast z naturaln\u0105 faktur\u0105 zewn\u0119trzn\u0105, osi\u0105gaj\u0105c doskona\u0142\u0105 r\u00f3wnowag\u0119 mi\u0119dzy tradycyjnym rzemios\u0142em a wsp\u00f3\u0142czesnym designem.<\/p>\n<p>Monta\u017c <strong>na blacie<\/strong> nie tylko optymalizuje przestrze\u0144, ale r\u00f3wnie\u017c dodaje eleganckiego akcentu, kt\u00f3ry podkre\u015bla charakter mebla \u0142azienkowego. Jej okr\u0105g\u0142y, ponadczasowy i harmonijny kszta\u0142t sprawia, \u017ce umywalka nigdy nie wychodzi z mody i pasuje niemal do ka\u017cdego stylu aran\u017cacji.<\/p>\n<p>Czysto\u015b\u0107 zielonego onyksu, jego g\u0142\u0119bia kolorystyczna i naturalny po\u0142ysk czyni\u0105 t\u0119 umywalk\u0119 wyj\u0105tkowo atrakcyjn\u0105 dla os\u00f3b poszukuj\u0105cych ekskluzywno\u015bci, charakteru i odrobiny naturalnego luksusu w swojej prywatnej przestrzeni.<\/p>\n<p>Ta umywalka doskonale komponuje si\u0119 ze stylami:<\/p>\n<ul>\n<li>klasyczny od\u015bwie\u017cony<\/li>\n<li>nowoczesny<\/li>\n<li>\u015br\u00f3dziemnomorski<\/li>\n<li>wabi\u2011sabi<\/li>\n<li>boho natural<\/li>\n<li>vintage<\/li>\n<li>organiczny<\/li>\n<li>tropikalny<\/li>\n<li>pop<\/li>\n<li>japandi<\/li>\n<li>zen natural<\/li>\n<li>wsp\u00f3\u0142czesny<\/li>\n<li>art d\u00e9co<\/li>\n<li>Hollywood glam<\/li>\n<li>maksymalistyczny<\/li>\n<li>awangardowy<\/li>\n<li>urban chic<\/li>\n<li>przej\u015bciowy<\/li>\n<li>eklektyczny<\/li>\n<li>neoklasyczny<\/li>\n<li>urban chic<\/li>\n<li>luxury chic<\/li>\n<\/ul>\n<p>To idealny wyb\u00f3r dla os\u00f3b, kt\u00f3re chc\u0105 wprowadzi\u0107 do swojej \u0142azienki autentyczny element designu wykonany z naturalnego kamienia, o rzemie\u015blniczym charakterze, kt\u00f3ry dodaje ciep\u0142a, wyj\u0105tkowo\u015bci i wyrazistej obecno\u015bci na blacie.<\/p>\n<div><\/div>\n<h2><strong>Amazonian Green Onyx \u2013 kamie\u0144 pe\u0142en \u017cycia i charakteru<\/strong><\/h2>\n<p>Amazonian Green Onyx to wyj\u0105tkowa odmiana wyr\u00f3\u017cniaj\u0105ca si\u0119 bogat\u0105 palet\u0105 zieleni: od g\u0142\u0119bokich, intensywnych ton\u00f3w po delikatne, jasne odcienie. Jego br\u0105zowe, czekoladowe, z\u0142ote i czerwonawe \u017cy\u0142ki przeplataj\u0105 si\u0119 w organiczny spos\u00f3b, tworz\u0105c naturalny rysunek przypominaj\u0105cy obraz malowany r\u0119k\u0105 natury. Ta kolorystyczna harmonia dodaje dynamiki, spokoju i egzotycznego akcentu, czyni\u0105c ka\u017cd\u0105 umywalk\u0119 unikatowym elementem designu.<\/p>\n<p>Zielony onyks jest szczeg\u00f3lnie ceniony w luksusowych wn\u0119trzach za zdolno\u015b\u0107 do pracy ze \u015bwiat\u0142em \u2014 nadaje przestrzeni \u015bwie\u017co\u015bci, harmonii i wyrafinowania. Polerowana powierzchnia subtelnie odbija \u015bwiat\u0142o, tworz\u0105c relaksuj\u0105c\u0105 i eleganck\u0105 atmosfer\u0119 w ka\u017cdej \u0142azience.<\/p>\n<p><a href=\"https:\/\/forzini.com\/pl\/materialy\/\" target=\"_blank\" rel=\"noopener\">Poznaj nasz\u0105 kolekcj\u0119 marmur\u00f3w i onyks\u00f3w, korzystaj\u0105c z tego linku: <strong>Materia\u0142y<\/strong><\/a><\/p>\n<div><\/div>\n<h2><strong>Trwa\u0142o\u015b\u0107 i \u0142atwa piel\u0119gnacja<\/strong><\/h2>\n<p>Naturalny onyks oferuje:<\/p>\n<ul>\n<li>wysok\u0105 odporno\u015b\u0107<\/li>\n<li>d\u0142ug\u0105 \u017cywotno\u015b\u0107<\/li>\n<li>ponadczasow\u0105 estetyk\u0119<\/li>\n<li>\u0142atw\u0105 piel\u0119gnacj\u0119<\/li>\n<\/ul>\n<p>Polerowana powierzchnia wewn\u0119trzna \u0142atwo si\u0119 czy\u015bci i zachowuje sw\u00f3j blask przez wiele lat. Przy podstawowej piel\u0119gnacji umywalka utrzyma sw\u00f3j nienaganny wygl\u0105d i naturaln\u0105 \u015bwietlisto\u015b\u0107.<\/p>\n<div>Zobacz nasz\u0105 pe\u0142n\u0105 kolekcj\u0119 <a href=\"https:\/\/forzini.com\/pl\/kategoria-produktu\/umywalki\/umywalki-onyksu\/\" target=\"_blank\" rel=\"noopener\">umywalek kamiennych<\/a> i znajd\u017a idealny design do swojej \u0142azienki.<\/div>\n<div><\/div>\n<h2><strong>Najwa\u017cniejsze cechy<\/strong><\/h2>\n<ul>\n<li><strong>Monta\u017c:<\/strong> Nablatowy<\/li>\n<li><strong>\u015arednica otworu odp\u0142ywowego:<\/strong> 4,5 cm (standard europejski)<\/li>\n<li><strong>Kompatybilny odp\u0142yw:<\/strong> Uniwersalny bez przelewu (nie w zestawie)<\/li>\n<li><strong>Kompatybilna bateria:<\/strong> Nablatowa lub \u015bcienna (nie w zestawie)<\/li>\n<li><strong>Nie zawiera:<\/strong> Syfonu, zaworu odp\u0142ywowego, baterii<\/li>\n<\/ul>\n<p>&nbsp;<\/p>\n<div><\/div>\n<h2><strong>FAQs<\/strong><\/h2>\n<h3><strong>1. Czy ta umywalka nadaje si\u0119 do mebli \u0142azienkowych?<\/strong><\/h3>\n<p>Tak, zosta\u0142a zaprojektowana specjalnie do monta\u017cu <strong>na blacie<\/strong> mebla \u0142azienkowego lub niezale\u017cnej powierzchni.<\/p>\n<h3><strong>2. Czy ka\u017cda umywalka z zielonego onyksu jest inna?<\/strong><\/h3>\n<p>Tak. Ka\u017cdy egzemplarz ma unikalne \u017cy\u0142ki, odcienie i naturalne r\u00f3\u017cnice, dzi\u0119ki czemu ka\u017cda umywalka jest jedyna w swoim rodzaju.<\/p>\n<h3><strong>3. Jak czy\u015bci\u0107 umywalk\u0119 z zielonego onyksu?<\/strong><\/h3>\n<p>Ciep\u0142\u0105 wod\u0105 i delikatnym myd\u0142em. Nale\u017cy unika\u0107 \u015brodk\u00f3w kwa\u015bnych i \u015bciernych, aby zachowa\u0107 po\u0142ysk i struktur\u0119 kamienia.<\/p>\n<h3><strong>4. Jaki odp\u0142yw i bateria s\u0105 kompatybilne?<\/strong><\/h3>\n<p>Model wsp\u00f3\u0142pracuje z <strong>uniwersalnym odp\u0142ywem bez przelewu<\/strong> i bateriami nablatowymi lub \u015bciennymi.<\/p>\n<h3><strong>5. Dlaczego warto wybra\u0107 umywalk\u0119 z zielonego onyksu?<\/strong><\/h3>\n<p>Zielony onyks zapewnia \u015bwie\u017co\u015b\u0107, g\u0142\u0119bi\u0119 koloru i elegancki styl. To kamie\u0144 p\u00f3\u0142szlachetny, kt\u00f3ry dodaje \u0142azience naturalnego luksusu.<\/p>\n<h3><strong>6. Czy onyks jest odporny na codzienne u\u017cytkowanie?<\/strong><\/h3>\n<p>Tak, pod warunkiem stosowania delikatnych \u015brodk\u00f3w czyszcz\u0105cych i osuszania powierzchni po u\u017cyciu.<\/p>\n<h3><strong>7. Czy realizujecie wysy\u0142k\u0119 mi\u0119dzynarodow\u0105?<\/strong><\/h3>\n<p>Tak, wysy\u0142amy nasze umywalki z kamienia naturalnego do ka\u017cdego kraju.<\/p>\n","protected":false},"excerpt":{"rendered":"<p>Elegancka <strong>umywalka nablatowa z zielonego onyksu<\/strong> podkre\u015bla charakter ka\u017cdej \u0142azienki. Naturalne \u017cy\u0142ki kamienia i okr\u0105g\u0142a forma tworz\u0105 efektowny akcent, kt\u00f3ry \u0142\u0105czy nowoczesny design z trwa\u0142o\u015bci\u0105 kamienia naturalnego. To idealny wyb\u00f3r dla os\u00f3b szukaj\u0105cych stylowego, funkcjonalnego i wyr\u00f3\u017cniaj\u0105cego si\u0119 elementu wyposa\u017cenia, kt\u00f3ry odmieni wygl\u0105d blatu i ca\u0142ej przestrzeni.<\/p>\n<h2><strong>Wymiary: \u015brednica 40 cm, Wysoko\u015b\u0107 15 cm<\/strong><\/h2>\n","protected":false},"featured_media":15911,"comment_status":"closed","ping_status":"closed","template":"","meta":{"_acf_changed":false,"_joinchat":[]},"product_brand":[],"product_cat":[311,336],"product_tag":[325,417],"class_list":{"0":"post-15927","1":"product","2":"type-product","3":"status-publish","4":"has-post-thumbnail","6":"product_cat-umywalki","7":"product_cat-umywalki-onyksu","8":"product_tag-onyks","9":"product_tag-umywalka-lazienkowa","11":"first","12":"instock","13":"sale","14":"featured","15":"shipping-taxable","16":"purchasable","17":"product-type-simple"},"acf":[],"_links":{"self":[{"href":"https:\/\/forzini.com\/pl\/wp-json\/wp\/v2\/product\/15927","targetHints":{"allow":["GET"]}}],"collection":[{"href":"https:\/\/forzini.com\/pl\/wp-json\/wp\/v2\/product"}],"about":[{"href":"https:\/\/forzini.com\/pl\/wp-json\/wp\/v2\/types\/product"}],"replies":[{"embeddable":true,"href":"https:\/\/forzini.com\/pl\/wp-json\/wp\/v2\/comments?post=15927"}],"version-history":[{"count":3,"href":"https:\/\/forzini.com\/pl\/wp-json\/wp\/v2\/product\/15927\/revisions"}],"predecessor-version":[{"id":23378,"href":"https:\/\/forzini.com\/pl\/wp-json\/wp\/v2\/product\/15927\/revisions\/23378"}],"wp:featuredmedia":[{"embeddable":true,"href":"https:\/\/forzini.com\/pl\/wp-json\/wp\/v2\/media\/15911"}],"wp:attachment":[{"href":"https:\/\/forzini.com\/pl\/wp-json\/wp\/v2\/media?parent=15927"}],"wp:term":[{"taxonomy":"product_brand","embeddable":true,"href":"https:\/\/forzini.com\/pl\/wp-json\/wp\/v2\/product_brand?post=15927"},{"taxonomy":"product_cat","embeddable":true,"href":"https:\/\/forzini.com\/pl\/wp-json\/wp\/v2\/product_cat?post=15927"},{"taxonomy":"product_tag","embeddable":true,"href":"https:\/\/forzini.com\/pl\/wp-json\/wp\/v2\/product_tag?post=15927"}],"curies":[{"name":"wp","href":"https:\/\/api.w.org\/{rel}","templated":true}]}}