{"id":15749,"date":"2024-07-01T16:27:26","date_gmt":"2024-07-01T14:27:26","guid":{"rendered":"https:\/\/forzini.com\/producto\/lavamanos-bano-marmol-nemesis\/"},"modified":"2026-03-04T19:33:30","modified_gmt":"2026-03-04T18:33:30","slug":"kamienna-umywalka-marmurowa-40cm","status":"publish","type":"product","link":"https:\/\/forzini.com\/pl\/producto\/kamienna-umywalka-marmurowa-40cm\/","title":{"rendered":"Kamienna umywalka marmurowa 40 cm okr\u0105g\u0142a"},"content":{"rendered":"<h2><strong>Kamienna umywalka marmurowa okr\u0105g\u0142a \u2013 naturalna elegancja do nowoczesnej \u0142azienki<\/strong><\/h2>\n<p>Kamienna umywalka marmurowa okr\u0105g\u0142a to znacznie wi\u0119cej ni\u017c element u\u017cytkowy \u2013 ca\u0142kowicie odmienia estetyk\u0119 \u0142azienki. Ju\u017c przy pierwszym spojrzeniu emanuje autentyczno\u015bci\u0105, solidno\u015bci\u0105 i naturalnym pi\u0119knem, kt\u00f3re mo\u017ce da\u0107 jedynie prawdziwy kamie\u0144. Jej obecno\u015b\u0107 wprowadza ciep\u0142\u0105, eleganck\u0105 atmosfer\u0119 i tworzy wyrazisty punkt centralny, idealnie pasuj\u0105cy do nowoczesnych wn\u0119trz. Naturalne r\u00f3\u017cnice w marmurze \u2014 jego \u017cy\u0142ki, odcienie i struktura \u2014 sprawiaj\u0105, \u017ce ka\u017cda umywalka jest niepowtarzalna i nadaje wn\u0119trzu wyj\u0105tkowy charakter.<\/p>\n<p>Zewn\u0119trzne \u015bcianki maj\u0105 r\u0119cznie wykonywane, chropowate wyko\u0144czenie, kt\u00f3re podkre\u015bla naturaln\u0105 faktur\u0119 marmuru i tworzy atrakcyjny kontrast z g\u0142adko wypolerowanym wn\u0119trzem. To po\u0142\u0105czenie dodaje g\u0142\u0119bi wizualnej i harmonijnie \u0142\u0105czy styl rustykalny z nowoczesnym. Okr\u0105g\u0142y kszta\u0142t i monta\u017c nablatowy sprawiaj\u0105, \u017ce umywalka doskonale pasuje do styl\u00f3w:<\/p>\n<ul>\n<li>nowoczesny<\/li>\n<li>przej\u015bciowy<\/li>\n<li>wsp\u00f3\u0142czesny<\/li>\n<li>minimalistyczny<\/li>\n<li>nordycki<\/li>\n<li>skandynawski<\/li>\n<li>japandi<\/li>\n<li>wabi\u2011sabi<\/li>\n<li>nadmorski<\/li>\n<li>boho<\/li>\n<li>kolonialny<\/li>\n<li>etniczny<\/li>\n<li>mid\u2011century<\/li>\n<\/ul>\n<div><\/div>\n<h2>Marmur Botticelli Classic \u2013 ciep\u0142y be\u017c i naturalne \u017cy\u0142kowanie<\/h2>\n<p><strong>Marmur Botticelli Classic<\/strong> wyr\u00f3\u017cnia si\u0119 ciep\u0142ym, be\u017cowym odcieniem, idealnym do tworzenia przytulnych i harmonijnych przestrzeni. Jasne tony dodaj\u0105 wn\u0119trzu lekko\u015bci, a br\u0105zowe i szarawe \u017cy\u0142ki, po\u0142\u0105czone z delikatnymi naturalnymi \u017c\u00f3\u0142tawymi cieniami, tworz\u0105 niezwykle efektowne wzory. Ta gra kolor\u00f3w i tekstur sprawia, \u017ce ka\u017cda umywalka ma wyj\u0105tkow\u0105, eleganck\u0105 prezencj\u0119.<\/p>\n<p><a href=\"https:\/\/forzini.com\/pl\/materialy\/\" target=\"_blank\" rel=\"noopener\">Poznaj nasz\u0105 kolekcj\u0119 marmur\u00f3w i onyks\u00f3w, korzystaj\u0105c z tego linku: <strong>Materia\u0142y<\/strong><\/a><\/p>\n<div><\/div>\n<h2>Trwa\u0142o\u015b\u0107 i \u0142atwa piel\u0119gnacja<\/h2>\n<p>Naturalny marmur oferuje:<\/p>\n<ul>\n<li>wysok\u0105 odporno\u015b\u0107<\/li>\n<li>d\u0142ug\u0105 \u017cywotno\u015b\u0107<\/li>\n<li>\u0142atwe czyszczenie<\/li>\n<li>ponadczasow\u0105 estetyk\u0119<\/li>\n<\/ul>\n<p>Wypolerowane wn\u0119trze jest g\u0142adkie i przyjemne w dotyku, a chropowata powierzchnia zewn\u0119trzna zachowuje autentyczny charakter kamienia. Przy podstawowej piel\u0119gnacji umywalka zachowuje swoje pi\u0119kno przez wiele lat.<\/p>\n<div><\/div>\n<h2>Najwa\u017cniejsze cechy<\/h2>\n<ul>\n<li><strong>Monta\u017c:<\/strong> Nablatowy<\/li>\n<li><strong>\u015arednica otworu odp\u0142ywowego:<\/strong> 4,5 cm (standard europejski)<\/li>\n<li><strong>Kompatybilny odp\u0142yw:<\/strong> Uniwersalny bez przelewu (nie do\u0142\u0105czony)<\/li>\n<li><strong>Kompatybilna bateria:<\/strong> Nablatowa lub \u015bcienna (nie do\u0142\u0105czona)<\/li>\n<li><strong>Zestaw nie zawiera:<\/strong> Syfonu, zaworu odp\u0142ywowego, baterii<\/li>\n<\/ul>\n<div><\/div>\n<h2>FAQs<\/h2>\n<h3>1. Jak czy\u015bci\u0107 umywalk\u0119 z naturalnego marmuru?<\/h3>\n<p>U\u017cywaj ciep\u0142ej wody i delikatnego myd\u0142a. Unikaj \u015brodk\u00f3w kwa\u015bnych i \u015bciernych, aby chroni\u0107 powierzchni\u0119. Przy wyko\u0144czeniu polerowanym warto osuszy\u0107 umywalk\u0119 mi\u0119kk\u0105 \u015bciereczk\u0105, aby zachowa\u0107 naturalny po\u0142ysk.<\/p>\n<h3>2. Czy ka\u017cda marmurowa umywalka jest naprawd\u0119 unikatowa?<\/h3>\n<p>Tak. Ka\u017cda umywalka jest rze\u017abiona z naturalnego bloku marmuru, dlatego \u017cy\u0142kowanie, odcienie i struktura r\u00f3\u017cni\u0105 si\u0119 w spos\u00f3b naturalny. Otrzymujesz jedyny w swoim rodzaju produkt z w\u0142asnym charakterem.<\/p>\n<h3>3. Jaki odp\u0142yw i bateria pasuj\u0105 do tej umywalki?<\/h3>\n<p>Model wymaga uniwersalnego odp\u0142ywu bez przelewu i jest kompatybilny zar\u00f3wno z bateriami nablatowymi, jak i \u015bciennymi, co u\u0142atwia dopasowanie do r\u00f3\u017cnych aran\u017cacji \u0142azienki.<\/p>\n<h3>4. Do jakich styl\u00f3w \u0142azienek pasuje ta umywalka?<\/h3>\n<p>\u015awietnie komponuje si\u0119 z \u0142azienkami nowoczesnymi, \u015br\u00f3dziemnomorskimi, industrialnymi, rustykalnymi, minimalistycznymi i wsp\u00f3\u0142czesnymi. R\u0119czne wyko\u0144czenie nadaje jej wyj\u0105tkow\u0105, eleganck\u0105 obecno\u015b\u0107.<\/p>\n<h3>5. Dlaczego warto wybra\u0107 umywalk\u0119 z naturalnego kamienia?<\/h3>\n<p>Naturalny kamie\u0144 zapewnia wyj\u0105tkowo\u015b\u0107, trwa\u0142o\u015b\u0107 i estetyk\u0119, kt\u00f3rej nie da si\u0119 odtworzy\u0107 przemys\u0142owo. Jego pi\u0119kno i niepowtarzalno\u015b\u0107 czyni\u0105 go wyj\u0105tkowym elementem dekoracyjnym.<\/p>\n<h3>6. Czy realizujecie wysy\u0142k\u0119 mi\u0119dzynarodow\u0105?<\/h3>\n<p>Tak, wysy\u0142amy do ka\u017cdego kraju, aby nasze umywalki z naturalnego kamienia mog\u0142y trafi\u0107 do klient\u00f3w na ca\u0142ym \u015bwiecie.<\/p>\n","protected":false},"excerpt":{"rendered":"<p>R\u0119cznie wykonany, ten marmurowy zlew o okr\u0105g\u0142ym kszta\u0142cie jest idealny do monta\u017cu na blacie szafki \u0142azienkowej. R\u0119cznie rze\u017abione zewn\u0119trzne \u015bciany nadaj\u0105 mu wyj\u0105tkowego uroku, uzupe\u0142nione starannie wyko\u0144czonymi kraw\u0119dziami o eleganckim wygl\u0105dzie. Ta doskona\u0142a mieszanka klasycznej i wsp\u00f3\u0142czesnej estetyki sprawia, \u017ce zlew staje si\u0119 wszechstronnym elementem centralnym w ka\u017cdej \u0142azience.<\/p>\n<h2><strong>Wymiary: \u015brednica 40 cm, Wysoko\u015b\u0107 15 cm<\/strong><\/h2>\n","protected":false},"featured_media":15735,"comment_status":"closed","ping_status":"closed","template":"","meta":{"_acf_changed":false,"_joinchat":[]},"product_brand":[],"product_cat":[311,344],"product_tag":[320,417],"class_list":{"0":"post-15749","1":"product","2":"type-product","3":"status-publish","4":"has-post-thumbnail","6":"product_cat-umywalki","7":"product_cat-umywalki-marmurowe","8":"product_tag-marmur","9":"product_tag-umywalka-lazienkowa","11":"first","12":"instock","13":"sale","14":"featured","15":"shipping-taxable","16":"purchasable","17":"product-type-simple"},"acf":[],"_links":{"self":[{"href":"https:\/\/forzini.com\/pl\/wp-json\/wp\/v2\/product\/15749","targetHints":{"allow":["GET"]}}],"collection":[{"href":"https:\/\/forzini.com\/pl\/wp-json\/wp\/v2\/product"}],"about":[{"href":"https:\/\/forzini.com\/pl\/wp-json\/wp\/v2\/types\/product"}],"replies":[{"embeddable":true,"href":"https:\/\/forzini.com\/pl\/wp-json\/wp\/v2\/comments?post=15749"}],"version-history":[{"count":3,"href":"https:\/\/forzini.com\/pl\/wp-json\/wp\/v2\/product\/15749\/revisions"}],"predecessor-version":[{"id":23329,"href":"https:\/\/forzini.com\/pl\/wp-json\/wp\/v2\/product\/15749\/revisions\/23329"}],"wp:featuredmedia":[{"embeddable":true,"href":"https:\/\/forzini.com\/pl\/wp-json\/wp\/v2\/media\/15735"}],"wp:attachment":[{"href":"https:\/\/forzini.com\/pl\/wp-json\/wp\/v2\/media?parent=15749"}],"wp:term":[{"taxonomy":"product_brand","embeddable":true,"href":"https:\/\/forzini.com\/pl\/wp-json\/wp\/v2\/product_brand?post=15749"},{"taxonomy":"product_cat","embeddable":true,"href":"https:\/\/forzini.com\/pl\/wp-json\/wp\/v2\/product_cat?post=15749"},{"taxonomy":"product_tag","embeddable":true,"href":"https:\/\/forzini.com\/pl\/wp-json\/wp\/v2\/product_tag?post=15749"}],"curies":[{"name":"wp","href":"https:\/\/api.w.org\/{rel}","templated":true}]}}