{"id":15673,"date":"2024-08-09T21:03:25","date_gmt":"2024-08-09T19:03:25","guid":{"rendered":"https:\/\/forzini.com\/producto\/lavabo-marmol-rosa\/"},"modified":"2026-04-22T11:28:00","modified_gmt":"2026-04-22T09:28:00","slug":"umywalka-kamienna-onyks-rozowy","status":"publish","type":"product","link":"https:\/\/forzini.com\/pl\/producto\/umywalka-kamienna-onyks-rozowy\/","title":{"rendered":"Umywalka kamienna z r\u00f3\u017cowego onyksu"},"content":{"rendered":"<h2><strong>Umywalka kamienna z r\u00f3\u017cowego onyksu<\/strong><\/h2>\n<p>Ta <strong>umywalka kamienna z r\u00f3\u017cowego onyksu<\/strong> to element, kt\u00f3ry potrafi odmieni\u0107 ka\u017cde wn\u0119trze, nadaj\u0105c mu przytulno\u015bci i wyj\u0105tkowego uroku. Wykonana jest z niezwykle rzadkiej odmiany onyksu, znanej z naturalnego r\u00f3\u017cowego koloru oraz mi\u0119kkiego, \u015bwietlistego wygl\u0105du. Ka\u017cda umywalka ma unikalne \u017cy\u0142ki i subtelne odcienie, dzi\u0119ki czemu staje si\u0119 jedynym w swoim rodzaju akcentem nadaj\u0105cym przestrzeni charakter.<\/p>\n<p>Jej misowy kszta\u0142t, zaprojektowany do monta\u017cu na blacie, wprowadza nowoczesny i dekoracyjny styl. Doskonale prezentuje si\u0119 na szafce \u0142azienkowej lub na niezale\u017cnym blacie, tworz\u0105c elegancki i harmonijny punkt centralny. Polerowana powierzchnia podkre\u015bla kolor kamienia i delikatnie odbija \u015bwiat\u0142o, wprowadzaj\u0105c atmosfer\u0119 spokoju.<\/p>\n<p>Jedn\u0105 z najbardziej wyj\u0105tkowych cech tej umywalki jest jej <strong>naturalna przezroczysto\u015b\u0107<\/strong>. Pod wp\u0142ywem \u015bwiat\u0142a r\u00f3\u017cowy onyks ujawnia swoje wewn\u0119trzne warstwy w odcieniach r\u00f3\u017cu i bieli, tworz\u0105c subtelny efekt \u015bwietlny, kt\u00f3ry wnosi do wn\u0119trza harmoni\u0119 i ukojenie. To detal, kt\u00f3ry przemienia \u0142azienk\u0119 w bardziej eleganck\u0105 i przytuln\u0105 przestrze\u0144 z nut\u0105 ekskluzywno\u015bci.<\/p>\n<p>Ta umywalka doskonale pasuje do styl\u00f3w:<\/p>\n<ul>\n<li>minimalistyczny<\/li>\n<li>nowoczesny<\/li>\n<li>romantyczny<\/li>\n<li>awangardowy<\/li>\n<li>tradycyjny<\/li>\n<li>vintage<\/li>\n<li>organiczny<\/li>\n<li>pop<\/li>\n<li>kolonialny<\/li>\n<li>loft<\/li>\n<li>zen naturalny<\/li>\n<li>wsp\u00f3\u0142czesny<\/li>\n<li>art d\u00e9co<\/li>\n<li>Hollywood glam<\/li>\n<li>urban chic<\/li>\n<li>transitional<\/li>\n<li>eklektyczny<\/li>\n<li>neoklasyczny<\/li>\n<li>urban chic<\/li>\n<li>luxury chic<\/li>\n<\/ul>\n<p>Ta umywalka jest stworzona dla tych, kt\u00f3rzy pragn\u0105 czego\u015b naprawd\u0119 ekskluzywnego. Wyrze\u017abiona z autentycznego, niezwykle rzadkiego r\u00f3\u017cowego onyksu, oferuje unikatowo\u015b\u0107, jak\u0105 mo\u017ce stworzy\u0107 jedynie natura. Jej obecno\u015b\u0107 nadaje \u0142azience wyj\u0105tkowy charakter i odmienia przestrze\u0144 elegancj\u0105 wyczuwaln\u0105 od pierwszego spojrzenia.<\/p>\n<div><\/div>\n<h2><strong>Pink Cloud Onyx \u2013 kamie\u0144 o niezwyk\u0142ej urodzie i wyj\u0105tkowej rzadko\u015bci<\/strong><\/h2>\n<p><strong>Pink Cloud Onyx<\/strong> s\u0142ynie z czystego r\u00f3\u017cowego koloru oraz mi\u0119kkiego, \u015bwietlistego pi\u0119kna. Jego wewn\u0119trzne warstwy, formowane przez miliony lat, tworz\u0105 naturalny wz\u00f3r pe\u0142en g\u0142\u0119bi i harmonii. To kamie\u0144 ceniony za delikatny wygl\u0105d i koj\u0105ce wra\u017cenie, jakie wywo\u0142uje.<\/p>\n<p>Ten onyks jest szczeg\u00f3lnie warto\u015bciowy, poniewa\u017c zachowuje swoj\u0105 naturaln\u0105 urod\u0119: <strong>100% naturalny, bez barwnik\u00f3w i obr\u00f3bki<\/strong>, kt\u00f3re mog\u0142yby zmieni\u0107 jego kolor. Wybieramy wy\u0142\u0105cznie autentyczne bloki onyksu, selekcjonowane pojedynczo pod k\u0105tem czysto\u015bci i charakteru. Dzi\u0119ki temu ka\u017cda umywalka prezentuje prawdziwy odcie\u0144, niezwyk\u0142\u0105 przezroczysto\u015b\u0107 i jako\u015b\u0107, jak\u0105 mo\u017ce zaoferowa\u0107 jedynie wyj\u0105tkowy kamie\u0144 naturalny.<\/p>\n<p>Gdy \u015bwiat\u0142o przenika przez r\u00f3\u017cowy onyks, ods\u0142ania jego wewn\u0119trzne \u017cy\u0142ki i subtelne tonacje w spektakularny spos\u00f3b. To efekt, kt\u00f3ry dodaje magii i elegancji ka\u017cdej \u0142azience.<\/p>\n<p><a href=\"https:\/\/forzini.com\/pl\/materialy\/\" target=\"_blank\" rel=\"noopener\">Poznaj nasz\u0105 kolekcj\u0119 marmur\u00f3w i onyks\u00f3w, korzystaj\u0105c z tego linku: <strong>Materia\u0142y<\/strong><\/a><\/p>\n<div><\/div>\n<h2><strong>Trwa\u0142o\u015b\u0107 i \u0142atwa piel\u0119gnacja<\/strong><\/h2>\n<p>Naturalny onyks oferuje:<\/p>\n<ul>\n<li>wysok\u0105 odporno\u015b\u0107<\/li>\n<li>d\u0142ug\u0105 \u017cywotno\u015b\u0107<\/li>\n<li>ponadczasow\u0105 estetyk\u0119<\/li>\n<li>\u0142atw\u0105 piel\u0119gnacj\u0119<\/li>\n<\/ul>\n<p>Delikatnie polerowana powierzchnia u\u0142atwia codzienne czyszczenie i pomaga zachowa\u0107 blask oraz \u015bwietlisto\u015b\u0107 materia\u0142u. Przy podstawowej piel\u0119gnacji \u2014 \u0142agodnym detergencie i osuszaniu po u\u017cyciu \u2014 umywalka zachowuje pi\u0119kno i funkcjonalno\u015b\u0107 przez wiele lat.<\/p>\n<p>Zobacz nasz\u0105 pe\u0142n\u0105 kolekcj\u0119 <a href=\"https:\/\/forzini.com\/pl\/kategoria-produktu\/umywalki\/umywalki-onyksu\/\" target=\"_blank\" rel=\"noopener\">umywalek kamiennych<\/a> i znajd\u017a idealny design do swojej \u0142azienki.<\/p>\n<div><\/div>\n<h2><strong>Najwa\u017cniejsze cechy<\/strong><\/h2>\n<ul>\n<li><strong>Monta\u017c:<\/strong> nablatowy<\/li>\n<li><strong>\u015arednica otworu odp\u0142ywowego:<\/strong> 4,5 cm (standard europejski)<\/li>\n<li><strong>Kompatybilny odp\u0142yw:<\/strong> uniwersalny bez przelewu (nie do\u0142\u0105czony)<\/li>\n<li><strong>Kompatybilna bateria:<\/strong> nablatowa lub \u015bcienna (nie do\u0142\u0105czona)<\/li>\n<li><strong>Nie zawiera:<\/strong> syfonu, zaworu odp\u0142ywowego, baterii<\/li>\n<\/ul>\n<div><\/div>\n<h2><strong>FAQ<\/strong><\/h2>\n<h3><strong>1. Jak czy\u015bci\u0107 umywalk\u0119 z r\u00f3\u017cowego onyksu?<\/strong><\/h3>\n<p>Ciep\u0142\u0105 wod\u0105 i delikatnym myd\u0142em. Unika\u0107 \u015brodk\u00f3w kwa\u015bnych i \u015bciernych. Osuszanie po u\u017cyciu pomaga zachowa\u0107 naturalny po\u0142ysk.<\/p>\n<h3><strong>2. Czy ka\u017cda umywalka z r\u00f3\u017cowego onyksu jest unikatowa?<\/strong><\/h3>\n<p>Tak. Ka\u017cdy egzemplarz ma inne \u017cy\u0142ki, odcienie i poziom przezroczysto\u015bci. Nie ma dw\u00f3ch identycznych umywalek.<\/p>\n<h3><strong>3. Czy mo\u017cna zamontowa\u0107 j\u0105 na szafce \u0142azienkowej?<\/strong><\/h3>\n<p>Tak. Jest przeznaczona do monta\u017cu na blacie mebla lub na niezale\u017cnej powierzchni.<\/p>\n<h3><strong>4. Jaki odp\u0142yw i jak\u0105 bateri\u0119 wybra\u0107?<\/strong><\/h3>\n<p>Pasuje uniwersalny odp\u0142yw bez przelewu oraz baterie nablatowe lub \u015bcienne. Wystarczy dobra\u0107 odpowiedni\u0105 wysoko\u015b\u0107.<\/p>\n<h3><strong>5. Czy onyks nadaje si\u0119 do codziennego u\u017cytku?<\/strong><\/h3>\n<p>Tak. Jest wytrzyma\u0142y i idealny do cz\u0119sto u\u017cywanych \u0142azienek, o ile nie stosuje si\u0119 agresywnych detergent\u00f3w.<\/p>\n<h3><strong>6. Do jakich styl\u00f3w \u0142azienek najlepiej pasuje?<\/strong><\/h3>\n<p>\u015awietnie komponuje si\u0119 z \u0142azienkami nowoczesnymi, minimalistycznymi, wsp\u00f3\u0142czesnymi, w stylu spa lub boutique hotel. Jego kolor dodaje wyj\u0105tkowego dekoracyjnego akcentu.<\/p>\n<h3><strong>7. Czy realizujecie mi\u0119dzynarodow\u0105 wysy\u0142k\u0119 umywalek z kamienia naturalnego?<\/strong><\/h3>\n<p>Tak, wysy\u0142amy do ka\u017cdego kraju, aby nasze umywalki z kamienia naturalnego mog\u0142y dotrze\u0107 do klient\u00f3w na ca\u0142ym \u015bwiecie.<\/p>\n","protected":false},"excerpt":{"rendered":"<p>Ta r\u0119cznie wykonana umywalka z kamienia naturalnego w r\u00f3\u017cowym onyksie wnosi do \u0142azienki mi\u0119kk\u0105, ciep\u0142\u0105 po\u015bwiat\u0119 i tworzy przyjazn\u0105, harmonijn\u0105 atmosfer\u0119. Delikatny odcie\u0144, w po\u0142\u0105czeniu z naturalnym u\u017cyleniem kamienia i jego p\u00f3\u0142przezroczyst\u0105 g\u0142\u0119bi\u0105, daje unikaln\u0105 gr\u0119 \u015bwiat\u0142a i koloru, zmieniaj\u0105c\u0105 si\u0119 wraz z o\u015bwietleniem w ci\u0105gu dnia.<\/p>\n<p>Forma inspirowana jest klasycznymi projektami umywalek nablatowych, lecz wykonana z materia\u0142u emanuj\u0105cego ekskluzywno\u015bci\u0105 i ponadczasowym urokiem. Ka\u017cda umywalka jest jedyna w swoim rodzaju \u2013 nie ma dw\u00f3ch identycznych fragment\u00f3w r\u00f3\u017cowego onyksu \u2013 a efekt to funkcjonalne dzie\u0142o sztuki, kt\u00f3re jest zar\u00f3wno praktyczne w codziennym u\u017cytkowaniu, jak i zachwycaj\u0105ce wizualnie.<\/p>\n<h2><strong>Wymiary:<\/strong> \u015brednica 40 cm, wysoko\u015b\u0107 15 cm.<\/h2>\n","protected":false},"featured_media":20761,"comment_status":"closed","ping_status":"closed","template":"","meta":{"_acf_changed":false,"_joinchat":[]},"product_brand":[],"product_cat":[311,336],"product_tag":[325,417],"class_list":{"0":"post-15673","1":"product","2":"type-product","3":"status-publish","4":"has-post-thumbnail","6":"product_cat-umywalki","7":"product_cat-umywalki-onyksu","8":"product_tag-onyks","9":"product_tag-umywalka-lazienkowa","11":"first","12":"onbackorder","13":"sale","14":"featured","15":"shipping-taxable","16":"purchasable","17":"product-type-simple"},"acf":[],"_links":{"self":[{"href":"https:\/\/forzini.com\/pl\/wp-json\/wp\/v2\/product\/15673","targetHints":{"allow":["GET"]}}],"collection":[{"href":"https:\/\/forzini.com\/pl\/wp-json\/wp\/v2\/product"}],"about":[{"href":"https:\/\/forzini.com\/pl\/wp-json\/wp\/v2\/types\/product"}],"replies":[{"embeddable":true,"href":"https:\/\/forzini.com\/pl\/wp-json\/wp\/v2\/comments?post=15673"}],"version-history":[{"count":2,"href":"https:\/\/forzini.com\/pl\/wp-json\/wp\/v2\/product\/15673\/revisions"}],"predecessor-version":[{"id":24978,"href":"https:\/\/forzini.com\/pl\/wp-json\/wp\/v2\/product\/15673\/revisions\/24978"}],"wp:featuredmedia":[{"embeddable":true,"href":"https:\/\/forzini.com\/pl\/wp-json\/wp\/v2\/media\/20761"}],"wp:attachment":[{"href":"https:\/\/forzini.com\/pl\/wp-json\/wp\/v2\/media?parent=15673"}],"wp:term":[{"taxonomy":"product_brand","embeddable":true,"href":"https:\/\/forzini.com\/pl\/wp-json\/wp\/v2\/product_brand?post=15673"},{"taxonomy":"product_cat","embeddable":true,"href":"https:\/\/forzini.com\/pl\/wp-json\/wp\/v2\/product_cat?post=15673"},{"taxonomy":"product_tag","embeddable":true,"href":"https:\/\/forzini.com\/pl\/wp-json\/wp\/v2\/product_tag?post=15673"}],"curies":[{"name":"wp","href":"https:\/\/api.w.org\/{rel}","templated":true}]}}