{"id":15649,"date":"2024-08-09T22:44:34","date_gmt":"2024-08-09T20:44:34","guid":{"rendered":"https:\/\/forzini.com\/producto\/lavabo-azul-marino\/"},"modified":"2026-04-11T20:25:31","modified_gmt":"2026-04-11T18:25:31","slug":"umywalka-z-kamienia-onyksowa-niebieska","status":"publish","type":"product","link":"https:\/\/forzini.com\/pl\/producto\/umywalka-z-kamienia-onyksowa-niebieska\/","title":{"rendered":"Umywalka z kamienia onyksowa niebieska"},"content":{"rendered":"<h2><strong>Umywalka z kamienia onyksowa \u2013 wyj\u0105tkowy akcent do eleganckiej \u0142azienki<\/strong><\/h2>\n<p>Ta <strong>umywalka z kamienia onyksowa<\/strong> zosta\u0142a stworzona z my\u015bl\u0105 o osobach, kt\u00f3re lubi\u0105 dba\u0107 o ka\u017cdy detal swojego domu i szukaj\u0105 element\u00f3w nios\u0105cych ze sob\u0105 co\u015b wyj\u0105tkowego. Ju\u017c przy pierwszym spojrzeniu jej g\u0142\u0119boki kolor i naturalne \u017cy\u0142kowanie przyci\u0105gaj\u0105 uwag\u0119, tworz\u0105c atmosfer\u0119 spokoju i wyrafinowania. To nie tylko pi\u0119kny element \u2013 ta umywalka odmienia przestrze\u0144 i nadaje \u0142azience niepowtarzalny charakter.<\/p>\n<p>Jej okr\u0105g\u0142y kszta\u0142t, idealny do monta\u017cu <strong>na blacie<\/strong>, zapewnia harmoni\u0119 i dopracowan\u0105 estetyk\u0119. Wypolerowana powierzchnia podkre\u015bla odcienie onyksu i daje przyjemne wra\u017cenie w dotyku, co docenia si\u0119 przy ka\u017cdym u\u017cyciu. To umywalka, kt\u00f3ra zach\u0119ca do traktowania \u0142azienki jako przestrzeni osobistej, intymnej i pe\u0142nej stylu.<\/p>\n<p>Ten model jest idealny dla os\u00f3b, kt\u00f3re chc\u0105 stworzy\u0107 \u0142azienk\u0119 z w\u0142asnym charakterem, gdzie ka\u017cdy element ma swoje znaczenie. Doskonale komponuje si\u0119 z drewnianymi meblami, kamiennymi blatami czy nowoczesnymi projektami, dodaj\u0105c wn\u0119trzu ekskluzywno\u015bci bez nadmiernego obci\u0105\u017cenia przestrzeni. Po\u0142\u0105czenie odcieni niebieskiego, szaro\u015bci i br\u0105zu tworzy elegancki kontrast pasuj\u0105cy do wielu styl\u00f3w aran\u017cacyjnych.<\/p>\n<p>Najbardziej wyj\u0105tkowe jest to, \u017ce ka\u017cda umywalka jest jedyna w swoim rodzaju. Nie istnieje druga o identycznym rysunku czy \u017cy\u0142kowaniu. Ta unikalno\u015b\u0107 sprawia, \u017ce zakup staje si\u0119 czym\u015b osobistym \u2013 niemal jak wyb\u00f3r dzie\u0142a sztuki do domu. To idealna propozycja dla os\u00f3b ceni\u0105cych autentyczno\u015b\u0107 naturalnych materia\u0142\u00f3w, kt\u00f3re \u0142\u0105cz\u0105 pi\u0119kno i trwa\u0142o\u015b\u0107.<\/p>\n<p>Ta umywalka doskonale pasuje do styl\u00f3w:<\/p>\n<ul>\n<li>klasyczny odnowiony<\/li>\n<li>nowoczesny<\/li>\n<li>\u015br\u00f3dziemnomorski<\/li>\n<li>wabi\u2011sabi<\/li>\n<li>boho naturalne<\/li>\n<li>vintage<\/li>\n<li>organiczny<\/li>\n<li>skandynawski<\/li>\n<li>japandi<\/li>\n<li>zen naturalny<\/li>\n<li>wsp\u00f3\u0142czesny organiczny<\/li>\n<li>art d\u00e9co<\/li>\n<li>Hollywood glam<\/li>\n<li>nadmorski naturalny<\/li>\n<li>urban chic<\/li>\n<li>transitional<\/li>\n<li>eklektyczny<\/li>\n<li>neoklasyczny<\/li>\n<li>luxury chic<\/li>\n<\/ul>\n<p>Ta umywalka przemienia \u0142azienk\u0119 w przestrze\u0144 ekskluzywn\u0105 i pe\u0142n\u0105 charakteru, \u0142\u0105cz\u0105c pi\u0119kno, funkcjonalno\u015b\u0107 i autentyczno\u015b\u0107 wyj\u0105tkowego kamienia naturalnego.<\/p>\n<div><\/div>\n<h2><strong>Onyks Blue Ocean \u2013 jedna z najbardziej ekskluzywnych odmian kamienia naturalnego<\/strong><\/h2>\n<p>Onyks Blue Ocean prezentuje palet\u0119 barw od g\u0142\u0119bokiego b\u0142\u0119kitu oceanu, przez ja\u015bniejszy granat, a\u017c po ciemn\u0105 szaro\u015b\u0107, wzbogacon\u0105 bia\u0142awymi smugami, z\u0142otobr\u0105zowymi \u017cy\u0142kami i \u017c\u00f3\u0142tymi refleksami. To po\u0142\u0105czenie tworzy spektakularne poczucie g\u0142\u0119bi i \u015bwietlisto\u015bci.<\/p>\n<p>Onyks niebieski jest jedn\u0105 z najrzadszych i najbardziej fascynuj\u0105cych odmian tego kamienia p\u00f3\u0142szlachetnego. Jego kolorystyka \u2013 od delikatnych, eterycznych ton\u00f3w po intensywne, g\u0142\u0119bokie barwy \u2013 sprawia, \u017ce jest wyj\u0105tkowo ceniony w \u015bwiecie designu i architektury. Jego powstawanie wymaga milion\u00f3w lat i specyficznych warunk\u00f3w geologicznych, co t\u0142umaczy jego rzadko\u015b\u0107 i wysok\u0105 warto\u015b\u0107.<\/p>\n<p>Ka\u017cdy blok onyksu niebieskiego ma skomplikowane \u017cy\u0142kowanie i niepowtarzalne wzory \u2013 gr\u0119 kolor\u00f3w i tekstur wyrze\u017abion\u0105 przez natur\u0119. Opr\u00f3cz walor\u00f3w dekoracyjnych przypisuje mu si\u0119 r\u00f3wnie\u017c w\u0142a\u015bciwo\u015bci energetyczne, takie jak wprowadzanie spokoju i harmonii do wn\u0119trz.<\/p>\n<p>W naszej kolekcji umywalek z onyksu wybieramy wy\u0142\u0105cznie najbardziej spektakularne kamienie \u2013 te, kt\u00f3re wyr\u00f3\u017cniaj\u0105 si\u0119 unikalno\u015bci\u0105 i si\u0142\u0105 wizualn\u0105. Ka\u017cda umywalka odzwierciedla nasze zaanga\u017cowanie w jako\u015b\u0107 i ekskluzywno\u015b\u0107, gwarantuj\u0105c produkt najwy\u017cszej klasy, kt\u00f3ry wnosi do \u0142azienki niepor\u00f3wnywalny luksus.<\/p>\n<p><a href=\"https:\/\/forzini.com\/pl\/materialy\/\" target=\"_blank\" rel=\"noopener\">Poznaj nasz\u0105 kolekcj\u0119 marmur\u00f3w i onyks\u00f3w, korzystaj\u0105c z tego linku: <strong>Materia\u0142y<\/strong><\/a><\/p>\n<div><\/div>\n<h2><strong>Trwa\u0142o\u015b\u0107 i \u0142atwa piel\u0119gnacja<\/strong><\/h2>\n<p>Naturalny onyks oferuje:<\/p>\n<ul>\n<li>wysok\u0105 odporno\u015b\u0107<\/li>\n<li>d\u0142ug\u0105 \u017cywotno\u015b\u0107<\/li>\n<li>ponadczasow\u0105 estetyk\u0119<\/li>\n<li>\u0142atw\u0105 piel\u0119gnacj\u0119<\/li>\n<\/ul>\n<p>Delikatnie wypolerowana powierzchnia u\u0142atwia codzienne czyszczenie i pomaga zachowa\u0107 blask oraz \u015bwietlisto\u015b\u0107 materia\u0142u. Przy podstawowej piel\u0119gnacji \u2014 delikatnym myciu i osuszaniu po u\u017cyciu \u2014 umywalka zachowuje swoje pi\u0119kno i funkcjonalno\u015b\u0107 przez wiele lat.<\/p>\n<p>Zobacz nasz\u0105 pe\u0142n\u0105 kolekcj\u0119 <a href=\"https:\/\/forzini.com\/pl\/kategoria-produktu\/umywalki\/umywalki-onyksu\/\" target=\"_blank\" rel=\"noopener\">umywalek kamiennych<\/a> i znajd\u017a idealny design do swojej \u0142azienki.<\/p>\n<div><\/div>\n<h2><strong>Najwa\u017cniejsze cechy<\/strong><\/h2>\n<ul>\n<li><strong>Monta\u017c:<\/strong> na blacie<\/li>\n<li><strong>\u015arednica otworu odp\u0142ywowego:<\/strong> 4,5 cm (standard europejski)<\/li>\n<li><strong>Kompatybilny odp\u0142yw:<\/strong> uniwersalny bez przelewu (nie w zestawie)<\/li>\n<li><strong>Kompatybilna bateria:<\/strong> nablatowa lub \u015bcienna (nie w zestawie)<\/li>\n<li><strong>Zestaw nie zawiera:<\/strong> syfonu, zaworu odp\u0142ywowego, baterii<\/li>\n<\/ul>\n<div><\/div>\n<h2><strong>FAQ<\/strong><\/h2>\n<h3><strong>1. Jak czy\u015bci\u0107 umywalk\u0119 z onyksu niebieskiego?<\/strong><\/h3>\n<p>Czy\u015b\u0107 j\u0105 ciep\u0142\u0105 wod\u0105 i delikatnym myd\u0142em. Unikaj \u015brodk\u00f3w kwa\u015bnych i \u015bciernych. Zaleca si\u0119 osuszanie powierzchni po ka\u017cdym u\u017cyciu, aby zachowa\u0107 naturalny po\u0142ysk i unikn\u0105\u0107 osad\u00f3w z kamienia.<\/p>\n<h3><strong>2. Czy ka\u017cda umywalka z onyksu niebieskiego jest naprawd\u0119 unikatowa?<\/strong><\/h3>\n<p>Tak. Onyks niebieski to bardzo rzadki kamie\u0144 naturalny o \u017cy\u0142kowaniu, przejrzysto\u015bci i odcieniach, kt\u00f3re nigdy si\u0119 nie powtarzaj\u0105. Ka\u017cda umywalka ma niepowtarzalny wz\u00f3r, co gwarantuje absolutn\u0105 wyj\u0105tkowo\u015b\u0107.<\/p>\n<h3><strong>3. Czy nadaje si\u0119 do monta\u017cu na meblu \u0142azienkowym?<\/strong><\/h3>\n<p>Tak. Ta umywalka zosta\u0142a zaprojektowana do monta\u017cu na blacie mebla \u0142azienkowego lub na osobnym blacie. Idealnie pasuje do mebli designerskich oraz blat\u00f3w z drewna, marmuru, granitu i innych materia\u0142\u00f3w wysokiej jako\u015bci.<\/p>\n<h3><strong>4. Jaki odp\u0142yw i jaka bateria s\u0105 kompatybilne?<\/strong><\/h3>\n<p>Model ten wykorzystuje uniwersalny odp\u0142yw bez przelewu i jest kompatybilny z bateriami nablatowymi oraz \u015bciennymi. Wystarczy upewni\u0107 si\u0119, \u017ce wysoko\u015b\u0107 baterii jest odpowiednia dla umywalki nablatowej.<\/p>\n<h3><strong>5. Czy wypolerowane wyko\u0144czenie u\u0142atwia czyszczenie?<\/strong><\/h3>\n<p>Tak. Wn\u0119trze umywalki jest ca\u0142kowicie g\u0142adkie i wypolerowane, co u\u0142atwia czyszczenie i zapobiega gromadzeniu si\u0119 zabrudze\u0144. Wystarczy delikatna, regularna piel\u0119gnacja, aby utrzyma\u0107 j\u0105 w idealnym stanie.<\/p>\n<h3><strong>6. Do jakich styl\u00f3w \u0142azienek najlepiej pasuje ta umywalka?<\/strong><\/h3>\n<p>Ta umywalka z kamienia onyksowa \u015bwietnie komponuje si\u0119 z \u0142azienkami nowoczesnymi, wsp\u00f3\u0142czesnymi, w stylu hotelowym, klasycznym odnowionym, a tak\u017ce z aran\u017cacjami eklektycznymi. Jej kolor i \u017cy\u0142kowanie czyni\u0105 j\u0105 wyrazistym akcentem w ka\u017cdym projekcie wn\u0119trzarskim.<\/p>\n<h3><strong>7. Czy realizujecie wysy\u0142k\u0119 mi\u0119dzynarodow\u0105 umywalek z kamienia naturalnego?<\/strong><\/h3>\n<p>Tak, wysy\u0142amy do ka\u017cdego kraju, aby nasze umywalki z kamienia naturalnego mog\u0142y dotrze\u0107 do klient\u00f3w na ca\u0142ym \u015bwiecie.<\/p>\n","protected":false},"excerpt":{"rendered":"<p>Elegancka <strong>umywalka z kamienia onyksowa<\/strong> to wyj\u0105tkowy akcent, kt\u00f3ry odmienia charakter ka\u017cdej \u0142azienki. Jej naturalne \u017cy\u0142kowanie, g\u0142\u0119bokie odcienie i r\u0119czne wyko\u0144czenie sprawiaj\u0105, \u017ce ka\u017cdy model jest niepowtarzalny. To po\u0142\u0105czenie luksusu, trwa\u0142o\u015bci i ponadczasowego designu, idealne do nowoczesnych i stylowych wn\u0119trz.<\/p>\n<h2><strong>Wymiary: \u015brednica 40 cm, Wysoko\u015b\u0107 15 cm<\/strong><\/h2>\n","protected":false},"featured_media":25283,"comment_status":"closed","ping_status":"closed","template":"","meta":{"_acf_changed":false,"_joinchat":[]},"product_brand":[],"product_cat":[311,336],"product_tag":[325,417],"class_list":{"0":"post-15649","1":"product","2":"type-product","3":"status-publish","4":"has-post-thumbnail","6":"product_cat-umywalki","7":"product_cat-umywalki-onyksu","8":"product_tag-onyks","9":"product_tag-umywalka-lazienkowa","11":"first","12":"instock","13":"sale","14":"featured","15":"shipping-taxable","16":"purchasable","17":"product-type-simple"},"acf":[],"_links":{"self":[{"href":"https:\/\/forzini.com\/pl\/wp-json\/wp\/v2\/product\/15649","targetHints":{"allow":["GET"]}}],"collection":[{"href":"https:\/\/forzini.com\/pl\/wp-json\/wp\/v2\/product"}],"about":[{"href":"https:\/\/forzini.com\/pl\/wp-json\/wp\/v2\/types\/product"}],"replies":[{"embeddable":true,"href":"https:\/\/forzini.com\/pl\/wp-json\/wp\/v2\/comments?post=15649"}],"version-history":[{"count":3,"href":"https:\/\/forzini.com\/pl\/wp-json\/wp\/v2\/product\/15649\/revisions"}],"predecessor-version":[{"id":24957,"href":"https:\/\/forzini.com\/pl\/wp-json\/wp\/v2\/product\/15649\/revisions\/24957"}],"wp:featuredmedia":[{"embeddable":true,"href":"https:\/\/forzini.com\/pl\/wp-json\/wp\/v2\/media\/25283"}],"wp:attachment":[{"href":"https:\/\/forzini.com\/pl\/wp-json\/wp\/v2\/media?parent=15649"}],"wp:term":[{"taxonomy":"product_brand","embeddable":true,"href":"https:\/\/forzini.com\/pl\/wp-json\/wp\/v2\/product_brand?post=15649"},{"taxonomy":"product_cat","embeddable":true,"href":"https:\/\/forzini.com\/pl\/wp-json\/wp\/v2\/product_cat?post=15649"},{"taxonomy":"product_tag","embeddable":true,"href":"https:\/\/forzini.com\/pl\/wp-json\/wp\/v2\/product_tag?post=15649"}],"curies":[{"name":"wp","href":"https:\/\/api.w.org\/{rel}","templated":true}]}}