{"id":15516,"date":"2024-10-19T19:32:11","date_gmt":"2024-10-19T17:32:11","guid":{"rendered":"https:\/\/forzini.com\/producto\/lavabo-marmol-marron\/"},"modified":"2026-02-28T08:55:13","modified_gmt":"2026-02-28T07:55:13","slug":"marmurowa-umywalka-brazowa-okragla","status":"publish","type":"product","link":"https:\/\/forzini.com\/pl\/producto\/marmurowa-umywalka-brazowa-okragla\/","title":{"rendered":"Marmurowa umywalka br\u0105zowa \u2013 luksusowe umywalki"},"content":{"rendered":"<h2><strong>Marmurowa umywalka br\u0105zowa okr\u0105g\u0142a \u2013 Nablatowa umywalka z naturalnymi skamienia\u0142o\u015bciami<\/strong> &#8222;Flora O&#8221;<\/h2>\n<p><strong>Marmurowa umywalka br\u0105zowa okr\u0105g\u0142a<\/strong> ze skamienia\u0142o\u015bciami ma zaokr\u0105glony kszta\u0142t i chropowate, surowe \u015bciany zewn\u0119trzne, kt\u00f3re przywo\u0142uj\u0105 si\u0142\u0119 natury, podczas gdy precyzyjnie wypolerowane wn\u0119trze zapewnia r\u00f3wnowag\u0119, g\u0142adko\u015b\u0107 i subteln\u0105 elegancj\u0119. Ka\u017cda umywalka to niepowtarzalne dzie\u0142o wykonane przez do\u015bwiadczonych rzemie\u015blnik\u00f3w, w kt\u00f3rym naturalne \u017cy\u0142ki, organiczne tekstury i unikalne odcienie marmuru ze skamienia\u0142o\u015bciami odgrywaj\u0105 g\u0142\u00f3wn\u0105 rol\u0119.<\/p>\n<p>Jej wsp\u00f3\u0142czesna estetyka doskonale pasuje zar\u00f3wno do minimalistycznych \u0142azienek, jak i do wn\u0119trz rustykalnych czy skandynawskich, tworz\u0105c harmonijn\u0105 ca\u0142o\u015b\u0107, kt\u00f3ra podkre\u015bla charakter pomieszczenia i \u0142atwo dopasowuje si\u0119 do r\u00f3\u017cnych styl\u00f3w aran\u017cacji.<\/p>\n<p>Zaokr\u0105glona forma i naturalna faktura marmuru sprawiaj\u0105, \u017ce umywalka idealnie komponuje si\u0119 z takimi stylami jak:<\/p>\n<ul>\n<li>industrialny<\/li>\n<li>japandi<\/li>\n<li>zen naturalny<\/li>\n<li>kolonialny nowoczesny<\/li>\n<li>coastal chic<\/li>\n<li>urban jungle<\/li>\n<li>minimalizm ciep\u0142y<\/li>\n<li>klasyczny odnowiony<\/li>\n<li>organic modern<\/li>\n<li>nordycki<\/li>\n<li>wsp\u00f3\u0142czesny<\/li>\n<li>rustykalny<\/li>\n<\/ul>\n<p>Dzi\u0119ki zr\u00f3wnowa\u017conemu projektowi i bogactwu wizualnemu naturalnego marmuru umywalka nadaje \u0142azience wyj\u0105tkowy charakter.<\/p>\n<div><\/div>\n<h2><strong>Trwa\u0142o\u015b\u0107 i \u0142atwa piel\u0119gnacja<\/strong><\/h2>\n<p>Naturalny marmur wyr\u00f3\u017cnia si\u0119:<\/p>\n<ul>\n<li>wysok\u0105 odporno\u015bci\u0105<\/li>\n<li>d\u0142ug\u0105 \u017cywotno\u015bci\u0105<\/li>\n<li>\u0142atwo\u015bci\u0105 czyszczenia<\/li>\n<li>ponadczasow\u0105 estetyk\u0105<\/li>\n<\/ul>\n<p>Wypolerowane wn\u0119trze jest przyjemne w dotyku i bardzo praktyczne w codziennym u\u017cytkowaniu. Przy podstawowej piel\u0119gnacji umywalka zachowuje sw\u00f3j blask i elegancj\u0119 przez wiele lat.<\/p>\n<div><\/div>\n<h2><strong>Marmur Oceanic Mystery \u2013 naturalne skamienia\u0142o\u015bci i historia licz\u0105ca miliony lat<\/strong><\/h2>\n<p>Marmur Oceanic Mystery to jeden z najbardziej spektakularnych materia\u0142\u00f3w w naszej kolekcji. Charakteryzuje si\u0119 palet\u0105 barw od ziemistej szaro\u015bci po jasny br\u0105z, z bia\u0142ymi \u017cy\u0142kami i ciemnymi cieniami. Jego unikalny rysunek przypomina kompozycj\u0119 z r\u00f3\u017cnej wielko\u015bci otoczak\u00f3w.<\/p>\n<p>Ten wyj\u0105tkowy marmur jest \u015bwiadectwem pradawnej historii morskiej Ziemi. W jego wn\u0119trzu zachowa\u0142y si\u0119 prawdziwe skamienia\u0142o\u015bci ma\u0142\u017cy, muszli i organizm\u00f3w morskich, uwi\u0119zione w kamieniu miliony lat temu. Te naturalne relikty, zachowane w niezwyk\u0142ym stanie, pozwalaj\u0105 zajrze\u0107 w odleg\u0142\u0105 oceaniczn\u0105 przesz\u0142o\u015b\u0107, czyni\u0105c ka\u017cd\u0105 p\u0142yt\u0119 niepowtarzalnym dzie\u0142em geologicznym.<\/p>\n<p>Jego rzadko\u015b\u0107 wynika z bardzo specyficznych warunk\u00f3w potrzebnych do powstania \u2013 idealnej kombinacji czynnik\u00f3w biologicznych i geologicznych, kt\u00f3re niezwykle rzadko wyst\u0119puj\u0105 jednocze\u015bnie. Dlatego marmur Oceanic Mystery jest nie tylko cudem natury, ale tak\u017ce cenionym kamieniem kolekcjonerskim o wyj\u0105tkowej warto\u015bci historycznej.<\/p>\n<p><a href=\"https:\/\/forzini.com\/pl\/materialy\/\" target=\"_blank\" rel=\"noopener\">Poznaj nasz\u0105 kolekcj\u0119 marmur\u00f3w i onyks\u00f3w, korzystaj\u0105c z tego linku: <strong>Materia\u0142y<\/strong><\/a><\/p>\n<div><\/div>\n<h2><strong>Najwa\u017cniejsze cechy<\/strong><\/h2>\n<ul>\n<li><strong>Monta\u017c:<\/strong> Nablatowy<\/li>\n<li><strong>\u015arednica otworu odp\u0142ywowego:<\/strong> 4,5 cm (standard europejski)<\/li>\n<li><strong>Kompatybilny odp\u0142yw:<\/strong> Uniwersalny bez przelewu (nie do\u0142\u0105czony)<\/li>\n<li><strong>Kompatybilna bateria:<\/strong> Nablatowa lub \u015bcienna (nie do\u0142\u0105czona)<\/li>\n<li><strong>Nie zawiera:<\/strong> Syfonu, zaworu odp\u0142ywowego, baterii<\/li>\n<\/ul>\n<div><\/div>\n<h2><strong>FAQs<\/strong><\/h2>\n<h3><strong>1. Jak czy\u015bci\u0107 marmurow\u0105 umywalk\u0119 z chropowatymi \u015bcianami?<\/strong><\/h3>\n<p>U\u017cywaj ciep\u0142ej wody i delikatnego myd\u0142a. Unikaj \u015brodk\u00f3w kwa\u015bnych i \u015bciernych, aby chroni\u0107 marmur. Na powierzchniach teksturowanych mi\u0119kka szczoteczka pomo\u017ce usun\u0105\u0107 zabrudzenia bez ryzyka uszkodze\u0144.<\/p>\n<h3><strong>2. Czy ka\u017cda marmurowa umywalka ze skamienia\u0142o\u015bciami jest naprawd\u0119 unikatowa?<\/strong><\/h3>\n<p>Tak. Ka\u017cdy egzemplarz jest rze\u017abiony z naturalnego bloku marmuru zawieraj\u0105cego prawdziwe skamienia\u0142o\u015bci, dlatego \u017cy\u0142ki, kolory i wzory r\u00f3\u017cni\u0105 si\u0119 w spos\u00f3b naturalny. To gwarantuje wyj\u0105tkowy, jedyny w swoim rodzaju wygl\u0105d.<\/p>\n<h3><strong>3. Jaki odp\u0142yw i jaka bateria s\u0105 kompatybilne?<\/strong><\/h3>\n<p>Model wykorzystuje uniwersalny odp\u0142yw bez przelewu i wsp\u00f3\u0142pracuje zar\u00f3wno z bateriami nablatowymi, jak i \u015bciennymi, co u\u0142atwia dopasowanie do r\u00f3\u017cnych styl\u00f3w \u0142azienek.<\/p>\n<h3><strong>4. Do jakich styl\u00f3w \u0142azienek pasuje ta umywalka?<\/strong><\/h3>\n<p>\u015awietnie komponuje si\u0119 ze stylami rustykalnym, \u015br\u00f3dziemnomorskim, boho natural, wabi\u2011sabi, wsp\u00f3\u0142czesnym i vintage. Teksturowana powierzchnia dodaje charakteru, a br\u0105zowy marmur wprowadza ciep\u0142o i elegancj\u0119.<\/p>\n<h3><strong>5. Dlaczego warto wybra\u0107 umywalk\u0119 z kamienia naturalnego ze skamienia\u0142o\u015bciami?<\/strong><\/h3>\n<p>Kamie\u0144 naturalny oferuje wyj\u0105tkowo\u015b\u0107, trwa\u0142o\u015b\u0107 i estetyk\u0119 niemo\u017cliw\u0105 do odtworzenia przemys\u0142owo. Skamienia\u0142o\u015bci dodaj\u0105 autentyczno\u015bci, historii i niezwyk\u0142ej warto\u015bci dekoracyjnej.<\/p>\n<h3><strong>6. Czy realizujecie wysy\u0142k\u0119 mi\u0119dzynarodow\u0105?<\/strong><\/h3>\n<p>Tak, wysy\u0142amy do ka\u017cdego kraju, aby nasze umywalki z kamienia naturalnego mog\u0142y dotrze\u0107 do klient\u00f3w na ca\u0142ym \u015bwiecie.<\/p>\n","protected":false},"excerpt":{"rendered":"<p>Starannie rze\u017abiona r\u0119cznie przez wykwalifikowanych rzemie\u015blnik\u00f3w, ta wyj\u0105tkowa umywalka z marmuru zawiera motywy muszli morskich i skamienia\u0142o\u015bci, a jej monta\u017c na blacie jest niezwykle prosty. Zewn\u0119trzna powierzchnia o rustykalnej fakturze i perfekcyjnie wypolerowane wn\u0119trze czyni\u0105 z niej unikalny element wzornictwa, kt\u00f3ry doda charakteru i wyj\u0105tkowego akcentu aran\u017cacji Twojej \u0142azienki.<\/p>\n<h2><strong>Wymiary: \u015brednica 40 cm, Wysoko\u015b\u0107 15 cm<\/strong><\/h2>\n","protected":false},"featured_media":21219,"comment_status":"closed","ping_status":"closed","template":"","meta":{"_acf_changed":false,"_joinchat":[]},"product_brand":[],"product_cat":[311,344],"product_tag":[320],"class_list":{"0":"post-15516","1":"product","2":"type-product","3":"status-publish","4":"has-post-thumbnail","6":"product_cat-umywalki","7":"product_cat-umywalki-marmurowe","8":"product_tag-marmur","10":"first","11":"instock","12":"sale","13":"featured","14":"shipping-taxable","15":"purchasable","16":"product-type-simple"},"acf":[],"_links":{"self":[{"href":"https:\/\/forzini.com\/pl\/wp-json\/wp\/v2\/product\/15516","targetHints":{"allow":["GET"]}}],"collection":[{"href":"https:\/\/forzini.com\/pl\/wp-json\/wp\/v2\/product"}],"about":[{"href":"https:\/\/forzini.com\/pl\/wp-json\/wp\/v2\/types\/product"}],"replies":[{"embeddable":true,"href":"https:\/\/forzini.com\/pl\/wp-json\/wp\/v2\/comments?post=15516"}],"version-history":[{"count":3,"href":"https:\/\/forzini.com\/pl\/wp-json\/wp\/v2\/product\/15516\/revisions"}],"predecessor-version":[{"id":24480,"href":"https:\/\/forzini.com\/pl\/wp-json\/wp\/v2\/product\/15516\/revisions\/24480"}],"wp:featuredmedia":[{"embeddable":true,"href":"https:\/\/forzini.com\/pl\/wp-json\/wp\/v2\/media\/21219"}],"wp:attachment":[{"href":"https:\/\/forzini.com\/pl\/wp-json\/wp\/v2\/media?parent=15516"}],"wp:term":[{"taxonomy":"product_brand","embeddable":true,"href":"https:\/\/forzini.com\/pl\/wp-json\/wp\/v2\/product_brand?post=15516"},{"taxonomy":"product_cat","embeddable":true,"href":"https:\/\/forzini.com\/pl\/wp-json\/wp\/v2\/product_cat?post=15516"},{"taxonomy":"product_tag","embeddable":true,"href":"https:\/\/forzini.com\/pl\/wp-json\/wp\/v2\/product_tag?post=15516"}],"curies":[{"name":"wp","href":"https:\/\/api.w.org\/{rel}","templated":true}]}}