{"id":15377,"date":"2024-10-24T11:31:58","date_gmt":"2024-10-24T09:31:58","guid":{"rendered":"https:\/\/forzini.com\/producto\/lavabo-bol-de-marmol-sobre-encimera\/"},"modified":"2026-02-27T11:43:46","modified_gmt":"2026-02-27T10:43:46","slug":"umywalka-marmurowa-szara-na-blat","status":"publish","type":"product","link":"https:\/\/forzini.com\/pl\/producto\/umywalka-marmurowa-szara-na-blat\/","title":{"rendered":"Szara umywalka marmurowa nablatowa z naturalnego kamienia"},"content":{"rendered":"<h2><strong>Umywalka marmurowa szara 40 cm nablatowa <\/strong>&#8222;Nemesis G&#8221;<\/h2>\n<p>Ta <strong>umywalka marmurowa szara nablatowa<\/strong> zosta\u0142a wykonana z wyj\u0105tkowego marmuru, znanego ze swojej rzadko\u015bci oraz unikalnych w\u0142a\u015bciwo\u015bci, kt\u00f3re czyni\u0105 ka\u017cd\u0105 sztuk\u0119 prawdziw\u0105 pere\u0142k\u0105. Zewn\u0119trzne \u015bciany, o chropowatej, r\u0119cznie rze\u017abionej powierzchni, przywo\u0142uj\u0105 naturaln\u0105 struktur\u0119 kamienia w jego najczystszej formie. Marmur u\u017cywany do produkcji tych umywalek wydobywany jest w bardzo ograniczonych ilo\u015bciach, co czyni go materia\u0142em naprawd\u0119 wyj\u0105tkowym.<\/p>\n<p>Ka\u017cda umywalka jest niepowtarzalnym po\u0142\u0105czeniem rzemios\u0142a i natury, z histori\u0105 zapisan\u0105 w ka\u017cdej \u017cyle i ka\u017cdej teksturze. Ten marmurowy model nie tylko zdobi \u0142azienk\u0119, ale tak\u017ce wzbogaca przestrze\u0144 ponadczasow\u0105 elegancj\u0105. Codzienne u\u017cytkowanie pozwala doceni\u0107 wyj\u0105tkowo\u015b\u0107 marmuru, zamieniaj\u0105c \u0142azienk\u0119 w oaz\u0119 spokoju i wyrafinowania. To niezwyk\u0142y element wystroju, kt\u00f3ry ka\u017cdego dnia celebruje pi\u0119kno natury i kunszt r\u0119cznej pracy.<\/p>\n<p>Dzi\u0119ki okr\u0105g\u0142emu kszta\u0142towi i naturalnemu wyko\u0144czeniu umywalka doskonale komponuje si\u0119 z aran\u017cacjami w stylu:<\/p>\n<ul>\n<li>rustykalnym<\/li>\n<li>\u015br\u00f3dziemnomorskim<\/li>\n<li>wabi\u2011sabi<\/li>\n<li>farmhouse<\/li>\n<li>boho naturalnym<\/li>\n<li>vintage<\/li>\n<li>tradycyjnym<\/li>\n<li>wiejskim<\/li>\n<li>prowansalskim<\/li>\n<li>nowoczesnym<\/li>\n<\/ul>\n<p>To idealny wyb\u00f3r dla os\u00f3b, kt\u00f3re szukaj\u0105 elementu zdolnego odmieni\u0107 \u0142azienk\u0119 swoj\u0105 obecno\u015bci\u0105. Po\u0142\u0105czenie rze\u017abionej powierzchni, wizualnej g\u0142\u0119bi marmuru i autentycznej formy tworzy przedmiot, kt\u00f3ry wprowadza harmoni\u0119 i poczucie prawdziwie ekskluzywnego designu.<\/p>\n<div><\/div>\n<h2>Trwa\u0142o\u015b\u0107 i \u0142atwa piel\u0119gnacja<\/h2>\n<p>Marmur Snow Leopard wyr\u00f3\u017cnia si\u0119:<\/p>\n<ul>\n<li>wysok\u0105 odporno\u015bci\u0105<\/li>\n<li>d\u0142ug\u0105 \u017cywotno\u015bci\u0105<\/li>\n<li>\u0142atwo\u015bci\u0105 czyszczenia<\/li>\n<li>ponadczasow\u0105 estetyk\u0105<\/li>\n<\/ul>\n<p>Wewn\u0119trzna, polerowana powierzchnia jest g\u0142adka w dotyku i bardzo praktyczna w codziennym u\u017cytkowaniu. Przy podstawowej piel\u0119gnacji umywalka zachowuje sw\u00f3j naturalny blask i elegancj\u0119 przez wiele lat.<\/p>\n<div><\/div>\n<h2><strong>Marmur Silver Grey \u2013 naturalna elegancja w ka\u017cdej \u017cyle<\/strong><\/h2>\n<p>Marmur <strong>Silver Gris<\/strong> wyr\u00f3\u017cnia si\u0119 spokojnym, szarym t\u0142em przeci\u0119tym bia\u0142ymi \u017cy\u0142ami i ciemniejszymi akcentami, tworz\u0105c g\u0142\u0119bok\u0105, wyrazist\u0105 struktur\u0119. Jego organiczna tekstura i zr\u00f3wnowa\u017cona kolorystyka czyni\u0105 go idealnym materia\u0142em do luksusowych wn\u0119trz, w kt\u00f3rych ka\u017cdy detal ma znaczenie.<\/p>\n<div><a href=\"https:\/\/forzini.com\/pl\/materialy\/\" target=\"_blank\" rel=\"noopener\">Poznaj nasz\u0105 kolekcj\u0119 marmur\u00f3w i onyks\u00f3w, korzystaj\u0105c z tego linku: <strong>Materia\u0142y<\/strong><\/a><\/div>\n<div><\/div>\n<h2>Najwa\u017cniejsze cechy<\/h2>\n<ul>\n<li><strong>Monta\u017c:<\/strong> Nablatowy<\/li>\n<li><strong>\u015arednica otworu odp\u0142ywowego:<\/strong> 4,5 cm (standard europejski)<\/li>\n<li><strong>Kompatybilny odp\u0142yw:<\/strong> Uniwersalny bez przelewu (nie w zestawie)<\/li>\n<li><strong>Kompatybilna bateria:<\/strong> Stoj\u0105ca lub \u015bcienna (nie w zestawie)<\/li>\n<li><strong>Zestaw nie zawiera:<\/strong> Syfonu, zaworu odp\u0142ywowego, baterii<\/li>\n<\/ul>\n<div><\/div>\n<h2>FAQ<\/h2>\n<h3>1. Jak czy\u015bci\u0107 marmurow\u0105 umywalk\u0119 z chropowatymi \u015bcianami?<\/h3>\n<p>Wystarczy ciep\u0142a woda i delikatne myd\u0142o. Nale\u017cy unika\u0107 \u015brodk\u00f3w kwa\u015bnych i \u015bciernych, aby zachowa\u0107 naturalny kolor marmuru i chroni\u0107 jego \u017cy\u0142kowanie. W miejscach teksturowanych najlepiej u\u017cy\u0107 mi\u0119kkiej szczotki, aby usun\u0105\u0107 zabrudzenia bez ryzyka uszkodze\u0144.<\/p>\n<h3>2. Czy ka\u017cda umywalka z marmuru Silver Grey jest unikatowa?<\/h3>\n<p>Tak. Ka\u017cda sztuka jest rze\u017abiona z naturalnego bloku marmuru, dlatego \u017cy\u0142kowanie, odcienie i uk\u0142ad wzor\u00f3w r\u00f3\u017cni\u0105 si\u0119 w spos\u00f3b organiczny. Gwarantuje to niepowtarzalny wygl\u0105d i indywidualny charakter ka\u017cdej umywalki.<\/p>\n<h3>3. Jaki odp\u0142yw i bateria pasuj\u0105 do tego modelu?<\/h3>\n<p>Model wymaga uniwersalnego odp\u0142ywu bez przelewu i wsp\u00f3\u0142pracuje z bateriami nablatowymi oraz \u015bciennymi, co u\u0142atwia dopasowanie do \u0142azienek rustykalnych, nowoczesnych i inspirowanych natur\u0105.<\/p>\n<h3>4. Do jakich styl\u00f3w \u0142azienek pasuje ta umywalka?<\/h3>\n<p>\u015awietnie komponuje si\u0119 ze stylami rustykalnym, \u015br\u00f3dziemnomorskim, farmhouse, boho naturalnym, wabi\u2011sabi, nowoczesnym i vintage. Chropowata powierzchnia dodaje charakteru, a jasny marmur wprowadza elegancj\u0119.<\/p>\n<h3>5. Dlaczego warto wybra\u0107 umywalk\u0119 z kamienia naturalnego?<\/h3>\n<p>Kamie\u0144 naturalny zapewnia ekskluzywno\u015b\u0107, trwa\u0142o\u015b\u0107 i estetyk\u0119 niemo\u017cliw\u0105 do odtworzenia w produktach przemys\u0142owych. Ka\u017cda umywalka ma unikalne \u017cy\u0142kowanie i tekstur\u0119, kt\u00f3re dodaj\u0105 \u0142azience g\u0142\u0119bi i autentyczno\u015bci.<\/p>\n<h3>6. Czy realizujecie wysy\u0142k\u0119 mi\u0119dzynarodow\u0105?<\/h3>\n<p>Tak, wysy\u0142amy do wszystkich kraj\u00f3w, dzi\u0119ki czemu nasze umywalki z kamienia naturalnego trafiaj\u0105 do klient\u00f3w na ca\u0142ym \u015bwiecie.<\/p>\n","protected":false},"excerpt":{"rendered":"<p>Wykonana przez mistrz\u00f3w rzemios\u0142a, ta elegancka umywalka nablatowa z naturalnego szarego marmuru zosta\u0142a perfekcyjnie uformowana w kszta\u0142cie misy. Jej chropowate, r\u0119cznie rze\u017abione \u015bciany zewn\u0119trzne nadaj\u0105 ca\u0142o\u015bci wyj\u0105tkowy urok i wyrafinowany wygl\u0105d, kt\u00f3ry przyci\u0105ga wzrok.<\/p>\n<p>Po\u0142\u0105czenie klasycznej estetyki z nowoczesnym designem sprawia, \u017ce ten marmurowy bol do \u0142azienki staje si\u0119 uniwersalnym elementem dekoracyjnym, idealnym zar\u00f3wno do minimalistycznych, jak i luksusowych wn\u0119trz. To centralny punkt aran\u017cacji, kt\u00f3ry podkre\u015bla charakter ka\u017cdej \u0142azienki.<\/p>\n<h2><strong>Wymiary: \u015brednica 40 cm, Wysoko\u015b\u0107 15 cm<\/strong><\/h2>\n","protected":false},"featured_media":15363,"comment_status":"closed","ping_status":"closed","template":"","meta":{"_acf_changed":false,"_joinchat":[]},"product_brand":[],"product_cat":[311,344],"product_tag":[320,417],"class_list":{"0":"post-15377","1":"product","2":"type-product","3":"status-publish","4":"has-post-thumbnail","6":"product_cat-umywalki","7":"product_cat-umywalki-marmurowe","8":"product_tag-marmur","9":"product_tag-umywalka-lazienkowa","11":"first","12":"instock","13":"sale","14":"featured","15":"shipping-taxable","16":"purchasable","17":"product-type-simple"},"acf":[],"_links":{"self":[{"href":"https:\/\/forzini.com\/pl\/wp-json\/wp\/v2\/product\/15377","targetHints":{"allow":["GET"]}}],"collection":[{"href":"https:\/\/forzini.com\/pl\/wp-json\/wp\/v2\/product"}],"about":[{"href":"https:\/\/forzini.com\/pl\/wp-json\/wp\/v2\/types\/product"}],"replies":[{"embeddable":true,"href":"https:\/\/forzini.com\/pl\/wp-json\/wp\/v2\/comments?post=15377"}],"version-history":[{"count":4,"href":"https:\/\/forzini.com\/pl\/wp-json\/wp\/v2\/product\/15377\/revisions"}],"predecessor-version":[{"id":24379,"href":"https:\/\/forzini.com\/pl\/wp-json\/wp\/v2\/product\/15377\/revisions\/24379"}],"wp:featuredmedia":[{"embeddable":true,"href":"https:\/\/forzini.com\/pl\/wp-json\/wp\/v2\/media\/15363"}],"wp:attachment":[{"href":"https:\/\/forzini.com\/pl\/wp-json\/wp\/v2\/media?parent=15377"}],"wp:term":[{"taxonomy":"product_brand","embeddable":true,"href":"https:\/\/forzini.com\/pl\/wp-json\/wp\/v2\/product_brand?post=15377"},{"taxonomy":"product_cat","embeddable":true,"href":"https:\/\/forzini.com\/pl\/wp-json\/wp\/v2\/product_cat?post=15377"},{"taxonomy":"product_tag","embeddable":true,"href":"https:\/\/forzini.com\/pl\/wp-json\/wp\/v2\/product_tag?post=15377"}],"curies":[{"name":"wp","href":"https:\/\/api.w.org\/{rel}","templated":true}]}}