{"id":15353,"date":"2024-10-24T12:22:12","date_gmt":"2024-10-24T10:22:12","guid":{"rendered":"https:\/\/forzini.com\/producto\/lavabo-de-piedra-irregular\/"},"modified":"2026-04-12T13:55:13","modified_gmt":"2026-04-12T11:55:13","slug":"okragla-czarna-umywalka-z-marmuru","status":"publish","type":"product","link":"https:\/\/forzini.com\/pl\/producto\/okragla-czarna-umywalka-z-marmuru\/","title":{"rendered":"Okr\u0105g\u0142a czarna umywalka z marmuru na blat"},"content":{"rendered":"<h2>Okr\u0105g\u0142a czarna umywalka z marmuru \u2013 r\u0119cznie rze\u017abiona umywalka z naturalnego kamienia &#8222;Nemesis B&#8221;<\/h2>\n<p>Ta <strong>okr\u0105g\u0142a czarna umywalka z marmuru<\/strong> jest r\u0119cznie rze\u017abiona z ekskluzywnego czarnego kamienia, kt\u00f3ry wyst\u0119puje jedynie w bardzo okre\u015blonym regionie \u015bwiata. Jej nieregularne wyko\u0144czenie podkre\u015bla autentyczno\u015b\u0107 marmuru i nadaje umywalce wyj\u0105tkow\u0105, wyrazist\u0105 obecno\u015b\u0107, kt\u00f3ra natychmiast przyci\u0105ga wzrok w ka\u017cdej \u0142azience. Surowa, d\u0142utowana powierzchnia zewn\u0119trzna ods\u0142ania naturaln\u0105 struktur\u0119 kamienia, a wypolerowane wn\u0119trze zapewnia g\u0142adk\u0105 i praktyczn\u0105 powierzchni\u0119 do codziennego u\u017cytku.<\/p>\n<p>Czarny marmur wykorzystany w tym projekcie jest naprawd\u0119 wyj\u0105tkowy: szare chmury, delikatne \u017cy\u0142kowanie i bia\u0142e formacje mineralne tworz\u0105 elegancki i dramatyczny kontrast wizualny. Ka\u017cda umywalka jest unikalnym po\u0142\u0105czeniem natury i rzemios\u0142a, a jej historia zapisana jest w ka\u017cdej linii i odcieniu.<\/p>\n<p>Ta naturalna marmurowa umywalka nie tylko podnosi estetyk\u0119 \u0142azienki, ale tak\u017ce dodaje jej charakteru, oryginalno\u015bci i odrobiny organicznego luksusu. Po\u0142\u0105czenie si\u0142y wizualnej marmuru i pracy rzemie\u015blnika tworzy funkcjonalny, trwa\u0142y i autentyczny design.<\/p>\n<p>Dzi\u0119ki okr\u0105g\u0142emu kszta\u0142towi i naturalnemu wyko\u0144czeniu doskonale komponuje si\u0119 ze stylami:<\/p>\n<ul>\n<li>rustykalnym<\/li>\n<li>\u015br\u00f3dziemnomorskim<\/li>\n<li>wabi\u2011sabi<\/li>\n<li>farmhouse<\/li>\n<li>natural boho<\/li>\n<li>azjatyckim<\/li>\n<li>tradycyjnym<\/li>\n<li>country<\/li>\n<li>nordyckim<\/li>\n<\/ul>\n<p>To idealny wyb\u00f3r dla os\u00f3b, kt\u00f3re ceni\u0105 intensywno\u015b\u0107 czarnego marmuru, r\u0119cznie d\u0142utowan\u0105 faktur\u0119 oraz design wprowadzaj\u0105cy g\u0142\u0119bi\u0119 i wyj\u0105tkow\u0105 obecno\u015b\u0107 wizualn\u0105 do \u0142azienki.<\/p>\n<div><\/div>\n<h2>Jet Black Marble \u2013 g\u0142\u0119bia, kontrast i naturalna elegancja<\/h2>\n<p>Jet Black Marble wyr\u00f3\u017cnia si\u0119 g\u0142\u0119bok\u0105 czerni\u0105 przeci\u0119t\u0105 bia\u0142ymi \u017cy\u0142ami, kt\u00f3re tworz\u0105 wyrafinowany i przyci\u0105gaj\u0105cy wzrok kontrast. Jego ciemna barwa wynika z unikalnej formacji geologicznej bogatej w materia\u0142y organiczne i w\u0119glany, co nadaje mu charakterystyczn\u0105 g\u0142\u0119bi\u0119. Wydobywany wy\u0142\u0105cznie w jednym regionie, marmur ten jest rzadki i luksusowy \u2013 idealny dla os\u00f3b poszukuj\u0105cych dopracowanych detali i wysokiej klasy aran\u017cacji wn\u0119trz.<\/p>\n<div>Zobacz nasz\u0105 pe\u0142n\u0105 kolekcj\u0119 <a href=\"https:\/\/forzini.com\/pl\/kategoria-produktu\/umywalki\/umywalki-marmurowe\/\" target=\"_blank\" rel=\"noopener\">umywalek marmurowych<\/a> i znajd\u017a idealny design do swojej \u0142azienki.<\/div>\n<h2>Trwa\u0142o\u015b\u0107 i \u0142atwa piel\u0119gnacja<\/h2>\n<p>Jet Black Marble s\u0142ynie z:<\/p>\n<ul>\n<li>wysokiej odporno\u015bci<\/li>\n<li>d\u0142ugiej \u017cywotno\u015bci<\/li>\n<li>\u0142atwego czyszczenia<\/li>\n<li>ponadczasowej estetyki<\/li>\n<\/ul>\n<p>Wypolerowana powierzchnia jest g\u0142adka w dotyku i bardzo praktyczna na co dzie\u0144. Przy podstawowej piel\u0119gnacji umywalka zachowuje sw\u00f3j naturalny blask i elegancj\u0119 przez wiele lat.<\/p>\n<p><a href=\"https:\/\/forzini.com\/pl\/materialy\/\" target=\"_blank\" rel=\"noopener\">Poznaj nasz\u0105 kolekcj\u0119 marmur\u00f3w i onyks\u00f3w, korzystaj\u0105c z tego linku: <strong>Materia\u0142y<\/strong><\/a><\/p>\n<div><\/div>\n<h2>Najwa\u017cniejsze cechy<\/h2>\n<ul>\n<li><strong>Monta\u017c:<\/strong> nablatowy<\/li>\n<li><strong>\u015arednica otworu odp\u0142ywowego:<\/strong> 4,5 cm (standard europejski)<\/li>\n<li><strong>Kompatybilny odp\u0142yw:<\/strong> uniwersalny bez przelewu (nie w zestawie)<\/li>\n<li><strong>Kompatybilna bateria:<\/strong> nablatowa lub \u015bcienna (nie w zestawie)<\/li>\n<li><strong>Brak w zestawie:<\/strong> syfon, odp\u0142yw, bateria<\/li>\n<\/ul>\n<div><\/div>\n<h2>FAQ<\/h2>\n<h3>1. Jak dba\u0107 o okr\u0105g\u0142\u0105 czarn\u0105 umywalk\u0119 z marmuru z d\u0142utowanymi \u015bciankami?<\/h3>\n<p>Wystarczy ciep\u0142a woda i delikatne myd\u0142o. Unikaj \u015brodk\u00f3w kwa\u015bnych i \u015bciernych, aby zachowa\u0107 naturalny kolor marmuru i chroni\u0107 jego \u017cy\u0142kowanie. W miejscach o wyra\u017anej fakturze u\u017cyj mi\u0119kkiej szczoteczki, aby usun\u0105\u0107 osad bez ryzyka uszkodzenia powierzchni.<\/p>\n<h3>2. Czy ka\u017cda czarna marmurowa umywalka jest naprawd\u0119 unikatowa?<\/h3>\n<p>Tak. Ka\u017cda umywalka powstaje z naturalnego bloku marmuru, dlatego \u017cy\u0142kowanie, odcienie i uk\u0142ad minera\u0142\u00f3w r\u00f3\u017cni\u0105 si\u0119 w spos\u00f3b organiczny. To gwarancja niepowtarzalnego designu i indywidualnego charakteru.<\/p>\n<h3>3. Jaki odp\u0142yw i jaka bateria b\u0119d\u0105 odpowiednie?<\/h3>\n<p>Model wsp\u00f3\u0142pracuje z uniwersalnym odp\u0142ywem bez przelewu i pasuje zar\u00f3wno do baterii nablatowych, jak i \u015bciennych, co u\u0142atwia dopasowanie do \u0142azienek rustykalnych, nowoczesnych i inspirowanych natur\u0105.<\/p>\n<h3>4. Do jakich styl\u00f3w \u0142azienek pasuje czarna marmurowa umywalka?<\/h3>\n<p>\u015awietnie prezentuje si\u0119 w aran\u017cacjach rustykalnych, \u015br\u00f3dziemnomorskich, farmhouse, natural boho, wabi\u2011sabi, nowoczesnych i vintage. D\u0142utowana powierzchnia dodaje tekstury, a czarny marmur \u2013 elegancji.<\/p>\n<h3>5. Dlaczego warto wybra\u0107 umywalk\u0119 z kamienia naturalnego zamiast przemys\u0142owej?<\/h3>\n<p>Kamie\u0144 naturalny oferuje wyj\u0105tkowo\u015b\u0107, wi\u0119ksz\u0105 trwa\u0142o\u015b\u0107 i estetyk\u0119, kt\u00f3rej nie da si\u0119 odtworzy\u0107. Ka\u017cda umywalka ma unikalne \u017cy\u0142kowanie i struktur\u0119, kt\u00f3re wprowadzaj\u0105 do \u0142azienki autentyczno\u015b\u0107 i g\u0142\u0119bi\u0119.<\/p>\n<h3>6. Czy oferujecie wysy\u0142k\u0119 mi\u0119dzynarodow\u0105?<\/h3>\n<p>Tak \u2014 wysy\u0142amy na ca\u0142y \u015bwiat, dzi\u0119ki czemu nasze umywalki z kamienia naturalnego mog\u0105 trafi\u0107 do klient\u00f3w w ka\u017cdym kraju.<\/p>\n","protected":false},"excerpt":{"rendered":"<p>Dzi\u0119ki unikalnemu designowi i kunsztowi do\u015bwiadczonych rzemie\u015blnik\u00f3w, ten luksusowy marmurowy lavabo wyr\u00f3\u017cnia si\u0119 starannie rze\u017abion\u0105 faktur\u0105 zewn\u0119trzn\u0105, kt\u00f3ra nadaje mu wyj\u0105tkowy charakter i oryginalno\u015b\u0107. Zaokr\u0105glone kraw\u0119dzie dodaj\u0105 wizualnej lekko\u015bci i elegancji. Harmonijne po\u0142\u0105czenie stylu nordyckiego z naturalnymi elementami sprawia, \u017ce ta umywalka staje si\u0119 kluczowym akcentem w ka\u017cdej \u0142azience.<\/p>\n<h2><strong>Wymiary: \u015brednica 40 cm, Wysoko\u015b\u0107 15 cm<\/strong><\/h2>\n","protected":false},"featured_media":25323,"comment_status":"closed","ping_status":"closed","template":"","meta":{"_acf_changed":false,"_joinchat":[]},"product_brand":[],"product_cat":[311,344],"product_tag":[320,417],"class_list":{"0":"post-15353","1":"product","2":"type-product","3":"status-publish","4":"has-post-thumbnail","6":"product_cat-umywalki","7":"product_cat-umywalki-marmurowe","8":"product_tag-marmur","9":"product_tag-umywalka-lazienkowa","11":"first","12":"instock","13":"sale","14":"featured","15":"shipping-taxable","16":"purchasable","17":"product-type-simple"},"acf":[],"_links":{"self":[{"href":"https:\/\/forzini.com\/pl\/wp-json\/wp\/v2\/product\/15353","targetHints":{"allow":["GET"]}}],"collection":[{"href":"https:\/\/forzini.com\/pl\/wp-json\/wp\/v2\/product"}],"about":[{"href":"https:\/\/forzini.com\/pl\/wp-json\/wp\/v2\/types\/product"}],"replies":[{"embeddable":true,"href":"https:\/\/forzini.com\/pl\/wp-json\/wp\/v2\/comments?post=15353"}],"version-history":[{"count":6,"href":"https:\/\/forzini.com\/pl\/wp-json\/wp\/v2\/product\/15353\/revisions"}],"predecessor-version":[{"id":24354,"href":"https:\/\/forzini.com\/pl\/wp-json\/wp\/v2\/product\/15353\/revisions\/24354"}],"wp:featuredmedia":[{"embeddable":true,"href":"https:\/\/forzini.com\/pl\/wp-json\/wp\/v2\/media\/25323"}],"wp:attachment":[{"href":"https:\/\/forzini.com\/pl\/wp-json\/wp\/v2\/media?parent=15353"}],"wp:term":[{"taxonomy":"product_brand","embeddable":true,"href":"https:\/\/forzini.com\/pl\/wp-json\/wp\/v2\/product_brand?post=15353"},{"taxonomy":"product_cat","embeddable":true,"href":"https:\/\/forzini.com\/pl\/wp-json\/wp\/v2\/product_cat?post=15353"},{"taxonomy":"product_tag","embeddable":true,"href":"https:\/\/forzini.com\/pl\/wp-json\/wp\/v2\/product_tag?post=15353"}],"curies":[{"name":"wp","href":"https:\/\/api.w.org\/{rel}","templated":true}]}}