{"id":15241,"date":"2025-05-18T18:51:16","date_gmt":"2025-05-18T16:51:16","guid":{"rendered":"https:\/\/forzini.com\/producto\/lavabo-sobre-encimera-de-marmol\/"},"modified":"2026-04-11T12:45:03","modified_gmt":"2026-04-11T10:45:03","slug":"marmurowa-umywalka-brazowa-oval-fossil","status":"publish","type":"product","link":"https:\/\/forzini.com\/pl\/producto\/marmurowa-umywalka-brazowa-oval-fossil\/","title":{"rendered":"Marmurowa umywalka br\u0105zowa oval \u2013 do \u0142azienki"},"content":{"rendered":"<h2><strong>Marmurowa umywalka br\u0105zowa oval \u201eHypnos B\u201d<\/strong><\/h2>\n<p>Ta <strong>marmurowa umywalka br\u0105zowa oval<\/strong> wykonana z marmuru z licznymi skamienia\u0142o\u015bciami to niezwyk\u0142y element wyposa\u017cenia, \u0142\u0105cz\u0105cy geologiczn\u0105 histori\u0119, nowoczesn\u0105 estetyk\u0119 i najwy\u017cszej klasy r\u0119czne rzemios\u0142o. Jej owalny, lekko nieregularny kszta\u0142t \u2014 r\u0119cznie rze\u017abiony i polerowany z masywnego bloku marmuru \u2014 ods\u0142ania prehistoryczne morskie skamienia\u0142o\u015bci: koralowce, mszywio\u0142y, ramienionogi, trylobity i inne formy \u017cycia z okresu dewo\u0144skiego sprzed ponad 419 milion\u00f3w lat. Ka\u017cda skamienia\u0142o\u015b\u0107 to autentyczny fragment ewolucji, czyni\u0105cy t\u0119 umywalk\u0119 niepowtarzalnym \u015bwiadectwem pradawnego \u017cycia.<\/p>\n<p>Zastosowany marmur kopalny jest niezwykle rzadki i pochodzi z ekskluzywnego regionu Afryki P\u00f3\u0142nocnej, uwa\u017canego za jedno z miejsc narodzin \u017cycia na Ziemi. Jego g\u0142\u0119bokie br\u0105zowe odcienie, przeci\u0119te \u017cy\u0142ami opowiadaj\u0105cymi miliony lat historii geologicznej, sprawiaj\u0105, \u017ce ka\u017cda umywalka jest absolutnie unikatowa. Opr\u00f3cz naturalnego pi\u0119kna marmur ten wyr\u00f3\u017cnia si\u0119 <strong>wysok\u0105 odporno\u015bci\u0105, trwa\u0142o\u015bci\u0105 i \u0142atw\u0105 piel\u0119gnacj\u0105<\/strong>, co zapewnia jego warto\u015b\u0107 i funkcjonalno\u015b\u0107 na d\u0142ugie lata.<\/p>\n<p>Ze wzgl\u0119du na rzadko\u015b\u0107 tego wyj\u0105tkowego materia\u0142u ka\u017cda umywalka jest prawdziwym obiektem kolekcjonerskim. To nie tylko element u\u017cytkowy \u2014 to ho\u0142d dla historii planety, perfekcyjnego rzemios\u0142a i absolutnej ekskluzywno\u015bci. Posiadanie umywalki wykonanej z tej ska\u0142y to dodanie do \u0142azienki tysi\u0105cletniego \u015bwiadectwa, wyrze\u017abionego z precyzj\u0105 i stworzonego, by zachwyca\u0107.<\/p>\n<div><\/div>\n<h2><strong>Marmur Enigma Abismal \u2013 geologiczny skarb o nieocenionej warto\u015bci<\/strong><\/h2>\n<p><strong>Marmur Enigma Abismal<\/strong> to jedna z najbardziej ekskluzywnych naturalnych ska\u0142 na \u015bwiecie. Jego br\u0105zowa barwa, z \u017cy\u0142ami przechodz\u0105cymi od ciemnej czekolady po odcienie drewna, kryje w sobie prehistoryczne morskie skamienia\u0142o\u015bci: amonity, trylobity i ortoceras. Te pradawne organizmy, uwi\u0119zione w czasie przez miliony lat, tworz\u0105 imponuj\u0105c\u0105 naturaln\u0105 mozaik\u0119, kt\u00f3ra zamienia ka\u017cd\u0105 umywalk\u0119 w geologiczne dzie\u0142o sztuki.<\/p>\n<p>Marmur ten niesie echo ery paleozoicznej \u2014 znanej jako \u201eEra Rybo\u0142\u00f3w\u201d \u2014 okresu, w kt\u00f3rym zaczyna\u0142y powstawa\u0107 pierwsze lasy na Ziemi, na d\u0142ugo przed pojawieniem si\u0119 cz\u0142owieka. To nie jest zwyk\u0142y kamie\u0144: to autentyczny fragment najg\u0142\u0119bszej historii naszej planety.<\/p>\n<p>Czasami marmur zdobi\u0105 delikatne rozpryski p\u00f3\u0142przezroczystej bia\u0142ej kalcytu, dodaj\u0105ce mu eterycznego blasku i jeszcze bardziej podkre\u015blaj\u0105ce jego fascynuj\u0105cy wygl\u0105d. Te krystaliczne formacje czyni\u0105 ka\u017cd\u0105 p\u0142yt\u0119 absolutnie niepowtarzaln\u0105 \u2014 jakby zachowywa\u0142a zamro\u017cone refleksy pradawnego oceanu.<\/p>\n<p>Ekstremalna rzadko\u015b\u0107 marmuru Enigma Abismal \u2014 wydobywanego w bardzo ograniczonych ilo\u015bciach z odleg\u0142ego zak\u0105tka Sahary \u2014 gwarantuje jego ekskluzywno\u015b\u0107. Posiadanie umywalki wykonanej z tej ska\u0142y oznacza posiadanie fragmentu historii Ziemi, uformowanego z mistrzowsk\u0105 precyzj\u0105 i stworzonego, by robi\u0107 wra\u017cenie.<\/p>\n<div><\/div>\n<h2><strong>Umywalka, kt\u00f3ra wynosi ka\u017cd\u0105 \u0142azienk\u0119 na wy\u017cszy poziom<\/strong><\/h2>\n<p>Ta umywalka zachwyca nie tylko wygl\u0105dem, ale tak\u017ce zdolno\u015bci\u0105 do harmonijnego dopasowania si\u0119 do wielu styl\u00f3w wn\u0119trz:<\/p>\n<ul>\n<li>boho<\/li>\n<li>design organiczny<\/li>\n<li>styl etniczny<\/li>\n<li>wabi\u2011sabi<\/li>\n<li>rustykalny nowoczesny<\/li>\n<li>ciep\u0142y \u015br\u00f3dziemnomorski<\/li>\n<li>industrialny<\/li>\n<\/ul>\n<p>Jej obecno\u015b\u0107 dodaje wn\u0119trzu g\u0142\u0119bi, charakteru i aury ekskluzywno\u015bci, czyni\u0105c \u0142azienk\u0119 przestrzeni\u0105 naprawd\u0119 wyj\u0105tkow\u0105.<\/p>\n<div>Zobacz nasz\u0105 pe\u0142n\u0105 kolekcj\u0119 <a href=\"https:\/\/forzini.com\/pl\/kategoria-produktu\/umywalki\/umywalki-marmurowe\/\" target=\"_blank\" rel=\"noopener\">umywalek marmurowych<\/a> i znajd\u017a idealny design do swojej \u0142azienki.<\/div>\n<h2><strong>Trwa\u0142o\u015b\u0107 i piel\u0119gnacja<\/strong><\/h2>\n<p>Marmur kopalny to naturalny materia\u0142 o wyj\u0105tkowej wytrzyma\u0142o\u015bci \u2014 idealny do codziennego u\u017cytkowania:<\/p>\n<ul>\n<li>wysoka odporno\u015b\u0107<\/li>\n<li>d\u0142uga \u017cywotno\u015b\u0107<\/li>\n<li>\u0142atwe czyszczenie<\/li>\n<li>ponadczasowa estetyka<\/li>\n<\/ul>\n<p>Przy podstawowej piel\u0119gnacji umywalka zachowuje sw\u00f3j blask i pi\u0119kno przez dziesi\u0119ciolecia.<\/p>\n<p><a href=\"https:\/\/forzini.com\/pl\/materialy\/\" target=\"_blank\" rel=\"noopener\">Poznaj nasz\u0105 kolekcj\u0119 marmur\u00f3w i onyks\u00f3w, korzystaj\u0105c z tego linku: <strong>Materia\u0142y<\/strong><\/a><\/p>\n<div><\/div>\n<h2><strong>Najwa\u017cniejsze cechy produktu<\/strong><\/h2>\n<ul>\n<li><strong>Monta\u017c:<\/strong> Nablatowy<\/li>\n<li><strong>Materia\u0142:<\/strong> Naturalny marmur kopalny (Marmur Enigma Abismal)<\/li>\n<li><strong>Wyko\u0144czenie:<\/strong> R\u0119cznie polerowane<\/li>\n<li><strong>\u015arednica otworu odp\u0142ywowego:<\/strong> 4,5 cm (standard europejski)<\/li>\n<li><strong>Kompatybilny odp\u0142yw:<\/strong> Uniwersalny bez przelewu (nie w zestawie)<\/li>\n<li><strong>Zalecana bateria:<\/strong> Nablatowa lub \u015bcienna (nie w zestawie)<\/li>\n<li><strong>Zestaw nie zawiera:<\/strong> Syfonu, zaworu odp\u0142ywowego, baterii<\/li>\n<\/ul>\n<div><\/div>\n<h2><strong>FAQs<\/strong><\/h2>\n<h3><strong>1. Jak czy\u015bci\u0107 umywalk\u0119 z marmuru kopalnego?<\/strong><\/h3>\n<p>U\u017cywaj ciep\u0142ej wody i delikatnego, neutralnego myd\u0142a. Unikaj \u015brodk\u00f3w kwa\u015bnych i \u015bciernych, aby chroni\u0107 powierzchni\u0119 i naturalne skamienia\u0142o\u015bci.<\/p>\n<h3><strong>2. Czy ka\u017cda umywalka jest naprawd\u0119 unikatowa?<\/strong><\/h3>\n<p>Tak. Ka\u017cdy egzemplarz zawiera autentyczne skamienia\u0142o\u015bci o niepowtarzalnych wzorach, dzi\u0119ki czemu ka\u017cda umywalka jest jedyna w swoim rodzaju.<\/p>\n<h3><strong>3. Czy marmur kopalny nadaje si\u0119 do codziennego u\u017cytku?<\/strong><\/h3>\n<p>Zdecydowanie. To wyj\u0105tkowo trwa\u0142y materia\u0142, idealny do cz\u0119sto u\u017cywanych \u0142azienek, pod warunkiem stosowania \u0142agodnych \u015brodk\u00f3w piel\u0119gnacyjnych.<\/p>\n<h3><strong>4. Jaki odp\u0142yw i jaka bateria s\u0105 potrzebne?<\/strong><\/h3>\n<p>Wymagany jest uniwersalny odp\u0142yw bez przelewu; umywalka jest kompatybilna z bateriami nablatowymi i \u015bciennymi.<\/p>\n<h3><strong>5. Czy ta umywalka pasuje do nowoczesnych aran\u017cacji?<\/strong><\/h3>\n<p>Tak. Jej naturalna estetyka i historyczny charakter sprawiaj\u0105, \u017ce doskonale komponuje si\u0119 z \u0142azienkami nowoczesnymi, organicznymi, rustykalno\u2011nowoczesnymi i luksusowymi.<\/p>\n<h3><strong>6. Czy oferujecie wysy\u0142k\u0119 mi\u0119dzynarodow\u0105?<\/strong><\/h3>\n<p>Tak \u2014 wysy\u0142amy na ca\u0142y \u015bwiat, zapewniaj\u0105c bezpieczne pakowanie produkt\u00f3w z kamienia naturalnego.<\/p>\n","protected":false},"excerpt":{"rendered":"<p>Jej owalny i nieregularny kszta\u0142t, starannie wypolerowany, nadaje aran\u017cacji \u0142azienki wyj\u0105tkowy i historyczny charakter. Zaprojektowana do monta\u017cu nablatowego, ka\u017cda sztuka jest r\u0119cznie rze\u017abiona przez naszych mistrz\u00f3w rzemios\u0142a.<\/p>\n<div tabindex=\"0\" role=\"article\" data-tabster=\"{&quot;groupper&quot;:{&quot;tabbability&quot;:2},&quot;focusable&quot;:{}}\" data-content=\"ai-message\" aria-labelledby=\"Bs55EwMNDg9es62RJvoC9-author} Bs55EwMNDg9es62RJvoC9-content-0\">\n<div id=\"Bs55EwMNDg9es62RJvoC9-content-0\">\n<h2>Wymiary orientacyjne: d\u0142ugo\u015b\u0107 47\u201350 cm, szeroko\u015b\u0107 35\u201340 cm, wysoko\u015b\u0107 13 cm.<\/h2>\n<\/div>\n<\/div>\n","protected":false},"featured_media":25225,"comment_status":"closed","ping_status":"closed","template":"","meta":{"_acf_changed":false,"_joinchat":[]},"product_brand":[],"product_cat":[311,344],"product_tag":[320,417],"class_list":{"0":"post-15241","1":"product","2":"type-product","3":"status-publish","4":"has-post-thumbnail","6":"product_cat-umywalki","7":"product_cat-umywalki-marmurowe","8":"product_tag-marmur","9":"product_tag-umywalka-lazienkowa","11":"first","12":"instock","13":"sale","14":"featured","15":"shipping-taxable","16":"purchasable","17":"product-type-simple"},"acf":[],"_links":{"self":[{"href":"https:\/\/forzini.com\/pl\/wp-json\/wp\/v2\/product\/15241","targetHints":{"allow":["GET"]}}],"collection":[{"href":"https:\/\/forzini.com\/pl\/wp-json\/wp\/v2\/product"}],"about":[{"href":"https:\/\/forzini.com\/pl\/wp-json\/wp\/v2\/types\/product"}],"replies":[{"embeddable":true,"href":"https:\/\/forzini.com\/pl\/wp-json\/wp\/v2\/comments?post=15241"}],"version-history":[{"count":4,"href":"https:\/\/forzini.com\/pl\/wp-json\/wp\/v2\/product\/15241\/revisions"}],"predecessor-version":[{"id":25233,"href":"https:\/\/forzini.com\/pl\/wp-json\/wp\/v2\/product\/15241\/revisions\/25233"}],"wp:featuredmedia":[{"embeddable":true,"href":"https:\/\/forzini.com\/pl\/wp-json\/wp\/v2\/media\/25225"}],"wp:attachment":[{"href":"https:\/\/forzini.com\/pl\/wp-json\/wp\/v2\/media?parent=15241"}],"wp:term":[{"taxonomy":"product_brand","embeddable":true,"href":"https:\/\/forzini.com\/pl\/wp-json\/wp\/v2\/product_brand?post=15241"},{"taxonomy":"product_cat","embeddable":true,"href":"https:\/\/forzini.com\/pl\/wp-json\/wp\/v2\/product_cat?post=15241"},{"taxonomy":"product_tag","embeddable":true,"href":"https:\/\/forzini.com\/pl\/wp-json\/wp\/v2\/product_tag?post=15241"}],"curies":[{"name":"wp","href":"https:\/\/api.w.org\/{rel}","templated":true}]}}