{"id":16790,"date":"2024-03-14T11:26:26","date_gmt":"2024-03-14T10:26:26","guid":{"rendered":"https:\/\/forzini.com\/politica-de-cookies\/"},"modified":"2025-09-21T21:23:54","modified_gmt":"2025-09-21T19:23:54","slug":"polityka-plikow-cookie","status":"publish","type":"page","link":"https:\/\/forzini.com\/pl\/polityka-plikow-cookie\/","title":{"rendered":"Polityka plik\u00f3w cookie"},"content":{"rendered":"<h3><strong>Polityka plik\u00f3w cookie<\/strong><\/h3>\n<p>W niniejszym dokumencie udost\u0119pniamy u\u017cytkownikom strony <button type=\"button\" data-url=\"https:\/\/forzini.com\">https:\/\/forzini.com <\/button> (dalej \u201estrona internetowa\u201d) informacje dotycz\u0105ce stosowanych plik\u00f3w cookie, zgodnie z Dyrektyw\u0105 2009\/136\/WE, wdro\u017con\u0105 w naszym porz\u0105dku prawnym na podstawie art. 22 ust. 2 ustawy o us\u0142ugach spo\u0142ecze\u0144stwa informacyjnego, zgodnie z wytycznymi Hiszpa\u0144skiej Agencji Ochrony Danych.<\/p>\n<h4>Czym s\u0105 pliki cookie?<\/h4>\n<p>Pliki cookie to niewielkie ci\u0105gi tekstowe, kt\u00f3re odwiedzana przez u\u017cytkownika strona internetowa wysy\u0142a do jego urz\u0105dzenia ko\u0144cowego (zwykle przegl\u0105darki internetowej), gdzie s\u0105 przechowywane, aby mog\u0142y zosta\u0107 ponownie przes\u0142ane do tej samej strony przy kolejnych odwiedzinach. Podczas przegl\u0105dania u\u017cytkownik mo\u017ce r\u00f3wnie\u017c otrzyma\u0107 pliki cookie z innych witryn lub serwer\u00f3w (\u201estrony trzecie\u201d), kt\u00f3re zawieraj\u0105 r\u00f3\u017cne elementy (np. obrazy, mapy, d\u017awi\u0119ki, linki do innych domen) obecne na stronie, kt\u00f3r\u0105 aktualnie przegl\u0105da.<\/p>\n<p>W przegl\u0105darkach u\u017cytkownik\u00f3w zwykle znajduje si\u0119 wiele plik\u00f3w cookie, kt\u00f3re mog\u0105 by\u0107 aktywne przez d\u0142u\u017cszy czas i s\u0142u\u017c\u0105 r\u00f3\u017cnym celom: logowaniu, \u015bledzeniu sesji, zapisywaniu ustawie\u0144 u\u017cytkownika.<\/p>\n<p>Pliki cookie r\u00f3\u017cni\u0105 si\u0119 w zale\u017cno\u015bci od celu ich u\u017cycia. Na tej podstawie mo\u017cna je podzieli\u0107 na dwie kategorie: techniczne i profiluj\u0105ce.<\/p>\n<h4>Pliki cookie techniczne<\/h4>\n<p>Pliki techniczne s\u0142u\u017c\u0105 wy\u0142\u0105cznie do przesy\u0142ania komunikat\u00f3w przez sie\u0107 elektroniczn\u0105 lub do \u015bwiadczenia us\u0142ug wyra\u017anie \u017c\u0105danych przez u\u017cytkownika. Zazwyczaj s\u0105 instalowane przez wydawc\u0119 lub administratora strony.<\/p>\n<h4>Pliki cookie profiluj\u0105ce<\/h4>\n<p>Pliki profiluj\u0105ce maj\u0105 na celu tworzenie profili u\u017cytkownik\u00f3w i s\u0105 wykorzystywane do wy\u015bwietlania reklam dostosowanych do preferencji u\u017cytkownika ujawnionych podczas przegl\u0105dania Internetu.<\/p>\n<h4>Pliki cookie stron trzecich<\/h4>\n<p>Pliki cookie mog\u0105 by\u0107 instalowane nie tylko przez administratora odwiedzanej strony, ale r\u00f3wnie\u017c przez inne podmioty, kt\u00f3re umieszczaj\u0105 je za po\u015brednictwem tej strony (tzw. \u201epliki cookie stron trzecich\u201d).<\/p>\n<div><\/div>\n<h3><strong>Rodzaje plik\u00f3w cookie stosowanych na stronie<\/strong><\/h3>\n<h4>Pliki techniczne<\/h4>\n<p>Strona wykorzystuje pliki techniczne, kt\u00f3re pozwalaj\u0105 rozpozna\u0107 powracaj\u0105cych u\u017cytkownik\u00f3w i ich dane, dzi\u0119ki czemu nie musz\u0105 oni ponownie wprowadza\u0107 tych samych informacji.<\/p>\n<p>Do instalacji i u\u017cywania tych plik\u00f3w nie jest wymagane uprzednie wyra\u017cenie zgody przez u\u017cytkownika.<\/p>\n<p>Przyk\u0142ady:<\/p>\n<ul>\n<li><strong>Pliki nawigacyjne lub sesyjne<\/strong>: umo\u017cliwiaj\u0105 podstawowe funkcje strony, takie jak zakup czy logowanie do strefy u\u017cytkownika.<\/li>\n<li><strong>Pliki analityczne<\/strong>: zbieraj\u0105 anonimowe dane statystyczne o liczbie u\u017cytkownik\u00f3w i sposobie korzystania ze strony.<\/li>\n<\/ul>\n<div><\/div>\n<h3><strong>Pliki cookie u\u017cywane na stronie<\/strong><\/h3>\n<div>\n<div>\n<table>\n<thead>\n<tr>\n<th>Nazwa cookie<\/th>\n<th>Cel i funkcje<\/th>\n<th>Okres wa\u017cno\u015bci<\/th>\n<\/tr>\n<\/thead>\n<tbody>\n<tr>\n<td>cookie_consent<\/td>\n<td>Baner zgody na pliki cookie<\/td>\n<td>2 lata<\/td>\n<\/tr>\n<tr>\n<td>Forzini_session<\/td>\n<td>\u015aledzenie sesji u\u017cytkownika<\/td>\n<td>Do zamkni\u0119cia przegl\u0105darki<\/td>\n<\/tr>\n<tr>\n<td>guest_token<\/td>\n<td>\u015aledzenie sesji u\u017cytkownika<\/td>\n<td>Do zamkni\u0119cia przegl\u0105darki<\/td>\n<\/tr>\n<tr>\n<td>_signup_pvs<\/td>\n<td>\u015aledzenie sesji u\u017cytkownika<\/td>\n<td>Do zamkni\u0119cia przegl\u0105darki<\/td>\n<\/tr>\n<tr>\n<td>_signup_type<\/td>\n<td>\u015aledzenie sesji u\u017cytkownika<\/td>\n<td>Do zamkni\u0119cia przegl\u0105darki<\/td>\n<\/tr>\n<tr>\n<td>_ga<\/td>\n<td>Google Analytics \u2013 wydajno\u015b\u0107 strony<\/td>\n<td>2 lata<\/td>\n<\/tr>\n<tr>\n<td>_gid<\/td>\n<td>Google Analytics \u2013 wydajno\u015b\u0107 strony<\/td>\n<td>1 dzie\u0144<\/td>\n<\/tr>\n<tr>\n<td>_gat<\/td>\n<td>Google Analytics \u2013 wydajno\u015b\u0107 strony<\/td>\n<td>Do zamkni\u0119cia przegl\u0105darki<\/td>\n<\/tr>\n<tr>\n<td>zaius_js_version<\/td>\n<td>Platforma e-mail marketingowa<\/td>\n<td>2 lata<\/td>\n<\/tr>\n<tr>\n<td>z_idsyncs<\/td>\n<td>Platforma e-mail marketingowa<\/td>\n<td>2 lata<\/td>\n<\/tr>\n<tr>\n<td>z_customer_id<\/td>\n<td>Platforma e-mail marketingowa<\/td>\n<td>2 lata<\/td>\n<\/tr>\n<\/tbody>\n<\/table>\n<\/div>\n<div><\/div>\n<\/div>\n<p>Strona korzysta r\u00f3wnie\u017c z analitycznych plik\u00f3w cookie stron trzecich, opisanych w sekcji \u201ePliki cookie stron trzecich\u201d.<\/p>\n<div><\/div>\n<h3><strong>Reklamowe pliki cookie na stronach partner\u00f3w<\/strong><\/h3>\n<p>Strona reklamuje si\u0119 na zewn\u0119trznych witrynach i u\u017cywa plik\u00f3w cookie do kontrolowania cz\u0119stotliwo\u015bci wy\u015bwietlania reklam, aby u\u017cytkownik nie widzia\u0142 tej samej reklamy zbyt cz\u0119sto. Te pliki nie zbieraj\u0105 danych osobowych. Aby je odrzuci\u0107, nale\u017cy skorzysta\u0107 z ustawie\u0144 przegl\u0105darki opisanych w sekcji \u201eZarz\u0105dzanie ustawieniami plik\u00f3w cookie\u201d.<\/p>\n<div><\/div>\n<h3><strong>Pliki cookie stron trzecich<\/strong><\/h3>\n<p>Strona zainstalowa\u0142a szereg plik\u00f3w cookie stron trzecich.<\/p>\n<p>Nie ma bezpo\u015bredniej kontroli nad tymi plikami (nie mo\u017ce ich instalowa\u0107 ani usuwa\u0107). U\u017cytkownicy mog\u0105 nimi zarz\u0105dza\u0107 poprzez ustawienia przegl\u0105darki lub za pomoc\u0105 link\u00f3w podanych w poni\u017cszej tabeli.<\/p>\n<div>\n<div>\n<table>\n<thead>\n<tr>\n<th>Podmiot<\/th>\n<th>Typ cookie<\/th>\n<th>Wi\u0119cej informacji \/ rezygnacja<\/th>\n<\/tr>\n<\/thead>\n<tbody>\n<tr>\n<td>Meta (Facebook\/Instagram)<\/td>\n<td>Reklama oparta na zainteresowaniach<\/td>\n<td><button type=\"button\" data-url=\"https:\/\/www.facebook.com\/about\/privacy\">facebook.com\/privacy<\/button><\/td>\n<\/tr>\n<tr>\n<td>Google AdWords Remarketing<\/td>\n<td>Reklama oparta na zainteresowaniach<\/td>\n<td><button type=\"button\" data-url=\"https:\/\/www.google.com\/settings\/u\/0\/ads\/authenticated?hl=en\">Google Ads Settings<\/button><\/td>\n<\/tr>\n<tr>\n<td>Google Analytics<\/td>\n<td>Analityka<\/td>\n<td><button type=\"button\" data-url=\"https:\/\/tools.google.com\/dlpage\/gaoptout\">Google Opt-out<\/button><\/td>\n<\/tr>\n<tr>\n<td>DoubleClick (Channel Intelligence)<\/td>\n<td>Reklama<\/td>\n<td><button type=\"button\" data-url=\"https:\/\/www.google.com\/settings\/u\/0\/ads\/authenticated?hl=en\">Google Ads Settings<\/button><\/td>\n<\/tr>\n<tr>\n<td>DoubleClick DPA<\/td>\n<td>Reklama<\/td>\n<td><button type=\"button\" data-url=\"https:\/\/www.google.com\/settings\/u\/0\/ads\/authenticated?hl=en\">Google Ads Settings<\/button><\/td>\n<\/tr>\n<tr>\n<td>DoubleClick Floodlight<\/td>\n<td>Reklama<\/td>\n<td><button type=\"button\" data-url=\"https:\/\/www.google.com\/settings\/u\/0\/ads\/authenticated?hl=en\">Google Ads Settings<\/button><\/td>\n<\/tr>\n<tr>\n<td>LinkedIn<\/td>\n<td>Analityka<\/td>\n<td><button type=\"button\" data-url=\"https:\/\/www.linkedin.com\/psettings\/guest-controls\/retargeting-opt-out?trk=\">LinkedIn Retargeting<\/button><\/td>\n<\/tr>\n<\/tbody>\n<\/table>\n<\/div>\n<div><\/div>\n<\/div>\n<div><\/div>\n<h3><strong>Zarz\u0105dzanie ustawieniami plik\u00f3w cookie<\/strong><\/h3>\n<p>U\u017cytkownicy mog\u0105 usuwa\u0107 niekt\u00f3re lub wszystkie pliki cookie za pomoc\u0105 ustawie\u0144 przegl\u0105darki. Nale\u017cy pami\u0119ta\u0107, \u017ce wy\u0142\u0105czenie plik\u00f3w technicznych mo\u017ce spowodowa\u0107 nieprawid\u0142owe dzia\u0142anie strony lub ograniczenie dost\u0119pnych us\u0142ug.<\/p>\n<p>Instrukcje dla przegl\u0105darek:<\/p>\n<ul>\n<li>Internet Explorer: <button type=\"button\" data-url=\"https:\/\/windows.microsoft.com\/en-us\/windows7\/block-enable-or-allow-cookies\">windows.microsoft.com<\/button><\/li>\n<li>Safari: <button type=\"button\" data-url=\"https:\/\/support.apple.com\/kb\/PH19255?viewlocale=en_US&amp;locale=it_IT\">support.apple.com<\/button><\/li>\n<li>Chrome: <button type=\"button\" data-url=\"https:\/\/support.google.com\/chrome\/answer\/95647?hl=en\">support.google.com<\/button><\/li>\n<li>Firefox: <button type=\"button\" data-url=\"https:\/\/support.mozilla.org\/en-US\/kb\/enable-and-disable-cookies-website-preferences\">support.mozilla.org<\/button><\/li>\n<\/ul>\n<p>Pliki cookie stron trzecich mo\u017cna r\u00f3wnie\u017c dezaktywowa\u0107 poprzez ustawienia przegl\u0105darki lub za pomoc\u0105 narz\u0119dzi udost\u0119pnionych przez te podmioty, jak opisano w sekcji \u201ePliki cookie stron trzecich\u201d.<\/p>\n<p>Preferencje mo\u017cna ustawi\u0107 na stronie <button type=\"button\" data-url=\"https:\/\/www.youronlinechoices.com\">youronlinechoices.com<\/button>, aktywuj\u0105c lub dezaktywuj\u0105c konkretne kategorie plik\u00f3w cookie.<\/p>\n<p>Aby dowiedzie\u0107 si\u0119 wi\u0119cej o dzia\u0142aniu plik\u00f3w cookie stron trzecich oraz sposobach ich zarz\u0105dzania lub usuwania, odwied\u017a stron\u0119 <button type=\"button\" data-url=\"https:\/\/www.youronlinechoices.com\">youronlinechoices.com<\/button>.<\/p>\n","protected":false},"excerpt":{"rendered":"<p>Polityka plik\u00f3w cookie W niniejszym dokumencie udost\u0119pniamy u\u017cytkownikom strony https:\/\/forzini.com (dalej \u201estrona internetowa\u201d) informacje dotycz\u0105ce stosowanych plik\u00f3w cookie, zgodnie z Dyrektyw\u0105 2009\/136\/WE, wdro\u017con\u0105 w naszym porz\u0105dku prawnym na podstawie art. 22 ust. 2 ustawy o us\u0142ugach spo\u0142ecze\u0144stwa informacyjnego, zgodnie z wytycznymi Hiszpa\u0144skiej Agencji Ochrony Danych. Czym s\u0105 pliki cookie? Pliki cookie to niewielkie ci\u0105gi tekstowe, [&hellip;]<\/p>\n","protected":false},"author":4,"featured_media":0,"parent":0,"menu_order":0,"comment_status":"closed","ping_status":"closed","template":"","meta":{"_acf_changed":false,"_joinchat":[],"footnotes":""},"class_list":["post-16790","page","type-page","status-publish","hentry"],"acf":[],"_links":{"self":[{"href":"https:\/\/forzini.com\/pl\/wp-json\/wp\/v2\/pages\/16790","targetHints":{"allow":["GET"]}}],"collection":[{"href":"https:\/\/forzini.com\/pl\/wp-json\/wp\/v2\/pages"}],"about":[{"href":"https:\/\/forzini.com\/pl\/wp-json\/wp\/v2\/types\/page"}],"author":[{"embeddable":true,"href":"https:\/\/forzini.com\/pl\/wp-json\/wp\/v2\/users\/4"}],"replies":[{"embeddable":true,"href":"https:\/\/forzini.com\/pl\/wp-json\/wp\/v2\/comments?post=16790"}],"version-history":[{"count":0,"href":"https:\/\/forzini.com\/pl\/wp-json\/wp\/v2\/pages\/16790\/revisions"}],"wp:attachment":[{"href":"https:\/\/forzini.com\/pl\/wp-json\/wp\/v2\/media?parent=16790"}],"curies":[{"name":"wp","href":"https:\/\/api.w.org\/{rel}","templated":true}]}}