{"id":16765,"date":"2024-02-12T12:35:03","date_gmt":"2024-02-12T11:35:03","guid":{"rendered":"https:\/\/forzini.com\/contactos\/"},"modified":"2025-12-08T19:13:01","modified_gmt":"2025-12-08T18:13:01","slug":"kontakt","status":"publish","type":"page","link":"https:\/\/forzini.com\/pl\/kontakt\/","title":{"rendered":"Kontakt"},"content":{"rendered":"\t\t<div data-elementor-type=\"wp-page\" data-elementor-id=\"16765\" class=\"elementor elementor-16765 elementor-74\">\n\t\t\t\t<div class=\"elementor-element elementor-element-6481c83b e-flex e-con-boxed e-con e-parent\" data-id=\"6481c83b\" data-element_type=\"container\" data-e-type=\"container\" data-settings=\"{&quot;background_background&quot;:&quot;classic&quot;}\">\n\t\t\t\t\t<div class=\"e-con-inner\">\n\t\t<div class=\"elementor-element elementor-element-40388cc3 e-con-full e-flex e-con e-child\" data-id=\"40388cc3\" data-element_type=\"container\" data-e-type=\"container\">\n\t\t\t\t<div class=\"elementor-element elementor-element-2aa5ea6a elementor-align-center animated-slow elementor-invisible elementor-widget elementor-widget-raven-heading\" data-id=\"2aa5ea6a\" data-element_type=\"widget\" data-e-type=\"widget\" data-settings=\"{&quot;_animation&quot;:&quot;fadeInUp&quot;}\" data-widget_type=\"raven-heading.default\">\n\t\t\t\t<div class=\"elementor-widget-container\">\n\t\t\t\t\t\t\t<div class=\"raven-widget-wrapper\"><h1 class=\"raven-heading raven-heading-h1\"><span class=\"raven-heading-title \">KONTAKT<\/span><\/h1><\/div>\n\t\t\t\t\t\t<\/div>\n\t\t\t\t<\/div>\n\t\t\t\t<\/div>\n\t\t<div class=\"elementor-element elementor-element-7230dcbb e-con-full e-flex e-con e-child\" data-id=\"7230dcbb\" data-element_type=\"container\" data-e-type=\"container\">\n\t\t\t\t<div class=\"elementor-element elementor-element-769a7706 elementor-widget elementor-widget-text-editor\" data-id=\"769a7706\" data-element_type=\"widget\" data-e-type=\"widget\" data-widget_type=\"text-editor.default\">\n\t\t\t\t<div class=\"elementor-widget-container\">\n\t\t\t\t\t\t\t\t\t<p>Twoje do\u015bwiadczenie jest r\u00f3wnie wa\u017cne jak nasze projekty. FORZINI opiera si\u0119 na jako\u015bci, uczciwo\u015bci i odpowiedziach, na kt\u00f3re nie musisz czeka\u0107. Skontaktuj si\u0119 z nami w dowolnym momencie \u2014 jeste\u015bmy tutaj, aby uczyni\u0107 niezwyk\u0142e rzeczy rzeczywisto\u015bci\u0105.<\/p>\t\t\t\t\t\t\t\t<\/div>\n\t\t\t\t<\/div>\n\t\t\t\t<\/div>\n\t\t\t\t\t<\/div>\n\t\t\t\t<\/div>\n\t\t<div class=\"elementor-element elementor-element-5aa555c e-flex e-con-boxed e-con e-parent\" data-id=\"5aa555c\" data-element_type=\"container\" data-e-type=\"container\" data-settings=\"{&quot;background_background&quot;:&quot;classic&quot;}\">\n\t\t\t\t\t<div class=\"e-con-inner\">\n\t\t<div class=\"elementor-element elementor-element-dc71bb6 e-con-full e-flex e-con e-child\" data-id=\"dc71bb6\" data-element_type=\"container\" data-e-type=\"container\">\n\t\t\t\t<div class=\"elementor-element elementor-element-70203a3 elementor-widget elementor-widget-text-editor\" data-id=\"70203a3\" data-element_type=\"widget\" data-e-type=\"widget\" data-widget_type=\"text-editor.default\">\n\t\t\t\t<div class=\"elementor-widget-container\">\n\t\t\t\t\t\t\t\t\t<p>Email:<\/p><p>Wsparcie i informacje<\/p><p>info@forzini.com<\/p>\t\t\t\t\t\t\t\t<\/div>\n\t\t\t\t<\/div>\n\t\t\t\t<\/div>\n\t\t<div class=\"elementor-element elementor-element-de8f138 e-con-full e-flex e-con e-child\" data-id=\"de8f138\" data-element_type=\"container\" data-e-type=\"container\">\n\t\t\t\t<div class=\"elementor-element elementor-element-7c735b8 elementor-widget elementor-widget-text-editor\" data-id=\"7c735b8\" data-element_type=\"widget\" data-e-type=\"widget\" data-widget_type=\"text-editor.default\">\n\t\t\t\t<div class=\"elementor-widget-container\">\n\t\t\t\t\t\t\t\t\t<p>Telefon:<\/p><p>Obs\u0142uga klienta<\/p><p>+34 613 979 559<\/p>\t\t\t\t\t\t\t\t<\/div>\n\t\t\t\t<\/div>\n\t\t\t\t<\/div>\n\t\t<div class=\"elementor-element elementor-element-d2a90d4 e-con-full e-flex e-con e-child\" data-id=\"d2a90d4\" data-element_type=\"container\" data-e-type=\"container\">\n\t\t\t\t<div class=\"elementor-element elementor-element-f7502a6 elementor-widget elementor-widget-text-editor\" data-id=\"f7502a6\" data-element_type=\"widget\" data-e-type=\"widget\" data-widget_type=\"text-editor.default\">\n\t\t\t\t<div class=\"elementor-widget-container\">\n\t\t\t\t\t\t\t\t\t<p>Godziny otwarcia:<\/p><p>Jeste\u015bmy dost\u0119pni pod telefonem od 09:00 do 21:00 od Poniedzia\u0142ku do Soboty.<\/p><p>\u00a0<\/p>\t\t\t\t\t\t\t\t<\/div>\n\t\t\t\t<\/div>\n\t\t\t\t<\/div>\n\t\t<div class=\"elementor-element elementor-element-a460bab e-con-full e-flex e-con e-child\" data-id=\"a460bab\" data-element_type=\"container\" data-e-type=\"container\">\n\t\t\t\t<\/div>\n\t\t<div class=\"elementor-element elementor-element-2dac8de e-con-full e-flex e-con e-child\" data-id=\"2dac8de\" data-element_type=\"container\" data-e-type=\"container\">\n\t\t\t\t<\/div>\n\t\t<div class=\"elementor-element elementor-element-7dd3f04 e-con-full e-flex e-con e-child\" data-id=\"7dd3f04\" data-element_type=\"container\" data-e-type=\"container\">\n\t\t\t\t<\/div>\n\t\t\t\t\t<\/div>\n\t\t\t\t<\/div>\n\t\t\t\t<\/div>\n\t\t","protected":false},"excerpt":{"rendered":"<p>KONTAKT Twoje do\u015bwiadczenie jest r\u00f3wnie wa\u017cne jak nasze projekty. FORZINI opiera si\u0119 na jako\u015bci, uczciwo\u015bci i odpowiedziach, na kt\u00f3re nie musisz czeka\u0107. Skontaktuj si\u0119 z nami w dowolnym momencie \u2014 jeste\u015bmy tutaj, aby uczyni\u0107 niezwyk\u0142e rzeczy rzeczywisto\u015bci\u0105. Email: Wsparcie i informacje info@forzini.com Telefon: Obs\u0142uga klienta +34 613 979 559 Godziny otwarcia: Jeste\u015bmy dost\u0119pni pod telefonem [&hellip;]<\/p>\n","protected":false},"author":4,"featured_media":0,"parent":0,"menu_order":0,"comment_status":"closed","ping_status":"closed","template":"full-width.php","meta":{"_acf_changed":false,"_joinchat":[],"footnotes":""},"class_list":["post-16765","page","type-page","status-publish","hentry"],"acf":[],"_links":{"self":[{"href":"https:\/\/forzini.com\/pl\/wp-json\/wp\/v2\/pages\/16765","targetHints":{"allow":["GET"]}}],"collection":[{"href":"https:\/\/forzini.com\/pl\/wp-json\/wp\/v2\/pages"}],"about":[{"href":"https:\/\/forzini.com\/pl\/wp-json\/wp\/v2\/types\/page"}],"author":[{"embeddable":true,"href":"https:\/\/forzini.com\/pl\/wp-json\/wp\/v2\/users\/4"}],"replies":[{"embeddable":true,"href":"https:\/\/forzini.com\/pl\/wp-json\/wp\/v2\/comments?post=16765"}],"version-history":[{"count":0,"href":"https:\/\/forzini.com\/pl\/wp-json\/wp\/v2\/pages\/16765\/revisions"}],"wp:attachment":[{"href":"https:\/\/forzini.com\/pl\/wp-json\/wp\/v2\/media?parent=16765"}],"curies":[{"name":"wp","href":"https:\/\/api.w.org\/{rel}","templated":true}]}}