{"id":16720,"date":"2024-02-06T11:49:53","date_gmt":"2024-02-06T10:49:53","guid":{"rendered":"https:\/\/forzini.com\/carrito\/"},"modified":"2025-09-21T20:17:34","modified_gmt":"2025-09-21T18:17:34","slug":"koszyk","status":"publish","type":"page","link":"https:\/\/forzini.com\/pl\/koszyk\/","title":{"rendered":"Koszyk"},"content":{"rendered":"\r\n<div data-block-name=\"woocommerce\/cart\" class=\"wp-block-woocommerce-cart alignwide is-loading\">\r\n<div data-block-name=\"woocommerce\/filled-cart-block\" class=\"wp-block-woocommerce-filled-cart-block\">\r\n<div data-block-name=\"woocommerce\/cart-items-block\" class=\"wp-block-woocommerce-cart-items-block\">\r\n<div data-block-name=\"woocommerce\/cart-line-items-block\" class=\"wp-block-woocommerce-cart-line-items-block\">\u00a0<\/div>\r\n\r\n\r\n\r\n<div data-block-name=\"woocommerce\/cart-cross-sells-block\" class=\"wp-block-woocommerce-cart-cross-sells-block\">\r\n<h2 class=\"wp-block-heading has-large-font-size\">You may be interested in\u2026<\/h2>\r\n\r\n\r\n\r\n<div data-block-name=\"woocommerce\/cart-cross-sells-products-block\" class=\"wp-block-woocommerce-cart-cross-sells-products-block\">\u00a0<\/div>\r\n<\/div>\r\n<\/div>\r\n\r\n\r\n\r\n<div data-block-name=\"woocommerce\/cart-totals-block\" class=\"wp-block-woocommerce-cart-totals-block\">\r\n<div data-block-name=\"woocommerce\/cart-order-summary-block\" class=\"wp-block-woocommerce-cart-order-summary-block\">\r\n<div data-block-name=\"woocommerce\/cart-order-summary-heading-block\" class=\"wp-block-woocommerce-cart-order-summary-heading-block\">\u00a0<\/div>\r\n\r\n\r\n\r\n<div data-block-name=\"woocommerce\/cart-order-summary-coupon-form-block\" class=\"wp-block-woocommerce-cart-order-summary-coupon-form-block\">\u00a0<\/div>\r\n\r\n\r\n\r\n\r\n\r\n\r\n\r\n\r\n\r\n\r\n\r\n\r\n\r\n\r\n\r\n\r\n\r\n\r\n\r\n<div data-block-name=\"woocommerce\/cart-order-summary-totals-block\" class=\"wp-block-woocommerce-cart-order-summary-totals-block\">\n<div data-block-name=\"woocommerce\/cart-order-summary-subtotal-block\" class=\"wp-block-woocommerce-cart-order-summary-subtotal-block\">\u00a0<\/div>\n<div data-block-name=\"woocommerce\/cart-order-summary-discount-block\" class=\"wp-block-woocommerce-cart-order-summary-discount-block\">\u00a0<\/div>\n<div data-block-name=\"woocommerce\/cart-order-summary-fee-block\" class=\"wp-block-woocommerce-cart-order-summary-fee-block\">\u00a0<\/div>\n<div data-block-name=\"woocommerce\/cart-order-summary-shipping-block\" class=\"wp-block-woocommerce-cart-order-summary-shipping-block\">\u00a0<\/div>\n<div data-block-name=\"woocommerce\/cart-order-summary-taxes-block\" class=\"wp-block-woocommerce-cart-order-summary-taxes-block\">\u00a0<\/div><\/div>\r\n<\/div>\r\n\r\n\r\n\r\n<div data-block-name=\"woocommerce\/cart-express-payment-block\" class=\"wp-block-woocommerce-cart-express-payment-block\">\u00a0<\/div>\r\n\r\n\r\n\r\n<div data-block-name=\"woocommerce\/proceed-to-checkout-block\" class=\"wp-block-woocommerce-proceed-to-checkout-block\">\u00a0<\/div>\r\n\r\n\r\n\r\n<div data-block-name=\"woocommerce\/cart-accepted-payment-methods-block\" class=\"wp-block-woocommerce-cart-accepted-payment-methods-block\">\u00a0<\/div>\r\n<\/div>\r\n<\/div>\r\n\r\n\r\n\r\n<div data-block-name=\"woocommerce\/empty-cart-block\" class=\"wp-block-woocommerce-empty-cart-block\">\r\n<h2 class=\"wp-block-heading has-text-align-center with-empty-cart-icon wc-block-cart__empty-cart__title\">Your cart is currently empty!<\/h2>\r\n\r\n\r\n<hr class=\"wp-block-separator has-alpha-channel-opacity is-style-dots\" \/>\r\n\r\n\r\n<h2 class=\"wp-block-heading has-text-align-center\">New in store<\/h2>\r\n\r\n\r\n<div data-block-name=\"woocommerce\/product-new\" data-columns=\"4\" data-rows=\"1\" class=\"wc-block-grid wp-block-product-new wp-block-woocommerce-product-new wc-block-product-new has-4-columns\"><ul class=\"wc-block-grid__products\"><li class=\"wc-block-grid__product\">\n\t\t\t\t<a href=\"https:\/\/forzini.com\/pl\/producto\/wanna-wolnostojaca-kamienna-onyx-190\/\" class=\"wc-block-grid__product-link\">\n\t\t\t\t\t<div class=\"wc-block-grid__product-onsale\">\n\t\t\t<span aria-hidden=\"true\">Promocja<\/span>\n\t\t\t<span class=\"screen-reader-text\">Produkt w promocji<\/span>\n\t\t<\/div>\n\t\t\t\t\t<div class=\"wc-block-grid__product-image\"><img loading=\"lazy\" decoding=\"async\" width=\"300\" height=\"300\" src=\"https:\/\/forzini.com\/wp-content\/uploads\/2026\/04\/freestanding-bath-orange-onyx-Forzini-300x300.webp\" class=\"attachment-woocommerce_thumbnail size-woocommerce_thumbnail\" alt=\"Kamienna wanna z naturalnego onyksu w ciep\u0142ych odcieniach do nowoczesnego wn\u0119trza\" srcset=\"https:\/\/forzini.com\/wp-content\/uploads\/2026\/04\/freestanding-bath-orange-onyx-Forzini-300x300.webp 300w, https:\/\/forzini.com\/wp-content\/uploads\/2026\/04\/freestanding-bath-orange-onyx-Forzini-150x150.webp 150w, https:\/\/forzini.com\/wp-content\/uploads\/2026\/04\/freestanding-bath-orange-onyx-Forzini-768x768.webp 768w, https:\/\/forzini.com\/wp-content\/uploads\/2026\/04\/freestanding-bath-orange-onyx-Forzini-500x500.webp 500w, https:\/\/forzini.com\/wp-content\/uploads\/2026\/04\/freestanding-bath-orange-onyx-Forzini-600x600.webp 600w, https:\/\/forzini.com\/wp-content\/uploads\/2026\/04\/freestanding-bath-orange-onyx-Forzini-100x100.webp 100w, https:\/\/forzini.com\/wp-content\/uploads\/2026\/04\/freestanding-bath-orange-onyx-Forzini.webp 1024w\" sizes=\"auto, (max-width: 300px) 100vw, 300px\" \/><\/div>\n\t\t\t\t\t<div class=\"wc-block-grid__product-title\">Wanna Wolnostoj\u0105ca Kamienna z Onyksu 190 cm<\/div>\n\t\t\t\t<\/a>\n\t\t\t\t<div class=\"wc-block-grid__product-price price\"><del aria-hidden=\"true\"><span class=\"woocommerce-Price-amount amount\">13.850,00&nbsp;<span class=\"woocommerce-Price-currencySymbol\">&euro;<\/span><\/span><\/del> <span class=\"screen-reader-text\">Pierwotna cena wynosi\u0142a: 13.850,00&nbsp;&euro;.<\/span><ins aria-hidden=\"true\"><span class=\"woocommerce-Price-amount amount\">12.685,00&nbsp;<span class=\"woocommerce-Price-currencySymbol\">&euro;<\/span><\/span><\/ins><span class=\"screen-reader-text\">Aktualna cena wynosi: 12.685,00&nbsp;&euro;.<\/span><\/div>\n\t\t\t\t\n\t\t\t\t<div class=\"wp-block-button wc-block-grid__product-add-to-cart\"><a href=\"\/pl\/wp-json\/wp\/v2\/pages\/16720?add-to-cart=26134\" aria-label=\"Dodaj do koszyka: &bdquo;Wanna Wolnostoj\u0105ca Kamienna z Onyksu 190 cm&rdquo;\" data-quantity=\"1\" data-product_id=\"26134\" data-product_sku=\"FZ-SN-BTH-190\" data-price=\"12685\" rel=\"nofollow\" class=\"wp-block-button__link  add_to_cart_button ajax_add_to_cart\">Dodaj do koszyka<\/a><\/div>\n\t\t\t<\/li><li class=\"wc-block-grid__product\">\n\t\t\t\t<a href=\"https:\/\/forzini.com\/pl\/producto\/ametyst-wanna-wolnostojaca-kamienna-160\/\" class=\"wc-block-grid__product-link\">\n\t\t\t\t\t\n\t\t\t\t\t<div class=\"wc-block-grid__product-image\"><img loading=\"lazy\" decoding=\"async\" width=\"300\" height=\"300\" src=\"https:\/\/forzini.com\/wp-content\/uploads\/2026\/04\/amethyst-stone-freestanding-bath-Forzini-300x300.webp\" class=\"attachment-woocommerce_thumbnail size-woocommerce_thumbnail\" alt=\"Wanna kamienna wolnostoj\u0105ca z naturalnego ametystu w luksusowej \u0142azience\" srcset=\"https:\/\/forzini.com\/wp-content\/uploads\/2026\/04\/amethyst-stone-freestanding-bath-Forzini-300x300.webp 300w, https:\/\/forzini.com\/wp-content\/uploads\/2026\/04\/amethyst-stone-freestanding-bath-Forzini-1024x1024.webp 1024w, https:\/\/forzini.com\/wp-content\/uploads\/2026\/04\/amethyst-stone-freestanding-bath-Forzini-150x150.webp 150w, https:\/\/forzini.com\/wp-content\/uploads\/2026\/04\/amethyst-stone-freestanding-bath-Forzini-768x768.webp 768w, https:\/\/forzini.com\/wp-content\/uploads\/2026\/04\/amethyst-stone-freestanding-bath-Forzini-1536x1536.webp 1536w, https:\/\/forzini.com\/wp-content\/uploads\/2026\/04\/amethyst-stone-freestanding-bath-Forzini-500x500.webp 500w, https:\/\/forzini.com\/wp-content\/uploads\/2026\/04\/amethyst-stone-freestanding-bath-Forzini-600x600.webp 600w, https:\/\/forzini.com\/wp-content\/uploads\/2026\/04\/amethyst-stone-freestanding-bath-Forzini-100x100.webp 100w, https:\/\/forzini.com\/wp-content\/uploads\/2026\/04\/amethyst-stone-freestanding-bath-Forzini.webp 2048w\" sizes=\"auto, (max-width: 300px) 100vw, 300px\" \/><\/div>\n\t\t\t\t\t<div class=\"wc-block-grid__product-title\">Wanna Kamienna Wolnostoj\u0105ca &#8211; Ametyst 160cm<\/div>\n\t\t\t\t<\/a>\n\t\t\t\t<div class=\"wc-block-grid__product-price price\"><span class=\"woocommerce-Price-amount amount\">18.890,00&nbsp;<span class=\"woocommerce-Price-currencySymbol\">&euro;<\/span><\/span><\/div>\n\t\t\t\t\n\t\t\t\t<div class=\"wp-block-button wc-block-grid__product-add-to-cart\"><a href=\"\/pl\/wp-json\/wp\/v2\/pages\/16720?add-to-cart=26051\" aria-label=\"Dodaj do koszyka: &bdquo;Wanna Kamienna Wolnostoj\u0105ca - Ametyst 160cm&rdquo;\" data-quantity=\"1\" data-product_id=\"26051\" data-product_sku=\"FZ-AM-BTH-170\" data-price=\"18890\" rel=\"nofollow\" class=\"wp-block-button__link  add_to_cart_button ajax_add_to_cart\">Dodaj do koszyka<\/a><\/div>\n\t\t\t<\/li><li class=\"wc-block-grid__product\">\n\t\t\t\t<a href=\"https:\/\/forzini.com\/pl\/producto\/wanna-kamienna-onyks-zielony-170cm\/\" class=\"wc-block-grid__product-link\">\n\t\t\t\t\t<div class=\"wc-block-grid__product-onsale\">\n\t\t\t<span aria-hidden=\"true\">Promocja<\/span>\n\t\t\t<span class=\"screen-reader-text\">Produkt w promocji<\/span>\n\t\t<\/div>\n\t\t\t\t\t<div class=\"wc-block-grid__product-image\"><img loading=\"lazy\" decoding=\"async\" width=\"300\" height=\"300\" src=\"https:\/\/forzini.com\/wp-content\/uploads\/2026\/04\/green-stone-bath-onyx-180cm-Forzini-300x300.webp\" class=\"attachment-woocommerce_thumbnail size-woocommerce_thumbnail\" alt=\"Wanna wolnostoj\u0105ca z onyksu zielonego do nowoczesnej \u0142azienki\" srcset=\"https:\/\/forzini.com\/wp-content\/uploads\/2026\/04\/green-stone-bath-onyx-180cm-Forzini-300x300.webp 300w, https:\/\/forzini.com\/wp-content\/uploads\/2026\/04\/green-stone-bath-onyx-180cm-Forzini-150x150.webp 150w, https:\/\/forzini.com\/wp-content\/uploads\/2026\/04\/green-stone-bath-onyx-180cm-Forzini-768x768.webp 768w, https:\/\/forzini.com\/wp-content\/uploads\/2026\/04\/green-stone-bath-onyx-180cm-Forzini-500x500.webp 500w, https:\/\/forzini.com\/wp-content\/uploads\/2026\/04\/green-stone-bath-onyx-180cm-Forzini-600x600.webp 600w, https:\/\/forzini.com\/wp-content\/uploads\/2026\/04\/green-stone-bath-onyx-180cm-Forzini-100x100.webp 100w, https:\/\/forzini.com\/wp-content\/uploads\/2026\/04\/green-stone-bath-onyx-180cm-Forzini.webp 1024w\" sizes=\"auto, (max-width: 300px) 100vw, 300px\" \/><\/div>\n\t\t\t\t\t<div class=\"wc-block-grid__product-title\">Wanna Wolnostoj\u0105ca z Onyksu Zielonego 170cm<\/div>\n\t\t\t\t<\/a>\n\t\t\t\t<div class=\"wc-block-grid__product-price price\"><del aria-hidden=\"true\"><span class=\"woocommerce-Price-amount amount\">15.790,00&nbsp;<span class=\"woocommerce-Price-currencySymbol\">&euro;<\/span><\/span><\/del> <span class=\"screen-reader-text\">Pierwotna cena wynosi\u0142a: 15.790,00&nbsp;&euro;.<\/span><ins aria-hidden=\"true\"><span class=\"woocommerce-Price-amount amount\">13.890,00&nbsp;<span class=\"woocommerce-Price-currencySymbol\">&euro;<\/span><\/span><\/ins><span class=\"screen-reader-text\">Aktualna cena wynosi: 13.890,00&nbsp;&euro;.<\/span><\/div>\n\t\t\t\t\n\t\t\t\t<div class=\"wp-block-button wc-block-grid__product-add-to-cart\"><a href=\"\/pl\/wp-json\/wp\/v2\/pages\/16720?add-to-cart=25639\" aria-label=\"Dodaj do koszyka: &bdquo;Wanna Wolnostoj\u0105ca z Onyksu Zielonego 170cm&rdquo;\" data-quantity=\"1\" data-product_id=\"25639\" data-product_sku=\"FZ-MG-ON-BTH-170\" data-price=\"13890\" rel=\"nofollow\" class=\"wp-block-button__link  add_to_cart_button ajax_add_to_cart\">Dodaj do koszyka<\/a><\/div>\n\t\t\t<\/li><li class=\"wc-block-grid__product\">\n\t\t\t\t<a href=\"https:\/\/forzini.com\/pl\/producto\/wanna-wolnostojaca-marmurowa-bezowa-180cm\/\" class=\"wc-block-grid__product-link\">\n\t\t\t\t\t\n\t\t\t\t\t<div class=\"wc-block-grid__product-image\"><img loading=\"lazy\" decoding=\"async\" width=\"300\" height=\"300\" src=\"https:\/\/forzini.com\/wp-content\/uploads\/2026\/04\/freestanding-beige-marble-bath-Forzini-300x300.webp\" class=\"attachment-woocommerce_thumbnail size-woocommerce_thumbnail\" alt=\"Wanna wolnostoj\u0105ca marmurowa be\u017cowa w nowoczesnej \u0142azience\" srcset=\"https:\/\/forzini.com\/wp-content\/uploads\/2026\/04\/freestanding-beige-marble-bath-Forzini-300x300.webp 300w, https:\/\/forzini.com\/wp-content\/uploads\/2026\/04\/freestanding-beige-marble-bath-Forzini-150x150.webp 150w, https:\/\/forzini.com\/wp-content\/uploads\/2026\/04\/freestanding-beige-marble-bath-Forzini-768x768.webp 768w, https:\/\/forzini.com\/wp-content\/uploads\/2026\/04\/freestanding-beige-marble-bath-Forzini-500x500.webp 500w, https:\/\/forzini.com\/wp-content\/uploads\/2026\/04\/freestanding-beige-marble-bath-Forzini-600x600.webp 600w, https:\/\/forzini.com\/wp-content\/uploads\/2026\/04\/freestanding-beige-marble-bath-Forzini-100x100.webp 100w, https:\/\/forzini.com\/wp-content\/uploads\/2026\/04\/freestanding-beige-marble-bath-Forzini.webp 1024w\" sizes=\"auto, (max-width: 300px) 100vw, 300px\" \/><\/div>\n\t\t\t\t\t<div class=\"wc-block-grid__product-title\">Wanna Wolnostoj\u0105ca Marmurowa Be\u017cowa 180 cm<\/div>\n\t\t\t\t<\/a>\n\t\t\t\t<div class=\"wc-block-grid__product-price price\"><span class=\"woocommerce-Price-amount amount\">9.995,00&nbsp;<span class=\"woocommerce-Price-currencySymbol\">&euro;<\/span><\/span><\/div>\n\t\t\t\t\n\t\t\t\t<div class=\"wp-block-button wc-block-grid__product-add-to-cart\"><a href=\"\/pl\/wp-json\/wp\/v2\/pages\/16720?add-to-cart=25564\" aria-label=\"Dodaj do koszyka: &bdquo;Wanna Wolnostoj\u0105ca Marmurowa Be\u017cowa 180 cm&rdquo;\" data-quantity=\"1\" data-product_id=\"25564\" data-product_sku=\"FZ-BG-MB-BTH-180\" data-price=\"9995\" rel=\"nofollow\" class=\"wp-block-button__link  add_to_cart_button ajax_add_to_cart\">Dodaj do koszyka<\/a><\/div>\n\t\t\t<\/li><\/ul><\/div><\/div>\r\n<\/div>\r\n","protected":false},"excerpt":{"rendered":"","protected":false},"author":4,"featured_media":0,"parent":0,"menu_order":0,"comment_status":"closed","ping_status":"closed","template":"","meta":{"_acf_changed":false,"_joinchat":[],"footnotes":""},"class_list":["post-16720","page","type-page","status-publish","hentry"],"acf":[],"_links":{"self":[{"href":"https:\/\/forzini.com\/pl\/wp-json\/wp\/v2\/pages\/16720","targetHints":{"allow":["GET"]}}],"collection":[{"href":"https:\/\/forzini.com\/pl\/wp-json\/wp\/v2\/pages"}],"about":[{"href":"https:\/\/forzini.com\/pl\/wp-json\/wp\/v2\/types\/page"}],"author":[{"embeddable":true,"href":"https:\/\/forzini.com\/pl\/wp-json\/wp\/v2\/users\/4"}],"replies":[{"embeddable":true,"href":"https:\/\/forzini.com\/pl\/wp-json\/wp\/v2\/comments?post=16720"}],"version-history":[{"count":0,"href":"https:\/\/forzini.com\/pl\/wp-json\/wp\/v2\/pages\/16720\/revisions"}],"wp:attachment":[{"href":"https:\/\/forzini.com\/pl\/wp-json\/wp\/v2\/media?parent=16720"}],"curies":[{"name":"wp","href":"https:\/\/api.w.org\/{rel}","templated":true}]}}