{"id":14942,"date":"2024-02-13T14:08:19","date_gmt":"2024-02-13T13:08:19","guid":{"rendered":"https:\/\/forzini.com\/vard-och-egenskaper\/"},"modified":"2025-09-03T20:13:07","modified_gmt":"2025-09-03T18:13:07","slug":"pielegnacja-i-wlasciwosci","status":"publish","type":"page","link":"https:\/\/forzini.com\/pl\/pielegnacja-i-wlasciwosci\/","title":{"rendered":"Piel\u0119gnacja i w\u0142a\u015bciwo\u015bci"},"content":{"rendered":"\t\t<div data-elementor-type=\"wp-page\" data-elementor-id=\"14942\" class=\"elementor elementor-14942 elementor-254\">\n\t\t\t\t<div class=\"elementor-element elementor-element-2095ab91 e-flex e-con-boxed e-con e-parent\" data-id=\"2095ab91\" data-element_type=\"container\" data-e-type=\"container\" data-settings=\"{&quot;background_background&quot;:&quot;classic&quot;}\">\n\t\t\t\t\t<div class=\"e-con-inner\">\n\t\t\t\t<div class=\"elementor-element elementor-element-3ff3c801 elementor-align-center elementor-invisible elementor-widget elementor-widget-raven-heading\" data-id=\"3ff3c801\" data-element_type=\"widget\" data-e-type=\"widget\" data-settings=\"{&quot;_animation&quot;:&quot;fadeInUp&quot;}\" data-widget_type=\"raven-heading.default\">\n\t\t\t\t<div class=\"elementor-widget-container\">\n\t\t\t\t\t\t\t<div class=\"raven-widget-wrapper\"><h1 class=\"raven-heading raven-heading-h1\"><span class=\"raven-heading-title \">Piel\u0119gnacja produktu<\/span><\/h1><\/div>\n\t\t\t\t\t\t<\/div>\n\t\t\t\t<\/div>\n\t\t\t\t<div class=\"elementor-element elementor-element-10e1255f animated-slow elementor-invisible elementor-widget elementor-widget-text-editor\" data-id=\"10e1255f\" data-element_type=\"widget\" data-e-type=\"widget\" data-settings=\"{&quot;_animation&quot;:&quot;fadeIn&quot;}\" data-widget_type=\"text-editor.default\">\n\t\t\t\t<div class=\"elementor-widget-container\">\n\t\t\t\t\t\t\t\t\t<h1 class=\"p1\">Skorzystaj z naszych wskaz\u00f3wek, aby zadba\u0107 o produkty<\/h1>\t\t\t\t\t\t\t\t<\/div>\n\t\t\t\t<\/div>\n\t\t\t\t\t<\/div>\n\t\t\t\t<\/div>\n\t\t<div class=\"elementor-element elementor-element-72678fb e-flex e-con-boxed e-con e-parent\" data-id=\"72678fb\" data-element_type=\"container\" data-e-type=\"container\" data-settings=\"{&quot;background_background&quot;:&quot;classic&quot;}\">\n\t\t\t\t\t<div class=\"e-con-inner\">\n\t\t<div class=\"elementor-element elementor-element-e3522a9 e-con-full e-flex e-con e-child\" data-id=\"e3522a9\" data-element_type=\"container\" data-e-type=\"container\">\n\t\t\t\t<div class=\"elementor-element elementor-element-2f2a346 elementor-align-center animated-slow elementor-invisible elementor-widget elementor-widget-raven-heading\" data-id=\"2f2a346\" data-element_type=\"widget\" data-e-type=\"widget\" data-settings=\"{&quot;_animation&quot;:&quot;fadeInUp&quot;}\" data-widget_type=\"raven-heading.default\">\n\t\t\t\t<div class=\"elementor-widget-container\">\n\t\t\t\t\t\t\t<div class=\"raven-widget-wrapper\"><h1 class=\"raven-heading raven-heading-h1\"><span class=\"raven-heading-title \">umywalki<\/span><\/h1><\/div>\n\t\t\t\t\t\t<\/div>\n\t\t\t\t<\/div>\n\t\t\t\t<\/div>\n\t\t<div class=\"elementor-element elementor-element-3686975 e-con-full e-flex e-con e-child\" data-id=\"3686975\" data-element_type=\"container\" data-e-type=\"container\">\n\t\t\t\t<div class=\"elementor-element elementor-element-2b13b12 elementor-widget elementor-widget-text-editor\" data-id=\"2b13b12\" data-element_type=\"widget\" data-e-type=\"widget\" data-widget_type=\"text-editor.default\">\n\t\t\t\t<div class=\"elementor-widget-container\">\n\t\t\t\t\t\t\t\t\t<p><strong>Aby zachowa\u0107 pi\u0119kno umywalki z naturalnego kamienia<\/strong>, zaleca si\u0119 czyszczenie powierzchni mi\u0119kk\u0105 \u015bciereczk\u0105 lub szczotk\u0105 z nylonowym w\u0142osiem, zwil\u017con\u0105 p\u0142ynem do mycia naczy\u0144 o neutralnym pH (upewniaj\u0105c si\u0119, \u017ce nie jest cytrusowy) lub u\u017cycie specjalnego myd\u0142a do kamienia.<\/p><p>Po czyszczeniu nale\u017cy dok\u0142adnie sp\u0142uka\u0107 resztki \u015brodka myj\u0105cego i wytrze\u0107 umywalk\u0119 do sucha mi\u0119kk\u0105, czyst\u0105 \u015bciereczk\u0105. W przypadku trudniejszych plam mo\u017cna zastosowa\u0107 nieabrazyjne myd\u0142o przeznaczone specjalnie do naturalnego kamienia lub si\u0119gn\u0105\u0107 po profesjonalny \u015brodek czyszcz\u0105cy dost\u0119pny w lokalnym sklepie z p\u0142ytkami. Nale\u017cy unika\u0107 silnych \u015brodk\u00f3w chemicznych, takich jak wybielacz, zasady, amoniak, ocet, alkohol, kwasy abrazyjne czy inne substancje \u017cr\u0105ce, a tak\u017ce powstrzyma\u0107 si\u0119 od czyszczenia umywalki g\u0105bkami, druciakami, szczotkami lub szorstkimi \u015bciereczkami, aby zapobiec zarysowaniom.<\/p><p>Aby chroni\u0107 powierzchni\u0119 i zapobiec powstawaniu plam, zaleca si\u0119 raz w roku na\u0142o\u017cy\u0107 specjalny impregnat hydrofobowy do kamienia, dost\u0119pny w sklepie z narz\u0119dziami lub p\u0142ytkami.<\/p><p>Regularne i odpowiednie czyszczenie oraz konserwacja zapewni\u0105 trwa\u0142y urok Twojej umywalki z naturalnego kamienia, zaprojektowanej tak, aby doda\u0107 harmonii Twojemu domowi.<\/p>\t\t\t\t\t\t\t\t<\/div>\n\t\t\t\t<\/div>\n\t\t\t\t<\/div>\n\t\t\t\t\t<\/div>\n\t\t\t\t<\/div>\n\t\t<div class=\"elementor-element elementor-element-537e2f1 e-flex e-con-boxed e-con e-parent\" data-id=\"537e2f1\" data-element_type=\"container\" data-e-type=\"container\" data-settings=\"{&quot;background_background&quot;:&quot;classic&quot;}\">\n\t\t\t\t\t<div class=\"e-con-inner\">\n\t\t<div class=\"elementor-element elementor-element-d958b84 e-con-full e-flex e-con e-child\" data-id=\"d958b84\" data-element_type=\"container\" data-e-type=\"container\">\n\t\t\t\t<div class=\"elementor-element elementor-element-c180a4d elementor-align-center animated-slow elementor-invisible elementor-widget elementor-widget-raven-heading\" data-id=\"c180a4d\" data-element_type=\"widget\" data-e-type=\"widget\" data-settings=\"{&quot;_animation&quot;:&quot;fadeInUp&quot;}\" data-widget_type=\"raven-heading.default\">\n\t\t\t\t<div class=\"elementor-widget-container\">\n\t\t\t\t\t\t\t<div class=\"raven-widget-wrapper\"><h1 class=\"raven-heading raven-heading-h1\"><span class=\"raven-heading-title \">STO\u0141Y<\/span><\/h1><\/div>\n\t\t\t\t\t\t<\/div>\n\t\t\t\t<\/div>\n\t\t\t\t<\/div>\n\t\t<div class=\"elementor-element elementor-element-0db4d61 e-con-full e-flex e-con e-child\" data-id=\"0db4d61\" data-element_type=\"container\" data-e-type=\"container\" data-settings=\"{&quot;background_background&quot;:&quot;classic&quot;}\">\n\t\t\t\t<div class=\"elementor-element elementor-element-c91e7b5 elementor-widget elementor-widget-text-editor\" data-id=\"c91e7b5\" data-element_type=\"widget\" data-e-type=\"widget\" data-widget_type=\"text-editor.default\">\n\t\t\t\t<div class=\"elementor-widget-container\">\n\t\t\t\t\t\t\t\t\t<p><strong>Naturalny marmur to materia\u0142 ponadczasowy<\/strong>, a ka\u017cda z naszych sztuk jest wykonywana r\u0119cznie. Ka\u017cdy st\u00f3\u0142 jest unikatowy i wymaga szczeg\u00f3lnej piel\u0119gnacji, aby nadal podkre\u015bla\u0142 pi\u0119kno otoczenia, cieszy\u0142 swoim wygl\u0105dem i m\u00f3g\u0142 by\u0107 przekazywany z pokolenia na pokolenie. Ufamy, \u017ce b\u0119d\u0105 Pa\u0144stwo dba\u0107 o wyj\u0105tkowo\u015b\u0107 naszych kreacji.<\/p><p>Wszystkie kamienie naturalne maj\u0105 swoje w\u0142a\u015bciwo\u015bci, a tak\u017ce mocne strony i wra\u017cliwe punkty. Nawet nasz marmur jest zabezpieczany specjalnym impregnatem, kt\u00f3ry w pewnym stopniu chroni powierzchni\u0119, jednak wymaga on odnowienia co 8\u201312 miesi\u0119cy. Nale\u017cy pami\u0119ta\u0107, \u017ce z natury marmur jest wra\u017cliwy na dzia\u0142anie substancji kwa\u015bnych lub cierpkich pochodz\u0105cych z \u017cywno\u015bci i napoj\u00f3w (kawa, woda, alkohol, napoje gazowane, sosy, \u015brodki chemiczne, perfumy itp.), kt\u00f3re mog\u0105 pozostawi\u0107 plamy na powierzchni, je\u015bli nie zostan\u0105 natychmiast usuni\u0119te i wyczyszczone. Nawet woda mo\u017ce wnika\u0107 w pory kamienia i powodowa\u0107 odbarwienia.<\/p><p>Zalecamy, aby natychmiast czy\u015bci\u0107 powierzchni\u0119 such\u0105 \u015bciereczk\u0105 lub papierowym r\u0119cznikiem. Nie nale\u017cy pociera\u0107 ani rysowa\u0107 powierzchni, poniewa\u017c mo\u017ce to pozostawi\u0107 niepo\u017c\u0105dane \u015blady. Prosz\u0119 u\u017cywa\u0107 podstawek pod kubki, podk\u0142adek i innych akcesori\u00f3w, aby zapobiec powstawaniu zarysowa\u0144.<\/p><p>Do codziennej piel\u0119gnacji nale\u017cy regularnie czy\u015bci\u0107 kamie\u0144 mi\u0119kk\u0105 \u015bciereczk\u0105 z mikrofibry, a w razie potrzeby mo\u017cna u\u017cy\u0107 ciep\u0142ej wody z niewielk\u0105 ilo\u015bci\u0105 p\u0142ynu do mycia naczy\u0144 o neutralnym pH lub profesjonalnego \u015brodka czyszcz\u0105cego do kamienia naturalnego, dost\u0119pnego w lokalnym sklepie z p\u0142ytkami.<\/p><p>Do trudnych plam zalecamy stosowanie specjalnego myd\u0142a do kamienia naturalnego. Nie nale\u017cy u\u017cywa\u0107 \u015brodk\u00f3w chemicznych ani produkt\u00f3w zawieraj\u0105cych wybielacz, zasady, amoniak, ocet, alkohol, kwasy abrazyjne lub substancje \u017cr\u0105ce; nale\u017cy r\u00f3wnie\u017c unika\u0107 czyszczenia powierzchni g\u0105bkami, druciakami, szczotkami lub szorstkimi \u015bciereczkami, aby nie spowodowa\u0107 zarysowa\u0144. Regularne i odpowiednie czyszczenie oraz konserwacja zapewni\u0105 trwa\u0142y urok Pa\u0144stwa sto\u0142u z naturalnego kamienia, stworzonego specjalnie po to, by doda\u0107 elegancji Pa\u0144stwa domowi.<\/p>\t\t\t\t\t\t\t\t<\/div>\n\t\t\t\t<\/div>\n\t\t\t\t<\/div>\n\t\t\t\t\t<\/div>\n\t\t\t\t<\/div>\n\t\t<div class=\"elementor-element elementor-element-0119d88 e-flex e-con-boxed e-con e-parent\" data-id=\"0119d88\" data-element_type=\"container\" data-e-type=\"container\" data-settings=\"{&quot;background_background&quot;:&quot;classic&quot;}\">\n\t\t\t\t\t<div class=\"e-con-inner\">\n\t\t<div class=\"elementor-element elementor-element-a7ce453 e-con-full e-flex e-con e-child\" data-id=\"a7ce453\" data-element_type=\"container\" data-e-type=\"container\">\n\t\t\t\t<div class=\"elementor-element elementor-element-67e1c7d elementor-align-center animated-slow elementor-invisible elementor-widget elementor-widget-raven-heading\" data-id=\"67e1c7d\" data-element_type=\"widget\" data-e-type=\"widget\" data-settings=\"{&quot;_animation&quot;:&quot;fadeInUp&quot;}\" data-widget_type=\"raven-heading.default\">\n\t\t\t\t<div class=\"elementor-widget-container\">\n\t\t\t\t\t\t\t<div class=\"raven-widget-wrapper\"><h1 class=\"raven-heading raven-heading-h1\"><span class=\"raven-heading-title \">AKCESORIA<\/span><\/h1><\/div>\n\t\t\t\t\t\t<\/div>\n\t\t\t\t<\/div>\n\t\t\t\t<\/div>\n\t\t<div class=\"elementor-element elementor-element-86c2a42 e-con-full e-flex e-con e-child\" data-id=\"86c2a42\" data-element_type=\"container\" data-e-type=\"container\">\n\t\t\t\t<div class=\"elementor-element elementor-element-22d7922 elementor-widget elementor-widget-text-editor\" data-id=\"22d7922\" data-element_type=\"widget\" data-e-type=\"widget\" data-widget_type=\"text-editor.default\">\n\t\t\t\t<div class=\"elementor-widget-container\">\n\t\t\t\t\t\t\t\t\t<p><strong>Do czyszczenia dekoracyjnych przedmiot\u00f3w z kamienia naturalnego<\/strong> zalecamy u\u017cycie mi\u0119kkiej \u015bciereczki lub szczotki z nylonowym w\u0142osiem, namydlonej p\u0142ynem do mycia naczy\u0144 o neutralnym pH lub profesjonalnym \u015brodkiem czyszcz\u0105cym do kamienia naturalnego. Dok\u0142adnie sp\u0142ucz pozosta\u0142o\u015bci \u015brodka myj\u0105cego i wytrzyj powierzchni\u0119 mi\u0119kk\u0105, czyst\u0105 \u015bciereczk\u0105.<\/p><p>Do usuwania trudnych lub uporczywych plam zalecamy stosowanie specjalnego, nieabrazyjnego myd\u0142a do kamienia naturalnego lub profesjonalnego \u015brodka czyszcz\u0105cego, kt\u00f3ry mo\u017cna naby\u0107 w sklepie z p\u0142ytkami. Prosz\u0119 nie u\u017cywa\u0107 \u015brodk\u00f3w chemicznych ani produkt\u00f3w zawieraj\u0105cych wybielacz, zasady, amoniak, ocet, alkohol, kwasy abrazyjne lub substancje \u017cr\u0105ce. Nale\u017cy unika\u0107 rysowania akcesori\u00f3w g\u0105bkami, druciakami, szczotkami lub szorstkimi \u015bciereczkami.<\/p><p>Prosz\u0119 obchodzi\u0107 si\u0119 z przedmiotami ostro\u017cnie, gdy s\u0105 mokre, poniewa\u017c mog\u0105 by\u0107 \u015bliskie i ulec uszkodzeniu w przypadku upuszczenia. Zalecamy ca\u0142kowite wysuszenie przedmiotu przed jego podniesieniem. Regularne i odpowiednie czyszczenie oraz piel\u0119gnacja pozwol\u0105 cieszy\u0107 si\u0119 pi\u0119knymi akcesoriami z kamienia naturalnego przez d\u0142ugi czas. Zosta\u0142y one zaprojektowane tak, aby podkre\u015bli\u0107 styl Pa\u0144stwa domu, nadaj\u0105c mu wyj\u0105tkowy i niepowtarzalny charakter.<\/p>\t\t\t\t\t\t\t\t<\/div>\n\t\t\t\t<\/div>\n\t\t\t\t<\/div>\n\t\t\t\t\t<\/div>\n\t\t\t\t<\/div>\n\t\t\t\t<\/div>\n\t\t","protected":false},"excerpt":{"rendered":"<p>Piel\u0119gnacja produktu Skorzystaj z naszych wskaz\u00f3wek, aby zadba\u0107 o produkty umywalki Aby zachowa\u0107 pi\u0119kno umywalki z naturalnego kamienia, zaleca si\u0119 czyszczenie powierzchni mi\u0119kk\u0105 \u015bciereczk\u0105 lub szczotk\u0105 z nylonowym w\u0142osiem, zwil\u017con\u0105 p\u0142ynem do mycia naczy\u0144 o neutralnym pH (upewniaj\u0105c si\u0119, \u017ce nie jest cytrusowy) lub u\u017cycie specjalnego myd\u0142a do kamienia. Po czyszczeniu nale\u017cy dok\u0142adnie sp\u0142uka\u0107 resztki [&hellip;]<\/p>\n","protected":false},"author":4,"featured_media":0,"parent":0,"menu_order":0,"comment_status":"closed","ping_status":"closed","template":"full-width.php","meta":{"_acf_changed":false,"_joinchat":[],"footnotes":""},"class_list":["post-14942","page","type-page","status-publish","hentry"],"acf":[],"_links":{"self":[{"href":"https:\/\/forzini.com\/pl\/wp-json\/wp\/v2\/pages\/14942","targetHints":{"allow":["GET"]}}],"collection":[{"href":"https:\/\/forzini.com\/pl\/wp-json\/wp\/v2\/pages"}],"about":[{"href":"https:\/\/forzini.com\/pl\/wp-json\/wp\/v2\/types\/page"}],"author":[{"embeddable":true,"href":"https:\/\/forzini.com\/pl\/wp-json\/wp\/v2\/users\/4"}],"replies":[{"embeddable":true,"href":"https:\/\/forzini.com\/pl\/wp-json\/wp\/v2\/comments?post=14942"}],"version-history":[{"count":0,"href":"https:\/\/forzini.com\/pl\/wp-json\/wp\/v2\/pages\/14942\/revisions"}],"wp:attachment":[{"href":"https:\/\/forzini.com\/pl\/wp-json\/wp\/v2\/media?parent=14942"}],"curies":[{"name":"wp","href":"https:\/\/api.w.org\/{rel}","templated":true}]}}