{"id":17564,"date":"2025-10-04T09:45:26","date_gmt":"2025-10-04T07:45:26","guid":{"rendered":"https:\/\/forzini.com\/?post_type=product&#038;p=17564"},"modified":"2025-10-04T12:18:05","modified_gmt":"2025-10-04T10:18:05","slug":"piatto-decorativo-da-parete-in-ceramica","status":"publish","type":"product","link":"https:\/\/forzini.com\/it\/producto\/piatto-decorativo-da-parete-in-ceramica\/","title":{"rendered":"Piatto decorativo da parete in ceramica marocchina"},"content":{"rendered":"<h2><strong data-start=\"226\" data-end=\"280\">Piatto decorativo da parete in ceramica marocchina<\/strong><\/h2>\n<p data-start=\"214\" data-end=\"495\">Questo <strong data-start=\"221\" data-end=\"275\">piatto decorativo da parete in ceramica marocchina<\/strong> \u00e8 un vero gioiello dell\u2019arte ceramica del Marocco, realizzato a mano con grande cura dagli artigiani di Safi. Il suo design etnico, con caldi toni arancioni e rossi, dona un tocco vibrante e sofisticato a ogni ambiente.<\/p>\n<p data-start=\"497\" data-end=\"808\">Ogni pezzo \u00e8 unico e riflette secoli di artigianato tradizionale e creativit\u00e0. Ideale per una decorazione in stile boho, questo piatto di 35 cm di diametro pu\u00f2 essere utilizzato come accento decorativo in soggiorni, sale da pranzo o corridoi. Funziona perfettamente anche come elegante centrotavola o fruttiera.<\/p>\n<p data-start=\"810\" data-end=\"1112\">La sua finitura artigianale e i dettagli dipinti a mano lo rendono un pezzo speciale che valorizza il carattere della tua casa. Inoltre, \u00e8 un regalo originale perfetto per ogni occasione: compleanni, inaugurazioni, matrimoni o semplicemente come pensiero speciale per gli amanti del design artigianale.<\/p>\n<p data-start=\"1114\" data-end=\"1308\">Ogni piatto \u00e8 un\u2019opera d\u2019arte che combina bellezza, funzionalit\u00e0 e autenticit\u00e0. Aggiungi stile e originalit\u00e0 con questo piatto decorativo da parete, una perfetta fusione tra arte e funzionalit\u00e0.<\/p>\n<h3><strong>Caratteristiche principali:<\/strong><\/h3>\n<h3><strong>Diametro:<\/strong> 35 cm<\/h3>\n<h3><strong>Altezza:<\/strong> 6-7 cm<\/h3>\n","protected":false},"excerpt":{"rendered":"<h1><strong data-start=\"226\" data-end=\"280\">Piatto decorativo da parete in ceramica\u00a0<\/strong><\/h1>\n<p data-start=\"349\" data-end=\"618\">Questo <strong data-start=\"356\" data-end=\"410\">piatto decorativo da parete in ceramica marocchina<\/strong> \u00e8 una vera espressione dell\u2019arte tradizionale marocchina. Realizzato a mano da abili artigiani di Safi, ogni pezzo presenta colori vivaci e motivi unici che donano carattere ed eleganza a qualsiasi ambiente.<\/p>\n<p data-start=\"620\" data-end=\"1016\">Con un generoso diametro di 35 cm, questo piatto in ceramica marocchina \u00e8 perfetto come elemento centrale di grande impatto o come raffinata <strong data-start=\"761\" data-end=\"791\">decorazione boho da parete<\/strong> per soggiorni, sale da pranzo o corridoi. Che venga utilizzato come un audace accento decorativo o come simbolo di gusto raffinato, \u00e8 il modo ideale per portare l\u2019autentica <strong data-start=\"965\" data-end=\"1000\">ceramica marocchina artigianale<\/strong> nella tua casa.<\/p>\n<p data-start=\"1018\" data-end=\"1158\">Ogni piatto \u00e8 un pezzo unico \u2014 un\u2019opera d\u2019arte che celebra la ricca eredit\u00e0 culturale del Marocco e il valore dell\u2019artigianato fatto a mano.<\/p>\n","protected":false},"featured_media":17533,"comment_status":"closed","ping_status":"closed","template":"","meta":{"_acf_changed":false,"_joinchat":[]},"product_brand":[],"product_cat":[273,389],"product_tag":[262],"class_list":{"0":"post-17564","1":"product","2":"type-product","3":"status-publish","4":"has-post-thumbnail","6":"product_cat-accessori","7":"product_cat-oggetti-decorativi","8":"product_tag-ceramica-it","10":"first","11":"outofstock","12":"sale","13":"featured","14":"shipping-taxable","15":"purchasable","16":"product-type-simple"},"acf":[],"_links":{"self":[{"href":"https:\/\/forzini.com\/it\/wp-json\/wp\/v2\/product\/17564","targetHints":{"allow":["GET"]}}],"collection":[{"href":"https:\/\/forzini.com\/it\/wp-json\/wp\/v2\/product"}],"about":[{"href":"https:\/\/forzini.com\/it\/wp-json\/wp\/v2\/types\/product"}],"replies":[{"embeddable":true,"href":"https:\/\/forzini.com\/it\/wp-json\/wp\/v2\/comments?post=17564"}],"version-history":[{"count":0,"href":"https:\/\/forzini.com\/it\/wp-json\/wp\/v2\/product\/17564\/revisions"}],"wp:featuredmedia":[{"embeddable":true,"href":"https:\/\/forzini.com\/it\/wp-json\/wp\/v2\/media\/17533"}],"wp:attachment":[{"href":"https:\/\/forzini.com\/it\/wp-json\/wp\/v2\/media?parent=17564"}],"wp:term":[{"taxonomy":"product_brand","embeddable":true,"href":"https:\/\/forzini.com\/it\/wp-json\/wp\/v2\/product_brand?post=17564"},{"taxonomy":"product_cat","embeddable":true,"href":"https:\/\/forzini.com\/it\/wp-json\/wp\/v2\/product_cat?post=17564"},{"taxonomy":"product_tag","embeddable":true,"href":"https:\/\/forzini.com\/it\/wp-json\/wp\/v2\/product_tag?post=17564"}],"curies":[{"name":"wp","href":"https:\/\/api.w.org\/{rel}","templated":true}]}}