{"id":13552,"date":"2025-05-25T17:13:07","date_gmt":"2025-05-25T15:13:07","guid":{"rendered":"https:\/\/forzini.com\/producto\/bandeja-centro-de-mesa\/"},"modified":"2025-05-31T13:53:33","modified_gmt":"2025-05-31T11:53:33","slug":"vassoio-moderno-in-pietra","status":"publish","type":"product","link":"https:\/\/forzini.com\/it\/producto\/vassoio-moderno-in-pietra\/","title":{"rendered":"Vassoio moderno in pietra"},"content":{"rendered":"<h2>Vassoio moderno in pietra<\/h2>\n<p>Questo vassoio moderno in pietra onice naturale si distingue per la sua forma ovale e irregolare, che lo rende un pezzo unico ed esclusivo. Le sue grandi dimensioni e la finitura levigata esaltano lo splendore dell\u2019onice, mettendo in risalto le sue venature naturali e le sfumature calde.<\/p>\n<p>Pi\u00f9 di un semplice accessorio, questo vassoio moderno in pietra \u00e8 un elemento di design sofisticato, perfetto per aggiungere eleganza e raffinatezza a qualsiasi ambiente. La sua versatilit\u00e0 permette di utilizzarlo come raffinata fruttiera decorativa, vassoio porta candele o centrotavola, creando un punto focale d\u2019impatto.<\/p>\n<p>Ogni pezzo \u00e8 irripetibile, con variazioni nelle dimensioni, nella forma e nelle venature, rendendolo una vera opera d\u2019arte naturale. La bellezza dell\u2019onice naturale, con la sua meravigliosa variazione di colori, aggiunge un tocco esclusivo che trasforma qualsiasi spazio.<\/p>\n<p>Onice Desert Sunset \u2013 una pietra semipreziosa di straordinario impatto visivo, caratterizzata da un fondo rosato e rossastro, attraversato da delicate venature bianche, crema, solchi dorati, miele e sfumature caff\u00e8. Questa combinazione crea un motivo fluido e morbido, che evoca la tranquillit\u00e0 di un tramonto nel deserto.<\/p>\n<p>Ci\u00f2 che rende davvero speciale il Desert Sunset non \u00e8 solo la sua bellezza visiva, ma anche il suo eccezionale origine. Questo onice proviene da un remoto deserto del Nord Africa, una regione scarsamente sfruttata, il che rende la sua estrazione molto limitata. La sua rarit\u00e0 e unicit\u00e0 geologica lo posizionano tra gli onici pi\u00f9 esclusivi al mondo, riservato a chi apprezza ci\u00f2 che \u00e8 raro, autentico e naturalmente lussuoso. Possedere un pezzo di Onice Desert Sunset significa godere di un frammento della storia geologica della Terra, una creazione naturale che unisce esclusivit\u00e0, rarit\u00e0 e raffinatezza. La sua disponibilit\u00e0 limitata lo rende un materiale molto ricercato, ideale per chi cerca una decorazione con un carattere autentico e un\u2019eredit\u00e0 minerale unica.<\/p>\n<p><a href=\"https:\/\/forzini.com\/it\/materiali\/\" target=\"_blank\" rel=\"noopener\">Scopri di pi\u00f9 sulla nostra collezione di marmi e onice attraverso questo link: <\/a><a href=\"https:\/\/forzini.com\/it\/materiali\/\" target=\"_blank\" rel=\"noopener\">Materiali<\/a><\/p>\n","protected":false},"excerpt":{"rendered":"<h1>Vassoio moderno in pietra<\/h1>\n<p>estremamente versatile e funzionale, questa ciotola in onice \u00e8 ideale come raffinata fruttiera, svuotatasche d\u2019ingresso, vassoio per candele o semplicemente come accento decorativo da tavola. La sua delicata tonalit\u00e0 rossastra, caratteristica dell\u2019onice naturale, e la sua finitura levigata e raffinata aggiungono un tocco di lusso sottile e distinzione a qualsiasi ambiente.<\/p>\n<p>Le sue generose dimensioni la rendono un oggetto decorativo imponente, capace di esaltare con eleganza ogni spazio, dal soggiorno all\u2019ingresso, trasformando qualsiasi angolo in un punto di carattere e stile.<\/p>\n<p>Per chi cerca un regalo esclusivo, questo vassoio centrotavola \u00e8 la scelta ideale: elegante, unico e intriso del fascino senza tempo di un oggetto decorativo davvero eccezionale.<\/p>\n<h3><strong>Dimensioni:<\/strong> Lunghezza 35\/45 cm, Larghezza 25\/30 cm, Altezza 7 cm<\/h3>\n<p>Nota: A causa del suo design ovale irregolare, ogni vassoio presenta variazioni naturali di forma e dimensione. Realizzato in autentico onice rosso, ogni pezzo ha venature e tonalit\u00e0 uniche, rendendolo un oggetto esclusivo. Le immagini sono fornite solo a titolo di riferimento.<\/p>\n<p>&nbsp;<\/p>\n","protected":false},"featured_media":13447,"comment_status":"open","ping_status":"closed","template":"","meta":{"_acf_changed":false,"_joinchat":[]},"product_brand":[],"product_cat":[273,382],"product_tag":[266],"class_list":{"0":"post-13552","1":"product","2":"type-product","3":"status-publish","4":"has-post-thumbnail","6":"product_cat-accessori","7":"product_cat-complementi-darredo","8":"product_tag-onice","10":"first","11":"outofstock","12":"sale","13":"shipping-taxable","14":"purchasable","15":"product-type-simple"},"acf":[],"_links":{"self":[{"href":"https:\/\/forzini.com\/it\/wp-json\/wp\/v2\/product\/13552","targetHints":{"allow":["GET"]}}],"collection":[{"href":"https:\/\/forzini.com\/it\/wp-json\/wp\/v2\/product"}],"about":[{"href":"https:\/\/forzini.com\/it\/wp-json\/wp\/v2\/types\/product"}],"replies":[{"embeddable":true,"href":"https:\/\/forzini.com\/it\/wp-json\/wp\/v2\/comments?post=13552"}],"version-history":[{"count":0,"href":"https:\/\/forzini.com\/it\/wp-json\/wp\/v2\/product\/13552\/revisions"}],"wp:featuredmedia":[{"embeddable":true,"href":"https:\/\/forzini.com\/it\/wp-json\/wp\/v2\/media\/13447"}],"wp:attachment":[{"href":"https:\/\/forzini.com\/it\/wp-json\/wp\/v2\/media?parent=13552"}],"wp:term":[{"taxonomy":"product_brand","embeddable":true,"href":"https:\/\/forzini.com\/it\/wp-json\/wp\/v2\/product_brand?post=13552"},{"taxonomy":"product_cat","embeddable":true,"href":"https:\/\/forzini.com\/it\/wp-json\/wp\/v2\/product_cat?post=13552"},{"taxonomy":"product_tag","embeddable":true,"href":"https:\/\/forzini.com\/it\/wp-json\/wp\/v2\/product_tag?post=13552"}],"curies":[{"name":"wp","href":"https:\/\/api.w.org\/{rel}","templated":true}]}}