{"id":13548,"date":"2025-05-25T15:07:32","date_gmt":"2025-05-25T13:07:32","guid":{"rendered":"https:\/\/forzini.com\/producto\/tazon-decorativo-de-marmol\/"},"modified":"2025-05-30T10:16:21","modified_gmt":"2025-05-30T08:16:21","slug":"centrotavola-moderno-design","status":"publish","type":"product","link":"https:\/\/forzini.com\/it\/producto\/centrotavola-moderno-design\/","title":{"rendered":"Centrotavola moderno design"},"content":{"rendered":"<h2 data-start=\"276\" data-end=\"660\">Centrotavola moderno design<\/h2>\n<p data-start=\"276\" data-end=\"660\">Este Centrotavola moderno design di \u00f3nix beige es mucho m\u00e1s que un simple accesorio: es una pieza de dise\u00f1o que transforma cualquier espacio. Su forma redonda perfectamente pulida, con paredes suaves al tacto, resalta la belleza natural del \u00f3nix, una piedra semipreciosa que presenta una gama \u00fanica de colores que va desde el beige crema hasta tonos caramelo o toffee intenso.<\/p>\n<p data-start=\"662\" data-end=\"1111\">Gracias a su presencia sofisticada y su dise\u00f1o atemporal, este bol encaja con facilidad en estilos decorativos contempor\u00e1neos, n\u00f3rdicos, japandi, modernos o incluso r\u00fasticos. Su tama\u00f1o generoso lo convierte en un centro de mesa impactante, ideal para celebraciones, como frutero de dise\u00f1o, vaciabolsillos elegante o simplemente como un acento decorativo refinado para mesas de comedor, cocinas, recibidores o consolas de entrada.<\/p>\n<p data-start=\"1113\" data-end=\"1334\">Cada Centrotavola moderno design es \u00fanica e irrepetible, tallada artesanalmente en m\u00e1rmol \u00f3nix natural, con vetas y tonalidades propias que le aportan car\u00e1cter y distinci\u00f3n. Adem\u00e1s de embellecer, es pr\u00e1ctica y funcional para el uso diario.<\/p>\n<p data-start=\"1336\" data-end=\"1483\">Si est\u00e1s buscando un regalo original y con estilo, este taz\u00f3n de m\u00e1rmol \u00f3nix es una elecci\u00f3n perfecta: exclusivo, \u00fatil y lleno de personalidad.<\/p>\n<p data-start=\"1336\" data-end=\"1483\">Creama Cachemir \u00d3nix &#8211; es una piedra excepcional con un fondo crema c\u00e1lido, atravesado por vetas \u00fanicas en tonos blanco, dorado, caramelo y toffee intenso. Estos surcos naturales recorren su superficie con un patr\u00f3n armonioso e irrepetible, aportando una est\u00e9tica sofisticada y exclusiva.<\/p>\n<p data-start=\"1336\" data-end=\"1483\"><a href=\"https:\/\/forzini.com\/it\/materiali\/\" target=\"_blank\" rel=\"noopener\">Scopri di pi\u00f9 sulla nostra collezione di marmi e onice attraverso questo link: <\/a><a href=\"https:\/\/forzini.com\/it\/materiali\/\" target=\"_blank\" rel=\"noopener\">Materiali<\/a><\/p>\n","protected":false},"excerpt":{"rendered":"<h1>Centrotavola moderno design<\/h1>\n<p>di onice di grande dimensione, \u00e8 un accento decorativo sofisticato che aggiunge lusso ed esclusivit\u00e0 a qualsiasi ambiente. La sua forma rotonda esalta le venature uniche dell\u2019onice naturale, che variano tra crema, bianco beige e toffee intenso. Ideale da utilizzare come fruttiera, svuotatasche o centrotavola, si adatta perfettamente a stili moderni, nordici, Japandi o rustici. Ogni pezzo \u00e8 unico e irripetibile, rendendolo un regalo eccezionale per chi apprezza la bellezza naturale e il design esclusivo.<\/p>\n<h3><strong>Dimensioni:<\/strong> Diametro 30 cm, Altezza 6 cm<\/h3>\n<p>&nbsp;<\/p>\n","protected":false},"featured_media":13404,"comment_status":"closed","ping_status":"closed","template":"","meta":{"_acf_changed":false,"_joinchat":[]},"product_brand":[],"product_cat":[273,382],"product_tag":[266],"class_list":{"0":"post-13548","1":"product","2":"type-product","3":"status-publish","4":"has-post-thumbnail","6":"product_cat-accessori","7":"product_cat-complementi-darredo","8":"product_tag-onice","10":"first","11":"instock","12":"sale","13":"shipping-taxable","14":"purchasable","15":"product-type-simple"},"acf":[],"_links":{"self":[{"href":"https:\/\/forzini.com\/it\/wp-json\/wp\/v2\/product\/13548","targetHints":{"allow":["GET"]}}],"collection":[{"href":"https:\/\/forzini.com\/it\/wp-json\/wp\/v2\/product"}],"about":[{"href":"https:\/\/forzini.com\/it\/wp-json\/wp\/v2\/types\/product"}],"replies":[{"embeddable":true,"href":"https:\/\/forzini.com\/it\/wp-json\/wp\/v2\/comments?post=13548"}],"version-history":[{"count":0,"href":"https:\/\/forzini.com\/it\/wp-json\/wp\/v2\/product\/13548\/revisions"}],"wp:featuredmedia":[{"embeddable":true,"href":"https:\/\/forzini.com\/it\/wp-json\/wp\/v2\/media\/13404"}],"wp:attachment":[{"href":"https:\/\/forzini.com\/it\/wp-json\/wp\/v2\/media?parent=13548"}],"wp:term":[{"taxonomy":"product_brand","embeddable":true,"href":"https:\/\/forzini.com\/it\/wp-json\/wp\/v2\/product_brand?post=13548"},{"taxonomy":"product_cat","embeddable":true,"href":"https:\/\/forzini.com\/it\/wp-json\/wp\/v2\/product_cat?post=13548"},{"taxonomy":"product_tag","embeddable":true,"href":"https:\/\/forzini.com\/it\/wp-json\/wp\/v2\/product_tag?post=13548"}],"curies":[{"name":"wp","href":"https:\/\/api.w.org\/{rel}","templated":true}]}}