{"id":13339,"date":"2025-05-23T10:56:56","date_gmt":"2025-05-23T08:56:56","guid":{"rendered":"https:\/\/forzini.com\/producto\/cuenco-decorativo-negro\/"},"modified":"2025-05-24T16:24:50","modified_gmt":"2025-05-24T14:24:50","slug":"vassoio-decorativo-in-marmo-nero","status":"publish","type":"product","link":"https:\/\/forzini.com\/it\/producto\/vassoio-decorativo-in-marmo-nero\/","title":{"rendered":"Vassoio decorativo in marmo nero"},"content":{"rendered":"<h2>Vassoio decorativo marmo nero<\/h2>\n<p>Questo vassoio decorativo in marmo nero con fossili naturali, non \u00e8 solo un oggetto di decorazione, ma una vera e propria testimonianza storica. La sua grande dimensione lo rende un accento scenografico, capace di aggiungere carattere e profondit\u00e0 a qualsiasi spazio.<\/p>\n<p>Oltre alla sua bellezza, questa ciotola racconta la storia di un&#8217;epoca lontana. I fossili incastonati nella sua superficie risalgono a 460 milioni di anni fa, a un periodo noto come l\u2019Et\u00e0 dei Pesci, quando le prime foreste stavano appena iniziando a formarsi e i dinosauri non erano ancora comparsi sulla Terra. Tra queste tracce preistoriche si trovano trilobiti, ammoniti, orthoceras, nautiloidi e crinoidi, le cui impronte naturali si sono fossilizzate in questo marmo per centinaia di milioni di anni.<\/p>\n<p>Questo marmo dal nero intenso ed elegante \u00e8 un materiale estremamente raro e prezioso, estratto esclusivamente da un giacimento remoto ai piedi del deserto del Nord Africa. La sua origine limitata e la sua bellezza ineguagliabile lo rendono una vera opera d\u2019arte naturale, perfetta per chi cerca decorazioni con storia e anima. Ogni vassoio \u00e8 un pezzo unico, con fossili disposti in modo irripetibile, che lo trasformano in una creazione esclusiva.<\/p>\n<p>Grazie alla sua dimensione imponente, questo vassoio diventa un punto focale in qualsiasi ambiente. Pu\u00f2 essere utilizzato come fruttiera decorativa, come svuotatasche elegante all\u2019ingresso o come accento artistico su un tavolino da salotto. Il suo nero profondo, unito ai fossili millenari, crea un contrasto visivo affascinante, capace di catturare ogni sguardo.<\/p>\n<p>Immagina di poter decorare la tua casa con un autentico pezzo di storia, una reliquia naturale trasformata in un\u2019opera di design moderna. Questa ciotola decorativa in marmo nero non \u00e8 solo un elemento estetico, ma racconta gli albori della vita sul nostro pianeta. Pi\u00f9 che un oggetto di decorazione, \u00e8 un frammento tangibile della preistoria, capace di incantare e lasciare senza parole i tuoi ospiti.<\/p>\n<h3>Marmo Aether Pearl \u2013 Una delle pietre pi\u00f9 rare e straordinarie<\/h3>\n<p>Il Marmo Aether Pearl \u00e8 una delle pietre naturali pi\u00f9 eccezionali e rare esistenti sulla Terra. Il suo nero intenso, avvolto da un velo grigio scuro, crea un\u2019estetica misteriosa e sofisticata. Le vene bianche, che attraversano la superficie, donano un contrasto raffinato, mentre i fossili marini incastonati, dalle tonalit\u00e0 bianche, crema e giallo, raccontano la storia millenaria nascosta in questa pietra unica.<\/p>\n<p>&nbsp;<\/p>\n<p><a href=\"https:\/\/forzini.com\/it\/materiali\/\" target=\"_blank\" rel=\"noopener\">Scopri di pi\u00f9 sulla nostra collezione di marmi e onice attraverso questo link: <\/a><a href=\"https:\/\/forzini.com\/it\/materiali\/\" target=\"_blank\" rel=\"noopener\">Materiali<\/a><\/p>\n","protected":false},"excerpt":{"rendered":"<h1>Vassoio decorativo in marmo nero<\/h1>\n<p>con fossili naturali, questa ciotola \u00e8 molto pi\u00f9 di un semplice accessorio: \u00e8 un elemento di design che affascina e cattura tutti gli sguardi. La sua grande dimensione la rende un pezzo imponente, capace di aggiungere personalit\u00e0 ed eleganza a qualsiasi ambiente.<\/p>\n<h3>Grazie alla sua versatilit\u00e0, questa ciotola pu\u00f2 essere utilizzata come un elegante portafrutta, esaltando la bellezza naturale della tua tavola da pranzo, oppure come un svuotatasche sofisticato all\u2019ingresso, offrendo ordine con stile. Funziona anche come accento decorativo unico, capace di impreziosire ogni spazio con la sua presenza distintiva e carattere speciale.<\/h3>\n<h3>Dimensioni: Diametro 30 cm, altezza 6-7 cm<\/h3>\n<p>Nota: Ogni ciotola \u00e8 un pezzo unico e irripetibile. Essendo realizzata in marmo naturale con fossili autentici, pu\u00f2 presentare variazioni di forma, dimensione e tipo di fossili. L&#8217;immagine \u00e8 solo di riferimento, poich\u00e9 ogni ciotola ha un proprio carattere, con fossili e venature uniche che la rendono veramente esclusiva.<\/p>\n<p>&nbsp;<\/p>\n","protected":false},"featured_media":13295,"comment_status":"closed","ping_status":"closed","template":"","meta":{"_acf_changed":false,"_joinchat":[]},"product_brand":[],"product_cat":[273,382],"product_tag":[263],"class_list":{"0":"post-13339","1":"product","2":"type-product","3":"status-publish","4":"has-post-thumbnail","6":"product_cat-accessori","7":"product_cat-complementi-darredo","8":"product_tag-marmo","10":"first","11":"instock","12":"sale","13":"shipping-taxable","14":"purchasable","15":"product-type-simple"},"acf":[],"_links":{"self":[{"href":"https:\/\/forzini.com\/it\/wp-json\/wp\/v2\/product\/13339","targetHints":{"allow":["GET"]}}],"collection":[{"href":"https:\/\/forzini.com\/it\/wp-json\/wp\/v2\/product"}],"about":[{"href":"https:\/\/forzini.com\/it\/wp-json\/wp\/v2\/types\/product"}],"replies":[{"embeddable":true,"href":"https:\/\/forzini.com\/it\/wp-json\/wp\/v2\/comments?post=13339"}],"version-history":[{"count":0,"href":"https:\/\/forzini.com\/it\/wp-json\/wp\/v2\/product\/13339\/revisions"}],"wp:featuredmedia":[{"embeddable":true,"href":"https:\/\/forzini.com\/it\/wp-json\/wp\/v2\/media\/13295"}],"wp:attachment":[{"href":"https:\/\/forzini.com\/it\/wp-json\/wp\/v2\/media?parent=13339"}],"wp:term":[{"taxonomy":"product_brand","embeddable":true,"href":"https:\/\/forzini.com\/it\/wp-json\/wp\/v2\/product_brand?post=13339"},{"taxonomy":"product_cat","embeddable":true,"href":"https:\/\/forzini.com\/it\/wp-json\/wp\/v2\/product_cat?post=13339"},{"taxonomy":"product_tag","embeddable":true,"href":"https:\/\/forzini.com\/it\/wp-json\/wp\/v2\/product_tag?post=13339"}],"curies":[{"name":"wp","href":"https:\/\/api.w.org\/{rel}","templated":true}]}}