{"id":13280,"date":"2025-05-19T22:58:41","date_gmt":"2025-05-19T20:58:41","guid":{"rendered":"https:\/\/forzini.com\/producto\/lavabo-de-diseno-de-onix\/"},"modified":"2025-05-21T10:43:47","modified_gmt":"2025-05-21T08:43:47","slug":"lavandino-bagno-marmo","status":"publish","type":"product","link":"https:\/\/forzini.com\/it\/producto\/lavandino-bagno-marmo\/","title":{"rendered":"Lavandino bagno marmo"},"content":{"rendered":"<h1>Lavandino bagno marmo &#8220;Aether O&#8221;<\/h1>\n<p>Questo straordinario lavandino da bagno in marmo onice arancione \u00e8 una vera opera d&#8217;arte, che fonde arte e funzionalit\u00e0 in un unico elemento raffinato. La sua affascinante tonalit\u00e0 arancione, arricchita da delicate venature uniche, crea un effetto visivo mozzafiato, trasformandolo nel centro dell&#8217;attenzione di qualsiasi bagno, sia interno che esterno.<\/p>\n<p>Progettato per un\u2019installazione su piano d\u2019appoggio, questo lavandino unisce la forma rotonda a un&#8217;eleganza senza tempo, offrendo non solo un forte impatto estetico, ma anche un utilizzo comodo e pratico nella vita quotidiana. La sua versatilit\u00e0 lo rende ideale per qualsiasi stile di arredamento, moderno, classico o contemporaneo, integrandosi perfettamente con gli ambienti circostanti.<\/p>\n<p>Per chi cerca un tocco di lusso ed esclusivit\u00e0, questo lavandino in onice \u00e8 una scelta senza pari. Inoltre, grazie alla resistenza e durabilit\u00e0 naturale dell&#8217;onice, la sua bellezza e funzionalit\u00e0 rimangono immutate nel tempo, garantendo uno spazio sofisticato e pieno di carattere.<\/p>\n<div><\/div>\n<p>Onice Miele Nougat:\u00a0Questa straordinaria pietra \u00e8 celebre per la sua capacit\u00e0 di catturare e trasformare la luce. La sua calda tonalit\u00e0 arancione, con delicate sfumature crema e bianco, si illumina in modo unico a seconda delle condizioni di luce, creando una sensazione di cambiamento continuo. Da una luminescenza delicata e traslucida in condizioni di scarsa illuminazione a un intenso splendore ambrato quando attraversato dalla luce, questo onice \u00e8 una vera opera d&#8217;arte naturale in evoluzione.<\/p>\n<p>Proveniente da una remota area vicino al deserto del Sahara, questa variet\u00e0 di onice viene estratta in quantit\u00e0 estremamente limitate, rendendola un materiale esclusivo e ricercato da designer e collezionisti. La sua unicit\u00e0 risiede nei motivi intricati e irripetibili, con una gamma cromatica che spazia dal crema e caramello all&#8217;arancione intenso e ocra, talvolta impreziosita da sottili venature rossastre che conferiscono un carattere affascinante.<\/p>\n<p>Un lavandino in Onice Miele Nougat, scolpito a mano con precisione artigianale, non \u00e8 solo un elemento funzionale, ma un simbolo di raffinatezza ed esclusivit\u00e0. Ogni esemplare \u00e8 unico, riflettendo la ricchezza naturale e la magia mutevole della luce.<\/p>\n<p>Possedere un pezzo di questo straordinario onice significa avere un frammento di deserto trasformato in pura eleganza, una connessione con la storia millenaria della Terra nella sua massima espressione minerale.<\/p>\n<p>&nbsp;<\/p>\n<p>Scopri di pi\u00f9 sulla nostra collezione di marmi e onice attraverso questo link: <a href=\"https:\/\/forzini.com\/it\/materiali\/\" target=\"_blank\" rel=\"noopener\">Materiali<\/a><\/p>\n<h4><strong>Caratteristiche principali:<\/strong><\/h4>\n<h4><strong>Installazione:<\/strong> Sopra il piano d&#8217;appoggio.<\/h4>\n<h4><strong>Diametro del foro di scarico:<\/strong> 4,5 cm (standard europeo).<\/h4>\n<h4><strong>Tipo di scarico compatibile:<\/strong> Valvola universale (non inclusa), senza troppo pieno.<\/h4>\n<h4><strong>Tipo di rubinetto compatibile:<\/strong> Da piano d&#8217;appoggio o da parete (non incluso).<\/h4>\n<h4><strong>Non incluso:<\/strong> Sifone, valvola di scarico, rubinetto.<\/h4>\n","protected":false},"excerpt":{"rendered":"<h2>Lavandino bagno marmo<\/h2>\n<div tabindex=\"0\" role=\"article\" data-tabster=\"{&quot;groupper&quot;:{&quot;tabbability&quot;:2},&quot;focusable&quot;:{}}\" data-content=\"ai-message\" aria-labelledby=\"Bs55EwMNDg9es62RJvoC9-author} Bs55EwMNDg9es62RJvoC9-content-0\">\n<div id=\"Bs55EwMNDg9es62RJvoC9-content-0\">\n<p>Onice dal design esclusivo, con la sua forma a ciotola rotonda, \u00e8 una vera opera d\u2019arte per il bagno, sia interno che esterno. La sua superficie finemente levigata esalta le tonalit\u00e0 naturali dell\u2019onice, trasformandolo in un elemento decorativo centrale che cattura ogni sguardo.<\/p>\n<p>Ogni pezzo \u00e8 scolpito a mano dai nostri maestri artigiani, mettendo in risalto le venature e sfumature uniche dell\u2019onice per offrire un&#8217;estetica irripetibile. Progettato per l\u2019installazione su piano d\u2019appoggio, aggiunge un tocco di sofisticatezza e lusso a qualsiasi stile di bagno.<\/p>\n<h3><strong>Dimensioni:<\/strong> Diametro <strong>40 cm<\/strong>, altezza <strong>13 cm<\/strong>.<\/h3>\n<\/div>\n<\/div>\n","protected":false},"featured_media":13240,"comment_status":"open","ping_status":"closed","template":"","meta":{"_acf_changed":false,"_joinchat":[]},"product_brand":[],"product_cat":[333,275],"product_tag":[],"class_list":{"0":"post-13280","1":"product","2":"type-product","3":"status-publish","4":"has-post-thumbnail","6":"product_cat-lavabi-onice","7":"product_cat-lavandini","9":"first","10":"outofstock","11":"sale","12":"shipping-taxable","13":"purchasable","14":"product-type-simple"},"acf":[],"_links":{"self":[{"href":"https:\/\/forzini.com\/it\/wp-json\/wp\/v2\/product\/13280","targetHints":{"allow":["GET"]}}],"collection":[{"href":"https:\/\/forzini.com\/it\/wp-json\/wp\/v2\/product"}],"about":[{"href":"https:\/\/forzini.com\/it\/wp-json\/wp\/v2\/types\/product"}],"replies":[{"embeddable":true,"href":"https:\/\/forzini.com\/it\/wp-json\/wp\/v2\/comments?post=13280"}],"version-history":[{"count":0,"href":"https:\/\/forzini.com\/it\/wp-json\/wp\/v2\/product\/13280\/revisions"}],"wp:featuredmedia":[{"embeddable":true,"href":"https:\/\/forzini.com\/it\/wp-json\/wp\/v2\/media\/13240"}],"wp:attachment":[{"href":"https:\/\/forzini.com\/it\/wp-json\/wp\/v2\/media?parent=13280"}],"wp:term":[{"taxonomy":"product_brand","embeddable":true,"href":"https:\/\/forzini.com\/it\/wp-json\/wp\/v2\/product_brand?post=13280"},{"taxonomy":"product_cat","embeddable":true,"href":"https:\/\/forzini.com\/it\/wp-json\/wp\/v2\/product_cat?post=13280"},{"taxonomy":"product_tag","embeddable":true,"href":"https:\/\/forzini.com\/it\/wp-json\/wp\/v2\/product_tag?post=13280"}],"curies":[{"name":"wp","href":"https:\/\/api.w.org\/{rel}","templated":true}]}}