{"id":13079,"date":"2024-11-10T09:29:38","date_gmt":"2024-11-10T08:29:38","guid":{"rendered":"https:\/\/forzini.com\/producto\/enfriador-de-botellas-de-marmol\/"},"modified":"2025-06-07T14:32:12","modified_gmt":"2025-06-07T12:32:12","slug":"cestello-ghiaccio-vino","status":"publish","type":"product","link":"https:\/\/forzini.com\/it\/producto\/cestello-ghiaccio-vino\/","title":{"rendered":"Cestello ghiaccio vino"},"content":{"rendered":"<h1>Cestello ghiaccio vino&#8221;Oh Lares W&#8221;<\/h1>\n<p>Questo straordinario cestello per ghiaccio e vino in marmo \u00e8 scolpito a mano in pregiato onice bianco con un esclusivo design ondulato, aggiungendo un tocco artistico a qualsiasi evento o cena. La bellezza naturale dell\u2019onice bianco, con le sue morbide tonalit\u00e0 crema e le delicate venature, rende questo refrigeratore un elemento centrale affascinante, perfetto sia per ambienti tradizionali che contemporanei. Progettato per mantenere le bottiglie di vino perfettamente fresche, questo cestello per ghiaccio e vino combina eleganza e funzionalit\u00e0, ideale per cene, celebrazioni e occasioni speciali. Ogni pezzo \u00e8 scolpito individualmente da esperti artigiani, risultando in un cestello con venature e texture uniche.<\/p>\n<p>Oltre alla sua funzione principale, questo refrigeratore in marmo pu\u00f2 essere utilizzato come elegante vaso per fiori o sofisticato porta utensili in cucina, dimostrando la sua versatilit\u00e0 in diversi ambienti. Questo cestello per ghiaccio e vino \u00e8 un regalo ideale per matrimoni, anniversari o qualsiasi occasione speciale, poich\u00e9 aggiunge un tocco di lusso alla casa del destinatario. Perfetto sia per gli appassionati di vino che per gli amanti dell\u2019intrattenimento domestico, \u00e8 un elemento imprescindibile per chi desidera stupire gli ospiti con una sofisticazione senza tempo e una bellezza naturale.<\/p>\n<p>Il nostro consiglio: Questo refrigeratore per champagne \u00e8 perfetto da abbinare al nostro vassoio decorativo &#8220;Oh Helios&#8221;.<\/p>\n<p>Sugar Blanco Onice \u2013 Un bianco puro impreziosito da sottilissime linee dorate morbide e cremose che attraversano con grazia la sua superficie. Questo onice bianco di alta qualit\u00e0 \u00e8 una rarit\u00e0, disponibile solo in piccole quantit\u00e0, poich\u00e9 viene estratto da una localit\u00e0 esclusiva.<\/p>\n<p>&nbsp;<\/p>\n<p><a href=\"https:\/\/forzini.com\/it\/materiali\/\" target=\"_blank\" rel=\"noopener\">Scopri di pi\u00f9 sulla nostra collezione di marmi e onice attraverso questo link: <\/a><a href=\"https:\/\/forzini.com\/it\/materiali\/\" target=\"_blank\" rel=\"noopener\">Materiali<\/a><\/p>\n","protected":false},"excerpt":{"rendered":"<h2>Cestello ghiaccio vino<\/h2>\n<p>Realizzato a mano in onice bianco, combina eleganza e funzionalit\u00e0 con un distintivo design ondulato che mantiene le bottiglie fresche e aggiunge un tocco raffinato a qualsiasi ambiente. Le sue venature esclusive lo rendono un elegante centrotavola, ideale per accogliere gli ospiti o come regalo per occasioni speciali. Abbastanza versatile da essere utilizzato come vaso per fiori o elemento decorativo in cucina, questo refrigeratore impreziosisce ogni spazio con la sua estetica originale.<\/p>\n","protected":false},"featured_media":13080,"comment_status":"closed","ping_status":"closed","template":"","meta":{"_acf_changed":false,"_joinchat":[]},"product_brand":[],"product_cat":[273,382],"product_tag":[266],"class_list":{"0":"post-13079","1":"product","2":"type-product","3":"status-publish","4":"has-post-thumbnail","6":"product_cat-accessori","7":"product_cat-complementi-darredo","8":"product_tag-onice","10":"first","11":"instock","12":"featured","13":"shipping-taxable","14":"purchasable","15":"product-type-simple"},"acf":[],"_links":{"self":[{"href":"https:\/\/forzini.com\/it\/wp-json\/wp\/v2\/product\/13079","targetHints":{"allow":["GET"]}}],"collection":[{"href":"https:\/\/forzini.com\/it\/wp-json\/wp\/v2\/product"}],"about":[{"href":"https:\/\/forzini.com\/it\/wp-json\/wp\/v2\/types\/product"}],"replies":[{"embeddable":true,"href":"https:\/\/forzini.com\/it\/wp-json\/wp\/v2\/comments?post=13079"}],"version-history":[{"count":0,"href":"https:\/\/forzini.com\/it\/wp-json\/wp\/v2\/product\/13079\/revisions"}],"wp:featuredmedia":[{"embeddable":true,"href":"https:\/\/forzini.com\/it\/wp-json\/wp\/v2\/media\/13080"}],"wp:attachment":[{"href":"https:\/\/forzini.com\/it\/wp-json\/wp\/v2\/media?parent=13079"}],"wp:term":[{"taxonomy":"product_brand","embeddable":true,"href":"https:\/\/forzini.com\/it\/wp-json\/wp\/v2\/product_brand?post=13079"},{"taxonomy":"product_cat","embeddable":true,"href":"https:\/\/forzini.com\/it\/wp-json\/wp\/v2\/product_cat?post=13079"},{"taxonomy":"product_tag","embeddable":true,"href":"https:\/\/forzini.com\/it\/wp-json\/wp\/v2\/product_tag?post=13079"}],"curies":[{"name":"wp","href":"https:\/\/api.w.org\/{rel}","templated":true}]}}