{"id":13067,"date":"2024-11-10T10:06:46","date_gmt":"2024-11-10T09:06:46","guid":{"rendered":"https:\/\/forzini.com\/producto\/botellero-enfriador-de-vino\/"},"modified":"2025-05-17T22:41:03","modified_gmt":"2025-05-17T20:41:03","slug":"refrigeratore-per-bottiglia","status":"publish","type":"product","link":"https:\/\/forzini.com\/it\/producto\/refrigeratore-per-bottiglia\/","title":{"rendered":"Refrigeratore per bottiglia"},"content":{"rendered":"<h1><strong><span class=\"keyword _ngcontent-qwf-115\" aria-hidden=\"false\">Refrigeratore per bottiglia<\/span> <\/strong>&#8220;Oh Lares L&#8221;<\/h1>\n<p>Questo straordinario refrigeratore per bottiglie in marmo \u00e8 progettato per chi apprezza sia l\u2019eleganza che la funzionalit\u00e0. Realizzato a mano in marmo onice naturale, presenta splendide venature e una finitura liscia e lucida che aggiunge un tocco di sofisticazione a qualsiasi evento o incontro. Ideale per mantenere fresco champagne, vino o altre bevande, questo secchiello esalta senza sforzo il tuo stile da anfitrione con il suo aspetto senza tempo e lussuoso.<\/p>\n<p>La freschezza naturale del marmo garantisce che le bevande rimangano alla temperatura perfetta, mentre la versatilit\u00e0 del vaso consente di utilizzarlo per molteplici scopi oltre alle celebrazioni. Quando non viene usato come refrigeratore per vino, si trasforma in un elegante vaso per fiori o in un contenitore per utensili, aggiungendo bellezza e funzionalit\u00e0 a qualsiasi ambiente. Questo refrigeratore per bottiglie in marmo \u00e8 anche un regalo memorabile per matrimoni, anniversari o inaugurazioni di casa, perfetto per chi ama pezzi decorativi unici e raffinati.<\/p>\n<p>Un elemento imprescindibile per chi desidera aggiungere eleganza naturale e versatilit\u00e0 alla propria casa.<\/p>\n<p>Il nostro consiglio: Questo refrigeratore per champagne \u00e8 perfetto da abbinare al nostro vassoio decorativo &#8220;Oh Helios&#8221;.<\/p>\n<p>Verde Galaxy Onice \u2013 Uno sfondo verde chiaro splendidamente arricchito da onde bianche, intrecciate con venature bronzate, marrone dorato terroso e rossastre. Estratto in quantit\u00e0 molto limitate, questa variet\u00e0 \u00e8 estremamente esclusiva e presenta un\u2019eccezionale traslucenza.<\/p>\n<p>&nbsp;<\/p>\n<p><a href=\"https:\/\/forzini.com\/it\/materiali\/\" target=\"_blank\" rel=\"noopener\">Scopri di pi\u00f9 sulla nostra collezione di marmi e onice attraverso questo link: <\/a><a href=\"https:\/\/forzini.com\/it\/materiali\/\" target=\"_blank\" rel=\"noopener\">Materiali<\/a><\/p>\n","protected":false},"excerpt":{"rendered":"<h2>Refrigeratore per bottiglia<\/h2>\n<p>Realizzato in pregiato marmo onice, mantiene le bevande perfettamente fresche e aggiunge un tocco raffinato a qualsiasi occasione. Il suo design versatile gli consente di essere utilizzato anche come elegante vaso per fiori o porta utensili, rendendolo pratico e decorativo in ogni ambiente<\/p>\n","protected":false},"featured_media":13068,"comment_status":"closed","ping_status":"closed","template":"","meta":{"_acf_changed":false,"_joinchat":[]},"product_brand":[],"product_cat":[273,382],"product_tag":[266],"class_list":{"0":"post-13067","1":"product","2":"type-product","3":"status-publish","4":"has-post-thumbnail","6":"product_cat-accessori","7":"product_cat-complementi-darredo","8":"product_tag-onice","10":"first","11":"instock","12":"featured","13":"shipping-taxable","14":"purchasable","15":"product-type-simple"},"acf":[],"_links":{"self":[{"href":"https:\/\/forzini.com\/it\/wp-json\/wp\/v2\/product\/13067","targetHints":{"allow":["GET"]}}],"collection":[{"href":"https:\/\/forzini.com\/it\/wp-json\/wp\/v2\/product"}],"about":[{"href":"https:\/\/forzini.com\/it\/wp-json\/wp\/v2\/types\/product"}],"replies":[{"embeddable":true,"href":"https:\/\/forzini.com\/it\/wp-json\/wp\/v2\/comments?post=13067"}],"version-history":[{"count":0,"href":"https:\/\/forzini.com\/it\/wp-json\/wp\/v2\/product\/13067\/revisions"}],"wp:featuredmedia":[{"embeddable":true,"href":"https:\/\/forzini.com\/it\/wp-json\/wp\/v2\/media\/13068"}],"wp:attachment":[{"href":"https:\/\/forzini.com\/it\/wp-json\/wp\/v2\/media?parent=13067"}],"wp:term":[{"taxonomy":"product_brand","embeddable":true,"href":"https:\/\/forzini.com\/it\/wp-json\/wp\/v2\/product_brand?post=13067"},{"taxonomy":"product_cat","embeddable":true,"href":"https:\/\/forzini.com\/it\/wp-json\/wp\/v2\/product_cat?post=13067"},{"taxonomy":"product_tag","embeddable":true,"href":"https:\/\/forzini.com\/it\/wp-json\/wp\/v2\/product_tag?post=13067"}],"curies":[{"name":"wp","href":"https:\/\/api.w.org\/{rel}","templated":true}]}}