{"id":13061,"date":"2024-04-26T11:40:20","date_gmt":"2024-04-26T09:40:20","guid":{"rendered":"https:\/\/forzini.com\/producto\/cubitera-blanca-de-marmol-lares\/"},"modified":"2025-06-07T12:45:21","modified_gmt":"2025-06-07T10:45:21","slug":"vaso-di-marmo-lares","status":"publish","type":"product","link":"https:\/\/forzini.com\/it\/producto\/vaso-di-marmo-lares\/","title":{"rendered":"Vaso di marmo Lares"},"content":{"rendered":"<h1>Vaso di marmo &#8220;Lares&#8221;<\/h1>\n<p>Nel cuore della tua celebrazione, il vaso di marmo si erge come simbolo di eleganza e distinzione. Il suo design ondulato, ispirato alle tempestose onde del mare, aggiunge un tocco di raffinatezza che trasforma ogni evento in un&#8217;occasione memorabile. Immagina una serata perfetta, con la tavola decorata con questo straordinario vaso di marmo bianco. Ogni secchiello \u00e8 un pezzo unico, scolpito a mano per esaltare la bellezza naturale del marmo. Le venature grigie che attraversano la sua superficie aggiungono un tocco artistico, come se la natura stessa avesse lasciato la sua impronta. La luce che si riflette sulle sue pareti ondulate crea un gioco di ombre e dona un&#8217;atmosfera magica a qualsiasi ambiente.<\/p>\n<p>\u00c8 perfetto anche come porta utensili, mantenendo la tua cucina organizzata con stile, o come elegante vaso decorativo che impreziosisce ogni spazio con la sua presenza maestosa. Il vaso di marmo non \u00e8 solo un accessorio, ma una dichiarazione di buon gusto e raffinatezza. \u00c8 il regalo ideale per chi apprezza la bellezza e la qualit\u00e0, perfetto per anniversari, matrimoni o qualsiasi occasione speciale. Con il suo design raffinato e la sua versatilit\u00e0, questo secchiello render\u00e0 i tuoi eventi davvero eccezionali, lasciando un&#8217;impressione duratura su tutti i tuoi ospiti.<\/p>\n<p>Il nostro consiglio: Questo secchiello bianco \u00e8 perfetto da abbinare alla nostra ciotola in marmo &#8220;Helios&#8221;.<\/p>\n<p>Snow Leopard Marmo \u2013 Bianco con sottili sfumature grigie e venature.<\/p>\n<p>Questo marmo raro e distintivo viene estratto in piccole quantit\u00e0 da una regione specifica ed \u00e8 molto apprezzato per le sue venature speciali e uniformi, che creano un disegno simile a quello di un animale. I nostri artigiani, eredi di conoscenze tramandate da generazioni, scolpiscono secchielli che ondeggiano come le onde del mare, ogni piega un sussurro della maestosit\u00e0 dell\u2019oceano. La creazione di questi secchielli e refrigeratori per champagne \u00e8 un delicato equilibrio tra forza e raffinatezza. Gli scalpelli degli artigiani scorrono con precisione sul marmo, esaltandone la grazia naturale. Ogni colpo di scalpello \u00e8 misurato, ogni movimento calcolato per mettere in risalto le venature e le tonalit\u00e0 uniche della pietra. Le mani degli artigiani modellano la pietra con una maestria che si acquisisce solo con anni di esperienza, trasformando il marmo in forme che celebrano la sua forza intrinseca e la sua bellezza naturale. Ogni creazione \u00e8 una sinfonia visiva, una perfetta armonia tra linee fluide e texture naturali. La luce gioca sulla superficie lucidata del marmo, esaltandone le venature e creando un effetto di movimento costante.<\/p>\n<p><a href=\"https:\/\/forzini.com\/it\/materiali\/\" target=\"_blank\" rel=\"noopener\">Scopri di pi\u00f9 sulla nostra collezione di marmi e onice attraverso questo link: <\/a><a href=\"https:\/\/forzini.com\/it\/materiali\/\" target=\"_blank\" rel=\"noopener\">Materiali<\/a><\/p>\n","protected":false},"excerpt":{"rendered":"<h2>Vaso di marmo<\/h2>\n<p>con il suo design ondulato e originale, \u00e8 un&#8217;opera d&#8217;arte realizzata in raro marmo bianco con venature grigie. Ogni curva richiama l&#8217;eleganza naturale del marmo, creando un pezzo che non solo svolge una funzione pratica, ma aggiunge anche un tocco di raffinatezza a qualsiasi occasione. La sua superficie lucidata riflette la luce in modo delicato, esaltando le venature uniche che rendono ogni secchiello un pezzo esclusivo nel suo genere<\/p>\n","protected":false},"featured_media":13663,"comment_status":"closed","ping_status":"closed","template":"","meta":{"_acf_changed":false,"_joinchat":[]},"product_brand":[],"product_cat":[273,382],"product_tag":[263],"class_list":{"0":"post-13061","1":"product","2":"type-product","3":"status-publish","4":"has-post-thumbnail","6":"product_cat-accessori","7":"product_cat-complementi-darredo","8":"product_tag-marmo","10":"first","11":"instock","12":"sale","13":"featured","14":"shipping-taxable","15":"purchasable","16":"product-type-simple"},"acf":[],"_links":{"self":[{"href":"https:\/\/forzini.com\/it\/wp-json\/wp\/v2\/product\/13061","targetHints":{"allow":["GET"]}}],"collection":[{"href":"https:\/\/forzini.com\/it\/wp-json\/wp\/v2\/product"}],"about":[{"href":"https:\/\/forzini.com\/it\/wp-json\/wp\/v2\/types\/product"}],"replies":[{"embeddable":true,"href":"https:\/\/forzini.com\/it\/wp-json\/wp\/v2\/comments?post=13061"}],"version-history":[{"count":0,"href":"https:\/\/forzini.com\/it\/wp-json\/wp\/v2\/product\/13061\/revisions"}],"wp:featuredmedia":[{"embeddable":true,"href":"https:\/\/forzini.com\/it\/wp-json\/wp\/v2\/media\/13663"}],"wp:attachment":[{"href":"https:\/\/forzini.com\/it\/wp-json\/wp\/v2\/media?parent=13061"}],"wp:term":[{"taxonomy":"product_brand","embeddable":true,"href":"https:\/\/forzini.com\/it\/wp-json\/wp\/v2\/product_brand?post=13061"},{"taxonomy":"product_cat","embeddable":true,"href":"https:\/\/forzini.com\/it\/wp-json\/wp\/v2\/product_cat?post=13061"},{"taxonomy":"product_tag","embeddable":true,"href":"https:\/\/forzini.com\/it\/wp-json\/wp\/v2\/product_tag?post=13061"}],"curies":[{"name":"wp","href":"https:\/\/api.w.org\/{rel}","templated":true}]}}