{"id":13046,"date":"2024-05-14T11:31:50","date_gmt":"2024-05-14T09:31:50","guid":{"rendered":"https:\/\/forzini.com\/producto\/enfriador-de-champagne-oh-lares\/"},"modified":"2025-06-06T23:26:00","modified_gmt":"2025-06-06T21:26:00","slug":"secchiello-champagne-oh-lares","status":"publish","type":"product","link":"https:\/\/forzini.com\/it\/producto\/secchiello-champagne-oh-lares\/","title":{"rendered":"Secchiello champagne Oh Lares"},"content":{"rendered":"<h1><strong>Enfriador de champagne<\/strong> &#8220;Oh Lares&#8221;<\/h1>\n<p>Il secchiello da champagne in onice, con il suo design esclusivo, sar\u00e0 il protagonista della tua tavola, affascinando tutti i tuoi ospiti.<\/p>\n<p>Immagina il tuo evento perfetto, dove la tavola \u00e8 decorata con questo raffinato refrigeratore per champagne. L\u2019eleganza e il lusso che trasmette faranno risaltare il tuo gusto raffinato, creando un\u2019atmosfera indimenticabile e sofisticata.<\/p>\n<p>Questo refrigeratore per bottiglie in pietra naturale non solo svolge la sua funzione pratica, ma si distingue anche come un pezzo decorativo straordinario. Ogni secchiello da champagne \u00e8 unico, scolpito a mano per esaltare le venature e le tonalit\u00e0 caratteristiche dell\u2019onice, un materiale apprezzato per la sua durabilit\u00e0 e bellezza naturale.<\/p>\n<p>La traslucenza dell\u2019onice permette alla luce di filtrare attraverso le sue pareti, creando un gioco di riflessi che ne esalta l\u2019attrattiva visiva, trasformandolo in un elemento decorativo perfetto per qualsiasi celebrazione. Questo versatile secchiello da champagne non si limita a mantenere i tuoi vini alla temperatura ideale; pu\u00f2 anche essere utilizzato come vaso in onice, aggiungendo un tocco di eleganza naturale alla tua casa. Inoltre, \u00e8 perfetto come porta utensili, per mantenere la tua cucina organizzata con stile, o come vaso decorativo che impreziosisce qualsiasi ambiente con la sua presenza maestosa. Ideale come elemento centrale sulla tavola durante i tuoi eventi, questo secchiello da champagne trasforma le tue celebrazioni in momenti davvero eccezionali. Il suo design raffinato e la sua multifunzionalit\u00e0 lo rendono il pezzo perfetto per stupire sia sulla tua tavola che come regalo esclusivo e molto apprezzato.<\/p>\n<p>Il nostro consiglio: Questo refrigeratore da champagne \u00e8 perfetto da abbinare al nostro vassoio decorativo &#8220;Oh Helios&#8221;.<\/p>\n<p>Onice Verde Amazzonico \u2013 Un verde intenso con una ricca gamma di sfumature che spaziano dai toni vibranti a quelli pi\u00f9 delicati, arricchiti da venature marroni, cioccolato, dorate e rossastre, che riflettono la pura arte della natura. Per creare pezzi come il vassoio in marmo e questo refrigeratore da champagne, ci siamo ispirati alle onde tempestose del mare nella remota regione di Qui Nhon.<\/p>\n<p>Durante le nostre visite alle cave, alla ricerca dei marmi pi\u00f9 preziosi del mondo, siamo stati testimoni della maestosa forza della natura selvaggia. Abbiamo catturato la potenza grezza e la bellezza armoniosa del mare nel marmo e nell\u2019onice. I nostri artigiani, con la loro maestria, hanno trasformato la pietra grezza in magnifici pezzi come questo refrigeratore da champagne, che racconta storie di mari in tempesta. In questo design, celebriamo l\u2019equilibrio tra arte e natura. Il marmo, con la sua superficie fredda e serena, racchiude in s\u00e9 sia la furia della tempesta che la calma del mare. L\u2019arte dei nostri artigiani, la continua ricerca di innovazione e la selezione delle migliori pietre hanno dato vita a creazioni uniche. Questi pezzi raccontano la storia di ci\u00f2 che ci ispira e ci emoziona.<\/p>\n<p>&nbsp;<\/p>\n<p><a href=\"https:\/\/forzini.com\/it\/materiali\/\" target=\"_blank\" rel=\"noopener\">Scopri di pi\u00f9 sulla nostra collezione di marmi e onice attraverso questo link: <\/a><a href=\"https:\/\/forzini.com\/it\/materiali\/\" target=\"_blank\" rel=\"noopener\">Materiali<\/a><\/p>\n","protected":false},"excerpt":{"rendered":"<h2>Secchiello champagne<\/h2>\n<p>\u00c8 molto pi\u00f9 di un semplice elemento funzionale: \u00e8 il complemento perfetto per qualsiasi festa. Non solo mantiene le tue bottiglie fresche e pronte da servire, garantendo un brindisi sempre rinfrescante, ma aggiunge anche un tocco di distinzione e stile al tuo evento. Il suo design moderno e sofisticato valorizza la decorazione della tavola, diventando il centro dell\u2019attenzione e catturando l\u2019ammirazione di tutti i presenti.<\/p>\n","protected":false},"featured_media":13040,"comment_status":"closed","ping_status":"closed","template":"","meta":{"_acf_changed":false,"_joinchat":[]},"product_brand":[],"product_cat":[273,382],"product_tag":[266],"class_list":{"0":"post-13046","1":"product","2":"type-product","3":"status-publish","4":"has-post-thumbnail","6":"product_cat-accessori","7":"product_cat-complementi-darredo","8":"product_tag-onice","10":"first","11":"instock","12":"sale","13":"featured","14":"shipping-taxable","15":"purchasable","16":"product-type-simple"},"acf":[],"_links":{"self":[{"href":"https:\/\/forzini.com\/it\/wp-json\/wp\/v2\/product\/13046","targetHints":{"allow":["GET"]}}],"collection":[{"href":"https:\/\/forzini.com\/it\/wp-json\/wp\/v2\/product"}],"about":[{"href":"https:\/\/forzini.com\/it\/wp-json\/wp\/v2\/types\/product"}],"replies":[{"embeddable":true,"href":"https:\/\/forzini.com\/it\/wp-json\/wp\/v2\/comments?post=13046"}],"version-history":[{"count":0,"href":"https:\/\/forzini.com\/it\/wp-json\/wp\/v2\/product\/13046\/revisions"}],"wp:featuredmedia":[{"embeddable":true,"href":"https:\/\/forzini.com\/it\/wp-json\/wp\/v2\/media\/13040"}],"wp:attachment":[{"href":"https:\/\/forzini.com\/it\/wp-json\/wp\/v2\/media?parent=13046"}],"wp:term":[{"taxonomy":"product_brand","embeddable":true,"href":"https:\/\/forzini.com\/it\/wp-json\/wp\/v2\/product_brand?post=13046"},{"taxonomy":"product_cat","embeddable":true,"href":"https:\/\/forzini.com\/it\/wp-json\/wp\/v2\/product_cat?post=13046"},{"taxonomy":"product_tag","embeddable":true,"href":"https:\/\/forzini.com\/it\/wp-json\/wp\/v2\/product_tag?post=13046"}],"curies":[{"name":"wp","href":"https:\/\/api.w.org\/{rel}","templated":true}]}}