{"id":13026,"date":"2024-07-05T12:56:28","date_gmt":"2024-07-05T10:56:28","guid":{"rendered":"https:\/\/forzini.com\/producto\/kettlebell-premium-virtus-m\/"},"modified":"2025-08-10T19:10:51","modified_gmt":"2025-08-10T17:10:51","slug":"kettlebell-8-kg-virtus-m","status":"publish","type":"product","link":"https:\/\/forzini.com\/it\/producto\/kettlebell-8-kg-virtus-m\/","title":{"rendered":"Kettlebell 8 kg Virtus M &#8211; Kettlebell di design"},"content":{"rendered":"<h2>Kettlebell 8 kg &#8220;Virtus&#8221;<\/h2>\n<p>Questo kettlebell 8 kg in marmo si distingue per la sua originalit\u00e0 ed esclusivit\u00e0, essendo prodotto a mano in un numero limitato di unit\u00e0 ogni anno. Meticolosamente realizzato da artigiani esperti, ogni pezzo fonde la potenza con l\u2019eleganza del marmo naturale. Il risultato \u00e8 una vera opera d\u2019arte che impreziosisce qualsiasi palestra con la sua presenza imponente.<\/p>\n<p>Il design insolito e la forma arrotondata di questo kettlebell trasmettono lusso e semplicit\u00e0, creando un\u2019aura di distinzione. Le morbide linee curve, i contorni fluidi e la ricca texture del marmo eccezionale si intrecciano in una perfetta armonia, dando vita a un pezzo che \u00e8 tanto funzionale quanto esteticamente straordinario.<\/p>\n<p>Per la sua creazione, abbiamo selezionato con cura il marmo pi\u00f9 distintivo nei toni del bianco e del nero, riflettendo la dualit\u00e0 della natura e l\u2019equilibrio tra yin e yang. Questa dualit\u00e0 diventa una metafora visiva di come il nostro design unisca praticit\u00e0 ed eleganza.<\/p>\n<p>Il nostro kettlebell premium \u00e8 una dichiarazione di buon gusto, un simbolo di dedizione e un regalo perfetto per chi ama il fitness e cerca qualcosa di veramente speciale e lussuoso per il proprio spazio di allenamento. Un vero attrezzo da palestra salvaspazio, che dopo l\u2019allenamento si trasforma in un oggetto decorativo di design.<\/p>\n<p>Il nostro consiglio: Questo kettlebell premium \u00e8 perfetto da abbinare ai nostri manubri in marmo &#8220;Apolo L&#8221;.<\/p>\n<p>Snow Leopard Marmo \u2013 Colore bianco con delicate sfumature grigie e venature raffinate. Questo marmo raro e distintivo viene estratto in quantit\u00e0 limitate da una regione specifica ed \u00e8 molto apprezzato per le sue venature speciali e uniformi, che creano un motivo simile a quello di un animale.<\/p>\n<p>Jet Black Marmo \u2013 Si distingue per il suo profondo colore nero, accentuato da eleganti venature bianche che attraversano la superficie scura. Questo contrasto sorprendente conferisce una sensazione di classica eleganza e cattura ogni sguardo.<\/p>\n<p>Abbiamo selezionato il Snow Leopard Marmo per il nostro kettlebell premium non solo perch\u00e9 si ispira al suo splendore naturale, che evoca la grazia selvaggia del maestoso leopardo, ma anche per la sua straordinaria formazione minerale, una meraviglia geologica davvero affascinante.<\/p>\n<p>Questa pietra eccezionale \u00e8 il risultato di una serie specifica di processi naturali. Per milioni di anni, le acque sotterranee ricche di minerali si infiltrano nel letto roccioso, depositando materiali come calcite e aragonite. Questi minerali cristallizzano nelle condizioni ottimali di temperatura e pressione, formando la base del marmo.<\/p>\n<p>Le sue caratteristiche venature e rosette scure, che danno il nome al marmo, sono dovute a impurit\u00e0 come ossido di ferro o grafite presenti durante la formazione della pietra.<\/p>\n<p>La rarit\u00e0 di questo motivo \u00e8 dovuta alla combinazione poco comune di fattori ambientali e contenuto minerale necessari per crearlo, rendendo questo marmo un materiale raro e ambito per il design e la decorazione di lusso.<\/p>\n<p>&nbsp;<\/p>\n<p><a href=\"https:\/\/forzini.com\/it\/materiali\/\" target=\"_blank\" rel=\"noopener\">Scopri di pi\u00f9 sulla nostra collezione di marmi e onice attraverso questo link: <\/a><a href=\"https:\/\/forzini.com\/it\/materiali\/\" target=\"_blank\" rel=\"noopener\">Materiali<\/a><\/p>\n","protected":false},"excerpt":{"rendered":"<h1>Kettlebell 8 kg<\/h1>\n<p>in marmo, progettato per creare un\u2019atmosfera esclusiva nel tuo spazio fitness, \u00e8 scolpito nel marmo della pi\u00f9 alta qualit\u00e0. Con la sua presenza decorativa, diventa un complemento perfetto che non solo abbellisce l\u2019ambiente, ma aggiunge anche un tocco di raffinatezza e classe.<\/p>\n<p>Chic e distintivo, questo meraviglioso kettlebell in marmo presenta un design ovale speciale, perfetta armonia tra funzionalit\u00e0, stile e innovazione. Un vero attrezzo da palestra salvaspazio, che dopo l\u2019allenamento si trasforma in un elegante oggetto di design decorativo in marmo.<\/p>\n<p>Per effettuare l\u2019acquisto, seleziona prima il <strong>materiale<\/strong> qui sotto.<\/p>\n<p>&nbsp;<\/p>\n","protected":false},"featured_media":13802,"comment_status":"closed","ping_status":"closed","template":"","meta":{"_acf_changed":false,"_joinchat":[]},"product_brand":[],"product_cat":[273,367],"product_tag":[263],"class_list":{"0":"post-13026","1":"product","2":"type-product","3":"status-publish","4":"has-post-thumbnail","6":"product_cat-accessori","7":"product_cat-accessori-allenamento","8":"product_tag-marmo","10":"first","11":"instock","12":"sale","13":"featured","14":"shipping-taxable","15":"purchasable","16":"product-type-variable"},"acf":[],"_links":{"self":[{"href":"https:\/\/forzini.com\/it\/wp-json\/wp\/v2\/product\/13026","targetHints":{"allow":["GET"]}}],"collection":[{"href":"https:\/\/forzini.com\/it\/wp-json\/wp\/v2\/product"}],"about":[{"href":"https:\/\/forzini.com\/it\/wp-json\/wp\/v2\/types\/product"}],"replies":[{"embeddable":true,"href":"https:\/\/forzini.com\/it\/wp-json\/wp\/v2\/comments?post=13026"}],"version-history":[{"count":0,"href":"https:\/\/forzini.com\/it\/wp-json\/wp\/v2\/product\/13026\/revisions"}],"wp:featuredmedia":[{"embeddable":true,"href":"https:\/\/forzini.com\/it\/wp-json\/wp\/v2\/media\/13802"}],"wp:attachment":[{"href":"https:\/\/forzini.com\/it\/wp-json\/wp\/v2\/media?parent=13026"}],"wp:term":[{"taxonomy":"product_brand","embeddable":true,"href":"https:\/\/forzini.com\/it\/wp-json\/wp\/v2\/product_brand?post=13026"},{"taxonomy":"product_cat","embeddable":true,"href":"https:\/\/forzini.com\/it\/wp-json\/wp\/v2\/product_cat?post=13026"},{"taxonomy":"product_tag","embeddable":true,"href":"https:\/\/forzini.com\/it\/wp-json\/wp\/v2\/product_tag?post=13026"}],"curies":[{"name":"wp","href":"https:\/\/api.w.org\/{rel}","templated":true}]}}