{"id":12952,"date":"2024-08-14T17:59:10","date_gmt":"2024-08-14T15:59:10","guid":{"rendered":"https:\/\/forzini.com\/producto\/bandeja-de-marmol\/"},"modified":"2025-05-17T11:31:43","modified_gmt":"2025-05-17T09:31:43","slug":"bandeja-de-marmol","status":"publish","type":"product","link":"https:\/\/forzini.com\/it\/producto\/bandeja-de-marmol\/","title":{"rendered":"Vassoio da portata marmo Pallas"},"content":{"rendered":"<h1>Vassoio da portata marmo &#8220;Pallas&#8221;<\/h1>\n<p>Il nostro vassoio da portata in marmo \u00e8 un riflesso di eleganza e buon gusto, capace di trasformare qualsiasi ambiente in un angolo di lusso. Questa raffinata creazione \u00e8 realizzata con il travertino pi\u00f9 unico e straordinario. La sua forma rettangolare e le delicate tonalit\u00e0 beige, impreziosite da venature naturali, lo rendono un pezzo sofisticato e inimitabile.<\/p>\n<p>La sua versatilit\u00e0 lo rende ideale come organizer per il vanity, vassoio da bagno, supporto per i tuoi gioielli pi\u00f9 preziosi, centrotavola o persino come elegante vassoio per servire bevande ai tuoi ospiti. Immagina una domenica perfetta, in cui ti svegli con il profumo di un caff\u00e8 appena preparato e un croissant appena sfornato, serviti su questo splendido vassoio in marmo. La luce del mattino si riflette sulla sua superficie levigata, creando un momento intimo e speciale, solo per te.<\/p>\n<p>Questo vassoio da portata in marmo \u00e8 un regalo perfetto per ogni occasione: compleanni, anniversari o semplicemente come sorpresa per una persona speciale che apprezza la bellezza nei dettagli. Se stai cercando l&#8217;idea regalo perfetta, questo vassoio \u00e8 una scelta sicura, unendo funzionalit\u00e0 e stile in un pezzo che sar\u00e0 apprezzato per anni. Ogni momento trascorso con esso ti ricorder\u00e0 che il lusso risiede nelle piccole cose e che meriti di circondarti di bellezza ogni giorno.<\/p>\n<p>Travertino Royal \u2013 Una variet\u00e0 di travertino davvero affascinante e unica. Celebre per le sue caratteristiche distintive, il suo incantevole colore beige-crema caldo crea un aspetto neutro ma sofisticato. La pietra presenta piccoli vuoti e un affascinante motivo ondulato che ricorda il dolce fluire dell&#8217;acqua. La variazione delle venature, dai delicati bianchi ai marroni pi\u00f9 intensi, si armonizza splendidamente con il fondo cremoso, aggiungendo profondit\u00e0 e raffinatezza.<\/p>\n<p>Sapevi che il nostro Travertino Royal \u00e8 una vera meraviglia della natura, celebrata per la sua bellezza eccezionale e il suo carattere unico? Questo travertino si distingue per la sua tonalit\u00e0 beige cremosa, che avvolge ogni ambiente in un caldo e accogliente splendore. Ci\u00f2 che rende il Travertino Royal particolarmente speciale sono i suoi caratteristici vuoti, cavit\u00e0 naturali che creano una texture dinamica su tutta la superficie. Questi dettagli unici si formano naturalmente durante l&#8217;antico processo geologico di deposizione minerale, conferendo alla pietra il suo aspetto distintivo.<\/p>\n<p>Intervallati da delicate venature bianche, questi vuoti si fondono perfettamente con il fondo beige cremoso, creando un motivo affascinante e unico che cattura lo sguardo. Quando la luce colpisce la superficie, le venature diventano pi\u00f9 pronunciate, esaltando i dettagli intricati della pietra e amplificando il suo fascino senza tempo. La combinazione unica di texture e colori rende ogni pezzo un&#8217;opera d&#8217;arte, una scelta straordinaria per chi desidera aggiungere un tocco di raffinatezza ed eleganza alla propria casa.<\/p>\n<p><a href=\"https:\/\/forzini.com\/it\/materiali\/\" target=\"_blank\" rel=\"noopener\">Scopri di pi\u00f9 sulla nostra collezione di marmi e onice attraverso questo link: <\/a><a href=\"https:\/\/forzini.com\/it\/materiali\/\" target=\"_blank\" rel=\"noopener\">Materiali<\/a><\/p>\n","protected":false},"excerpt":{"rendered":"<h2>Vassoio da portata marmo<\/h2>\n<p>l&#8217;accessorio perfetto per aggiungere un tocco di lusso a qualsiasi ambiente. Con il suo design elegante e le delicate tonalit\u00e0 beige, \u00e8 ideale per servire caff\u00e8, aperitivi, come vassoio da bagno o per godersi momenti speciali, come una colazione a letto. La sua versatilit\u00e0 lo rende un regalo ideale per ogni occasione, una scelta sofisticata e funzionale che conquister\u00e0 chi apprezza la bellezza nei dettagli. Un dono unico che aggiunge un tocco di eleganza e comfort alla vita quotidiana.<\/p>\n","protected":false},"featured_media":12944,"comment_status":"closed","ping_status":"closed","template":"","meta":{"_acf_changed":false,"_joinchat":[]},"product_brand":[],"product_cat":[273,382],"product_tag":[263],"class_list":{"0":"post-12952","1":"product","2":"type-product","3":"status-publish","4":"has-post-thumbnail","6":"product_cat-accessori","7":"product_cat-complementi-darredo","8":"product_tag-marmo","10":"first","11":"instock","12":"sale","13":"featured","14":"shipping-taxable","15":"purchasable","16":"product-type-simple"},"acf":[],"_links":{"self":[{"href":"https:\/\/forzini.com\/it\/wp-json\/wp\/v2\/product\/12952","targetHints":{"allow":["GET"]}}],"collection":[{"href":"https:\/\/forzini.com\/it\/wp-json\/wp\/v2\/product"}],"about":[{"href":"https:\/\/forzini.com\/it\/wp-json\/wp\/v2\/types\/product"}],"replies":[{"embeddable":true,"href":"https:\/\/forzini.com\/it\/wp-json\/wp\/v2\/comments?post=12952"}],"version-history":[{"count":0,"href":"https:\/\/forzini.com\/it\/wp-json\/wp\/v2\/product\/12952\/revisions"}],"wp:featuredmedia":[{"embeddable":true,"href":"https:\/\/forzini.com\/it\/wp-json\/wp\/v2\/media\/12944"}],"wp:attachment":[{"href":"https:\/\/forzini.com\/it\/wp-json\/wp\/v2\/media?parent=12952"}],"wp:term":[{"taxonomy":"product_brand","embeddable":true,"href":"https:\/\/forzini.com\/it\/wp-json\/wp\/v2\/product_brand?post=12952"},{"taxonomy":"product_cat","embeddable":true,"href":"https:\/\/forzini.com\/it\/wp-json\/wp\/v2\/product_cat?post=12952"},{"taxonomy":"product_tag","embeddable":true,"href":"https:\/\/forzini.com\/it\/wp-json\/wp\/v2\/product_tag?post=12952"}],"curies":[{"name":"wp","href":"https:\/\/api.w.org\/{rel}","templated":true}]}}