{"id":12920,"date":"2024-10-30T21:47:51","date_gmt":"2024-10-30T20:47:51","guid":{"rendered":"https:\/\/forzini.com\/producto\/bowl-oval-grande-de-marmol\/"},"modified":"2026-01-05T23:16:27","modified_gmt":"2026-01-05T22:16:27","slug":"svuotatasche-ingresso-moderno","status":"publish","type":"product","link":"https:\/\/forzini.com\/it\/producto\/svuotatasche-ingresso-moderno\/","title":{"rendered":"Svuotatasche ingresso moderno"},"content":{"rendered":"<h2>Svuotatasche ingresso moderno &#8220;Oh Helios L&#8221;<\/h2>\n<p>Questo svuotatasche da ingresso moderno in onice verde chiaro traslucido \u00e8 simbolo di eleganza e maestria. La sua forma ondulata cattura l\u2019attenzione, esaltando l\u2019arte raffinata di esperti artigiani che modellano ogni curva con perfezione. Questa ciotola di design non \u00e8 solo un pezzo funzionale, ma una vera opera d\u2019arte che aggiunge sofisticazione a qualsiasi ambiente. Il delicato onice permette alla luce di attraversare le sue pareti, creando un effetto quasi etereo, come se fosse scolpito in una pietra setosa simile a una nuvola.<\/p>\n<p>Estremamente versatile, questo svuotatasche da ingresso moderno \u00e8 perfetto per esporre frutta, decorare l\u2019ingresso o semplicemente come centrotavola. Questa ciotola aggiunge un tocco di lusso raffinato, stupendo gli ospiti con il suo design delicato e la sua esclusiva lavorazione in pietra.<\/p>\n<p>Per chi cerca un regalo memorabile, questo svuotatasche da ingresso moderno \u00e8 la scelta ideale per compleanni, inaugurazioni e occasioni speciali. Il suo stile senza tempo e la sua versatilit\u00e0 lo rendono un pezzo prezioso per qualsiasi casa, combinando bellezza e funzionalit\u00e0 in un\u2019opera che celebra l\u2019arte della lavorazione della pietra.<\/p>\n<p>Il nostro consiglio: Questa ciotola decorativa \u00e8 perfetta da abbinare al nostro raffreddatore per champagne &#8220;Oh Lares&#8221;.<\/p>\n<p>Verde Galaxy Onyx \u2013 Uno sfondo verde chiaro splendidamente accentuato da onde bianche, intervallate da venature bronzate, marrone dorato terroso e rossastre. Estratta in quantit\u00e0 molto limitate, questa variet\u00e0 di onice \u00e8 altamente traslucida.<\/p>\n<p>&nbsp;<\/p>\n<p><a href=\"https:\/\/forzini.com\/it\/materiali\/\" target=\"_blank\" rel=\"noopener\">Scopri di pi\u00f9 sulla nostra collezione di marmi e onice attraverso questo link: <\/a><a href=\"https:\/\/forzini.com\/it\/materiali\/\" target=\"_blank\" rel=\"noopener\">Materiali<\/a><\/p>\n","protected":false},"excerpt":{"rendered":"<h1>Svuotatasche ingresso moderno<\/h1>\n<p>intagliata a mano in onice verde chiaro traslucido, presenta una forma ondulata unica. Il suo design elegante e leggero cattura magnificamente la luce, creando un effetto morbido simile a una nuvola. Perfetta come svuotatasche, centrotavola, fruttiera o portacandele. Ideale per occasioni speciali, questa ciotola di design \u00e8 un regalo straordinario per compleanni, inaugurazioni o altre celebrazioni, poich\u00e9 combina arte e funzionalit\u00e0 lasciando un&#8217;impressione duratura.<\/p>\n<h2>Dimensioni: Lunghezza 35 cm, Larghezza 15 cm, Altezza 10 cm.<\/h2>\n","protected":false},"featured_media":14011,"comment_status":"closed","ping_status":"closed","template":"","meta":{"_acf_changed":false,"_joinchat":[]},"product_brand":[],"product_cat":[273,382],"product_tag":[266],"class_list":{"0":"post-12920","1":"product","2":"type-product","3":"status-publish","4":"has-post-thumbnail","6":"product_cat-accessori","7":"product_cat-complementi-darredo","8":"product_tag-onice","10":"first","11":"instock","12":"sale","13":"featured","14":"shipping-taxable","15":"purchasable","16":"product-type-simple"},"acf":[],"_links":{"self":[{"href":"https:\/\/forzini.com\/it\/wp-json\/wp\/v2\/product\/12920","targetHints":{"allow":["GET"]}}],"collection":[{"href":"https:\/\/forzini.com\/it\/wp-json\/wp\/v2\/product"}],"about":[{"href":"https:\/\/forzini.com\/it\/wp-json\/wp\/v2\/types\/product"}],"replies":[{"embeddable":true,"href":"https:\/\/forzini.com\/it\/wp-json\/wp\/v2\/comments?post=12920"}],"version-history":[{"count":1,"href":"https:\/\/forzini.com\/it\/wp-json\/wp\/v2\/product\/12920\/revisions"}],"predecessor-version":[{"id":23478,"href":"https:\/\/forzini.com\/it\/wp-json\/wp\/v2\/product\/12920\/revisions\/23478"}],"wp:featuredmedia":[{"embeddable":true,"href":"https:\/\/forzini.com\/it\/wp-json\/wp\/v2\/media\/14011"}],"wp:attachment":[{"href":"https:\/\/forzini.com\/it\/wp-json\/wp\/v2\/media?parent=12920"}],"wp:term":[{"taxonomy":"product_brand","embeddable":true,"href":"https:\/\/forzini.com\/it\/wp-json\/wp\/v2\/product_brand?post=12920"},{"taxonomy":"product_cat","embeddable":true,"href":"https:\/\/forzini.com\/it\/wp-json\/wp\/v2\/product_cat?post=12920"},{"taxonomy":"product_tag","embeddable":true,"href":"https:\/\/forzini.com\/it\/wp-json\/wp\/v2\/product_tag?post=12920"}],"curies":[{"name":"wp","href":"https:\/\/api.w.org\/{rel}","templated":true}]}}