{"id":12877,"date":"2024-07-05T11:46:18","date_gmt":"2024-07-05T09:46:18","guid":{"rendered":"https:\/\/forzini.com\/producto\/cadena-marmol-rhea\/"},"modified":"2025-05-16T20:04:17","modified_gmt":"2025-05-16T18:04:17","slug":"sculture-in-marmo-moderne-rhea","status":"publish","type":"product","link":"https:\/\/forzini.com\/it\/producto\/sculture-in-marmo-moderne-rhea\/","title":{"rendered":"Sculture in marmo moderne Rhea"},"content":{"rendered":"<h1>Sculture in marmo moderne &#8220;Rhea&#8221;<\/h1>\n<p>Questa squisita scultura moderna in marmo a forma di nodo \u00e8 un elegante ornamento decorativo, scolpito a mano in onice verde. \u00c8 un complemento molto apprezzato per abbellire e aggiungere un tocco di distinzione che cattura ogni sguardo. L&#8217;onice verde, con le sue emblematiche venature rossastre, dorate e sfumature bianche, dona una bellezza naturale e unica. Questo ornamento \u00e8 un&#8217;aggiunta straordinaria per valorizzare punti focali della casa, creando un&#8217;atmosfera accogliente e trasformando qualsiasi spazio in un vero rifugio con questo piccolo ma impattante dettaglio.<\/p>\n<p>Inoltre, questa catena in marmo di onice \u00e8 il regalo perfetto per chi cerca un\u2019idea speciale. Che sia per un compleanno, un anniversario, un regalo per la mamma, per impreziosire una nuova casa o per i colleghi, questo ornamento \u00e8 una scelta ideale. Pu\u00f2 essere utilizzato anche come fermalibri o fermacarte, unendo funzionalit\u00e0 e bellezza.<\/p>\n<p>Amazonian Verde Onyx: Una sfumatura di verde straordinaria con una ricca palette che spazia dai verdi vibranti ai toni pi\u00f9 delicati, arricchiti da venature marroni, cioccolato, dorate e rossastre, riflettendo la pura arte della natura.<\/p>\n<p>Nella creazione di questa catena in marmo di onice, ci siamo ispirati all&#8217;idea di unione e a come questo concetto si rifletta nella casa. La casa \u00e8 il punto che ci lega tutti, il nostro punto di partenza e il luogo speciale in cui desideriamo sempre tornare. I tre anelli simboleggiano le fasi della vita che attraversiamo: la nascita, l&#8217;et\u00e0 adulta e la vecchiaia, tutte connesse a un centro\u2014la nostra casa\u2014un luogo cos\u00ec prezioso e sacro nelle nostre vite.<\/p>\n<p>Scolpire in onice, una pietra nota per la sua durezza e bellezza, ha rappresentato una grande sfida. Grazie alla loro abilit\u00e0 e dedizione, i nostri artigiani hanno saputo creare questo nodo di unione, trasformandolo in un vero capolavoro. La finezza della lavorazione e la perfezione delle forme riflettono la maestria e il grande impegno dei nostri esperti. Oggi presentiamo questa opera unica per abbellire ci\u00f2 che di pi\u00f9 sacro esiste: la casa.<\/p>\n<p>Questa catena in marmo di onice \u00e8 un pezzo distintivo, un profondo simbolo delle connessioni che formano le nostre vite, un omaggio alla casa che ci accoglie e ci definisce. \u00c8 un ornamento visivamente spettacolare, carico di significato, che render\u00e0 la tua casa ancora pi\u00f9 speciale.<\/p>\n<p>&nbsp;<\/p>\n<p><a href=\"https:\/\/forzini.com\/it\/materiali\/\" target=\"_blank\" rel=\"noopener\">Scopri di pi\u00f9 sulla nostra collezione di marmi e onice attraverso questo link: <\/a><a href=\"https:\/\/forzini.com\/it\/materiali\/\" target=\"_blank\" rel=\"noopener\">Materiali<\/a><\/p>\n","protected":false},"excerpt":{"rendered":"<h2>Sculture in marmo moderne<\/h2>\n<p>nodo \u00e8 il complemento perfetto per qualsiasi tavolo o scaffale. Ideale come regalo, pu\u00f2 essere utilizzato come fermacarte, fermalibri o come oggetto decorativo che impreziosisce e dona un tocco sofisticato all\u2019ambiente. Questo ornamento in onice verde \u00e8 una splendida aggiunta per valorizzare punti focali della casa, aggiungendo un tocco accogliente e trasformando ogni spazio in un vero rifugio con questo piccolo ma sorprendente dettaglio.<\/p>\n","protected":false},"featured_media":12878,"comment_status":"closed","ping_status":"closed","template":"","meta":{"_acf_changed":false,"_joinchat":[]},"product_brand":[],"product_cat":[273,389],"product_tag":[266],"class_list":{"0":"post-12877","1":"product","2":"type-product","3":"status-publish","4":"has-post-thumbnail","6":"product_cat-accessori","7":"product_cat-oggetti-decorativi","8":"product_tag-onice","10":"first","11":"instock","12":"featured","13":"shipping-taxable","14":"purchasable","15":"product-type-simple"},"acf":[],"_links":{"self":[{"href":"https:\/\/forzini.com\/it\/wp-json\/wp\/v2\/product\/12877","targetHints":{"allow":["GET"]}}],"collection":[{"href":"https:\/\/forzini.com\/it\/wp-json\/wp\/v2\/product"}],"about":[{"href":"https:\/\/forzini.com\/it\/wp-json\/wp\/v2\/types\/product"}],"replies":[{"embeddable":true,"href":"https:\/\/forzini.com\/it\/wp-json\/wp\/v2\/comments?post=12877"}],"version-history":[{"count":0,"href":"https:\/\/forzini.com\/it\/wp-json\/wp\/v2\/product\/12877\/revisions"}],"wp:featuredmedia":[{"embeddable":true,"href":"https:\/\/forzini.com\/it\/wp-json\/wp\/v2\/media\/12878"}],"wp:attachment":[{"href":"https:\/\/forzini.com\/it\/wp-json\/wp\/v2\/media?parent=12877"}],"wp:term":[{"taxonomy":"product_brand","embeddable":true,"href":"https:\/\/forzini.com\/it\/wp-json\/wp\/v2\/product_brand?post=12877"},{"taxonomy":"product_cat","embeddable":true,"href":"https:\/\/forzini.com\/it\/wp-json\/wp\/v2\/product_cat?post=12877"},{"taxonomy":"product_tag","embeddable":true,"href":"https:\/\/forzini.com\/it\/wp-json\/wp\/v2\/product_tag?post=12877"}],"curies":[{"name":"wp","href":"https:\/\/api.w.org\/{rel}","templated":true}]}}