{"id":12872,"date":"2024-11-02T09:13:51","date_gmt":"2024-11-02T08:13:51","guid":{"rendered":"https:\/\/forzini.com\/producto\/bol-decorativo-de-marmol-de-pie\/"},"modified":"2025-08-08T22:48:15","modified_gmt":"2025-08-08T20:48:15","slug":"vassoio-centrotavola-in-onice","status":"publish","type":"product","link":"https:\/\/forzini.com\/it\/producto\/vassoio-centrotavola-in-onice\/","title":{"rendered":"Vassoio centrotavola in onice &#8211; Alzata per dolci"},"content":{"rendered":"<h2>Vassoio centrotavola in onice &#8220;Ceres L&#8221;<\/h2>\n<p>Questo Vassoio centrotavola in onice \u00e8 un vero spettacolo. Realizzato a mano con il pi\u00f9 lussuoso onice verde chiaro, emana eleganza con un tocco di opulenza. La luce danza attraverso le sue delicate pareti traslucide, trasformandolo in un oggetto quasi magico che affascina chiunque lo osservi. \u00c8 un elemento centrale straordinario, un argomento di conversazione e un&#8217;opera d&#8217;arte che trasforma qualsiasi ambiente in cui si trovi.<\/p>\n<p>Immagina questo magnifico Vassoio centrotavola in onice adagiato sulla tua tavola, nell\u2019ingresso o nella sala da pranzo. La sua versatilit\u00e0 non ha limiti: pu\u00f2 servire come elegante porta gioielli, raffinato svuotatasche o persino come sofisticato portacandele che diffonde una calda e morbida luce. Non si tratta di un semplice oggetto decorativo, ma di un pezzo da collezione, creato da maestri artigiani per resistere al tempo e aggiungere un tocco di raffinatezza ai momenti quotidiani.<\/p>\n<p>Per gli amanti dell\u2019eleganza, questa ciotola in marmo onice \u00e8 pi\u00f9 di un acquisto: \u00e8 un\u2019esperienza che impreziosisce la casa e affascina ogni ospite.<\/p>\n<p>Galaxy Verde Onyx \u2013 Uno sfondo verde chiaro splendidamente accentuato da onde bianche, intervallate da venature bronzee nelle tonalit\u00e0 del marrone dorato e del rosso terroso. Estratto in quantit\u00e0 molto limitate, questa variet\u00e0 \u00e8 esclusiva e altamente traslucida.<\/p>\n<p>&nbsp;<\/p>\n<p><a href=\"https:\/\/forzini.com\/it\/materiali\/\" target=\"_blank\" rel=\"noopener\">Scopri di pi\u00f9 sulla nostra collezione di marmi e onice attraverso questo link: <\/a><a href=\"https:\/\/forzini.com\/it\/materiali\/\" target=\"_blank\" rel=\"noopener\">Materiali<\/a><\/p>\n","protected":false},"excerpt":{"rendered":"<h1>Vassoio centrotavola in onice<\/h1>\n<p>\u00c8 il regalo perfetto per chi apprezza la bellezza dell\u2019arte artigianale e ha una passione per l\u2019arredamento elegante della casa. Il suo sontuoso onice verde chiaro, scolpito a mano da maestri artigiani, aggiunge un tocco di distinzione a qualsiasi ambiente, rendendolo un dono indimenticabile per chi ha un gusto raffinato.<\/p>\n<p>Ogni Vassoio centrotavola in onice \u00e8 un\u2019opera d\u2019arte unica che si distingue come complemento chic in qualsiasi stanza, esprimendo eleganza e individualit\u00e0. Che sia posto su un tavolino da caff\u00e8, utilizzato come raffinato svuotatasche o come portacandele per diffondere una calda luce, cattura l\u2019attenzione e arricchisce qualsiasi decorazione.<\/p>\n<p>&nbsp;<\/p>\n","protected":false},"featured_media":14187,"comment_status":"closed","ping_status":"closed","template":"","meta":{"_acf_changed":false,"_joinchat":[]},"product_brand":[],"product_cat":[273,382],"product_tag":[266],"class_list":{"0":"post-12872","1":"product","2":"type-product","3":"status-publish","4":"has-post-thumbnail","6":"product_cat-accessori","7":"product_cat-complementi-darredo","8":"product_tag-onice","10":"first","11":"instock","12":"sale","13":"featured","14":"shipping-taxable","15":"purchasable","16":"product-type-simple"},"acf":[],"_links":{"self":[{"href":"https:\/\/forzini.com\/it\/wp-json\/wp\/v2\/product\/12872","targetHints":{"allow":["GET"]}}],"collection":[{"href":"https:\/\/forzini.com\/it\/wp-json\/wp\/v2\/product"}],"about":[{"href":"https:\/\/forzini.com\/it\/wp-json\/wp\/v2\/types\/product"}],"replies":[{"embeddable":true,"href":"https:\/\/forzini.com\/it\/wp-json\/wp\/v2\/comments?post=12872"}],"version-history":[{"count":0,"href":"https:\/\/forzini.com\/it\/wp-json\/wp\/v2\/product\/12872\/revisions"}],"wp:featuredmedia":[{"embeddable":true,"href":"https:\/\/forzini.com\/it\/wp-json\/wp\/v2\/media\/14187"}],"wp:attachment":[{"href":"https:\/\/forzini.com\/it\/wp-json\/wp\/v2\/media?parent=12872"}],"wp:term":[{"taxonomy":"product_brand","embeddable":true,"href":"https:\/\/forzini.com\/it\/wp-json\/wp\/v2\/product_brand?post=12872"},{"taxonomy":"product_cat","embeddable":true,"href":"https:\/\/forzini.com\/it\/wp-json\/wp\/v2\/product_cat?post=12872"},{"taxonomy":"product_tag","embeddable":true,"href":"https:\/\/forzini.com\/it\/wp-json\/wp\/v2\/product_tag?post=12872"}],"curies":[{"name":"wp","href":"https:\/\/api.w.org\/{rel}","templated":true}]}}